{"id":13797,"date":"2021-09-20T12:35:15","date_gmt":"2021-09-20T10:35:15","guid":{"rendered":"http:\/\/relaxsrl.com\/product\/raso-angolare\/"},"modified":"2024-12-20T11:14:13","modified_gmt":"2024-12-20T10:14:13","slug":"receveur-raso-angulaire","status":"publish","type":"product","link":"https:\/\/relaxsrl.com\/fr\/produit\/receveur-raso-angulaire\/","title":{"rendered":"RASO ANGULAIRE"},"content":{"rendered":"<p>[vc_row full_width=\u00a0\u00bbstretch_row_content_no_spaces\u00a0\u00bb el_class=\u00a0\u00bbrow-header-prodotto-layblue\u00a0\u00bb][vc_column][vc_raw_html]PGRpdiBjbGFzcz0naGVhZGVyLXByb2RvdHRvLWxheWJsdWUnPjwvZGl2Pg==[\/vc_raw_html][\/vc_column][\/vc_row][vc_row el_class=\u00a0\u00bbrow-header-prodotto\u00a0\u00bb][vc_column width=\u00a0\u00bb1\/3&Prime;][vc_column_text el_class=\u00a0\u00bbrow-header-prodotto-txt\u00a0\u00bb]<\/p>\n<h1>Raso, receveur de douche en Gel Coat<\/h1>\n<p>Une caract\u00e9ristique fondamentale du receveur de douche Raso sont les veines typiques qui lui donnent un effet rugueux, comme s&rsquo;il s&rsquo;agissait d&rsquo;un \u00e9l\u00e9ment naturel.[\/vc_column_text][\/vc_column][vc_column width=\u00a0\u00bb1\/6&Prime;][\/vc_column][vc_column width=\u00a0\u00bb1\/2&Prime;][vc_single_image image=\u00a0\u00bb7359&Prime; img_size=\u00a0\u00bbfull\u00a0\u00bb alignment=\u00a0\u00bbcenter\u00a0\u00bb el_class=\u00a0\u00bbrow-header-prodotto-img\u00a0\u00bb][\/vc_column][\/vc_row][vc_row full_width=\u00a0\u00bbstretch_row\u00a0\u00bb el_class=\u00a0\u00bbrow-header-prodotto-bg\u00a0\u00bb css=\u00a0\u00bb.vc_custom_1633096281395{background-image: url(http:\/\/relaxsrl.com\/wp-content\/uploads\/2021\/09\/sfondo-piatti.jpg?id=7879) !important;}\u00a0\u00bb][vc_column][\/vc_column][\/vc_row][vc_row el_class=\u00a0\u00bbrow-path\u00a0\u00bb][vc_column][vc_column_text][\/vc_column_text][\/vc_column][\/vc_row][vc_row el_class=\u00a0\u00bbscheda-prodotto-row-paragrafo\u00a0\u00bb][vc_column width=\u00a0\u00bb7\/12&Prime;][vc_row_inner][vc_column_inner el_class=\u00a0\u00bbscheda-prodotto-img-col-sx\u00a0\u00bb width=\u00a0\u00bb1\/2&Prime;][vc_single_image image=\u00a0\u00bb7363&Prime; img_size=\u00a0\u00bbfull\u00a0\u00bb el_class=\u00a0\u00bbscheda-prodotto-img-dettaglio\u00a0\u00bb][\/vc_column_inner][vc_column_inner el_class=\u00a0\u00bbscheda-prodotto-img-col-dx\u00a0\u00bb width=\u00a0\u00bb1\/2&Prime;][vc_single_image image=\u00a0\u00bb7367&Prime; img_size=\u00a0\u00bbfull\u00a0\u00bb el_class=\u00a0\u00bbscheda-prodotto-img-dettaglio\u00a0\u00bb][\/vc_column_inner][\/vc_row_inner][\/vc_column][vc_column width=\u00a0\u00bb5\/12&Prime;][vc_column_text el_class=\u00a0\u00bbscheda-prodotto-row-paragrafo-txt abstract\u00a0\u00bb]<\/p>\n<h2>Caract\u00e9ristiques<\/h2>\n<ul>\n<li>Mat\u00e9riau composite en pleine masse recouvert de GEL COAT<\/li>\n<li>La surface peut \u00eatre restaur\u00e9e si la surface est endommag\u00e9e superficiellement<\/li>\n<li>Antid\u00e9rapant et antibact\u00e9rien<\/li>\n<li>Installation au dessus ou au ras du sol<\/li>\n<li>Couvercle de bonde de la m\u00eame couleur que le receveur de douche<\/li>\n<\/ul>\n<p>[\/vc_column_text][\/vc_column][\/vc_row][vc_row equal_height=\u00a0\u00bbyes\u00a0\u00bb content_placement=\u00a0\u00bbmiddle\u00a0\u00bb el_class=\u00a0\u00bbscheda-prodotto-row-paragrafo\u00a0\u00bb][vc_column width=\u00a0\u00bb1\/12&Prime;][\/vc_column][vc_column width=\u00a0\u00bb10\/12&Prime;][vc_column_text el_class=\u00a0\u00bbscheda-prodotto-row-paragrafo-txt\u00a0\u00bb]<\/p>\n<p style=\"text-align: center;\">Raso Angolare est un receveur de douche qui s&rsquo;inspire de textures et d&rsquo;\u00e9l\u00e9ments naturels tels que la pierre qui se recr\u00e9e sous la forme de veines qui lui donnent un effet brut et naturel. &lt;\/p &gt;<\/p>\n<p style=\"text-align: center;\">Il est enti\u00e8rement compos\u00e9 de r\u00e9sines et de min\u00e9raux et de Gel Coat, un mat\u00e9riau doux et imperm\u00e9able qui garantit l&rsquo;apparence dans le temps. C&rsquo;est un produit antid\u00e9rapant et antibact\u00e9rien, reconstituable dans le temps.<br \/>\nIl peut \u00eatre install\u00e9 au-dessus ou au ras du sol.<\/p>\n<p style=\"text-align: center;\">Raso peut \u00e9galement \u00eatre demand\u00e9 avec des dimensions personnalis\u00e9es.<br \/>\nTous les receveurs de douche, ainsi que les autres articles Relax, sont fabriqu\u00e9s en Italie, avec une qualit\u00e9 certifi\u00e9e.<\/p>\n<p>[\/vc_column_text][\/vc_column][vc_column width=\u00a0\u00bb1\/12&Prime;][\/vc_column][\/vc_row][vc_row el_class=\u00a0\u00bbscheda-prodotto-row-attributi scheda-prodotto-first-row-attributi\u00a0\u00bb][vc_column width=\u00a0\u00bb1\/4&Prime; el_class=\u00a0\u00bbscheda-prodotto-col-attributi\u00a0\u00bb][vc_column_text]<ul class=\"product-attributes\"><li class=\"product-attribute-altezza-piatto\"><span class=\"product-attribute-label\">Hauteur receveur de douche<\/span> <span class=\"product-attribute-option ppl\"><span class=\"product-attribute-name\">3 cm&nbsp;<\/span><\/span><span class=\"product-attribute-divider\">,<\/span> <span class=\"product-attribute-option ppl\"><span class=\"product-attribute-name\">3 cm&nbsp;<\/span><\/span><span class=\"product-attribute-divider\">,<\/span> <span class=\"product-attribute-option ppl\"><span class=\"product-attribute-name\">3 cm&nbsp;<\/span><\/span><span class=\"product-attribute-divider\">,<\/span> <span class=\"product-attribute-option ppl\"><span class=\"product-attribute-name\">3 \u0441\u043c&nbsp;<\/span><\/span><span class='product-attribute-name'><span class = 'width:100%;float:left'><\/span><\/span><\/li><\/ul>[\/vc_column_text][\/vc_column][vc_column width=\u00a0\u00bb1\/4&Prime; el_class=\u00a0\u00bbscheda-prodotto-col-attributi\u00a0\u00bb][vc_column_text]<ul class=\"product-attributes\"><li class=\"product-attribute-dimensioni\"><span class=\"product-attribute-label\">Dimensions<\/span> <span class=\"product-attribute-option ppl\"><span class=\"product-attribute-name\">da 70x90 cm a 100x120 cm&nbsp;<\/span><\/span><span class=\"product-attribute-divider\">,<\/span> <span class=\"product-attribute-option ppl\"><span class=\"product-attribute-name\">de 70x90 cm \u00e0 100x120 cm&nbsp;<\/span><\/span><span class=\"product-attribute-divider\">,<\/span> <span class=\"product-attribute-option ppl\"><span class=\"product-attribute-name\">from 70x90 cm to 100x120 cm&nbsp;<\/span><\/span><span class=\"product-attribute-divider\">,<\/span> <span class=\"product-attribute-option ppl\"><span class=\"product-attribute-name\">\u043e\u0442 70\u044590 \u0441\u043c \u0434\u043e 100\u0445120 \u0441\u043c&nbsp;<\/span><\/span><span class='product-attribute-name'><span class = 'width:100%;float:left'><\/span><\/span><\/li><\/ul>[\/vc_column_text][\/vc_column][vc_column width=\u00a0\u00bb1\/4&Prime; el_class=\u00a0\u00bbscheda-prodotto-col-attributi\u00a0\u00bb][vc_column_text]<ul class=\"product-attributes\"><li class=\"product-attribute-su-misura\"><span class=\"product-attribute-label\">Sur mesure<\/span> <span class=\"product-attribute-option ppl\"><span class=\"product-attribute-name\">Indisponible&nbsp;<\/span><\/span><span class=\"product-attribute-divider\">,<\/span> <span class=\"product-attribute-option ppl\"><span class=\"product-attribute-name\">Nicht verf\u00fcgbar&nbsp;<\/span><\/span><span class=\"product-attribute-divider\">,<\/span> <span class=\"product-attribute-option ppl\"><span class=\"product-attribute-name\">Unavailable&nbsp;<\/span><\/span><span class=\"product-attribute-divider\">,<\/span> <span class=\"product-attribute-option ppl\"><span class=\"product-attribute-name\">\u041d\u0435\u0434\u043e\u0441\u0442\u0443\u043f\u0435\u043d&nbsp;<\/span><\/span><span class='product-attribute-name'><span class = 'width:100%;float:left'><\/span><\/span><\/li><\/ul>[\/vc_column_text][\/vc_column][\/vc_row][vc_row el_class=\u00a0\u00bbscheda-prodotto-row-attributi\u00a0\u00bb][vc_column width=\u00a0\u00bb1\/2&Prime; el_class=\u00a0\u00bbscheda-prodotto-col-attributi\u00a0\u00bb][vc_column_text]<ul class=\"product-attributes\"><li class=\"product-attribute-finiture-disponibili\"><span class=\"product-attribute-label\">Finitions disponibles<\/span> <span class=\"product-attribute-option ppl\"><a href=\"https:\/\/relaxsrl.com\/website\/wp-content\/uploads\/2022\/02\/Finitura-Bianca.jpg\" target=\"_blank\"><img class=\"product-attribute-image\" src=\"https:\/\/relaxsrl.com\/website\/wp-content\/uploads\/2022\/02\/Finitura-Bianca.jpg\"\/><\/a><span class=\"product-attribute-name\">Finition blanc&nbsp;<\/span><\/span><span class=\"product-attribute-option ppl\"><a href=\"https:\/\/relaxsrl.com\/website\/wp-content\/uploads\/2022\/02\/Finitura-Bianca.jpg\" target=\"_blank\"><img class=\"product-attribute-image\" src=\"https:\/\/relaxsrl.com\/website\/wp-content\/uploads\/2022\/02\/Finitura-Bianca.jpg\"\/><\/a><span class=\"product-attribute-name\">Wei\u00dfe Ausf\u00fchrung&nbsp;<\/span><\/span><span class=\"product-attribute-option ppl\"><a href=\"https:\/\/relaxsrl.com\/website\/wp-content\/uploads\/2021\/11\/Finitura-Bianca.jpg\" target=\"_blank\"><img class=\"product-attribute-image\" src=\"https:\/\/relaxsrl.com\/website\/wp-content\/uploads\/2021\/11\/Finitura-Bianca.jpg\"\/><\/a><span class=\"product-attribute-name\">White finish&nbsp;<\/span><\/span><span class=\"product-attribute-option ppl\"><a href=\"https:\/\/relaxsrl.com\/website\/wp-content\/uploads\/2022\/02\/Finitura-Bianca.jpg\" target=\"_blank\"><img class=\"product-attribute-image\" src=\"https:\/\/relaxsrl.com\/website\/wp-content\/uploads\/2022\/02\/Finitura-Bianca.jpg\"\/><\/a><span class=\"product-attribute-name\">\u043e\u0442\u0434\u0435\u043b\u043a\u0430 \u0431\u0435\u043b\u044b\u0439&nbsp;<\/span><\/span><span class='product-attribute-name'><span class = 'width:100%;float:left'><\/span><\/span><\/li><\/ul>[\/vc_column_text][\/vc_column][vc_column width=\u00a0\u00bb1\/2&Prime; el_class=\u00a0\u00bbscheda-prodotto-col-attributi\u00a0\u00bb][\/vc_column][\/vc_row][vc_row disable_element=\u00a0\u00bbyes\u00a0\u00bb el_class=\u00a0\u00bbscheda-prodotto-row-attributi\u00a0\u00bb][vc_column width=\u00a0\u00bb1\/4&Prime; el_class=\u00a0\u00bbscheda-prodotto-col-attributi\u00a0\u00bb][vc_column_text][\/vc_column_text][\/vc_column][vc_column width=\u00a0\u00bb1\/4&Prime; el_class=\u00a0\u00bbscheda-prodotto-col-attributi\u00a0\u00bb][vc_column_text][\/vc_column_text][\/vc_column][vc_column width=\u00a0\u00bb1\/4&Prime; el_class=\u00a0\u00bbscheda-prodotto-col-attributi\u00a0\u00bb][\/vc_column][vc_column width=\u00a0\u00bb1\/4&Prime;][\/vc_column][\/vc_row][vc_row el_class=\u00a0\u00bbscheda-prodotto-row-attributi\u00a0\u00bb][vc_column width=\u00a0\u00bb1\/4&Prime; el_class=\u00a0\u00bbscheda-prodotto-col-attributi\u00a0\u00bb][vc_column_text]<a href=\"http:\/\/relaxsrl.com\/fr\/produits\/telecharger\/#RASO_ANGOLARE\" rel=\"noopener\">Fiche technique<\/a>[\/vc_column_text][\/vc_column][vc_column width=\u00a0\u00bb1\/4&Prime; el_class=\u00a0\u00bbscheda-prodotto-col-attributi\u00a0\u00bb][vc_column_text]<a href=\"http:\/\/relaxsrl.com\/fr\/produits\/telecharger\/#RASO_ANGOLARE\" rel=\"noopener\">Instructions<br \/>\nde montage<br \/>\n<\/a>[\/vc_column_text][\/vc_column][vc_column width=\u00a0\u00bb1\/4&Prime;][vc_column_text]<a title=\"\" href=\"https:\/\/relaxsrl.com\/fr\/acces-au-contenu-refuse\/\" target=\"_blank\" rel=\"noopener\">Fichier 3D<\/a>[\/vc_column_text][\/vc_column][vc_column width=\u00a0\u00bb1\/4&Prime;][\/vc_column][\/vc_row][vc_row][vc_column][vc_column_text][\/vc_column_text][\/vc_column][\/vc_row][vc_row full_width=\u00a0\u00bbstretch_row_content_no_spaces\u00a0\u00bb equal_height=\u00a0\u00bbyes\u00a0\u00bb content_placement=\u00a0\u00bbmiddle\u00a0\u00bb el_class=\u00a0\u00bbrow-over-footer row-cta-over-footer\u00a0\u00bb][vc_column width=\u00a0\u00bb1\/2&Prime;][vc_single_image image=\u00a0\u00bb2027&Prime; img_size=\u00a0\u00bbfull\u00a0\u00bb][\/vc_column][vc_column width=\u00a0\u00bb1\/2&Prime; el_class=\u00a0\u00bbrow-cta-over-footer-col-text\u00a0\u00bb css=\u00a0\u00bb.vc_custom_1632816225176{background-image: url(http:\/\/relaxsrl.com\/wp-content\/uploads\/2021\/09\/cta-ispirazione-opaco.jpg?id=2021) !important;background-position: center !important;background-repeat: no-repeat !important;background-size: cover !important;}\u00a0\u00bb][vc_row_inner][vc_column_inner width=\u00a0\u00bb1\/4&Prime;][\/vc_column_inner][vc_column_inner width=\u00a0\u00bb1\/2&Prime;][vc_column_text]<\/p>\n<h2 style=\"text-align: center;\">Parlez \u00e0 un expert!<\/h2>\n<p style=\"text-align: center;\">Bien s\u00fbr, vous aurez des questions sp\u00e9cifiques sur votre situation. \u00c9crivez-nous maintenant et l&rsquo;un de nos experts vous r\u00e9pondra.<\/p>\n<p>[\/vc_column_text][vc_btn title=\u00a0\u00bbDEMANDER DES INFORMATIONS\u00a0\u00bb style=\u00a0\u00bbclassic\u00a0\u00bb shape=\u00a0\u00bbsquare\u00a0\u00bb color=\u00a0\u00bbwhite\u00a0\u00bb align=\u00a0\u00bbcenter\u00a0\u00bb link=\u00a0\u00bburl:http%3A%2F%2Frelaxsrl.com%2Ffr%2Fproduits%2Fdemande-dinformation%2F%3Foggetto%3DDemande%20d&rsquo;informations%20pour%20RASO%20ANGOLARE\u00a0\u00bb el_class=\u00a0\u00bbbtn-default-white\u00a0\u00bb][\/vc_column_inner][vc_column_inner width=\u00a0\u00bb1\/4&Prime;][\/vc_column_inner][\/vc_row_inner][\/vc_column][\/vc_row]<\/p>\n","protected":false},"excerpt":{"rendered":"<p>Receveur de douche en Gel Coat antid\u00e9rapant et antibact\u00e9rien, effet satin\u00e9 au toucher.<\/p>\n","protected":false},"featured_media":7359,"template":"","meta":[],"product_cat":[528,1067,2001,1587,772,1100,1103,1161,1994,799,527,1993,1139,1651,1568,1617],"product_tag":[],"acf":[],"yoast_head":"<!-- This site is optimized with the Yoast SEO Premium plugin v18.4 (Yoast SEO v18.8) - https:\/\/yoast.com\/wordpress\/plugins\/seo\/ -->\n<title>RASO ANGULAIRE - Relax srl<\/title>\n<meta name=\"robots\" content=\"index, follow, max-snippet:-1, max-image-preview:large, max-video-preview:-1\" \/>\n<link rel=\"canonical\" href=\"https:\/\/relaxsrl.com\/fr\/produit\/receveur-raso-angulaire\/\" \/>\n<meta property=\"og:locale\" content=\"fr_FR\" \/>\n<meta property=\"og:type\" content=\"article\" \/>\n<meta property=\"og:title\" content=\"RASO ANGULAIRE - Relax srl\" \/>\n<meta property=\"og:description\" content=\"Receveur de douche en Gel Coat antid\u00e9rapant et antibact\u00e9rien, effet satin\u00e9 au toucher.\" \/>\n<meta property=\"og:url\" content=\"https:\/\/relaxsrl.com\/fr\/produit\/receveur-raso-angulaire\/\" \/>\n<meta property=\"og:site_name\" content=\"Relax srl\" \/>\n<meta property=\"article:modified_time\" content=\"2024-12-20T10:14:13+00:00\" \/>\n<meta property=\"og:image\" content=\"https:\/\/relaxsrl.com\/website\/wp-content\/uploads\/2021\/09\/RASO-ANGOLARE_immagineprincipale.jpg\" \/>\n\t<meta property=\"og:image:width\" content=\"1440\" \/>\n\t<meta property=\"og:image:height\" content=\"1920\" \/>\n\t<meta property=\"og:image:type\" content=\"image\/jpeg\" \/>\n<meta name=\"twitter:card\" content=\"summary_large_image\" \/>\n<meta name=\"twitter:label1\" content=\"Dur\u00e9e de lecture estim\u00e9e\" \/>\n\t<meta name=\"twitter:data1\" content=\"2 minutes\" \/>\n<script type=\"application\/ld+json\" class=\"yoast-schema-graph\">{\"@context\":\"https:\/\/schema.org\",\"@graph\":[{\"@type\":\"WebSite\",\"@id\":\"https:\/\/relaxsrl.com\/#website\",\"url\":\"https:\/\/relaxsrl.com\/\",\"name\":\"Relax srl\",\"description\":\"\",\"potentialAction\":[{\"@type\":\"SearchAction\",\"target\":{\"@type\":\"EntryPoint\",\"urlTemplate\":\"https:\/\/relaxsrl.com\/?s={search_term_string}\"},\"query-input\":\"required name=search_term_string\"}],\"inLanguage\":\"fr-FR\"},{\"@type\":\"ImageObject\",\"inLanguage\":\"fr-FR\",\"@id\":\"https:\/\/relaxsrl.com\/fr\/produit\/receveur-raso-angulaire\/#primaryimage\",\"url\":\"https:\/\/relaxsrl.com\/website\/wp-content\/uploads\/2021\/09\/RASO-ANGOLARE_immagineprincipale.jpg\",\"contentUrl\":\"https:\/\/relaxsrl.com\/website\/wp-content\/uploads\/2021\/09\/RASO-ANGOLARE_immagineprincipale.jpg\",\"width\":1440,\"height\":1920,\"caption\":\"piatto doccia bianco rettangolare a filo pavimento raso con effetto ardesia\"},{\"@type\":\"WebPage\",\"@id\":\"https:\/\/relaxsrl.com\/fr\/produit\/receveur-raso-angulaire\/#webpage\",\"url\":\"https:\/\/relaxsrl.com\/fr\/produit\/receveur-raso-angulaire\/\",\"name\":\"RASO ANGULAIRE - Relax srl\",\"isPartOf\":{\"@id\":\"https:\/\/relaxsrl.com\/#website\"},\"primaryImageOfPage\":{\"@id\":\"https:\/\/relaxsrl.com\/fr\/produit\/receveur-raso-angulaire\/#primaryimage\"},\"datePublished\":\"2021-09-20T10:35:15+00:00\",\"dateModified\":\"2024-12-20T10:14:13+00:00\",\"breadcrumb\":{\"@id\":\"https:\/\/relaxsrl.com\/fr\/produit\/receveur-raso-angulaire\/#breadcrumb\"},\"inLanguage\":\"fr-FR\",\"potentialAction\":[{\"@type\":\"ReadAction\",\"target\":[\"https:\/\/relaxsrl.com\/fr\/produit\/receveur-raso-angulaire\/\"]}]},{\"@type\":\"BreadcrumbList\",\"@id\":\"https:\/\/relaxsrl.com\/fr\/produit\/receveur-raso-angulaire\/#breadcrumb\",\"itemListElement\":[{\"@type\":\"ListItem\",\"position\":1,\"name\":\"RASO ANGULAIRE\"}]}]}<\/script>\n<!-- \/ Yoast SEO Premium plugin. -->","yoast_head_json":{"title":"RASO ANGULAIRE - Relax srl","robots":{"index":"index","follow":"follow","max-snippet":"max-snippet:-1","max-image-preview":"max-image-preview:large","max-video-preview":"max-video-preview:-1"},"canonical":"https:\/\/relaxsrl.com\/fr\/produit\/receveur-raso-angulaire\/","og_locale":"fr_FR","og_type":"article","og_title":"RASO ANGULAIRE - Relax srl","og_description":"Receveur de douche en Gel Coat antid\u00e9rapant et antibact\u00e9rien, effet satin\u00e9 au toucher.","og_url":"https:\/\/relaxsrl.com\/fr\/produit\/receveur-raso-angulaire\/","og_site_name":"Relax srl","article_modified_time":"2024-12-20T10:14:13+00:00","og_image":[{"width":1440,"height":1920,"url":"https:\/\/relaxsrl.com\/website\/wp-content\/uploads\/2021\/09\/RASO-ANGOLARE_immagineprincipale.jpg","type":"image\/jpeg"}],"twitter_card":"summary_large_image","twitter_misc":{"Dur\u00e9e de lecture estim\u00e9e":"2 minutes"},"schema":{"@context":"https:\/\/schema.org","@graph":[{"@type":"WebSite","@id":"https:\/\/relaxsrl.com\/#website","url":"https:\/\/relaxsrl.com\/","name":"Relax srl","description":"","potentialAction":[{"@type":"SearchAction","target":{"@type":"EntryPoint","urlTemplate":"https:\/\/relaxsrl.com\/?s={search_term_string}"},"query-input":"required name=search_term_string"}],"inLanguage":"fr-FR"},{"@type":"ImageObject","inLanguage":"fr-FR","@id":"https:\/\/relaxsrl.com\/fr\/produit\/receveur-raso-angulaire\/#primaryimage","url":"https:\/\/relaxsrl.com\/website\/wp-content\/uploads\/2021\/09\/RASO-ANGOLARE_immagineprincipale.jpg","contentUrl":"https:\/\/relaxsrl.com\/website\/wp-content\/uploads\/2021\/09\/RASO-ANGOLARE_immagineprincipale.jpg","width":1440,"height":1920,"caption":"piatto doccia bianco rettangolare a filo pavimento raso con effetto ardesia"},{"@type":"WebPage","@id":"https:\/\/relaxsrl.com\/fr\/produit\/receveur-raso-angulaire\/#webpage","url":"https:\/\/relaxsrl.com\/fr\/produit\/receveur-raso-angulaire\/","name":"RASO ANGULAIRE - Relax srl","isPartOf":{"@id":"https:\/\/relaxsrl.com\/#website"},"primaryImageOfPage":{"@id":"https:\/\/relaxsrl.com\/fr\/produit\/receveur-raso-angulaire\/#primaryimage"},"datePublished":"2021-09-20T10:35:15+00:00","dateModified":"2024-12-20T10:14:13+00:00","breadcrumb":{"@id":"https:\/\/relaxsrl.com\/fr\/produit\/receveur-raso-angulaire\/#breadcrumb"},"inLanguage":"fr-FR","potentialAction":[{"@type":"ReadAction","target":["https:\/\/relaxsrl.com\/fr\/produit\/receveur-raso-angulaire\/"]}]},{"@type":"BreadcrumbList","@id":"https:\/\/relaxsrl.com\/fr\/produit\/receveur-raso-angulaire\/#breadcrumb","itemListElement":[{"@type":"ListItem","position":1,"name":"RASO ANGULAIRE"}]}]}},"_links":{"self":[{"href":"https:\/\/relaxsrl.com\/fr\/wp-json\/wp\/v2\/product\/13797"}],"collection":[{"href":"https:\/\/relaxsrl.com\/fr\/wp-json\/wp\/v2\/product"}],"about":[{"href":"https:\/\/relaxsrl.com\/fr\/wp-json\/wp\/v2\/types\/product"}],"wp:featuredmedia":[{"embeddable":true,"href":"https:\/\/relaxsrl.com\/fr\/wp-json\/wp\/v2\/media\/7359"}],"wp:attachment":[{"href":"https:\/\/relaxsrl.com\/fr\/wp-json\/wp\/v2\/media?parent=13797"}],"wp:term":[{"taxonomy":"product_cat","embeddable":true,"href":"https:\/\/relaxsrl.com\/fr\/wp-json\/wp\/v2\/product_cat?post=13797"},{"taxonomy":"product_tag","embeddable":true,"href":"https:\/\/relaxsrl.com\/fr\/wp-json\/wp\/v2\/product_tag?post=13797"}],"curies":[{"name":"wp","href":"https:\/\/api.w.org\/{rel}","templated":true}]}}