{"id":13764,"date":"2021-09-20T12:35:30","date_gmt":"2021-09-20T10:35:30","guid":{"rendered":"http:\/\/relaxsrl.com\/product\/byblos-sc\/"},"modified":"2024-12-20T09:53:13","modified_gmt":"2024-12-20T08:53:13","slug":"byblos-sc","status":"publish","type":"product","link":"https:\/\/relaxsrl.com\/fr\/produit\/byblos-sc\/","title":{"rendered":"BYBLOS S+C"},"content":{"rendered":"<p>[vc_row full_width=\u00a0\u00bbstretch_row_content_no_spaces\u00a0\u00bb el_class=\u00a0\u00bbrow-header-prodotto-layblue\u00a0\u00bb][vc_column][vc_raw_html]PGRpdiBjbGFzcz0naGVhZGVyLXByb2RvdHRvLWxheWJsdWUnPjwvZGl2Pg==[\/vc_raw_html][\/vc_column][\/vc_row][vc_row el_class=\u00a0\u00bbrow-header-prodotto\u00a0\u00bb][vc_column width=\u00a0\u00bb1\/3&Prime;][vc_column_text el_class=\u00a0\u00bbrow-header-prodotto-txt\u00a0\u00bb]<\/p>\n<h1>Byblos S + C, pommeau de douche avec cascade<\/h1>\n<p>Double sortie d&rsquo;eau pour la pomme de douche en inox: pluie et cascade.[\/vc_column_text][\/vc_column][vc_column width=\u00a0\u00bb1\/6&Prime;][\/vc_column][vc_column width=\u00a0\u00bb1\/2&Prime;][vc_single_image image=\u00a0\u00bb7697&Prime; img_size=\u00a0\u00bbfull\u00a0\u00bb alignment=\u00a0\u00bbcenter\u00a0\u00bb el_class=\u00a0\u00bbrow-header-prodotto-img\u00a0\u00bb][\/vc_column][\/vc_row][vc_row full_width=\u00a0\u00bbstretch_row\u00a0\u00bb el_class=\u00a0\u00bbrow-header-prodotto-bg\u00a0\u00bb css=\u00a0\u00bb.vc_custom_1633096281395{background-image: url(http:\/\/relaxsrl.com\/wp-content\/uploads\/2021\/09\/sfondo-complementi.jpg?id=7875) !important;}\u00a0\u00bb][vc_column][\/vc_column][\/vc_row][vc_row el_class=\u00a0\u00bbrow-path\u00a0\u00bb][vc_column][vc_column_text][\/vc_column_text][\/vc_column][\/vc_row][vc_row equal_height=\u00a0\u00bbyes\u00a0\u00bb content_placement=\u00a0\u00bbmiddle\u00a0\u00bb el_class=\u00a0\u00bbscheda-prodotto-row-paragrafo\u00a0\u00bb][vc_column width=\u00a0\u00bb1\/12&Prime;][\/vc_column][vc_column width=\u00a0\u00bb10\/12&Prime;][vc_column_text el_class=\u00a0\u00bbscheda-prodotto-row-paragrafo-txt\u00a0\u00bb]<\/p>\n<p style=\"text-align: center;\"><span style=\"font-weight: 400;\"> Byblos S + C est une pomme de douche en acier inoxydable aux formes douces et sinueuses et \u00e0 la fonction cascade int\u00e9gr\u00e9e. Il est disponible en standard en trois finitions, blanc, noir et satin. <\/span><\/p>\n<p style=\"text-align: center;\"><span style=\"font-weight: 400;\"> Tous les accessoires Relax sont fabriqu\u00e9s en Italie, avec une qualit\u00e9 certifi\u00e9e. <\/span><\/p>\n<p>[\/vc_column_text][\/vc_column][vc_column width=\u00a0\u00bb1\/12&Prime;][\/vc_column][\/vc_row][vc_row el_class=\u00a0\u00bbscheda-prodotto-row-attributi scheda-prodotto-first-row-attributi\u00a0\u00bb][vc_column width=\u00a0\u00bb1\/4&Prime; el_class=\u00a0\u00bbscheda-prodotto-col-attributi\u00a0\u00bb][vc_column_text]<ul class=\"product-attributes\"><li class=\"product-attribute-dimensioni\"><span class=\"product-attribute-label\">Dimensions<\/span> <span class=\"product-attribute-option ppl\"><span class=\"product-attribute-name\">55x20 cm&nbsp;<\/span><\/span><span class=\"product-attribute-divider\">,<\/span> <span class=\"product-attribute-option ppl\"><span class=\"product-attribute-name\">55x20 cm&nbsp;<\/span><\/span><span class=\"product-attribute-divider\">,<\/span> <span class=\"product-attribute-option ppl\"><span class=\"product-attribute-name\">55x20 \u0441\u043c&nbsp;<\/span><\/span><\/li><\/ul>[\/vc_column_text][\/vc_column][\/vc_row][vc_row el_class=\u00a0\u00bbscheda-prodotto-row-attributi\u00a0\u00bb][vc_column width=\u00a0\u00bb1\/2&Prime; el_class=\u00a0\u00bbscheda-prodotto-col-attributi\u00a0\u00bb][vc_column_text]<ul class=\"product-attributes\"><li class=\"product-attribute-finiture-disponibili\"><span class=\"product-attribute-label\">Finitions disponibles<\/span> <span class=\"product-attribute-option ppl\"><a href=\"https:\/\/relaxsrl.com\/website\/wp-content\/uploads\/2022\/02\/Finitura-Acciaio-satinato.jpg\" target=\"_blank\"><img class=\"product-attribute-image\" src=\"https:\/\/relaxsrl.com\/website\/wp-content\/uploads\/2022\/02\/Finitura-Acciaio-satinato.jpg\"\/><\/a><span class=\"product-attribute-name\">Finish Stahl satiniert&nbsp;<\/span><\/span><span class=\"product-attribute-option ppl\"><a href=\"https:\/\/relaxsrl.com\/website\/wp-content\/uploads\/2022\/02\/Finitura-Acciaio-satinato.jpg\" target=\"_blank\"><img class=\"product-attribute-image\" src=\"https:\/\/relaxsrl.com\/website\/wp-content\/uploads\/2022\/02\/Finitura-Acciaio-satinato.jpg\"\/><\/a><span class=\"product-attribute-name\">Finition acier satin\u00e9&nbsp;<\/span><\/span><span class=\"product-attribute-option ppl\"><a href=\"https:\/\/relaxsrl.com\/website\/wp-content\/uploads\/2022\/02\/Finitura-Bianca.jpg\" target=\"_blank\"><img class=\"product-attribute-image\" src=\"https:\/\/relaxsrl.com\/website\/wp-content\/uploads\/2022\/02\/Finitura-Bianca.jpg\"\/><\/a><span class=\"product-attribute-name\">Finition blanc&nbsp;<\/span><\/span><span class=\"product-attribute-option ppl\"><a href=\"https:\/\/relaxsrl.com\/website\/wp-content\/uploads\/2021\/09\/Finitura-Nera.jpg\" target=\"_blank\"><img class=\"product-attribute-image\" src=\"https:\/\/relaxsrl.com\/website\/wp-content\/uploads\/2021\/09\/Finitura-Nera.jpg\"\/><\/a><span class=\"product-attribute-name\">Finition noire&nbsp;<\/span><\/span><span class='product-attribute-name'><span class = 'width:100%;float:left'><\/span><\/span><span class=\"product-attribute-option ppl\"><a href=\"https:\/\/relaxsrl.com\/website\/wp-content\/uploads\/2022\/02\/Finitura-Nero.jpg\" target=\"_blank\"><img class=\"product-attribute-image\" src=\"https:\/\/relaxsrl.com\/website\/wp-content\/uploads\/2022\/02\/Finitura-Nero.jpg\"\/><\/a><span class=\"product-attribute-name\">Schwarze Ausf\u00fchrung&nbsp;<\/span><\/span><span class=\"product-attribute-option ppl\"><a href=\"https:\/\/relaxsrl.com\/website\/wp-content\/uploads\/2022\/02\/Finitura-Bianca.jpg\" target=\"_blank\"><img class=\"product-attribute-image\" src=\"https:\/\/relaxsrl.com\/website\/wp-content\/uploads\/2022\/02\/Finitura-Bianca.jpg\"\/><\/a><span class=\"product-attribute-name\">Wei\u00dfe Ausf\u00fchrung&nbsp;<\/span><\/span><span class=\"product-attribute-option ppl\"><a href=\"https:\/\/relaxsrl.com\/website\/wp-content\/uploads\/2022\/02\/Finitura-Bianca.jpg\" target=\"_blank\"><img class=\"product-attribute-image\" src=\"https:\/\/relaxsrl.com\/website\/wp-content\/uploads\/2022\/02\/Finitura-Bianca.jpg\"\/><\/a><span class=\"product-attribute-name\">\u043e\u0442\u0434\u0435\u043b\u043a\u0430 \u0431\u0435\u043b\u044b\u0439&nbsp;<\/span><\/span><span class=\"product-attribute-option ppl\"><a href=\"https:\/\/relaxsrl.com\/website\/wp-content\/uploads\/2022\/02\/Finitura-Nero.jpg\" target=\"_blank\"><img class=\"product-attribute-image\" src=\"https:\/\/relaxsrl.com\/website\/wp-content\/uploads\/2022\/02\/Finitura-Nero.jpg\"\/><\/a><span class=\"product-attribute-name\">\u043e\u0442\u0434\u0435\u043b\u043a\u0430 \u0447\u0435\u0440\u043d\u0438\u0442\u044c&nbsp;<\/span><\/span><span class='product-attribute-name'><span class = 'width:100%;float:left'><\/span><\/span><span class=\"product-attribute-option ppl\"><a href=\"https:\/\/relaxsrl.com\/website\/wp-content\/uploads\/2022\/02\/Finitura-Acciaio-satinato.jpg\" target=\"_blank\"><img class=\"product-attribute-image\" src=\"https:\/\/relaxsrl.com\/website\/wp-content\/uploads\/2022\/02\/Finitura-Acciaio-satinato.jpg\"\/><\/a><span class=\"product-attribute-name\">\u0421\u0430\u0442\u0438\u043d\u0438\u043d\u0440\u043e\u0432\u0430\u043d\u043d\u0430\u044f \u0441\u0442\u0430\u043b\u044c&nbsp;<\/span><\/span><\/li><\/ul>[\/vc_column_text][\/vc_column][vc_column width=\u00a0\u00bb1\/2&Prime; el_class=\u00a0\u00bbscheda-prodotto-col-attributi\u00a0\u00bb][\/vc_column][\/vc_row][vc_row disable_element=\u00a0\u00bbyes\u00a0\u00bb el_class=\u00a0\u00bbscheda-prodotto-row-attributi\u00a0\u00bb][vc_column width=\u00a0\u00bb1\/4&Prime; el_class=\u00a0\u00bbscheda-prodotto-col-attributi\u00a0\u00bb][vc_column_text][\/vc_column_text][\/vc_column][vc_column width=\u00a0\u00bb1\/4&Prime; el_class=\u00a0\u00bbscheda-prodotto-col-attributi\u00a0\u00bb][vc_column_text][\/vc_column_text][\/vc_column][vc_column width=\u00a0\u00bb1\/4&Prime; el_class=\u00a0\u00bbscheda-prodotto-col-attributi\u00a0\u00bb][\/vc_column][vc_column width=\u00a0\u00bb1\/4&Prime;][\/vc_column][\/vc_row][vc_row el_class=\u00a0\u00bbscheda-prodotto-row-attributi\u00a0\u00bb][vc_column width=\u00a0\u00bb1\/4&Prime; el_class=\u00a0\u00bbscheda-prodotto-col-attributi\u00a0\u00bb][vc_column_text]<a href=\"http:\/\/relaxsrl.com\/fr\/produits\/telecharger\/#BYBLOS_SC\" rel=\"noopener\"> Fiche technique <\/a>[\/vc_column_text][\/vc_column][vc_column width=\u00a0\u00bb1\/4&Prime; el_class=\u00a0\u00bbscheda-prodotto-col-attributi\u00a0\u00bb][vc_column_text]<a href=\"http:\/\/relaxsrl.com\/fr\/produits\/telecharger\/#BYBLOS_SC\" rel=\"noopener\"> Instructions<br \/>\nde montage <\/a>[\/vc_column_text][\/vc_column][vc_column width=\u00a0\u00bb1\/4&Prime;][vc_column_text]<a title=\"\" href=\"https:\/\/relaxsrl.com\/fr\/acces-au-contenu-refuse\/\" target=\"_blank\" rel=\"noopener\">Fichier 3D<\/a>[\/vc_column_text][\/vc_column][vc_column width=\u00a0\u00bb1\/4&Prime;][\/vc_column][\/vc_row][vc_row][vc_column][vc_column_text][\/vc_column_text][\/vc_column][\/vc_row][vc_row full_width=\u00a0\u00bbstretch_row_content_no_spaces\u00a0\u00bb equal_height=\u00a0\u00bbyes\u00a0\u00bb content_placement=\u00a0\u00bbmiddle\u00a0\u00bb el_class=\u00a0\u00bbrow-over-footer row-cta-over-footer\u00a0\u00bb][vc_column width=\u00a0\u00bb1\/2&Prime;][vc_single_image image=\u00a0\u00bb2027&Prime; img_size=\u00a0\u00bbfull\u00a0\u00bb][\/vc_column][vc_column width=\u00a0\u00bb1\/2&Prime; el_class=\u00a0\u00bbrow-cta-over-footer-col-text\u00a0\u00bb css=\u00a0\u00bb.vc_custom_1632816225176{background-image: url(http:\/\/relaxsrl.com\/wp-content\/uploads\/2021\/09\/cta-ispirazione-opaco.jpg?id=2021) !important;background-position: center !important;background-repeat: no-repeat !important;background-size: cover !important;}\u00a0\u00bb][vc_row_inner][vc_column_inner width=\u00a0\u00bb1\/4&Prime;][\/vc_column_inner][vc_column_inner width=\u00a0\u00bb1\/2&Prime;][vc_column_text]<\/p>\n<h2 style=\"text-align: center;\">Parlez \u00e0 un expert!<\/h2>\n<p style=\"text-align: center;\">Bien s\u00fbr, vous aurez des questions sp\u00e9cifiques sur votre situation. \u00c9crivez-nous maintenant et l&rsquo;un de nos experts vous r\u00e9pondra.<\/p>\n<p>[\/vc_column_text][vc_btn title=\u00a0\u00bbDEMANDER DES INFORMATIONS\u00a0\u00bb style=\u00a0\u00bbclassic\u00a0\u00bb shape=\u00a0\u00bbsquare\u00a0\u00bb color=\u00a0\u00bbwhite\u00a0\u00bb align=\u00a0\u00bbcenter\u00a0\u00bb link=\u00a0\u00bburl:http%3A%2F%2Frelaxsrl.com%2Ffr%2Fproduits%2Fdemande-dinformation%2F%3Foggetto%3DDemande%20d&rsquo;informations%20pour%20BYBLOS%20S%2BC\u00a0\u00bb el_class=\u00a0\u00bbbtn-default-white\u00a0\u00bb][\/vc_column_inner][vc_column_inner width=\u00a0\u00bb1\/4&Prime;][\/vc_column_inner][\/vc_row_inner][\/vc_column][\/vc_row]<\/p>\n","protected":false},"excerpt":{"rendered":"<p>Pomme de douche en acier inoxydable aux formes douces et sinueuses et fonction cascade int\u00e9gr\u00e9e.<\/p>\n","protected":false},"featured_media":7697,"template":"","meta":[],"product_cat":[1072,1073,1571,1067,1992,1162,1994,1993,1139,1650,1568,1617],"product_tag":[],"acf":[],"yoast_head":"<!-- This site is optimized with the Yoast SEO Premium plugin v18.4 (Yoast SEO v18.8) - https:\/\/yoast.com\/wordpress\/plugins\/seo\/ -->\n<title>BYBLOS S+C - Relax srl<\/title>\n<meta name=\"robots\" content=\"index, follow, max-snippet:-1, max-image-preview:large, max-video-preview:-1\" \/>\n<link rel=\"canonical\" href=\"https:\/\/relaxsrl.com\/fr\/produit\/byblos-sc\/\" \/>\n<meta property=\"og:locale\" content=\"fr_FR\" \/>\n<meta property=\"og:type\" content=\"article\" \/>\n<meta property=\"og:title\" content=\"BYBLOS S+C - Relax srl\" \/>\n<meta property=\"og:description\" content=\"Pomme de douche en acier inoxydable aux formes douces et sinueuses et fonction cascade int\u00e9gr\u00e9e.\" \/>\n<meta property=\"og:url\" content=\"https:\/\/relaxsrl.com\/fr\/produit\/byblos-sc\/\" \/>\n<meta property=\"og:site_name\" content=\"Relax srl\" \/>\n<meta property=\"article:modified_time\" content=\"2024-12-20T08:53:13+00:00\" \/>\n<meta property=\"og:image\" content=\"https:\/\/relaxsrl.com\/website\/wp-content\/uploads\/2021\/09\/BYBLOS-SC_immagineprincipale.jpg\" \/>\n\t<meta property=\"og:image:width\" content=\"1440\" \/>\n\t<meta property=\"og:image:height\" content=\"1920\" \/>\n\t<meta property=\"og:image:type\" content=\"image\/jpeg\" \/>\n<meta name=\"twitter:card\" content=\"summary_large_image\" \/>\n<meta name=\"twitter:label1\" content=\"Dur\u00e9e de lecture estim\u00e9e\" \/>\n\t<meta name=\"twitter:data1\" content=\"1 minute\" \/>\n<script type=\"application\/ld+json\" class=\"yoast-schema-graph\">{\"@context\":\"https:\/\/schema.org\",\"@graph\":[{\"@type\":\"WebSite\",\"@id\":\"https:\/\/relaxsrl.com\/#website\",\"url\":\"https:\/\/relaxsrl.com\/\",\"name\":\"Relax srl\",\"description\":\"\",\"potentialAction\":[{\"@type\":\"SearchAction\",\"target\":{\"@type\":\"EntryPoint\",\"urlTemplate\":\"https:\/\/relaxsrl.com\/?s={search_term_string}\"},\"query-input\":\"required name=search_term_string\"}],\"inLanguage\":\"fr-FR\"},{\"@type\":\"ImageObject\",\"inLanguage\":\"fr-FR\",\"@id\":\"https:\/\/relaxsrl.com\/fr\/produit\/byblos-sc\/#primaryimage\",\"url\":\"https:\/\/relaxsrl.com\/website\/wp-content\/uploads\/2021\/09\/BYBLOS-SC_immagineprincipale.jpg\",\"contentUrl\":\"https:\/\/relaxsrl.com\/website\/wp-content\/uploads\/2021\/09\/BYBLOS-SC_immagineprincipale.jpg\",\"width\":1440,\"height\":1920,\"caption\":\"Byblos S+C soffione per box doccia dalle forme arrotondate e funzione di cascata\"},{\"@type\":\"WebPage\",\"@id\":\"https:\/\/relaxsrl.com\/fr\/produit\/byblos-sc\/#webpage\",\"url\":\"https:\/\/relaxsrl.com\/fr\/produit\/byblos-sc\/\",\"name\":\"BYBLOS S+C - Relax srl\",\"isPartOf\":{\"@id\":\"https:\/\/relaxsrl.com\/#website\"},\"primaryImageOfPage\":{\"@id\":\"https:\/\/relaxsrl.com\/fr\/produit\/byblos-sc\/#primaryimage\"},\"datePublished\":\"2021-09-20T10:35:30+00:00\",\"dateModified\":\"2024-12-20T08:53:13+00:00\",\"breadcrumb\":{\"@id\":\"https:\/\/relaxsrl.com\/fr\/produit\/byblos-sc\/#breadcrumb\"},\"inLanguage\":\"fr-FR\",\"potentialAction\":[{\"@type\":\"ReadAction\",\"target\":[\"https:\/\/relaxsrl.com\/fr\/produit\/byblos-sc\/\"]}]},{\"@type\":\"BreadcrumbList\",\"@id\":\"https:\/\/relaxsrl.com\/fr\/produit\/byblos-sc\/#breadcrumb\",\"itemListElement\":[{\"@type\":\"ListItem\",\"position\":1,\"name\":\"BYBLOS S+C\"}]}]}<\/script>\n<!-- \/ Yoast SEO Premium plugin. -->","yoast_head_json":{"title":"BYBLOS S+C - Relax srl","robots":{"index":"index","follow":"follow","max-snippet":"max-snippet:-1","max-image-preview":"max-image-preview:large","max-video-preview":"max-video-preview:-1"},"canonical":"https:\/\/relaxsrl.com\/fr\/produit\/byblos-sc\/","og_locale":"fr_FR","og_type":"article","og_title":"BYBLOS S+C - Relax srl","og_description":"Pomme de douche en acier inoxydable aux formes douces et sinueuses et fonction cascade int\u00e9gr\u00e9e.","og_url":"https:\/\/relaxsrl.com\/fr\/produit\/byblos-sc\/","og_site_name":"Relax srl","article_modified_time":"2024-12-20T08:53:13+00:00","og_image":[{"width":1440,"height":1920,"url":"https:\/\/relaxsrl.com\/website\/wp-content\/uploads\/2021\/09\/BYBLOS-SC_immagineprincipale.jpg","type":"image\/jpeg"}],"twitter_card":"summary_large_image","twitter_misc":{"Dur\u00e9e de lecture estim\u00e9e":"1 minute"},"schema":{"@context":"https:\/\/schema.org","@graph":[{"@type":"WebSite","@id":"https:\/\/relaxsrl.com\/#website","url":"https:\/\/relaxsrl.com\/","name":"Relax srl","description":"","potentialAction":[{"@type":"SearchAction","target":{"@type":"EntryPoint","urlTemplate":"https:\/\/relaxsrl.com\/?s={search_term_string}"},"query-input":"required name=search_term_string"}],"inLanguage":"fr-FR"},{"@type":"ImageObject","inLanguage":"fr-FR","@id":"https:\/\/relaxsrl.com\/fr\/produit\/byblos-sc\/#primaryimage","url":"https:\/\/relaxsrl.com\/website\/wp-content\/uploads\/2021\/09\/BYBLOS-SC_immagineprincipale.jpg","contentUrl":"https:\/\/relaxsrl.com\/website\/wp-content\/uploads\/2021\/09\/BYBLOS-SC_immagineprincipale.jpg","width":1440,"height":1920,"caption":"Byblos S+C soffione per box doccia dalle forme arrotondate e funzione di cascata"},{"@type":"WebPage","@id":"https:\/\/relaxsrl.com\/fr\/produit\/byblos-sc\/#webpage","url":"https:\/\/relaxsrl.com\/fr\/produit\/byblos-sc\/","name":"BYBLOS S+C - Relax srl","isPartOf":{"@id":"https:\/\/relaxsrl.com\/#website"},"primaryImageOfPage":{"@id":"https:\/\/relaxsrl.com\/fr\/produit\/byblos-sc\/#primaryimage"},"datePublished":"2021-09-20T10:35:30+00:00","dateModified":"2024-12-20T08:53:13+00:00","breadcrumb":{"@id":"https:\/\/relaxsrl.com\/fr\/produit\/byblos-sc\/#breadcrumb"},"inLanguage":"fr-FR","potentialAction":[{"@type":"ReadAction","target":["https:\/\/relaxsrl.com\/fr\/produit\/byblos-sc\/"]}]},{"@type":"BreadcrumbList","@id":"https:\/\/relaxsrl.com\/fr\/produit\/byblos-sc\/#breadcrumb","itemListElement":[{"@type":"ListItem","position":1,"name":"BYBLOS S+C"}]}]}},"_links":{"self":[{"href":"https:\/\/relaxsrl.com\/fr\/wp-json\/wp\/v2\/product\/13764"}],"collection":[{"href":"https:\/\/relaxsrl.com\/fr\/wp-json\/wp\/v2\/product"}],"about":[{"href":"https:\/\/relaxsrl.com\/fr\/wp-json\/wp\/v2\/types\/product"}],"wp:featuredmedia":[{"embeddable":true,"href":"https:\/\/relaxsrl.com\/fr\/wp-json\/wp\/v2\/media\/7697"}],"wp:attachment":[{"href":"https:\/\/relaxsrl.com\/fr\/wp-json\/wp\/v2\/media?parent=13764"}],"wp:term":[{"taxonomy":"product_cat","embeddable":true,"href":"https:\/\/relaxsrl.com\/fr\/wp-json\/wp\/v2\/product_cat?post=13764"},{"taxonomy":"product_tag","embeddable":true,"href":"https:\/\/relaxsrl.com\/fr\/wp-json\/wp\/v2\/product_tag?post=13764"}],"curies":[{"name":"wp","href":"https:\/\/api.w.org\/{rel}","templated":true}]}}