{"id":26662,"date":"2023-02-27T17:17:06","date_gmt":"2023-02-27T16:17:06","guid":{"rendered":"https:\/\/relaxsrl.com\/produits\/collections\/silente\/"},"modified":"2024-01-30T11:20:05","modified_gmt":"2024-01-30T10:20:05","slug":"infinito","status":"publish","type":"page","link":"https:\/\/relaxsrl.com\/fr\/produits\/collections\/infinito\/","title":{"rendered":"Infinito"},"content":{"rendered":"<p>[vc_row full_width=\u00a0\u00bbstretch_row\u00a0\u00bb equal_height=\u00a0\u00bbyes\u00a0\u00bb el_class=\u00a0\u00bbrow-header-collezione-prodotti\u00a0\u00bb css=\u00a0\u00bb.vc_custom_1704884208874{background-image: url(https:\/\/relaxsrl.com\/website\/wp-content\/uploads\/2024\/01\/collezione-silente.jpg?id=29584) !important;}\u00a0\u00bb][vc_column width=\u00a0\u00bb1\/2&Prime; el_class=\u00a0\u00bbcol-sx-header-collezione-prodotti\u00a0\u00bb][vc_column_text el_class=\u00a0\u00bbheader-collezione-prodotti-txt\u00a0\u00bb]<\/p>\n<h1>Infinito, la premi\u00e8re cabine de douche \u00e0 sustentation magn\u00e9tique<\/h1>\n<p>La cabine de douche innovante qui se caract\u00e9rise par \u00eatre la premi\u00e8re \u00e9quip\u00e9e d&rsquo;une ouverture magn\u00e9tique. Gr\u00e2ce \u00e0 sa technologie avanc\u00e9e, Infinito garantit une exp\u00e9rience de douche totalement r\u00e9volutionnaire, vous permettant de profiter d&rsquo;un moment de d\u00e9tente et de tranquillit\u00e9.[\/vc_column_text][\/vc_column][vc_column width=\u00a0\u00bb1\/2&Prime; el_class=\u00a0\u00bbcol-dx-header-collezione-prodotti\u00a0\u00bb][vc_single_image image=\u00a0\u00bb29447&Prime; img_size=\u00a0\u00bbfull\u00a0\u00bb alignment=\u00a0\u00bbcenter\u00a0\u00bb el_class=\u00a0\u00bbrow-header-prodotto-img\u00a0\u00bb][\/vc_column][\/vc_row][vc_row el_class=\u00a0\u00bbrow-path\u00a0\u00bb][vc_column][vc_column_text][\/vc_column_text][\/vc_column][\/vc_row][vc_row][vc_column]<div class=\"woocommerce columns-4 \"><ul class=\"products columns-4\">\n<li class=\"product type-product post-26783 status-publish first instock product_cat-box-doccia-en product_cat-box-doccia-de product_cat-cabine-de-douche product_cat-niche-coulissante product_cat-infinito-ru product_cat-infinito-en product_cat-infinito-fr product_cat-infinito-de product_cat-nicchia-de-2 product_cat-nicchia-de product_cat-selection-guide-niche product_cat-guide-de-selection-niche product_cat-niche product_cat-niche-fr product_cat-non-classe product_cat-scorrevole-de-5 product_cat-scorrevole-de-2 product_cat-scorrevole product_cat-scorrevole-fr product_cat-senza-categoria-de product_cat-niche-sliding product_cat-tipologia-prodotto-de product_cat-tipologia-prodotto-en product_cat-type-de-produit product_cat-without-category product_cat-1616 product_cat-1618 product_cat-1607 product_cat-1637 product_cat-1639 product_cat-3--- product_cat-1617 has-post-thumbnail shipping-taxable product-type-simple\">\n\t<div class=\"woocommerce-loop-product__short_description\" itemprop=\"description\"><a href=\"https:\/\/relaxsrl.com\/fr\/produit\/infinito-sc1\/\" class=\"woocommerce-LoopProduct-link woocommerce-loop-product__link\"><p>Cabine de douche avec porte coulissante \u00e0 l\u00e9vitation magn\u00e9tique, en niche.<\/p>\n<\/a><\/div><\/li>\n<li class=\"product type-product post-26785 status-publish instock product_cat-angolare-de product_cat-angolare-de-2 product_cat-angolare-en product_cat-guide-de-selection-angulaire product_cat-angulaire product_cat-selection-guide-angular product_cat-box-doccia-de product_cat-box-doccia-en product_cat-cabine-de-douche product_cat-infinito-de product_cat-infinito-ru product_cat-infinito-en product_cat-infinito-fr product_cat-non-classe product_cat-scorrevole-de-2 product_cat-scorrevole product_cat-scorrevole-fr product_cat-senza-categoria-de product_cat-tipologia-prodotto-en product_cat-tipologia-prodotto-de product_cat-type-de-produit product_cat-without-category product_cat-1616 product_cat-1618 product_cat-3--- product_cat-1617 product_cat-1596 product_cat-1626 has-post-thumbnail shipping-taxable product-type-simple\">\n\t<div class=\"woocommerce-loop-product__short_description\" itemprop=\"description\"><a href=\"https:\/\/relaxsrl.com\/fr\/produit\/infinito-sff\/\" class=\"woocommerce-LoopProduct-link woocommerce-loop-product__link\"><p>Cabine de douche d&rsquo;angle avec porte coulissante \u00e0 l\u00e9vitation magn\u00e9tique.<\/p>\n<\/a><\/div><\/li>\n<\/ul>\n<\/div>[\/vc_column][\/vc_row]<\/p>\n","protected":false},"excerpt":{"rendered":"<p>[vc_row full_width=\u00a0\u00bbstretch_row\u00a0\u00bb equal_height=\u00a0\u00bbyes\u00a0\u00bb el_class=\u00a0\u00bbrow-header-collezione-prodotti\u00a0\u00bb css=\u00a0\u00bb.vc_custom_1704884208874{background-image: url(https:\/\/relaxsrl.com\/website\/wp-content\/uploads\/2024\/01\/collezione-silente.jpg?id=29584) !important;}\u00a0\u00bb][vc_column width=\u00a0\u00bb1\/2&Prime; el_class=\u00a0\u00bbcol-sx-header-collezione-prodotti\u00a0\u00bb][vc_column_text el_class=\u00a0\u00bbheader-collezione-prodotti-txt\u00a0\u00bb] Infinito, la premi\u00e8re cabine de douche \u00e0 sustentation magn\u00e9tique La cabine de douche innovante qui se caract\u00e9rise par \u00eatre la premi\u00e8re \u00e9quip\u00e9e d&rsquo;une ouverture magn\u00e9tique. Gr\u00e2ce \u00e0 sa technologie avanc\u00e9e, Infinito garantit une exp\u00e9rience de douche totalement r\u00e9volutionnaire, vous permettant de profiter d&rsquo;un moment de [&hellip;]<\/p>\n","protected":false},"author":3,"featured_media":29447,"parent":32054,"menu_order":0,"comment_status":"closed","ping_status":"closed","template":"","meta":[],"acf":[],"yoast_head":"<!-- This site is optimized with the Yoast SEO Premium plugin v18.4 (Yoast SEO v18.8) - https:\/\/yoast.com\/wordpress\/plugins\/seo\/ -->\n<title>Infinito - Relax srl<\/title>\n<meta name=\"description\" content=\"La premi\u00e8re cabine de douche \u00e0 ouverture magn\u00e9tique. Infinito garantit une exp\u00e9rience de douche totalement r\u00e9volutionnaire. Trouve-le.\" \/>\n<meta name=\"robots\" content=\"index, follow, max-snippet:-1, max-image-preview:large, max-video-preview:-1\" \/>\n<link rel=\"canonical\" href=\"https:\/\/relaxsrl.com\/fr\/produits\/collections\/infinito\/\" \/>\n<meta property=\"og:locale\" content=\"fr_FR\" \/>\n<meta property=\"og:type\" content=\"article\" \/>\n<meta property=\"og:title\" content=\"Infinito - Relax srl\" \/>\n<meta property=\"og:description\" content=\"La premi\u00e8re cabine de douche \u00e0 ouverture magn\u00e9tique. Infinito garantit une exp\u00e9rience de douche totalement r\u00e9volutionnaire. Trouve-le.\" \/>\n<meta property=\"og:url\" content=\"https:\/\/relaxsrl.com\/fr\/produits\/collections\/infinito\/\" \/>\n<meta property=\"og:site_name\" content=\"Relax srl\" \/>\n<meta property=\"article:modified_time\" content=\"2024-01-30T10:20:05+00:00\" \/>\n<meta property=\"og:image\" content=\"https:\/\/relaxsrl.com\/website\/wp-content\/uploads\/2024\/01\/Infinito_800x1100.jpg\" \/>\n\t<meta property=\"og:image:width\" content=\"800\" \/>\n\t<meta property=\"og:image:height\" content=\"1100\" \/>\n\t<meta property=\"og:image:type\" content=\"image\/jpeg\" \/>\n<meta name=\"twitter:card\" content=\"summary_large_image\" \/>\n<meta name=\"twitter:label1\" content=\"Dur\u00e9e de lecture estim\u00e9e\" \/>\n\t<meta name=\"twitter:data1\" content=\"1 minute\" \/>\n<script type=\"application\/ld+json\" class=\"yoast-schema-graph\">{\"@context\":\"https:\/\/schema.org\",\"@graph\":[{\"@type\":\"WebSite\",\"@id\":\"https:\/\/relaxsrl.com\/#website\",\"url\":\"https:\/\/relaxsrl.com\/\",\"name\":\"Relax srl\",\"description\":\"\",\"potentialAction\":[{\"@type\":\"SearchAction\",\"target\":{\"@type\":\"EntryPoint\",\"urlTemplate\":\"https:\/\/relaxsrl.com\/?s={search_term_string}\"},\"query-input\":\"required name=search_term_string\"}],\"inLanguage\":\"fr-FR\"},{\"@type\":\"ImageObject\",\"inLanguage\":\"fr-FR\",\"@id\":\"https:\/\/relaxsrl.com\/fr\/produits\/collections\/infinito\/#primaryimage\",\"url\":\"https:\/\/relaxsrl.com\/website\/wp-content\/uploads\/2024\/01\/Infinito_800x1100.jpg\",\"contentUrl\":\"https:\/\/relaxsrl.com\/website\/wp-content\/uploads\/2024\/01\/Infinito_800x1100.jpg\",\"width\":800,\"height\":1100},{\"@type\":\"WebPage\",\"@id\":\"https:\/\/relaxsrl.com\/fr\/produits\/collections\/infinito\/#webpage\",\"url\":\"https:\/\/relaxsrl.com\/fr\/produits\/collections\/infinito\/\",\"name\":\"Infinito - Relax srl\",\"isPartOf\":{\"@id\":\"https:\/\/relaxsrl.com\/#website\"},\"primaryImageOfPage\":{\"@id\":\"https:\/\/relaxsrl.com\/fr\/produits\/collections\/infinito\/#primaryimage\"},\"datePublished\":\"2023-02-27T16:17:06+00:00\",\"dateModified\":\"2024-01-30T10:20:05+00:00\",\"description\":\"La premi\u00e8re cabine de douche \u00e0 ouverture magn\u00e9tique. Infinito garantit une exp\u00e9rience de douche totalement r\u00e9volutionnaire. Trouve-le.\",\"breadcrumb\":{\"@id\":\"https:\/\/relaxsrl.com\/fr\/produits\/collections\/infinito\/#breadcrumb\"},\"inLanguage\":\"fr-FR\",\"potentialAction\":[{\"@type\":\"ReadAction\",\"target\":[\"https:\/\/relaxsrl.com\/fr\/produits\/collections\/infinito\/\"]}]},{\"@type\":\"BreadcrumbList\",\"@id\":\"https:\/\/relaxsrl.com\/fr\/produits\/collections\/infinito\/#breadcrumb\",\"itemListElement\":[{\"@type\":\"ListItem\",\"position\":1,\"name\":\"Produits\",\"item\":\"https:\/\/relaxsrl.com\/fr\/produits\/\"},{\"@type\":\"ListItem\",\"position\":2,\"name\":\"Collections\",\"item\":\"https:\/\/relaxsrl.com\/fr\/produits\/collections-old-non-usare\/\"},{\"@type\":\"ListItem\",\"position\":3,\"name\":\"Infinito\"}]}]}<\/script>\n<!-- \/ Yoast SEO Premium plugin. -->","yoast_head_json":{"title":"Infinito - Relax srl","description":"La premi\u00e8re cabine de douche \u00e0 ouverture magn\u00e9tique. Infinito garantit une exp\u00e9rience de douche totalement r\u00e9volutionnaire. Trouve-le.","robots":{"index":"index","follow":"follow","max-snippet":"max-snippet:-1","max-image-preview":"max-image-preview:large","max-video-preview":"max-video-preview:-1"},"canonical":"https:\/\/relaxsrl.com\/fr\/produits\/collections\/infinito\/","og_locale":"fr_FR","og_type":"article","og_title":"Infinito - Relax srl","og_description":"La premi\u00e8re cabine de douche \u00e0 ouverture magn\u00e9tique. Infinito garantit une exp\u00e9rience de douche totalement r\u00e9volutionnaire. Trouve-le.","og_url":"https:\/\/relaxsrl.com\/fr\/produits\/collections\/infinito\/","og_site_name":"Relax srl","article_modified_time":"2024-01-30T10:20:05+00:00","og_image":[{"width":800,"height":1100,"url":"https:\/\/relaxsrl.com\/website\/wp-content\/uploads\/2024\/01\/Infinito_800x1100.jpg","type":"image\/jpeg"}],"twitter_card":"summary_large_image","twitter_misc":{"Dur\u00e9e de lecture estim\u00e9e":"1 minute"},"schema":{"@context":"https:\/\/schema.org","@graph":[{"@type":"WebSite","@id":"https:\/\/relaxsrl.com\/#website","url":"https:\/\/relaxsrl.com\/","name":"Relax srl","description":"","potentialAction":[{"@type":"SearchAction","target":{"@type":"EntryPoint","urlTemplate":"https:\/\/relaxsrl.com\/?s={search_term_string}"},"query-input":"required name=search_term_string"}],"inLanguage":"fr-FR"},{"@type":"ImageObject","inLanguage":"fr-FR","@id":"https:\/\/relaxsrl.com\/fr\/produits\/collections\/infinito\/#primaryimage","url":"https:\/\/relaxsrl.com\/website\/wp-content\/uploads\/2024\/01\/Infinito_800x1100.jpg","contentUrl":"https:\/\/relaxsrl.com\/website\/wp-content\/uploads\/2024\/01\/Infinito_800x1100.jpg","width":800,"height":1100},{"@type":"WebPage","@id":"https:\/\/relaxsrl.com\/fr\/produits\/collections\/infinito\/#webpage","url":"https:\/\/relaxsrl.com\/fr\/produits\/collections\/infinito\/","name":"Infinito - Relax srl","isPartOf":{"@id":"https:\/\/relaxsrl.com\/#website"},"primaryImageOfPage":{"@id":"https:\/\/relaxsrl.com\/fr\/produits\/collections\/infinito\/#primaryimage"},"datePublished":"2023-02-27T16:17:06+00:00","dateModified":"2024-01-30T10:20:05+00:00","description":"La premi\u00e8re cabine de douche \u00e0 ouverture magn\u00e9tique. Infinito garantit une exp\u00e9rience de douche totalement r\u00e9volutionnaire. Trouve-le.","breadcrumb":{"@id":"https:\/\/relaxsrl.com\/fr\/produits\/collections\/infinito\/#breadcrumb"},"inLanguage":"fr-FR","potentialAction":[{"@type":"ReadAction","target":["https:\/\/relaxsrl.com\/fr\/produits\/collections\/infinito\/"]}]},{"@type":"BreadcrumbList","@id":"https:\/\/relaxsrl.com\/fr\/produits\/collections\/infinito\/#breadcrumb","itemListElement":[{"@type":"ListItem","position":1,"name":"Produits","item":"https:\/\/relaxsrl.com\/fr\/produits\/"},{"@type":"ListItem","position":2,"name":"Collections","item":"https:\/\/relaxsrl.com\/fr\/produits\/collections-old-non-usare\/"},{"@type":"ListItem","position":3,"name":"Infinito"}]}]}},"_links":{"self":[{"href":"https:\/\/relaxsrl.com\/fr\/wp-json\/wp\/v2\/pages\/26662"}],"collection":[{"href":"https:\/\/relaxsrl.com\/fr\/wp-json\/wp\/v2\/pages"}],"about":[{"href":"https:\/\/relaxsrl.com\/fr\/wp-json\/wp\/v2\/types\/page"}],"author":[{"embeddable":true,"href":"https:\/\/relaxsrl.com\/fr\/wp-json\/wp\/v2\/users\/3"}],"replies":[{"embeddable":true,"href":"https:\/\/relaxsrl.com\/fr\/wp-json\/wp\/v2\/comments?post=26662"}],"version-history":[{"count":7,"href":"https:\/\/relaxsrl.com\/fr\/wp-json\/wp\/v2\/pages\/26662\/revisions"}],"predecessor-version":[{"id":29869,"href":"https:\/\/relaxsrl.com\/fr\/wp-json\/wp\/v2\/pages\/26662\/revisions\/29869"}],"up":[{"embeddable":true,"href":"https:\/\/relaxsrl.com\/fr\/wp-json\/wp\/v2\/pages\/32054"}],"wp:featuredmedia":[{"embeddable":true,"href":"https:\/\/relaxsrl.com\/fr\/wp-json\/wp\/v2\/media\/29447"}],"wp:attachment":[{"href":"https:\/\/relaxsrl.com\/fr\/wp-json\/wp\/v2\/media?parent=26662"}],"curies":[{"name":"wp","href":"https:\/\/api.w.org\/{rel}","templated":true}]}}