{"id":13365,"date":"2021-11-30T08:16:06","date_gmt":"2021-11-30T07:16:06","guid":{"rendered":"http:\/\/relaxsrl.com\/produits\/demande-dinformation\/"},"modified":"2024-08-07T12:01:14","modified_gmt":"2024-08-07T10:01:14","slug":"demande-dinformation","status":"publish","type":"page","link":"https:\/\/relaxsrl.com\/fr\/produits\/demande-dinformation\/","title":{"rendered":"Demande d&rsquo;information"},"content":{"rendered":"<p>[vc_row full_width=\u00a0\u00bbstretch_row\u00a0\u00bb content_placement=\u00a0\u00bbmiddle\u00a0\u00bb el_class=\u00a0\u00bbintro-row\u00a0\u00bb][vc_column width=\u00a0\u00bb5\/12&Prime;][vc_column_text]<\/p>\n<h1>Informations sur les produits Relax<\/h1>\n<p>[\/vc_column_text][\/vc_column][vc_column width=\u00a0\u00bb7\/12&Prime;][vc_column_text el_class=\u00a0\u00bbabstract\u00a0\u00bb][\/vc_column_text][\/vc_column][\/vc_row][vc_row el_class=\u00a0\u00bbrow-path\u00a0\u00bb][vc_column][vc_column_text][\/vc_column_text][\/vc_column][\/vc_row][vc_row][vc_column][vc_column_text]<\/p>\n<div class=\"holiday-var\" style=\"text-align: center;\">\n<i class=\"fa-regular fa-comment holiday-comment\"><\/i><\/p>\n<div class=\"holiday-text-var\">Nous vous informons que notre service client sera en pause du <b>12 ao\u00fbt au 30 ao\u00fbt<\/b> inclus.<br \/>\nNous serons de nouveau op\u00e9rationnels \u00e0 partir du <b>2 septembre<\/b> et nous ferons de notre mieux pour r\u00e9pondre rapidement \u00e0 tous vos messages.<br \/>\nNous nous excusons pour les \u00e9ventuels d\u00e9sagr\u00e9ments et vous remercions pour votre patience et votre compr\u00e9hension.<\/div>\n<\/div>\n<h3 style=\"text-align: center;\">Demander des informations sp\u00e9cifiques, c&rsquo;est toujours mieux.<\/h3>\n<div class=\"divider-blue divider-blue-center\"><\/div>\n<p style=\"text-align: center;\">Nous sommes pr\u00eats \u00e0 mettre \u00e0 votre disposition l&rsquo;un de nos experts en cabines de douche, baignoires, receveurs de douche, pare-baignoires et accessoires pour une petite consultation sur mesure pour vous.<br \/>\n<strong> Remplissez le formulaire <\/strong> et vous recevrez des informations adapt\u00e9es \u00e0 vous.<\/p>\n<p>[\/vc_column_text][vc_empty_space height=\u00a0\u00bb50px\u00a0\u00bb][\/vc_column][\/vc_row][vc_row][vc_column]<div role=\"form\" class=\"wpcf7\" id=\"wpcf7-f15175-o1\" lang=\"it-IT\" dir=\"ltr\">\n<div class=\"screen-reader-response\"><p role=\"status\" aria-live=\"polite\" aria-atomic=\"true\"><\/p> <ul><\/ul><\/div>\n<form action=\"\/fr\/wp-json\/wp\/v2\/pages\/13365#wpcf7-f15175-o1\" method=\"post\" class=\"wpcf7-form init\" novalidate=\"novalidate\" data-status=\"init\">\n<div style=\"display: none;\">\n<input type=\"hidden\" name=\"_wpcf7\" value=\"15175\" \/>\n<input type=\"hidden\" name=\"_wpcf7_version\" value=\"5.5.6\" \/>\n<input type=\"hidden\" name=\"_wpcf7_locale\" value=\"it_IT\" \/>\n<input type=\"hidden\" name=\"_wpcf7_unit_tag\" value=\"wpcf7-f15175-o1\" \/>\n<input type=\"hidden\" name=\"_wpcf7_container_post\" value=\"0\" \/>\n<input type=\"hidden\" name=\"_wpcf7_posted_data_hash\" value=\"\" \/>\n<input type=\"hidden\" name=\"_wpcf7_recaptcha_response\" value=\"\" \/>\n<\/div>\n<div class=\"vc_row wpb_row vc_row-fluid contact-form-font\">\n<div class=\"wpb_column vc_column_container vc_col-sm-12\">\n<p>    <!-- Prima riga: Nome e Cognome --><\/p>\n<div class=\"vc_column-inner\">\n<div class=\"form-group form-group-50 form-group-50-l\">\n<div class=\"form-group-label\"><label>&nbsp;<\/label><\/div>\n<div class=\"form-group-element\"><span class=\"wpcf7-form-control-wrap nome\"><input type=\"text\" name=\"nome\" value=\"\" size=\"40\" class=\"wpcf7-form-control wpcf7-text wpcf7-validates-as-required\" aria-required=\"true\" aria-invalid=\"false\" placeholder=\"Pr\u00e9nom*\" \/><\/span><\/div>\n<\/div>\n<div class=\"form-group form-group-50 form-group-50-r\">\n<div class=\"form-group-label\"><label>&nbsp;<\/label><\/div>\n<div class=\"form-group-element\"><span class=\"wpcf7-form-control-wrap cognome\"><input type=\"text\" name=\"cognome\" value=\"\" size=\"40\" class=\"wpcf7-form-control wpcf7-text wpcf7-validates-as-required\" aria-required=\"true\" aria-invalid=\"false\" placeholder=\"Nom*\" \/><\/span><\/div>\n<\/div>\n<\/div>\n<p>    <!-- Fine prima riga --><\/p>\n<div style=\"clear:both;\"><\/div>\n<p>    <!-- Seconda riga: Email e Telefono --><\/p>\n<div class=\"vc_column-inner\">\n<div class=\"form-group form-group-50 form-group-50-l\">\n<div class=\"form-group-label\"><label>&nbsp;<\/label><\/div>\n<div class=\"form-group-element\"><span class=\"wpcf7-form-control-wrap user_pass\"><input type=\"email\" name=\"user_pass\" value=\"\" size=\"40\" class=\"wpcf7-form-control wpcf7-text wpcf7-email wpcf7-validates-as-required wpcf7-validates-as-email\" aria-required=\"true\" aria-invalid=\"false\" placeholder=\"Email*\" \/><\/span><\/div>\n<\/div>\n<div class=\"form-group form-group-50 form-group-50-r\">\n<div class=\"form-group-label\"><label>&nbsp;<\/label><\/div>\n<div class=\"form-group-element\"><span class=\"wpcf7-form-control-wrap telefono\"><input type=\"tel\" name=\"telefono\" value=\"\" size=\"40\" class=\"wpcf7-form-control wpcf7-text wpcf7-tel wpcf7-validates-as-required wpcf7-validates-as-tel\" aria-required=\"true\" aria-invalid=\"false\" placeholder=\"T\u00e9l\u00e9phone*\" \/><\/span><\/div>\n<\/div>\n<\/div>\n<p>    <!-- Fine seconda riga --><\/p>\n<div style=\"clear:both;\"><\/div>\n<p>    <!-- Terza riga: Oggetto e Messaggio --><\/p>\n<div class=\"vc_column-inner\">\n<div class=\"form-group form-group-50 form-group-50-l\">\n<div class=\"form-group-label\"><label>&nbsp;<\/label><\/div>\n<div class=\"form-group-element\"><span class=\"wpcf7-form-control-wrap oggetto\"><input type=\"text\" name=\"oggetto\" value=\"Demande d&#039;informations\" size=\"40\" class=\"wpcf7-form-control wpcf7-text wpcf7-validates-as-required\" readonly=\"readonly\" aria-required=\"true\" aria-invalid=\"false\" \/><\/span><\/div>\n<\/div>\n<div class=\"form-group form-group-50 form-group-50-r\">\n<div class=\"form-group-label\"><label>&nbsp;<\/label><\/div>\n<div class=\"form-group-element\"><span class=\"wpcf7-form-control-wrap richiesta\"><textarea name=\"richiesta\" cols=\"40\" rows=\"10\" class=\"wpcf7-form-control wpcf7-textarea wpcf7-validates-as-required\" aria-required=\"true\" aria-invalid=\"false\" placeholder=\"Comment pouvons-nous vous aider?\"><\/textarea><\/span><\/div>\n<\/div>\n<\/div>\n<p>    <!-- Fine terza riga --><\/p>\n<div style=\"clear:both;\"><\/div>\n<p>    <!-- Quarta riga: Privacy e Newsletter --><\/p>\n<div class=\"vc_column-inner\">\n<div class=\"form-group\">\n<div class=\"form-group-label\"><label>&nbsp;<\/label><\/div>\n<div class=\"form-group form-group-trattamentodati\">\n          <span class=\"wpcf7-form-control-wrap trattamento-dati\"><span class=\"wpcf7-form-control wpcf7-acceptance\"><span class=\"wpcf7-list-item\"><label><input type=\"checkbox\" name=\"trattamento-dati\" value=\"1\" aria-invalid=\"false\" \/><span class=\"wpcf7-list-item-label\">Je d\u00e9clare avoir lu et compris les informations disponibles sur le \n          <a href=\"http:\/\/relaxsrl.com\/fr\/politique-de-confidentialite\/\" target=\"_blank\" rel=\"noopener\">lien<\/a> \n          mentionn\u00e9 dans les articles 13 et 14 du GDPR 2016\/679 et la l\u00e9gislation nationale en vigueur.<\/span><\/label><\/span><\/span><\/span>\n        <\/div>\n<div class=\"form-group form-group-newsletter\">\n          <span class=\"wpcf7-form-control-wrap newsletter\"><span class=\"wpcf7-form-control wpcf7-acceptance\"><span class=\"wpcf7-list-item\"><label><input type=\"checkbox\" name=\"newsletter\" value=\"1\" aria-invalid=\"false\" \/><span class=\"wpcf7-list-item-label\">Newsletter. Je d\u00e9clare avoir lu et compris \n          <a href=\"http:\/\/relaxsrl.com\/fr\/newsletter-policy\/\" target=\"_blank\" rel=\"noopener\">\n            les informations de la newsletter\n          <\/a> \n          et j'autorise le traitement de mes donn\u00e9es personnelles pour l'envoi de la newsletter informative, commerciale et promotionnelle, par e-mail. \n          La fourniture de donn\u00e9es \u00e0 cette fin est facultative et peut \u00eatre retir\u00e9e \u00e0 tout moment.<\/span><\/label><\/span><\/span><\/span>\n        <\/div>\n<p>        <br><\/p>\n<div class=\"form-group form-group-submit\">\n          <input type=\"submit\" value=\"SOUMETTRE\" class=\"wpcf7-form-control has-spinner wpcf7-submit\" \/>\n        <\/div>\n<\/div>\n<\/div>\n<p>    <!-- Fine quarta riga --><\/p>\n<\/div>\n<\/div>\n<div class=\"wpcf7-response-output\" aria-hidden=\"true\"><\/div><\/form><\/div>[vc_empty_space height=\u00a0\u00bb100px\u00a0\u00bb][\/vc_column][\/vc_row]<\/p>\n","protected":false},"excerpt":{"rendered":"<p>[vc_row full_width=\u00a0\u00bbstretch_row\u00a0\u00bb content_placement=\u00a0\u00bbmiddle\u00a0\u00bb el_class=\u00a0\u00bbintro-row\u00a0\u00bb][vc_column width=\u00a0\u00bb5\/12&Prime;][vc_column_text] Informations sur les produits Relax [\/vc_column_text][\/vc_column][vc_column width=\u00a0\u00bb7\/12&Prime;][vc_column_text el_class=\u00a0\u00bbabstract\u00a0\u00bb][\/vc_column_text][\/vc_column][\/vc_row][vc_row el_class=\u00a0\u00bbrow-path\u00a0\u00bb][vc_column][vc_column_text][\/vc_column_text][\/vc_column][\/vc_row][vc_row][vc_column][vc_column_text] Nous vous informons que notre service client sera en pause du 12 ao\u00fbt au 30 ao\u00fbt inclus. Nous serons de nouveau op\u00e9rationnels \u00e0 partir du 2 septembre et nous ferons de notre mieux pour r\u00e9pondre rapidement \u00e0 tous vos messages. Nous [&hellip;]<\/p>\n","protected":false},"author":3,"featured_media":3560,"parent":12873,"menu_order":0,"comment_status":"closed","ping_status":"closed","template":"","meta":[],"acf":[],"yoast_head":"<!-- This site is optimized with the Yoast SEO Premium plugin v18.4 (Yoast SEO v18.8) - https:\/\/yoast.com\/wordpress\/plugins\/seo\/ -->\n<title>Demande d&#039;information - Relax srl<\/title>\n<meta name=\"description\" content=\"N&#039;h\u00e9sitez pas \u00e0 nous contacter pour plus d&#039;informations. Remplissez le formulaire et vous recevrez des informations adapt\u00e9es \u00e0 vos besoins.\" \/>\n<meta name=\"robots\" content=\"index, follow, max-snippet:-1, max-image-preview:large, max-video-preview:-1\" \/>\n<link rel=\"canonical\" href=\"https:\/\/relaxsrl.com\/fr\/produits\/demande-dinformation\/\" \/>\n<meta property=\"og:locale\" content=\"fr_FR\" \/>\n<meta property=\"og:type\" content=\"article\" \/>\n<meta property=\"og:title\" content=\"Demande d&#039;information - Relax srl\" \/>\n<meta property=\"og:description\" content=\"N&#039;h\u00e9sitez pas \u00e0 nous contacter pour plus d&#039;informations. Remplissez le formulaire et vous recevrez des informations adapt\u00e9es \u00e0 vos besoins.\" \/>\n<meta property=\"og:url\" content=\"https:\/\/relaxsrl.com\/fr\/produits\/demande-dinformation\/\" \/>\n<meta property=\"og:site_name\" content=\"Relax srl\" \/>\n<meta property=\"article:modified_time\" content=\"2024-08-07T10:01:14+00:00\" \/>\n<meta property=\"og:image\" content=\"https:\/\/relaxsrl.com\/website\/wp-content\/uploads\/2021\/10\/Scrivici.jpg\" \/>\n\t<meta property=\"og:image:width\" content=\"960\" \/>\n\t<meta property=\"og:image:height\" content=\"660\" \/>\n\t<meta property=\"og:image:type\" content=\"image\/jpeg\" \/>\n<meta name=\"twitter:card\" content=\"summary_large_image\" \/>\n<meta name=\"twitter:label1\" content=\"Dur\u00e9e de lecture estim\u00e9e\" \/>\n\t<meta name=\"twitter:data1\" content=\"1 minute\" \/>\n<script type=\"application\/ld+json\" class=\"yoast-schema-graph\">{\"@context\":\"https:\/\/schema.org\",\"@graph\":[{\"@type\":\"WebSite\",\"@id\":\"https:\/\/relaxsrl.com\/#website\",\"url\":\"https:\/\/relaxsrl.com\/\",\"name\":\"Relax srl\",\"description\":\"\",\"potentialAction\":[{\"@type\":\"SearchAction\",\"target\":{\"@type\":\"EntryPoint\",\"urlTemplate\":\"https:\/\/relaxsrl.com\/?s={search_term_string}\"},\"query-input\":\"required name=search_term_string\"}],\"inLanguage\":\"fr-FR\"},{\"@type\":\"ImageObject\",\"inLanguage\":\"fr-FR\",\"@id\":\"https:\/\/relaxsrl.com\/fr\/produits\/demande-dinformation\/#primaryimage\",\"url\":\"https:\/\/relaxsrl.com\/website\/wp-content\/uploads\/2021\/10\/Scrivici.jpg\",\"contentUrl\":\"https:\/\/relaxsrl.com\/website\/wp-content\/uploads\/2021\/10\/Scrivici.jpg\",\"width\":960,\"height\":660,\"caption\":\"La fille utilise l'ordinateur pour \u00e9crire le courrier\"},{\"@type\":\"WebPage\",\"@id\":\"https:\/\/relaxsrl.com\/fr\/produits\/demande-dinformation\/#webpage\",\"url\":\"https:\/\/relaxsrl.com\/fr\/produits\/demande-dinformation\/\",\"name\":\"Demande d'information - Relax srl\",\"isPartOf\":{\"@id\":\"https:\/\/relaxsrl.com\/#website\"},\"primaryImageOfPage\":{\"@id\":\"https:\/\/relaxsrl.com\/fr\/produits\/demande-dinformation\/#primaryimage\"},\"datePublished\":\"2021-11-30T07:16:06+00:00\",\"dateModified\":\"2024-08-07T10:01:14+00:00\",\"description\":\"N'h\u00e9sitez pas \u00e0 nous contacter pour plus d'informations. Remplissez le formulaire et vous recevrez des informations adapt\u00e9es \u00e0 vos besoins.\",\"breadcrumb\":{\"@id\":\"https:\/\/relaxsrl.com\/fr\/produits\/demande-dinformation\/#breadcrumb\"},\"inLanguage\":\"fr-FR\",\"potentialAction\":[{\"@type\":\"ReadAction\",\"target\":[\"https:\/\/relaxsrl.com\/fr\/produits\/demande-dinformation\/\"]}]},{\"@type\":\"BreadcrumbList\",\"@id\":\"https:\/\/relaxsrl.com\/fr\/produits\/demande-dinformation\/#breadcrumb\",\"itemListElement\":[{\"@type\":\"ListItem\",\"position\":1,\"name\":\"Produits\",\"item\":\"https:\/\/relaxsrl.com\/fr\/produits\/\"},{\"@type\":\"ListItem\",\"position\":2,\"name\":\"Demande d&#8217;information\"}]}]}<\/script>\n<!-- \/ Yoast SEO Premium plugin. -->","yoast_head_json":{"title":"Demande d'information - Relax srl","description":"N'h\u00e9sitez pas \u00e0 nous contacter pour plus d'informations. Remplissez le formulaire et vous recevrez des informations adapt\u00e9es \u00e0 vos besoins.","robots":{"index":"index","follow":"follow","max-snippet":"max-snippet:-1","max-image-preview":"max-image-preview:large","max-video-preview":"max-video-preview:-1"},"canonical":"https:\/\/relaxsrl.com\/fr\/produits\/demande-dinformation\/","og_locale":"fr_FR","og_type":"article","og_title":"Demande d'information - Relax srl","og_description":"N'h\u00e9sitez pas \u00e0 nous contacter pour plus d'informations. Remplissez le formulaire et vous recevrez des informations adapt\u00e9es \u00e0 vos besoins.","og_url":"https:\/\/relaxsrl.com\/fr\/produits\/demande-dinformation\/","og_site_name":"Relax srl","article_modified_time":"2024-08-07T10:01:14+00:00","og_image":[{"width":960,"height":660,"url":"https:\/\/relaxsrl.com\/website\/wp-content\/uploads\/2021\/10\/Scrivici.jpg","type":"image\/jpeg"}],"twitter_card":"summary_large_image","twitter_misc":{"Dur\u00e9e de lecture estim\u00e9e":"1 minute"},"schema":{"@context":"https:\/\/schema.org","@graph":[{"@type":"WebSite","@id":"https:\/\/relaxsrl.com\/#website","url":"https:\/\/relaxsrl.com\/","name":"Relax srl","description":"","potentialAction":[{"@type":"SearchAction","target":{"@type":"EntryPoint","urlTemplate":"https:\/\/relaxsrl.com\/?s={search_term_string}"},"query-input":"required name=search_term_string"}],"inLanguage":"fr-FR"},{"@type":"ImageObject","inLanguage":"fr-FR","@id":"https:\/\/relaxsrl.com\/fr\/produits\/demande-dinformation\/#primaryimage","url":"https:\/\/relaxsrl.com\/website\/wp-content\/uploads\/2021\/10\/Scrivici.jpg","contentUrl":"https:\/\/relaxsrl.com\/website\/wp-content\/uploads\/2021\/10\/Scrivici.jpg","width":960,"height":660,"caption":"La fille utilise l'ordinateur pour \u00e9crire le courrier"},{"@type":"WebPage","@id":"https:\/\/relaxsrl.com\/fr\/produits\/demande-dinformation\/#webpage","url":"https:\/\/relaxsrl.com\/fr\/produits\/demande-dinformation\/","name":"Demande d'information - Relax srl","isPartOf":{"@id":"https:\/\/relaxsrl.com\/#website"},"primaryImageOfPage":{"@id":"https:\/\/relaxsrl.com\/fr\/produits\/demande-dinformation\/#primaryimage"},"datePublished":"2021-11-30T07:16:06+00:00","dateModified":"2024-08-07T10:01:14+00:00","description":"N'h\u00e9sitez pas \u00e0 nous contacter pour plus d'informations. Remplissez le formulaire et vous recevrez des informations adapt\u00e9es \u00e0 vos besoins.","breadcrumb":{"@id":"https:\/\/relaxsrl.com\/fr\/produits\/demande-dinformation\/#breadcrumb"},"inLanguage":"fr-FR","potentialAction":[{"@type":"ReadAction","target":["https:\/\/relaxsrl.com\/fr\/produits\/demande-dinformation\/"]}]},{"@type":"BreadcrumbList","@id":"https:\/\/relaxsrl.com\/fr\/produits\/demande-dinformation\/#breadcrumb","itemListElement":[{"@type":"ListItem","position":1,"name":"Produits","item":"https:\/\/relaxsrl.com\/fr\/produits\/"},{"@type":"ListItem","position":2,"name":"Demande d&#8217;information"}]}]}},"_links":{"self":[{"href":"https:\/\/relaxsrl.com\/fr\/wp-json\/wp\/v2\/pages\/13365"}],"collection":[{"href":"https:\/\/relaxsrl.com\/fr\/wp-json\/wp\/v2\/pages"}],"about":[{"href":"https:\/\/relaxsrl.com\/fr\/wp-json\/wp\/v2\/types\/page"}],"author":[{"embeddable":true,"href":"https:\/\/relaxsrl.com\/fr\/wp-json\/wp\/v2\/users\/3"}],"replies":[{"embeddable":true,"href":"https:\/\/relaxsrl.com\/fr\/wp-json\/wp\/v2\/comments?post=13365"}],"version-history":[{"count":7,"href":"https:\/\/relaxsrl.com\/fr\/wp-json\/wp\/v2\/pages\/13365\/revisions"}],"predecessor-version":[{"id":30629,"href":"https:\/\/relaxsrl.com\/fr\/wp-json\/wp\/v2\/pages\/13365\/revisions\/30629"}],"up":[{"embeddable":true,"href":"https:\/\/relaxsrl.com\/fr\/wp-json\/wp\/v2\/pages\/12873"}],"wp:featuredmedia":[{"embeddable":true,"href":"https:\/\/relaxsrl.com\/fr\/wp-json\/wp\/v2\/media\/3560"}],"wp:attachment":[{"href":"https:\/\/relaxsrl.com\/fr\/wp-json\/wp\/v2\/media?parent=13365"}],"curies":[{"name":"wp","href":"https:\/\/api.w.org\/{rel}","templated":true}]}}