{"id":13046,"date":"2021-11-26T17:38:15","date_gmt":"2021-11-26T16:38:15","guid":{"rendered":"http:\/\/relaxsrl.com\/produits\/collections\/stone\/"},"modified":"2023-10-12T16:28:03","modified_gmt":"2023-10-12T14:28:03","slug":"stone","status":"publish","type":"page","link":"https:\/\/relaxsrl.com\/fr\/produits\/collections\/stone\/","title":{"rendered":"Stone"},"content":{"rendered":"<p>[vc_row full_width=\u00a0\u00bbstretch_row\u00a0\u00bb equal_height=\u00a0\u00bbyes\u00a0\u00bb el_class=\u00a0\u00bbrow-header-collezione-prodotti\u00a0\u00bb css=\u00a0\u00bb.vc_custom_1635241681194{background-image: url(http:\/\/relaxsrl.com\/wp-content\/uploads\/2021\/10\/Stone.jpg?id=9040) !important;}\u00a0\u00bb][vc_column width=\u00a0\u00bb1\/2&Prime; el_class=\u00a0\u00bbcol-sx-header-collezione-prodotti\u00a0\u00bb][vc_column_text el_class=\u00a0\u00bbheader-collezione-prodotti-txt\u00a0\u00bb]<\/p>\n<h1>Stone, receveur de douche effet pierre<\/h1>\n<p>Les receveurs de douche Stone sont disponibles en diff\u00e9rentes tailles, en Gel Coat, un mat\u00e9riau compos\u00e9 de r\u00e9sines et de min\u00e9raux, r\u00e9sistant dans le temps et tr\u00e8s solide. Aussi sur mesure. Antid\u00e9rapant, antibact\u00e9rien et r\u00e9parable, il peut \u00eatre coup\u00e9 sur place.[\/vc_column_text][\/vc_column][vc_column width=\u00a0\u00bb1\/2&Prime; el_class=\u00a0\u00bbcol-dx-header-collezione-prodotti\u00a0\u00bb][vc_single_image image=\u00a0\u00bb9204&Prime; img_size=\u00a0\u00bbfull\u00a0\u00bb alignment=\u00a0\u00bbcenter\u00a0\u00bb el_class=\u00a0\u00bbrow-header-prodotto-img\u00a0\u00bb][\/vc_column][\/vc_row][vc_row el_class=\u00a0\u00bbrow-path\u00a0\u00bb][vc_column][vc_column_text][\/vc_column_text][\/vc_column][\/vc_row][vc_row][vc_column]<div class=\"woocommerce columns-4 \"><ul class=\"products columns-4\">\n<li class=\"product type-product post-13800 status-publish first instock product_cat-collections-en product_cat-collections product_cat-piatti-doccia-e-pareti-de product_cat-receveurs-et-parois-de-douche product_cat-collezioni-de product_cat-shower-trays-and-walls product_cat-stone-fr product_cat-stone-de product_cat-stone-en product_cat-stone-ru product_cat-tipologia-prodotto-de product_cat-tipologia-prodotto-en product_cat-type-de-produit product_cat-1651 product_cat-1568 product_cat-1617 has-post-thumbnail shipping-taxable product-type-simple\">\n\t<div class=\"woocommerce-loop-product__short_description\" itemprop=\"description\"><a href=\"https:\/\/relaxsrl.com\/fr\/produit\/receveur-stone-angulaire\/\" class=\"woocommerce-LoopProduct-link woocommerce-loop-product__link\"><p>Receveur de douche rectangulaire en Gel Coat antid\u00e9rapant et antibact\u00e9rien, effet pierre au toucher.<\/p>\n<\/a><\/div><\/li>\n<li class=\"product type-product post-13801 status-publish instock product_cat-collections product_cat-piatti-doccia-e-pareti-de product_cat-receveurs-et-parois-de-douche product_cat-collezioni-de product_cat-stone-fr product_cat-stone-ru product_cat-stone-de product_cat-tipologia-prodotto-de product_cat-type-de-produit product_cat-1651 product_cat-1568 product_cat-1617 has-post-thumbnail shipping-taxable product-type-simple\">\n\t<div class=\"woocommerce-loop-product__short_description\" itemprop=\"description\"><a href=\"https:\/\/relaxsrl.com\/fr\/produit\/receveur-stone-semicircolare\/\" class=\"woocommerce-LoopProduct-link woocommerce-loop-product__link\"><p>Receveur de douche semi-circulaire en Gel Coat antid\u00e9rapant et antibact\u00e9rien, effet pierre au toucher.<\/p>\n<\/a><\/div><\/li>\n<\/ul>\n<\/div>[\/vc_column][\/vc_row]<\/p>\n","protected":false},"excerpt":{"rendered":"<p>[vc_row full_width=\u00a0\u00bbstretch_row\u00a0\u00bb equal_height=\u00a0\u00bbyes\u00a0\u00bb el_class=\u00a0\u00bbrow-header-collezione-prodotti\u00a0\u00bb css=\u00a0\u00bb.vc_custom_1635241681194{background-image: url(http:\/\/relaxsrl.com\/wp-content\/uploads\/2021\/10\/Stone.jpg?id=9040) !important;}\u00a0\u00bb][vc_column width=\u00a0\u00bb1\/2&Prime; el_class=\u00a0\u00bbcol-sx-header-collezione-prodotti\u00a0\u00bb][vc_column_text el_class=\u00a0\u00bbheader-collezione-prodotti-txt\u00a0\u00bb] Stone, receveur de douche effet pierre Les receveurs de douche Stone sont disponibles en diff\u00e9rentes tailles, en Gel Coat, un mat\u00e9riau compos\u00e9 de r\u00e9sines et de min\u00e9raux, r\u00e9sistant dans le temps et tr\u00e8s solide. Aussi sur mesure. Antid\u00e9rapant, antibact\u00e9rien et r\u00e9parable, il peut \u00eatre coup\u00e9 [&hellip;]<\/p>\n","protected":false},"author":3,"featured_media":9204,"parent":32054,"menu_order":0,"comment_status":"closed","ping_status":"closed","template":"","meta":[],"acf":[],"yoast_head":"<!-- This site is optimized with the Yoast SEO Premium plugin v18.4 (Yoast SEO v18.8) - https:\/\/yoast.com\/wordpress\/plugins\/seo\/ -->\n<title>Stone - Relax srl<\/title>\n<meta name=\"description\" content=\"Les receveurs de douche Stone sont fabriqu\u00e9s en Gel Coat antid\u00e9rapant et antibact\u00e9rien, avec un effet pierre particulier au toucher.\" \/>\n<meta name=\"robots\" content=\"index, follow, max-snippet:-1, max-image-preview:large, max-video-preview:-1\" \/>\n<link rel=\"canonical\" href=\"https:\/\/relaxsrl.com\/fr\/produits\/collections\/stone\/\" \/>\n<meta property=\"og:locale\" content=\"fr_FR\" \/>\n<meta property=\"og:type\" content=\"article\" \/>\n<meta property=\"og:title\" content=\"Stone - Relax srl\" \/>\n<meta property=\"og:description\" content=\"Les receveurs de douche Stone sont fabriqu\u00e9s en Gel Coat antid\u00e9rapant et antibact\u00e9rien, avec un effet pierre particulier au toucher.\" \/>\n<meta property=\"og:url\" content=\"https:\/\/relaxsrl.com\/fr\/produits\/collections\/stone\/\" \/>\n<meta property=\"og:site_name\" content=\"Relax srl\" \/>\n<meta property=\"article:modified_time\" content=\"2023-10-12T14:28:03+00:00\" \/>\n<meta property=\"og:image\" content=\"https:\/\/relaxsrl.com\/website\/wp-content\/uploads\/2021\/10\/STONE-ANGOLARE_immagineprincipale-1.jpg\" \/>\n\t<meta property=\"og:image:width\" content=\"800\" \/>\n\t<meta property=\"og:image:height\" content=\"1110\" \/>\n\t<meta property=\"og:image:type\" content=\"image\/jpeg\" \/>\n<meta name=\"twitter:card\" content=\"summary_large_image\" \/>\n<meta name=\"twitter:label1\" content=\"Dur\u00e9e de lecture estim\u00e9e\" \/>\n\t<meta name=\"twitter:data1\" content=\"1 minute\" \/>\n<script type=\"application\/ld+json\" class=\"yoast-schema-graph\">{\"@context\":\"https:\/\/schema.org\",\"@graph\":[{\"@type\":\"WebSite\",\"@id\":\"https:\/\/relaxsrl.com\/#website\",\"url\":\"https:\/\/relaxsrl.com\/\",\"name\":\"Relax srl\",\"description\":\"\",\"potentialAction\":[{\"@type\":\"SearchAction\",\"target\":{\"@type\":\"EntryPoint\",\"urlTemplate\":\"https:\/\/relaxsrl.com\/?s={search_term_string}\"},\"query-input\":\"required name=search_term_string\"}],\"inLanguage\":\"fr-FR\"},{\"@type\":\"ImageObject\",\"inLanguage\":\"fr-FR\",\"@id\":\"https:\/\/relaxsrl.com\/fr\/produits\/collections\/stone\/#primaryimage\",\"url\":\"https:\/\/relaxsrl.com\/website\/wp-content\/uploads\/2021\/10\/STONE-ANGOLARE_immagineprincipale-1.jpg\",\"contentUrl\":\"https:\/\/relaxsrl.com\/website\/wp-content\/uploads\/2021\/10\/STONE-ANGOLARE_immagineprincipale-1.jpg\",\"width\":800,\"height\":1110,\"caption\":\"Piatto doccia effetto pietra Stone\"},{\"@type\":\"WebPage\",\"@id\":\"https:\/\/relaxsrl.com\/fr\/produits\/collections\/stone\/#webpage\",\"url\":\"https:\/\/relaxsrl.com\/fr\/produits\/collections\/stone\/\",\"name\":\"Stone - Relax srl\",\"isPartOf\":{\"@id\":\"https:\/\/relaxsrl.com\/#website\"},\"primaryImageOfPage\":{\"@id\":\"https:\/\/relaxsrl.com\/fr\/produits\/collections\/stone\/#primaryimage\"},\"datePublished\":\"2021-11-26T16:38:15+00:00\",\"dateModified\":\"2023-10-12T14:28:03+00:00\",\"description\":\"Les receveurs de douche Stone sont fabriqu\u00e9s en Gel Coat antid\u00e9rapant et antibact\u00e9rien, avec un effet pierre particulier au toucher.\",\"breadcrumb\":{\"@id\":\"https:\/\/relaxsrl.com\/fr\/produits\/collections\/stone\/#breadcrumb\"},\"inLanguage\":\"fr-FR\",\"potentialAction\":[{\"@type\":\"ReadAction\",\"target\":[\"https:\/\/relaxsrl.com\/fr\/produits\/collections\/stone\/\"]}]},{\"@type\":\"BreadcrumbList\",\"@id\":\"https:\/\/relaxsrl.com\/fr\/produits\/collections\/stone\/#breadcrumb\",\"itemListElement\":[{\"@type\":\"ListItem\",\"position\":1,\"name\":\"Produits\",\"item\":\"https:\/\/relaxsrl.com\/fr\/produits\/\"},{\"@type\":\"ListItem\",\"position\":2,\"name\":\"Collections\",\"item\":\"https:\/\/relaxsrl.com\/fr\/produits\/collections-old-non-usare\/\"},{\"@type\":\"ListItem\",\"position\":3,\"name\":\"Stone\"}]}]}<\/script>\n<!-- \/ Yoast SEO Premium plugin. -->","yoast_head_json":{"title":"Stone - Relax srl","description":"Les receveurs de douche Stone sont fabriqu\u00e9s en Gel Coat antid\u00e9rapant et antibact\u00e9rien, avec un effet pierre particulier au toucher.","robots":{"index":"index","follow":"follow","max-snippet":"max-snippet:-1","max-image-preview":"max-image-preview:large","max-video-preview":"max-video-preview:-1"},"canonical":"https:\/\/relaxsrl.com\/fr\/produits\/collections\/stone\/","og_locale":"fr_FR","og_type":"article","og_title":"Stone - Relax srl","og_description":"Les receveurs de douche Stone sont fabriqu\u00e9s en Gel Coat antid\u00e9rapant et antibact\u00e9rien, avec un effet pierre particulier au toucher.","og_url":"https:\/\/relaxsrl.com\/fr\/produits\/collections\/stone\/","og_site_name":"Relax srl","article_modified_time":"2023-10-12T14:28:03+00:00","og_image":[{"width":800,"height":1110,"url":"https:\/\/relaxsrl.com\/website\/wp-content\/uploads\/2021\/10\/STONE-ANGOLARE_immagineprincipale-1.jpg","type":"image\/jpeg"}],"twitter_card":"summary_large_image","twitter_misc":{"Dur\u00e9e de lecture estim\u00e9e":"1 minute"},"schema":{"@context":"https:\/\/schema.org","@graph":[{"@type":"WebSite","@id":"https:\/\/relaxsrl.com\/#website","url":"https:\/\/relaxsrl.com\/","name":"Relax srl","description":"","potentialAction":[{"@type":"SearchAction","target":{"@type":"EntryPoint","urlTemplate":"https:\/\/relaxsrl.com\/?s={search_term_string}"},"query-input":"required name=search_term_string"}],"inLanguage":"fr-FR"},{"@type":"ImageObject","inLanguage":"fr-FR","@id":"https:\/\/relaxsrl.com\/fr\/produits\/collections\/stone\/#primaryimage","url":"https:\/\/relaxsrl.com\/website\/wp-content\/uploads\/2021\/10\/STONE-ANGOLARE_immagineprincipale-1.jpg","contentUrl":"https:\/\/relaxsrl.com\/website\/wp-content\/uploads\/2021\/10\/STONE-ANGOLARE_immagineprincipale-1.jpg","width":800,"height":1110,"caption":"Piatto doccia effetto pietra Stone"},{"@type":"WebPage","@id":"https:\/\/relaxsrl.com\/fr\/produits\/collections\/stone\/#webpage","url":"https:\/\/relaxsrl.com\/fr\/produits\/collections\/stone\/","name":"Stone - Relax srl","isPartOf":{"@id":"https:\/\/relaxsrl.com\/#website"},"primaryImageOfPage":{"@id":"https:\/\/relaxsrl.com\/fr\/produits\/collections\/stone\/#primaryimage"},"datePublished":"2021-11-26T16:38:15+00:00","dateModified":"2023-10-12T14:28:03+00:00","description":"Les receveurs de douche Stone sont fabriqu\u00e9s en Gel Coat antid\u00e9rapant et antibact\u00e9rien, avec un effet pierre particulier au toucher.","breadcrumb":{"@id":"https:\/\/relaxsrl.com\/fr\/produits\/collections\/stone\/#breadcrumb"},"inLanguage":"fr-FR","potentialAction":[{"@type":"ReadAction","target":["https:\/\/relaxsrl.com\/fr\/produits\/collections\/stone\/"]}]},{"@type":"BreadcrumbList","@id":"https:\/\/relaxsrl.com\/fr\/produits\/collections\/stone\/#breadcrumb","itemListElement":[{"@type":"ListItem","position":1,"name":"Produits","item":"https:\/\/relaxsrl.com\/fr\/produits\/"},{"@type":"ListItem","position":2,"name":"Collections","item":"https:\/\/relaxsrl.com\/fr\/produits\/collections-old-non-usare\/"},{"@type":"ListItem","position":3,"name":"Stone"}]}]}},"_links":{"self":[{"href":"https:\/\/relaxsrl.com\/fr\/wp-json\/wp\/v2\/pages\/13046"}],"collection":[{"href":"https:\/\/relaxsrl.com\/fr\/wp-json\/wp\/v2\/pages"}],"about":[{"href":"https:\/\/relaxsrl.com\/fr\/wp-json\/wp\/v2\/types\/page"}],"author":[{"embeddable":true,"href":"https:\/\/relaxsrl.com\/fr\/wp-json\/wp\/v2\/users\/3"}],"replies":[{"embeddable":true,"href":"https:\/\/relaxsrl.com\/fr\/wp-json\/wp\/v2\/comments?post=13046"}],"version-history":[{"count":4,"href":"https:\/\/relaxsrl.com\/fr\/wp-json\/wp\/v2\/pages\/13046\/revisions"}],"predecessor-version":[{"id":15248,"href":"https:\/\/relaxsrl.com\/fr\/wp-json\/wp\/v2\/pages\/13046\/revisions\/15248"}],"up":[{"embeddable":true,"href":"https:\/\/relaxsrl.com\/fr\/wp-json\/wp\/v2\/pages\/32054"}],"wp:featuredmedia":[{"embeddable":true,"href":"https:\/\/relaxsrl.com\/fr\/wp-json\/wp\/v2\/media\/9204"}],"wp:attachment":[{"href":"https:\/\/relaxsrl.com\/fr\/wp-json\/wp\/v2\/media?parent=13046"}],"curies":[{"name":"wp","href":"https:\/\/api.w.org\/{rel}","templated":true}]}}