{"id":13042,"date":"2021-11-26T17:37:01","date_gmt":"2021-11-26T16:37:01","guid":{"rendered":"http:\/\/relaxsrl.com\/produits\/collections\/raso\/"},"modified":"2023-10-20T09:42:53","modified_gmt":"2023-10-20T07:42:53","slug":"raso","status":"publish","type":"page","link":"https:\/\/relaxsrl.com\/fr\/produits\/collections\/raso\/","title":{"rendered":"Raso"},"content":{"rendered":"<p>[vc_row full_width=\u00a0\u00bbstretch_row\u00a0\u00bb equal_height=\u00a0\u00bbyes\u00a0\u00bb el_class=\u00a0\u00bbrow-header-collezione-prodotti\u00a0\u00bb css=\u00a0\u00bb.vc_custom_1635241745014{background-image: url(http:\/\/relaxsrl.com\/wp-content\/uploads\/2021\/10\/Raso.jpg?id=9024) !important;}\u00a0\u00bb][vc_column width=\u00a0\u00bb1\/2&Prime; el_class=\u00a0\u00bbcol-sx-header-collezione-prodotti\u00a0\u00bb][vc_column_text el_class=\u00a0\u00bbheader-collezione-prodotti-txt\u00a0\u00bb]<\/p>\n<h1>Raso, receveur de douche effet ardoise<\/h1>\n<p>Les receveurs de douche Raso sont rectangulaires et disponibles en diff\u00e9rentes tailles, en Gel Coat, un mat\u00e9riau compos\u00e9 de r\u00e9sines et de min\u00e9raux, r\u00e9sistant dans le temps et tr\u00e8s solide. Antid\u00e9rapant, antibact\u00e9rien et r\u00e9parable, il peut \u00eatre coup\u00e9 sur place.[\/vc_column_text][\/vc_column][vc_column width=\u00a0\u00bb1\/2&Prime; el_class=\u00a0\u00bbcol-dx-header-collezione-prodotti\u00a0\u00bb][vc_single_image image=\u00a0\u00bb9200&Prime; img_size=\u00a0\u00bbfull\u00a0\u00bb alignment=\u00a0\u00bbcenter\u00a0\u00bb el_class=\u00a0\u00bbrow-header-prodotto-img\u00a0\u00bb][\/vc_column][\/vc_row][vc_row el_class=\u00a0\u00bbrow-path\u00a0\u00bb][vc_column][vc_column_text][\/vc_column_text][\/vc_column][\/vc_row][vc_row][vc_column]<div class=\"woocommerce columns-4 \"><ul class=\"products columns-4\">\n<li class=\"product type-product post-13797 status-publish first instock product_cat-collections product_cat-collections-en product_cat-piatti-doccia-e-pareti-de product_cat-raso-en product_cat-raso-fr product_cat-raso-de product_cat-raso-ru product_cat-receveurs-et-parois-de-douche product_cat-collezioni-de product_cat-shower-trays-and-walls product_cat-tipologia-prodotto-en product_cat-tipologia-prodotto-de product_cat-type-de-produit product_cat-1651 product_cat-1568 product_cat-1617 has-post-thumbnail shipping-taxable product-type-simple\">\n\t<div class=\"woocommerce-loop-product__short_description\" itemprop=\"description\"><a href=\"https:\/\/relaxsrl.com\/fr\/produit\/receveur-raso-angulaire\/\" class=\"woocommerce-LoopProduct-link woocommerce-loop-product__link\"><p>Receveur de douche en Gel Coat antid\u00e9rapant et antibact\u00e9rien, effet satin\u00e9 au toucher.<\/p>\n<\/a><\/div><\/li>\n<\/ul>\n<\/div>[\/vc_column][\/vc_row]<\/p>\n","protected":false},"excerpt":{"rendered":"<p>[vc_row full_width=\u00a0\u00bbstretch_row\u00a0\u00bb equal_height=\u00a0\u00bbyes\u00a0\u00bb el_class=\u00a0\u00bbrow-header-collezione-prodotti\u00a0\u00bb css=\u00a0\u00bb.vc_custom_1635241745014{background-image: url(http:\/\/relaxsrl.com\/wp-content\/uploads\/2021\/10\/Raso.jpg?id=9024) !important;}\u00a0\u00bb][vc_column width=\u00a0\u00bb1\/2&Prime; el_class=\u00a0\u00bbcol-sx-header-collezione-prodotti\u00a0\u00bb][vc_column_text el_class=\u00a0\u00bbheader-collezione-prodotti-txt\u00a0\u00bb] Raso, receveur de douche effet ardoise Les receveurs de douche Raso sont rectangulaires et disponibles en diff\u00e9rentes tailles, en Gel Coat, un mat\u00e9riau compos\u00e9 de r\u00e9sines et de min\u00e9raux, r\u00e9sistant dans le temps et tr\u00e8s solide. Antid\u00e9rapant, antibact\u00e9rien et r\u00e9parable, il peut \u00eatre coup\u00e9 sur [&hellip;]<\/p>\n","protected":false},"author":3,"featured_media":9200,"parent":32054,"menu_order":0,"comment_status":"closed","ping_status":"closed","template":"","meta":[],"acf":[],"yoast_head":"<!-- This site is optimized with the Yoast SEO Premium plugin v18.4 (Yoast SEO v18.8) - https:\/\/yoast.com\/wordpress\/plugins\/seo\/ -->\n<title>Raso - Relax srl<\/title>\n<meta name=\"description\" content=\"Les receveurs de douche Raso sont fabriqu\u00e9s en Gel Coat, un mat\u00e9riau compos\u00e9 de r\u00e9sines et de min\u00e9raux, r\u00e9sistant dans le temps.\" \/>\n<meta name=\"robots\" content=\"index, follow, max-snippet:-1, max-image-preview:large, max-video-preview:-1\" \/>\n<link rel=\"canonical\" href=\"https:\/\/relaxsrl.com\/fr\/produits\/collections\/raso\/\" \/>\n<meta property=\"og:locale\" content=\"fr_FR\" \/>\n<meta property=\"og:type\" content=\"article\" \/>\n<meta property=\"og:title\" content=\"Raso - Relax srl\" \/>\n<meta property=\"og:description\" content=\"Les receveurs de douche Raso sont fabriqu\u00e9s en Gel Coat, un mat\u00e9riau compos\u00e9 de r\u00e9sines et de min\u00e9raux, r\u00e9sistant dans le temps.\" \/>\n<meta property=\"og:url\" content=\"https:\/\/relaxsrl.com\/fr\/produits\/collections\/raso\/\" \/>\n<meta property=\"og:site_name\" content=\"Relax srl\" \/>\n<meta property=\"article:modified_time\" content=\"2023-10-20T07:42:53+00:00\" \/>\n<meta property=\"og:image\" content=\"https:\/\/relaxsrl.com\/website\/wp-content\/uploads\/2021\/10\/RASO-ANGOLARE_immagineprincipale-1.jpg\" \/>\n\t<meta property=\"og:image:width\" content=\"800\" \/>\n\t<meta property=\"og:image:height\" content=\"1110\" \/>\n\t<meta property=\"og:image:type\" content=\"image\/jpeg\" \/>\n<meta name=\"twitter:card\" content=\"summary_large_image\" \/>\n<meta name=\"twitter:label1\" content=\"Dur\u00e9e de lecture estim\u00e9e\" \/>\n\t<meta name=\"twitter:data1\" content=\"1 minute\" \/>\n<script type=\"application\/ld+json\" class=\"yoast-schema-graph\">{\"@context\":\"https:\/\/schema.org\",\"@graph\":[{\"@type\":\"WebSite\",\"@id\":\"https:\/\/relaxsrl.com\/#website\",\"url\":\"https:\/\/relaxsrl.com\/\",\"name\":\"Relax srl\",\"description\":\"\",\"potentialAction\":[{\"@type\":\"SearchAction\",\"target\":{\"@type\":\"EntryPoint\",\"urlTemplate\":\"https:\/\/relaxsrl.com\/?s={search_term_string}\"},\"query-input\":\"required name=search_term_string\"}],\"inLanguage\":\"fr-FR\"},{\"@type\":\"ImageObject\",\"inLanguage\":\"fr-FR\",\"@id\":\"https:\/\/relaxsrl.com\/fr\/produits\/collections\/raso\/#primaryimage\",\"url\":\"https:\/\/relaxsrl.com\/website\/wp-content\/uploads\/2021\/10\/RASO-ANGOLARE_immagineprincipale-1.jpg\",\"contentUrl\":\"https:\/\/relaxsrl.com\/website\/wp-content\/uploads\/2021\/10\/RASO-ANGOLARE_immagineprincipale-1.jpg\",\"width\":800,\"height\":1110,\"caption\":\"Piatto doccia bianco effetto ardesia Raso\"},{\"@type\":\"WebPage\",\"@id\":\"https:\/\/relaxsrl.com\/fr\/produits\/collections\/raso\/#webpage\",\"url\":\"https:\/\/relaxsrl.com\/fr\/produits\/collections\/raso\/\",\"name\":\"Raso - Relax srl\",\"isPartOf\":{\"@id\":\"https:\/\/relaxsrl.com\/#website\"},\"primaryImageOfPage\":{\"@id\":\"https:\/\/relaxsrl.com\/fr\/produits\/collections\/raso\/#primaryimage\"},\"datePublished\":\"2021-11-26T16:37:01+00:00\",\"dateModified\":\"2023-10-20T07:42:53+00:00\",\"description\":\"Les receveurs de douche Raso sont fabriqu\u00e9s en Gel Coat, un mat\u00e9riau compos\u00e9 de r\u00e9sines et de min\u00e9raux, r\u00e9sistant dans le temps.\",\"breadcrumb\":{\"@id\":\"https:\/\/relaxsrl.com\/fr\/produits\/collections\/raso\/#breadcrumb\"},\"inLanguage\":\"fr-FR\",\"potentialAction\":[{\"@type\":\"ReadAction\",\"target\":[\"https:\/\/relaxsrl.com\/fr\/produits\/collections\/raso\/\"]}]},{\"@type\":\"BreadcrumbList\",\"@id\":\"https:\/\/relaxsrl.com\/fr\/produits\/collections\/raso\/#breadcrumb\",\"itemListElement\":[{\"@type\":\"ListItem\",\"position\":1,\"name\":\"Produits\",\"item\":\"https:\/\/relaxsrl.com\/fr\/produits\/\"},{\"@type\":\"ListItem\",\"position\":2,\"name\":\"Collections\",\"item\":\"https:\/\/relaxsrl.com\/fr\/produits\/collections-old-non-usare\/\"},{\"@type\":\"ListItem\",\"position\":3,\"name\":\"Raso\"}]}]}<\/script>\n<!-- \/ Yoast SEO Premium plugin. -->","yoast_head_json":{"title":"Raso - Relax srl","description":"Les receveurs de douche Raso sont fabriqu\u00e9s en Gel Coat, un mat\u00e9riau compos\u00e9 de r\u00e9sines et de min\u00e9raux, r\u00e9sistant dans le temps.","robots":{"index":"index","follow":"follow","max-snippet":"max-snippet:-1","max-image-preview":"max-image-preview:large","max-video-preview":"max-video-preview:-1"},"canonical":"https:\/\/relaxsrl.com\/fr\/produits\/collections\/raso\/","og_locale":"fr_FR","og_type":"article","og_title":"Raso - Relax srl","og_description":"Les receveurs de douche Raso sont fabriqu\u00e9s en Gel Coat, un mat\u00e9riau compos\u00e9 de r\u00e9sines et de min\u00e9raux, r\u00e9sistant dans le temps.","og_url":"https:\/\/relaxsrl.com\/fr\/produits\/collections\/raso\/","og_site_name":"Relax srl","article_modified_time":"2023-10-20T07:42:53+00:00","og_image":[{"width":800,"height":1110,"url":"https:\/\/relaxsrl.com\/website\/wp-content\/uploads\/2021\/10\/RASO-ANGOLARE_immagineprincipale-1.jpg","type":"image\/jpeg"}],"twitter_card":"summary_large_image","twitter_misc":{"Dur\u00e9e de lecture estim\u00e9e":"1 minute"},"schema":{"@context":"https:\/\/schema.org","@graph":[{"@type":"WebSite","@id":"https:\/\/relaxsrl.com\/#website","url":"https:\/\/relaxsrl.com\/","name":"Relax srl","description":"","potentialAction":[{"@type":"SearchAction","target":{"@type":"EntryPoint","urlTemplate":"https:\/\/relaxsrl.com\/?s={search_term_string}"},"query-input":"required name=search_term_string"}],"inLanguage":"fr-FR"},{"@type":"ImageObject","inLanguage":"fr-FR","@id":"https:\/\/relaxsrl.com\/fr\/produits\/collections\/raso\/#primaryimage","url":"https:\/\/relaxsrl.com\/website\/wp-content\/uploads\/2021\/10\/RASO-ANGOLARE_immagineprincipale-1.jpg","contentUrl":"https:\/\/relaxsrl.com\/website\/wp-content\/uploads\/2021\/10\/RASO-ANGOLARE_immagineprincipale-1.jpg","width":800,"height":1110,"caption":"Piatto doccia bianco effetto ardesia Raso"},{"@type":"WebPage","@id":"https:\/\/relaxsrl.com\/fr\/produits\/collections\/raso\/#webpage","url":"https:\/\/relaxsrl.com\/fr\/produits\/collections\/raso\/","name":"Raso - Relax srl","isPartOf":{"@id":"https:\/\/relaxsrl.com\/#website"},"primaryImageOfPage":{"@id":"https:\/\/relaxsrl.com\/fr\/produits\/collections\/raso\/#primaryimage"},"datePublished":"2021-11-26T16:37:01+00:00","dateModified":"2023-10-20T07:42:53+00:00","description":"Les receveurs de douche Raso sont fabriqu\u00e9s en Gel Coat, un mat\u00e9riau compos\u00e9 de r\u00e9sines et de min\u00e9raux, r\u00e9sistant dans le temps.","breadcrumb":{"@id":"https:\/\/relaxsrl.com\/fr\/produits\/collections\/raso\/#breadcrumb"},"inLanguage":"fr-FR","potentialAction":[{"@type":"ReadAction","target":["https:\/\/relaxsrl.com\/fr\/produits\/collections\/raso\/"]}]},{"@type":"BreadcrumbList","@id":"https:\/\/relaxsrl.com\/fr\/produits\/collections\/raso\/#breadcrumb","itemListElement":[{"@type":"ListItem","position":1,"name":"Produits","item":"https:\/\/relaxsrl.com\/fr\/produits\/"},{"@type":"ListItem","position":2,"name":"Collections","item":"https:\/\/relaxsrl.com\/fr\/produits\/collections-old-non-usare\/"},{"@type":"ListItem","position":3,"name":"Raso"}]}]}},"_links":{"self":[{"href":"https:\/\/relaxsrl.com\/fr\/wp-json\/wp\/v2\/pages\/13042"}],"collection":[{"href":"https:\/\/relaxsrl.com\/fr\/wp-json\/wp\/v2\/pages"}],"about":[{"href":"https:\/\/relaxsrl.com\/fr\/wp-json\/wp\/v2\/types\/page"}],"author":[{"embeddable":true,"href":"https:\/\/relaxsrl.com\/fr\/wp-json\/wp\/v2\/users\/3"}],"replies":[{"embeddable":true,"href":"https:\/\/relaxsrl.com\/fr\/wp-json\/wp\/v2\/comments?post=13042"}],"version-history":[{"count":4,"href":"https:\/\/relaxsrl.com\/fr\/wp-json\/wp\/v2\/pages\/13042\/revisions"}],"predecessor-version":[{"id":15243,"href":"https:\/\/relaxsrl.com\/fr\/wp-json\/wp\/v2\/pages\/13042\/revisions\/15243"}],"up":[{"embeddable":true,"href":"https:\/\/relaxsrl.com\/fr\/wp-json\/wp\/v2\/pages\/32054"}],"wp:featuredmedia":[{"embeddable":true,"href":"https:\/\/relaxsrl.com\/fr\/wp-json\/wp\/v2\/media\/9200"}],"wp:attachment":[{"href":"https:\/\/relaxsrl.com\/fr\/wp-json\/wp\/v2\/media?parent=13042"}],"curies":[{"name":"wp","href":"https:\/\/api.w.org\/{rel}","templated":true}]}}