{"id":13015,"date":"2021-11-26T17:20:47","date_gmt":"2021-11-26T16:20:47","guid":{"rendered":"http:\/\/relaxsrl.com\/produits\/collections\/kubik\/"},"modified":"2024-12-19T10:28:27","modified_gmt":"2024-12-19T09:28:27","slug":"kubik","status":"publish","type":"page","link":"https:\/\/relaxsrl.com\/fr\/produits\/collections\/kubik\/","title":{"rendered":"Kubik"},"content":{"rendered":"<p>[vc_row full_width=\u00a0\u00bbstretch_row\u00a0\u00bb equal_height=\u00a0\u00bbyes\u00a0\u00bb el_class=\u00a0\u00bbrow-header-collezione-prodotti\u00a0\u00bb css=\u00a0\u00bb.vc_custom_1632992696886{background-image: url(http:\/\/relaxsrl.com\/wp-content\/uploads\/2021\/09\/collezione-kubik.jpg?id=2714) !important;}\u00a0\u00bb][vc_column width=\u00a0\u00bb1\/2&Prime; el_class=\u00a0\u00bbcol-sx-header-collezione-prodotti\u00a0\u00bb][vc_column_text el_class=\u00a0\u00bbheader-collezione-prodotti-txt\u00a0\u00bb]<\/p>\n<h1>Kubik, la cabine de douche minimale<\/h1>\n<p>Cabine de douche au design essentiel. Elle se caract\u00e9rise par la puret\u00e9 esth\u00e9tique de la porte pivotante, qui peut s\u2019ouvrir vers l\u2019int\u00e9rieur et l\u2019ext\u00e9rieur, en r\u00e9duisant ainsi l\u2019encombrement. L\u2019ouverture pivotante de la porte (avec point de rotation \u00e0 18 cm du mur) permet l\u2019utilisation compl\u00e8te du mur adjacent \u00e0 la porte.[\/vc_column_text][\/vc_column][vc_column width=\u00a0\u00bb1\/2&Prime; el_class=\u00a0\u00bbcol-dx-header-collezione-prodotti\u00a0\u00bb][vc_single_image image=\u00a0\u00bb31546&Prime; img_size=\u00a0\u00bbfull\u00a0\u00bb alignment=\u00a0\u00bbcenter\u00a0\u00bb el_class=\u00a0\u00bbrow-header-prodotto-img\u00a0\u00bb][\/vc_column][\/vc_row][vc_row el_class=\u00a0\u00bbrow-path\u00a0\u00bb][vc_column][vc_column_text][\/vc_column_text][\/vc_column][\/vc_row][vc_row][vc_column]<div class=\"woocommerce columns-4 \"><ul class=\"products columns-4\">\n<li class=\"product type-product post-13905 status-publish first instock product_cat-angolare-en product_cat-angolare-de-2 product_cat-angolare-de product_cat-angulaire product_cat-guide-de-selection-angulaire product_cat-selection-guide-angular product_cat-box-doccia-de product_cat-box-doccia-en product_cat-box-doccia-lineare product_cat-cabine-de-douche product_cat-guide-de-selection-cabine-de-douche-lineaire product_cat-collections-en product_cat-collections product_cat-guida-alla-scelta-de product_cat-selection-guide-en product_cat-guide-de-selection product_cat-kubik-de product_cat-kubik-ru product_cat-kubik-en product_cat-kubik-fr product_cat-selection-guide-linear-shower-enclosures product_cat-selection-guide-pivot product_cat-angular-pivot product_cat-pivot-de product_cat-angulaire-pivot product_cat-guide-de-selection-pivot product_cat-pivot-de-4 product_cat-collezioni-de product_cat-tipologia-prodotto-de product_cat-tipologia-prodotto-en product_cat-type-de-produit product_cat-1618 product_cat-1568 product_cat-1601 product_cat-1628 product_cat-1609 product_cat-1594 product_cat-1617 product_cat-1596 product_cat-1626 has-post-thumbnail shipping-taxable product-type-simple\">\n\t<div class=\"woocommerce-loop-product__short_description\" itemprop=\"description\"><a href=\"https:\/\/relaxsrl.com\/fr\/produit\/kubik-ab-kubik-f\/\" class=\"woocommerce-LoopProduct-link woocommerce-loop-product__link\"><p>Cabine de douche avec porte battante caract\u00e9ris\u00e9e par une ouverture interne et externe et une ouverture pivotante.<\/p>\n<\/a><\/div><\/li>\n<li class=\"product type-product post-13906 status-publish instock product_cat-angolare-de product_cat-angolare-en product_cat-angulaire product_cat-box-doccia-de product_cat-box-doccia-en product_cat-cabine-de-douche product_cat-collections-en product_cat-collections product_cat-selection-guide-en product_cat-guida-alla-scelta-de product_cat-guide-de-selection product_cat-kubik-de product_cat-kubik-ru product_cat-kubik-en product_cat-kubik-fr product_cat-angular-pivot product_cat-pivot-de product_cat-angulaire-pivot product_cat-guide-de-selection-pivot product_cat-pivot-de-4 product_cat-selection-guide-pivot product_cat-collezioni-de product_cat-tipologia-prodotto-en product_cat-tipologia-prodotto-de product_cat-type-de-produit product_cat-1618 product_cat-1568 product_cat-1628 product_cat-1609 product_cat-1594 product_cat-1617 product_cat-1626 has-post-thumbnail shipping-taxable product-type-simple\">\n\t<div class=\"woocommerce-loop-product__short_description\" itemprop=\"description\"><a href=\"https:\/\/relaxsrl.com\/fr\/produit\/kubik-pa-kubik-f\/\" class=\"woocommerce-LoopProduct-link woocommerce-loop-product__link\"><p>Cabine de douche avec porte fixe et battante avec ouverture int\u00e9rieure et ext\u00e9rieure et ouverture pivotante.<\/p>\n<\/a><\/div><\/li>\n<li class=\"product type-product post-13901 status-publish instock product_cat-box-doccia-en product_cat-box-doccia-de product_cat-cabine-de-douche product_cat-collections product_cat-collections-en product_cat-guida-alla-scelta-de product_cat-selection-guide-en product_cat-guide-de-selection product_cat-kubik-ru product_cat-kubik-fr product_cat-kubik-en product_cat-kubik-de product_cat-nicchia-de product_cat-nicchia-de-2 product_cat-guide-de-selection-niche product_cat-selection-guide-niche product_cat-niche product_cat-niche-fr product_cat-niche-pivot product_cat-pivot-de-3 product_cat-niche-pivot-fr product_cat-collezioni-de product_cat-tipologia-prodotto-de product_cat-tipologia-prodotto-en product_cat-type-de-produit product_cat-1618 product_cat-1568 product_cat-1637 product_cat-1607 product_cat-1631 product_cat-1594 product_cat-1617 has-post-thumbnail shipping-taxable product-type-simple\">\n\t<div class=\"woocommerce-loop-product__short_description\" itemprop=\"description\"><a href=\"https:\/\/relaxsrl.com\/fr\/produit\/kubik-b1\/\" class=\"woocommerce-LoopProduct-link woocommerce-loop-product__link\"><p>Cabine de douche en niche avec porte pivotante caract\u00e9ris\u00e9e par une ouverture interne et externe.<\/p>\n<\/a><\/div><\/li>\n<li class=\"product type-product post-13902 status-publish last instock product_cat-box-doccia-en product_cat-box-doccia-de product_cat-cabine-de-douche product_cat-collections-en product_cat-collections product_cat-kubik-fr product_cat-kubik-en product_cat-kubik-de product_cat-kubik-ru product_cat-nicchia-de product_cat-niche product_cat-niche-fr product_cat-pivot-de-3 product_cat-niche-pivot-fr product_cat-niche-pivot product_cat-collezioni-de product_cat-tipologia-prodotto-de product_cat-tipologia-prodotto-en product_cat-type-de-produit product_cat-1618 product_cat-1568 product_cat-1637 product_cat-1631 product_cat-1617 has-post-thumbnail shipping-taxable product-type-simple\">\n\t<div class=\"woocommerce-loop-product__short_description\" itemprop=\"description\"><a href=\"https:\/\/relaxsrl.com\/fr\/produit\/kubik-pb\/\" class=\"woocommerce-LoopProduct-link woocommerce-loop-product__link\"><p>Cabine de douche en niche avec porte pivotante s&rsquo;ouvrant vers l&rsquo;int\u00e9rieur et vers l&rsquo;ext\u00e9rieur vers le c\u00f4t\u00e9 fixe.<\/p>\n<\/a><\/div><\/li>\n<\/ul>\n<\/div>[\/vc_column][\/vc_row]<\/p>\n","protected":false},"excerpt":{"rendered":"<p>[vc_row full_width=\u00a0\u00bbstretch_row\u00a0\u00bb equal_height=\u00a0\u00bbyes\u00a0\u00bb el_class=\u00a0\u00bbrow-header-collezione-prodotti\u00a0\u00bb css=\u00a0\u00bb.vc_custom_1632992696886{background-image: url(http:\/\/relaxsrl.com\/wp-content\/uploads\/2021\/09\/collezione-kubik.jpg?id=2714) !important;}\u00a0\u00bb][vc_column width=\u00a0\u00bb1\/2&Prime; el_class=\u00a0\u00bbcol-sx-header-collezione-prodotti\u00a0\u00bb][vc_column_text el_class=\u00a0\u00bbheader-collezione-prodotti-txt\u00a0\u00bb] Kubik, la cabine de douche minimale Cabine de douche au design essentiel. Elle se caract\u00e9rise par la puret\u00e9 esth\u00e9tique de la porte pivotante, qui peut s\u2019ouvrir vers l\u2019int\u00e9rieur et l\u2019ext\u00e9rieur, en r\u00e9duisant ainsi l\u2019encombrement. L\u2019ouverture pivotante de la porte (avec point de rotation \u00e0 18 [&hellip;]<\/p>\n","protected":false},"author":3,"featured_media":2130,"parent":32054,"menu_order":0,"comment_status":"closed","ping_status":"closed","template":"","meta":[],"acf":[],"yoast_head":"<!-- This site is optimized with the Yoast SEO Premium plugin v18.4 (Yoast SEO v18.8) - https:\/\/yoast.com\/wordpress\/plugins\/seo\/ -->\n<title>Kubik - Relax srl<\/title>\n<meta name=\"description\" content=\"Cabines de douche au design essentiel. Se distinguent par la puret\u00e9 esth\u00e9tique de la porte, avec ouverture int\u00e9rieure et ext\u00e9rieure.\" \/>\n<meta name=\"robots\" content=\"index, follow, max-snippet:-1, max-image-preview:large, max-video-preview:-1\" \/>\n<link rel=\"canonical\" href=\"https:\/\/relaxsrl.com\/fr\/produits\/collections\/kubik\/\" \/>\n<meta property=\"og:locale\" content=\"fr_FR\" \/>\n<meta property=\"og:type\" content=\"article\" \/>\n<meta property=\"og:title\" content=\"Kubik - Relax srl\" \/>\n<meta property=\"og:description\" content=\"Cabines de douche au design essentiel. Se distinguent par la puret\u00e9 esth\u00e9tique de la porte, avec ouverture int\u00e9rieure et ext\u00e9rieure.\" \/>\n<meta property=\"og:url\" content=\"https:\/\/relaxsrl.com\/fr\/produits\/collections\/kubik\/\" \/>\n<meta property=\"og:site_name\" content=\"Relax srl\" \/>\n<meta property=\"article:modified_time\" content=\"2024-12-19T09:28:27+00:00\" \/>\n<meta property=\"og:image\" content=\"https:\/\/relaxsrl.com\/website\/wp-content\/uploads\/2021\/09\/KUBIK_ABF_1.jpg\" \/>\n\t<meta property=\"og:image:width\" content=\"800\" \/>\n\t<meta property=\"og:image:height\" content=\"1110\" \/>\n\t<meta property=\"og:image:type\" content=\"image\/jpeg\" \/>\n<meta name=\"twitter:card\" content=\"summary_large_image\" \/>\n<meta name=\"twitter:label1\" content=\"Dur\u00e9e de lecture estim\u00e9e\" \/>\n\t<meta name=\"twitter:data1\" content=\"1 minute\" \/>\n<script type=\"application\/ld+json\" class=\"yoast-schema-graph\">{\"@context\":\"https:\/\/schema.org\",\"@graph\":[{\"@type\":\"WebSite\",\"@id\":\"https:\/\/relaxsrl.com\/#website\",\"url\":\"https:\/\/relaxsrl.com\/\",\"name\":\"Relax srl\",\"description\":\"\",\"potentialAction\":[{\"@type\":\"SearchAction\",\"target\":{\"@type\":\"EntryPoint\",\"urlTemplate\":\"https:\/\/relaxsrl.com\/?s={search_term_string}\"},\"query-input\":\"required name=search_term_string\"}],\"inLanguage\":\"fr-FR\"},{\"@type\":\"ImageObject\",\"inLanguage\":\"fr-FR\",\"@id\":\"https:\/\/relaxsrl.com\/fr\/produits\/collections\/kubik\/#primaryimage\",\"url\":\"https:\/\/relaxsrl.com\/website\/wp-content\/uploads\/2021\/09\/KUBIK_ABF_1.jpg\",\"contentUrl\":\"https:\/\/relaxsrl.com\/website\/wp-content\/uploads\/2021\/09\/KUBIK_ABF_1.jpg\",\"width\":800,\"height\":1110,\"caption\":\"Box doccia ad angolo con profili neri e porta pivotante. Collezione Kubik\"},{\"@type\":\"WebPage\",\"@id\":\"https:\/\/relaxsrl.com\/fr\/produits\/collections\/kubik\/#webpage\",\"url\":\"https:\/\/relaxsrl.com\/fr\/produits\/collections\/kubik\/\",\"name\":\"Kubik - Relax srl\",\"isPartOf\":{\"@id\":\"https:\/\/relaxsrl.com\/#website\"},\"primaryImageOfPage\":{\"@id\":\"https:\/\/relaxsrl.com\/fr\/produits\/collections\/kubik\/#primaryimage\"},\"datePublished\":\"2021-11-26T16:20:47+00:00\",\"dateModified\":\"2024-12-19T09:28:27+00:00\",\"description\":\"Cabines de douche au design essentiel. Se distinguent par la puret\u00e9 esth\u00e9tique de la porte, avec ouverture int\u00e9rieure et ext\u00e9rieure.\",\"breadcrumb\":{\"@id\":\"https:\/\/relaxsrl.com\/fr\/produits\/collections\/kubik\/#breadcrumb\"},\"inLanguage\":\"fr-FR\",\"potentialAction\":[{\"@type\":\"ReadAction\",\"target\":[\"https:\/\/relaxsrl.com\/fr\/produits\/collections\/kubik\/\"]}]},{\"@type\":\"BreadcrumbList\",\"@id\":\"https:\/\/relaxsrl.com\/fr\/produits\/collections\/kubik\/#breadcrumb\",\"itemListElement\":[{\"@type\":\"ListItem\",\"position\":1,\"name\":\"Produits\",\"item\":\"https:\/\/relaxsrl.com\/fr\/produits\/\"},{\"@type\":\"ListItem\",\"position\":2,\"name\":\"Collections\",\"item\":\"https:\/\/relaxsrl.com\/fr\/produits\/collections-old-non-usare\/\"},{\"@type\":\"ListItem\",\"position\":3,\"name\":\"Kubik\"}]}]}<\/script>\n<!-- \/ Yoast SEO Premium plugin. -->","yoast_head_json":{"title":"Kubik - Relax srl","description":"Cabines de douche au design essentiel. Se distinguent par la puret\u00e9 esth\u00e9tique de la porte, avec ouverture int\u00e9rieure et ext\u00e9rieure.","robots":{"index":"index","follow":"follow","max-snippet":"max-snippet:-1","max-image-preview":"max-image-preview:large","max-video-preview":"max-video-preview:-1"},"canonical":"https:\/\/relaxsrl.com\/fr\/produits\/collections\/kubik\/","og_locale":"fr_FR","og_type":"article","og_title":"Kubik - Relax srl","og_description":"Cabines de douche au design essentiel. Se distinguent par la puret\u00e9 esth\u00e9tique de la porte, avec ouverture int\u00e9rieure et ext\u00e9rieure.","og_url":"https:\/\/relaxsrl.com\/fr\/produits\/collections\/kubik\/","og_site_name":"Relax srl","article_modified_time":"2024-12-19T09:28:27+00:00","og_image":[{"width":800,"height":1110,"url":"https:\/\/relaxsrl.com\/website\/wp-content\/uploads\/2021\/09\/KUBIK_ABF_1.jpg","type":"image\/jpeg"}],"twitter_card":"summary_large_image","twitter_misc":{"Dur\u00e9e de lecture estim\u00e9e":"1 minute"},"schema":{"@context":"https:\/\/schema.org","@graph":[{"@type":"WebSite","@id":"https:\/\/relaxsrl.com\/#website","url":"https:\/\/relaxsrl.com\/","name":"Relax srl","description":"","potentialAction":[{"@type":"SearchAction","target":{"@type":"EntryPoint","urlTemplate":"https:\/\/relaxsrl.com\/?s={search_term_string}"},"query-input":"required name=search_term_string"}],"inLanguage":"fr-FR"},{"@type":"ImageObject","inLanguage":"fr-FR","@id":"https:\/\/relaxsrl.com\/fr\/produits\/collections\/kubik\/#primaryimage","url":"https:\/\/relaxsrl.com\/website\/wp-content\/uploads\/2021\/09\/KUBIK_ABF_1.jpg","contentUrl":"https:\/\/relaxsrl.com\/website\/wp-content\/uploads\/2021\/09\/KUBIK_ABF_1.jpg","width":800,"height":1110,"caption":"Box doccia ad angolo con profili neri e porta pivotante. Collezione Kubik"},{"@type":"WebPage","@id":"https:\/\/relaxsrl.com\/fr\/produits\/collections\/kubik\/#webpage","url":"https:\/\/relaxsrl.com\/fr\/produits\/collections\/kubik\/","name":"Kubik - Relax srl","isPartOf":{"@id":"https:\/\/relaxsrl.com\/#website"},"primaryImageOfPage":{"@id":"https:\/\/relaxsrl.com\/fr\/produits\/collections\/kubik\/#primaryimage"},"datePublished":"2021-11-26T16:20:47+00:00","dateModified":"2024-12-19T09:28:27+00:00","description":"Cabines de douche au design essentiel. Se distinguent par la puret\u00e9 esth\u00e9tique de la porte, avec ouverture int\u00e9rieure et ext\u00e9rieure.","breadcrumb":{"@id":"https:\/\/relaxsrl.com\/fr\/produits\/collections\/kubik\/#breadcrumb"},"inLanguage":"fr-FR","potentialAction":[{"@type":"ReadAction","target":["https:\/\/relaxsrl.com\/fr\/produits\/collections\/kubik\/"]}]},{"@type":"BreadcrumbList","@id":"https:\/\/relaxsrl.com\/fr\/produits\/collections\/kubik\/#breadcrumb","itemListElement":[{"@type":"ListItem","position":1,"name":"Produits","item":"https:\/\/relaxsrl.com\/fr\/produits\/"},{"@type":"ListItem","position":2,"name":"Collections","item":"https:\/\/relaxsrl.com\/fr\/produits\/collections-old-non-usare\/"},{"@type":"ListItem","position":3,"name":"Kubik"}]}]}},"_links":{"self":[{"href":"https:\/\/relaxsrl.com\/fr\/wp-json\/wp\/v2\/pages\/13015"}],"collection":[{"href":"https:\/\/relaxsrl.com\/fr\/wp-json\/wp\/v2\/pages"}],"about":[{"href":"https:\/\/relaxsrl.com\/fr\/wp-json\/wp\/v2\/types\/page"}],"author":[{"embeddable":true,"href":"https:\/\/relaxsrl.com\/fr\/wp-json\/wp\/v2\/users\/3"}],"replies":[{"embeddable":true,"href":"https:\/\/relaxsrl.com\/fr\/wp-json\/wp\/v2\/comments?post=13015"}],"version-history":[{"count":5,"href":"https:\/\/relaxsrl.com\/fr\/wp-json\/wp\/v2\/pages\/13015\/revisions"}],"predecessor-version":[{"id":31554,"href":"https:\/\/relaxsrl.com\/fr\/wp-json\/wp\/v2\/pages\/13015\/revisions\/31554"}],"up":[{"embeddable":true,"href":"https:\/\/relaxsrl.com\/fr\/wp-json\/wp\/v2\/pages\/32054"}],"wp:featuredmedia":[{"embeddable":true,"href":"https:\/\/relaxsrl.com\/fr\/wp-json\/wp\/v2\/media\/2130"}],"wp:attachment":[{"href":"https:\/\/relaxsrl.com\/fr\/wp-json\/wp\/v2\/media?parent=13015"}],"curies":[{"name":"wp","href":"https:\/\/api.w.org\/{rel}","templated":true}]}}