{"id":12979,"date":"2021-11-26T16:52:25","date_gmt":"2021-11-26T15:52:25","guid":{"rendered":"http:\/\/relaxsrl.com\/produits\/collections\/bobox\/"},"modified":"2023-09-20T16:29:31","modified_gmt":"2023-09-20T14:29:31","slug":"bobox","status":"publish","type":"page","link":"https:\/\/relaxsrl.com\/fr\/produits\/collections\/bobox\/","title":{"rendered":"Bobox"},"content":{"rendered":"<p>[vc_row full_width=\u00a0\u00bbstretch_row\u00a0\u00bb equal_height=\u00a0\u00bbyes\u00a0\u00bb el_class=\u00a0\u00bbrow-header-collezione-prodotti\u00a0\u00bb css=\u00a0\u00bb.vc_custom_1632992553721{background-image: url(http:\/\/relaxsrl.com\/wp-content\/uploads\/2021\/09\/collezione-bobox.jpg?id=2698) !important;}\u00a0\u00bb][vc_column width=\u00a0\u00bb1\/2&Prime; el_class=\u00a0\u00bbcol-sx-header-collezione-prodotti\u00a0\u00bb offset=\u00a0\u00bbvc_hidden-xs\u00a0\u00bb][vc_column_text el_class=\u00a0\u00bbheader-collezione-prodotti-txt\u00a0\u00bb]<\/p>\n<h1>La cabine de douche de design<\/h1>\n<p>Paroi fixe caract\u00e9ris\u00e9e par le verre courb\u00e9 avec coins arrondis. La courbure vers l\u2019int\u00e9rieur accro\u00eet le confinement de l\u2019eau en faisant le produit unique. La cabine de douche est modulaire puisqu\u2019elle peut \u00eatre compl\u00e9t\u00e9e par la porte (encore plus tard) et le toit.[\/vc_column_text][vc_empty_space height=\u00a0\u00bb20px\u00a0\u00bb][vc_single_image image=\u00a0\u00bb11124&Prime; el_class=\u00a0\u00bbheader-collezione-prodotti-txt\u00a0\u00bb][vc_column_text el_class=\u00a0\u00bbheader-collezione-prodotti-txt header-collezione-prodotti-txt-designer\u00a0\u00bb]Designer: G.Diana[\/vc_column_text][\/vc_column][vc_column width=\u00a0\u00bb1\/2&Prime; el_class=\u00a0\u00bbcol-dx-header-collezione-prodotti\u00a0\u00bb][vc_single_image image=\u00a0\u00bb2114&Prime; img_size=\u00a0\u00bbfull\u00a0\u00bb alignment=\u00a0\u00bbcenter\u00a0\u00bb el_class=\u00a0\u00bbrow-header-prodotto-img\u00a0\u00bb][\/vc_column][\/vc_row][vc_row el_class=\u00a0\u00bbrow-path\u00a0\u00bb][vc_column][vc_column_text][\/vc_column_text][\/vc_column][\/vc_row][vc_row][vc_column]<div class=\"woocommerce columns-4 \"><ul class=\"products columns-4\">\n<li class=\"product type-product post-13750 status-publish first instock product_cat-3-lati-de product_cat-3-lati-en product_cat-3-lati-fr product_cat-3- product_cat-bobox-de product_cat-bobox-en product_cat-bobox-ru product_cat-bobox-fr product_cat-box-doccia-de product_cat-box-doccia-en product_cat-cabine-de-douche product_cat-collections-en product_cat-collections product_cat-nicchia-de product_cat-niche-fr product_cat-niche product_cat-collezioni-de product_cat-tipologia-prodotto-en product_cat-tipologia-prodotto-de product_cat-type-de-produit product_cat-3-lati-walk-in-fr product_cat-walk-in-de-4 product_cat-walk-in-en-5 product_cat-walk-in-en-4 product_cat-walk-in-fr product_cat-walk-in-en product_cat-walk-in-de product_cat-walk-in-de-3 product_cat-niche-walk-in product_cat-1618 product_cat-1568 product_cat-1637 product_cat-3---- product_cat-1640 product_cat-1649 product_cat-1617 has-post-thumbnail shipping-taxable product-type-simple\">\n\t<div class=\"woocommerce-loop-product__short_description\" itemprop=\"description\"><a href=\"https:\/\/relaxsrl.com\/fr\/produit\/bobox-a-in-nicchia\/\" class=\"woocommerce-LoopProduct-link woocommerce-loop-product__link\"><p>Cabine de douche \u00e0 l&rsquo;italienne caract\u00e9ris\u00e9e par le verre arrondi.<\/p>\n<\/a><\/div><\/li>\n<li class=\"product type-product post-5657 status-publish instock product_cat-3-lati-fr product_cat-3-lati-de product_cat-3-lati-en product_cat-3- product_cat-angolare-de product_cat-angolare-en product_cat-angulaire product_cat-bobox-en product_cat-bobox-fr product_cat-bobox-ru product_cat-bobox-de product_cat-box-doccia-en product_cat-box-doccia-de product_cat-cabine-de-douche product_cat-collections product_cat-collections-en product_cat-guida-alla-scelta-de product_cat-selection-guide-en product_cat-guide-de-selection product_cat-collezioni-de product_cat-tipologia-prodotto-de product_cat-tipologia-prodotto-en product_cat-type-de-produit product_cat-3-lati-walk-in-fr product_cat-walk-in-de-4 product_cat-walk-in-en-5 product_cat-walk-in-fr product_cat-walk-in-de product_cat-guide-de-selection-walk-in product_cat-walk-in-en product_cat-walk-in-de-5 product_cat-walk-in-en-3 product_cat-walk-in-en-2 product_cat-walk-in-de-7 product_cat-angulaire-walk-in product_cat-1618 product_cat-1568 product_cat-1636 product_cat-1649 product_cat-3---- product_cat-1615 product_cat-1594 product_cat-1617 product_cat-1626 has-post-thumbnail shipping-taxable product-type-simple\">\n\t<div class=\"woocommerce-loop-product__short_description\" itemprop=\"description\"><a href=\"https:\/\/relaxsrl.com\/fr\/produit\/bobox-a\/\" class=\"woocommerce-LoopProduct-link woocommerce-loop-product__link\"><p>Cabine de douche \u00e0 l&rsquo;italienne caract\u00e9ris\u00e9e par le verre arrondi.<\/p>\n<\/a><\/div><\/li>\n<li class=\"product type-product post-5685 status-publish instock product_cat-3-lati-de product_cat-3-lati-en product_cat-3-lati-fr product_cat-3- product_cat-angolare-de product_cat-angolare-en product_cat-angulaire product_cat-angulaire-battante product_cat-battente-fr product_cat-battente-de-2 product_cat-battente-de-3 product_cat-battente product_cat-bobox-en product_cat-bobox-de product_cat-bobox-ru product_cat-bobox-fr product_cat-box-doccia-en product_cat-box-doccia-de product_cat-cabine-de-douche product_cat-collections-en product_cat-collections product_cat-hinged product_cat-collezioni-de product_cat-tipologia-prodotto-en product_cat-tipologia-prodotto-de product_cat-type-de-produit product_cat-1618 product_cat-1568 product_cat-3-- product_cat-1627 product_cat-1617 product_cat-1626 has-post-thumbnail shipping-taxable product-type-simple\">\n\t<div class=\"woocommerce-loop-product__short_description\" itemprop=\"description\"><a href=\"https:\/\/relaxsrl.com\/fr\/produit\/bobox-a-bobox-ab\/\" class=\"woocommerce-LoopProduct-link woocommerce-loop-product__link\"><p>Cabine de douche avec porte battante aux coins arrondis.<\/p>\n<\/a><\/div><\/li>\n<li class=\"product type-product post-5694 status-publish last instock product_cat-bobox-en product_cat-bobox-fr product_cat-bobox-ru product_cat-bobox-de product_cat-box-doccia-de product_cat-box-doccia-en product_cat-box-doccia-di-design product_cat-cabine-de-douche product_cat-guide-de-selection-cabine-de-douche-design product_cat-collections product_cat-collections-en product_cat-selection-guide-design-shower-enclosures product_cat-guida-alla-scelta-de product_cat-selection-guide-en product_cat-guide-de-selection product_cat-nicchia-de product_cat-niche-fr product_cat-niche product_cat-collezioni-de product_cat-tipologia-prodotto-en product_cat-tipologia-prodotto-de product_cat-type-de-produit product_cat-walk-in-en-4 product_cat-walk-in-en product_cat-walk-in-de product_cat-niche-walk-in product_cat-walk-in-de-3 product_cat-walk-in-fr product_cat-1600 product_cat-1618 product_cat-1568 product_cat-1637 product_cat-1640 product_cat-1649 product_cat-1594 product_cat-1617 has-post-thumbnail shipping-taxable product-type-simple\">\n\t<div class=\"woocommerce-loop-product__short_description\" itemprop=\"description\"><a href=\"https:\/\/relaxsrl.com\/fr\/produit\/bobox-c\/\" class=\"woocommerce-LoopProduct-link woocommerce-loop-product__link\"><p>Cabine de douche \u00e0 l&rsquo;italienne caract\u00e9ris\u00e9e par un double rayon du verre.<\/p>\n<\/a><\/div><\/li>\n<\/ul>\n<\/div>[\/vc_column][\/vc_row]<\/p>\n","protected":false},"excerpt":{"rendered":"<p>[vc_row full_width=\u00a0\u00bbstretch_row\u00a0\u00bb equal_height=\u00a0\u00bbyes\u00a0\u00bb el_class=\u00a0\u00bbrow-header-collezione-prodotti\u00a0\u00bb css=\u00a0\u00bb.vc_custom_1632992553721{background-image: url(http:\/\/relaxsrl.com\/wp-content\/uploads\/2021\/09\/collezione-bobox.jpg?id=2698) !important;}\u00a0\u00bb][vc_column width=\u00a0\u00bb1\/2&Prime; el_class=\u00a0\u00bbcol-sx-header-collezione-prodotti\u00a0\u00bb offset=\u00a0\u00bbvc_hidden-xs\u00a0\u00bb][vc_column_text el_class=\u00a0\u00bbheader-collezione-prodotti-txt\u00a0\u00bb] La cabine de douche de design Paroi fixe caract\u00e9ris\u00e9e par le verre courb\u00e9 avec coins arrondis. La courbure vers l\u2019int\u00e9rieur accro\u00eet le confinement de l\u2019eau en faisant le produit unique. La cabine de douche est modulaire puisqu\u2019elle peut \u00eatre compl\u00e9t\u00e9e par la porte (encore [&hellip;]<\/p>\n","protected":false},"author":3,"featured_media":2114,"parent":32054,"menu_order":0,"comment_status":"closed","ping_status":"closed","template":"","meta":[],"acf":[],"yoast_head":"<!-- This site is optimized with the Yoast SEO Premium plugin v18.4 (Yoast SEO v18.8) - https:\/\/yoast.com\/wordpress\/plugins\/seo\/ -->\n<title>Bobox - Relax srl<\/title>\n<meta name=\"description\" content=\"Bobox est la cabine de douche aux bords arrondis et qui, gr\u00e2ce \u00e0 son design, contient \u00e9galement de l&#039;eau. Trouve-le.\" \/>\n<meta name=\"robots\" content=\"index, follow, max-snippet:-1, max-image-preview:large, max-video-preview:-1\" \/>\n<link rel=\"canonical\" href=\"https:\/\/relaxsrl.com\/fr\/produits\/collections\/bobox\/\" \/>\n<meta property=\"og:locale\" content=\"fr_FR\" \/>\n<meta property=\"og:type\" content=\"article\" \/>\n<meta property=\"og:title\" content=\"Bobox - Relax srl\" \/>\n<meta property=\"og:description\" content=\"Bobox est la cabine de douche aux bords arrondis et qui, gr\u00e2ce \u00e0 son design, contient \u00e9galement de l&#039;eau. Trouve-le.\" \/>\n<meta property=\"og:url\" content=\"https:\/\/relaxsrl.com\/fr\/produits\/collections\/bobox\/\" \/>\n<meta property=\"og:site_name\" content=\"Relax srl\" \/>\n<meta property=\"article:modified_time\" content=\"2023-09-20T14:29:31+00:00\" \/>\n<meta property=\"og:image\" content=\"https:\/\/relaxsrl.com\/website\/wp-content\/uploads\/2021\/09\/BOBOX_AAB_3-1.jpg\" \/>\n\t<meta property=\"og:image:width\" content=\"800\" \/>\n\t<meta property=\"og:image:height\" content=\"1110\" \/>\n\t<meta property=\"og:image:type\" content=\"image\/jpeg\" \/>\n<meta name=\"twitter:card\" content=\"summary_large_image\" \/>\n<meta name=\"twitter:label1\" content=\"Dur\u00e9e de lecture estim\u00e9e\" \/>\n\t<meta name=\"twitter:data1\" content=\"1 minute\" \/>\n<script type=\"application\/ld+json\" class=\"yoast-schema-graph\">{\"@context\":\"https:\/\/schema.org\",\"@graph\":[{\"@type\":\"WebSite\",\"@id\":\"https:\/\/relaxsrl.com\/#website\",\"url\":\"https:\/\/relaxsrl.com\/\",\"name\":\"Relax srl\",\"description\":\"\",\"potentialAction\":[{\"@type\":\"SearchAction\",\"target\":{\"@type\":\"EntryPoint\",\"urlTemplate\":\"https:\/\/relaxsrl.com\/?s={search_term_string}\"},\"query-input\":\"required name=search_term_string\"}],\"inLanguage\":\"fr-FR\"},{\"@type\":\"ImageObject\",\"inLanguage\":\"fr-FR\",\"@id\":\"https:\/\/relaxsrl.com\/fr\/produits\/collections\/bobox\/#primaryimage\",\"url\":\"https:\/\/relaxsrl.com\/website\/wp-content\/uploads\/2021\/09\/BOBOX_AAB_3-1.jpg\",\"contentUrl\":\"https:\/\/relaxsrl.com\/website\/wp-content\/uploads\/2021\/09\/BOBOX_AAB_3-1.jpg\",\"width\":800,\"height\":1110,\"caption\":\"Box doccia ad angolo con vetri grigio europa, collezione Bobox\"},{\"@type\":\"WebPage\",\"@id\":\"https:\/\/relaxsrl.com\/fr\/produits\/collections\/bobox\/#webpage\",\"url\":\"https:\/\/relaxsrl.com\/fr\/produits\/collections\/bobox\/\",\"name\":\"Bobox - Relax srl\",\"isPartOf\":{\"@id\":\"https:\/\/relaxsrl.com\/#website\"},\"primaryImageOfPage\":{\"@id\":\"https:\/\/relaxsrl.com\/fr\/produits\/collections\/bobox\/#primaryimage\"},\"datePublished\":\"2021-11-26T15:52:25+00:00\",\"dateModified\":\"2023-09-20T14:29:31+00:00\",\"description\":\"Bobox est la cabine de douche aux bords arrondis et qui, gr\u00e2ce \u00e0 son design, contient \u00e9galement de l'eau. Trouve-le.\",\"breadcrumb\":{\"@id\":\"https:\/\/relaxsrl.com\/fr\/produits\/collections\/bobox\/#breadcrumb\"},\"inLanguage\":\"fr-FR\",\"potentialAction\":[{\"@type\":\"ReadAction\",\"target\":[\"https:\/\/relaxsrl.com\/fr\/produits\/collections\/bobox\/\"]}]},{\"@type\":\"BreadcrumbList\",\"@id\":\"https:\/\/relaxsrl.com\/fr\/produits\/collections\/bobox\/#breadcrumb\",\"itemListElement\":[{\"@type\":\"ListItem\",\"position\":1,\"name\":\"Produits\",\"item\":\"https:\/\/relaxsrl.com\/fr\/produits\/\"},{\"@type\":\"ListItem\",\"position\":2,\"name\":\"Collections\",\"item\":\"https:\/\/relaxsrl.com\/fr\/produits\/collections-old-non-usare\/\"},{\"@type\":\"ListItem\",\"position\":3,\"name\":\"Bobox\"}]}]}<\/script>\n<!-- \/ Yoast SEO Premium plugin. -->","yoast_head_json":{"title":"Bobox - Relax srl","description":"Bobox est la cabine de douche aux bords arrondis et qui, gr\u00e2ce \u00e0 son design, contient \u00e9galement de l'eau. Trouve-le.","robots":{"index":"index","follow":"follow","max-snippet":"max-snippet:-1","max-image-preview":"max-image-preview:large","max-video-preview":"max-video-preview:-1"},"canonical":"https:\/\/relaxsrl.com\/fr\/produits\/collections\/bobox\/","og_locale":"fr_FR","og_type":"article","og_title":"Bobox - Relax srl","og_description":"Bobox est la cabine de douche aux bords arrondis et qui, gr\u00e2ce \u00e0 son design, contient \u00e9galement de l'eau. Trouve-le.","og_url":"https:\/\/relaxsrl.com\/fr\/produits\/collections\/bobox\/","og_site_name":"Relax srl","article_modified_time":"2023-09-20T14:29:31+00:00","og_image":[{"width":800,"height":1110,"url":"https:\/\/relaxsrl.com\/website\/wp-content\/uploads\/2021\/09\/BOBOX_AAB_3-1.jpg","type":"image\/jpeg"}],"twitter_card":"summary_large_image","twitter_misc":{"Dur\u00e9e de lecture estim\u00e9e":"1 minute"},"schema":{"@context":"https:\/\/schema.org","@graph":[{"@type":"WebSite","@id":"https:\/\/relaxsrl.com\/#website","url":"https:\/\/relaxsrl.com\/","name":"Relax srl","description":"","potentialAction":[{"@type":"SearchAction","target":{"@type":"EntryPoint","urlTemplate":"https:\/\/relaxsrl.com\/?s={search_term_string}"},"query-input":"required name=search_term_string"}],"inLanguage":"fr-FR"},{"@type":"ImageObject","inLanguage":"fr-FR","@id":"https:\/\/relaxsrl.com\/fr\/produits\/collections\/bobox\/#primaryimage","url":"https:\/\/relaxsrl.com\/website\/wp-content\/uploads\/2021\/09\/BOBOX_AAB_3-1.jpg","contentUrl":"https:\/\/relaxsrl.com\/website\/wp-content\/uploads\/2021\/09\/BOBOX_AAB_3-1.jpg","width":800,"height":1110,"caption":"Box doccia ad angolo con vetri grigio europa, collezione Bobox"},{"@type":"WebPage","@id":"https:\/\/relaxsrl.com\/fr\/produits\/collections\/bobox\/#webpage","url":"https:\/\/relaxsrl.com\/fr\/produits\/collections\/bobox\/","name":"Bobox - Relax srl","isPartOf":{"@id":"https:\/\/relaxsrl.com\/#website"},"primaryImageOfPage":{"@id":"https:\/\/relaxsrl.com\/fr\/produits\/collections\/bobox\/#primaryimage"},"datePublished":"2021-11-26T15:52:25+00:00","dateModified":"2023-09-20T14:29:31+00:00","description":"Bobox est la cabine de douche aux bords arrondis et qui, gr\u00e2ce \u00e0 son design, contient \u00e9galement de l'eau. Trouve-le.","breadcrumb":{"@id":"https:\/\/relaxsrl.com\/fr\/produits\/collections\/bobox\/#breadcrumb"},"inLanguage":"fr-FR","potentialAction":[{"@type":"ReadAction","target":["https:\/\/relaxsrl.com\/fr\/produits\/collections\/bobox\/"]}]},{"@type":"BreadcrumbList","@id":"https:\/\/relaxsrl.com\/fr\/produits\/collections\/bobox\/#breadcrumb","itemListElement":[{"@type":"ListItem","position":1,"name":"Produits","item":"https:\/\/relaxsrl.com\/fr\/produits\/"},{"@type":"ListItem","position":2,"name":"Collections","item":"https:\/\/relaxsrl.com\/fr\/produits\/collections-old-non-usare\/"},{"@type":"ListItem","position":3,"name":"Bobox"}]}]}},"_links":{"self":[{"href":"https:\/\/relaxsrl.com\/fr\/wp-json\/wp\/v2\/pages\/12979"}],"collection":[{"href":"https:\/\/relaxsrl.com\/fr\/wp-json\/wp\/v2\/pages"}],"about":[{"href":"https:\/\/relaxsrl.com\/fr\/wp-json\/wp\/v2\/types\/page"}],"author":[{"embeddable":true,"href":"https:\/\/relaxsrl.com\/fr\/wp-json\/wp\/v2\/users\/3"}],"replies":[{"embeddable":true,"href":"https:\/\/relaxsrl.com\/fr\/wp-json\/wp\/v2\/comments?post=12979"}],"version-history":[{"count":8,"href":"https:\/\/relaxsrl.com\/fr\/wp-json\/wp\/v2\/pages\/12979\/revisions"}],"predecessor-version":[{"id":29194,"href":"https:\/\/relaxsrl.com\/fr\/wp-json\/wp\/v2\/pages\/12979\/revisions\/29194"}],"up":[{"embeddable":true,"href":"https:\/\/relaxsrl.com\/fr\/wp-json\/wp\/v2\/pages\/32054"}],"wp:featuredmedia":[{"embeddable":true,"href":"https:\/\/relaxsrl.com\/fr\/wp-json\/wp\/v2\/media\/2114"}],"wp:attachment":[{"href":"https:\/\/relaxsrl.com\/fr\/wp-json\/wp\/v2\/media?parent=12979"}],"curies":[{"name":"wp","href":"https:\/\/api.w.org\/{rel}","templated":true}]}}