{"id":12904,"date":"2021-11-25T18:03:33","date_gmt":"2021-11-25T17:03:33","guid":{"rendered":"http:\/\/relaxsrl.com\/produits\/environnements-de-salle-de-bain\/style-rustique\/"},"modified":"2024-11-18T15:18:34","modified_gmt":"2024-11-18T14:18:34","slug":"style-rustique","status":"publish","type":"page","link":"https:\/\/relaxsrl.com\/fr\/produits\/environnements-de-salle-de-bain\/style-rustique\/","title":{"rendered":"Style rustique"},"content":{"rendered":"<p>[vc_row full_width=\u00a0\u00bbstretch_row\u00a0\u00bb content_placement=\u00a0\u00bbmiddle\u00a0\u00bb el_class=\u00a0\u00bbintro-row\u00a0\u00bb][vc_column width=\u00a0\u00bb5\/12&Prime;][vc_column_text]<\/p>\n<h1>Style rustique<\/h1>\n<p>[\/vc_column_text][\/vc_column][vc_column width=\u00a0\u00bb7\/12&Prime;][vc_column_text el_class=\u00a0\u00bbabstract\u00a0\u00bb]Comment am\u00e9nager ta salle de bain dans un style rustique ? Il y a certains aspects \u00e0 prendre en charge pour que la pi\u00e8ce acqui\u00e8re imm\u00e9diatement cette saveur accueillante et chaleureuse que vous aimez tant. Lisez nos conseils et si vous voulez en savoir plus, contactez-nous. Toutes les solutions et le cabine de douche Relax sont certifi\u00e9es <a href=\"https:\/\/www.tuvsud.com\/fr-fr\">T\u00dcV S\u00dcD<\/a>.[\/vc_column_text][\/vc_column][\/vc_row][vc_row el_class=\u00a0\u00bbrow-path\u00a0\u00bb][vc_column][vc_column_text][\/vc_column_text][\/vc_column][\/vc_row][vc_row equal_height=\u00a0\u00bbyes\u00a0\u00bb content_placement=\u00a0\u00bbmiddle\u00a0\u00bb el_class=\u00a0\u00bbrow-prodotto-ambiente\u00a0\u00bb][vc_column width=\u00a0\u00bb7\/12&Prime;][vc_single_image image=\u00a0\u00bb31397&Prime; img_size=\u00a0\u00bbfull\u00a0\u00bb onclick=\u00a0\u00bbcustom_link\u00a0\u00bb link=\u00a0\u00bbhttp:\/\/relaxsrl.com\/fr\/produit\/kubik-b1\/\u00a0\u00bb][vc_column_text el_class=\u00a0\u00bbprodotto-ambiente-didascalia\u00a0\u00bb]<a href=\"https:\/\/relaxsrl.com\/fr\/produit\/unico-sc2-unico-f4\/\">Aller \u00e0 UNICO SC2+F4<\/a>[\/vc_column_text][\/vc_column][vc_column width=\u00a0\u00bb4\/12&Prime;][vc_column_text el_class=\u00a0\u00bbprodotto-ambiente-text prodotto-ambiente-text-ml30&Prime;]<\/p>\n<h2>Rustique : \u00e9quilibre raffin\u00e9 entre modernit\u00e9 et tradition.<\/h2>\n<p>Le style rustique privil\u00e9gie la substance, avec des mat\u00e9riaux naturels propos\u00e9s dans leur simplicit\u00e9 et leur beaut\u00e9. Parfois, on retrouve des \u00e9l\u00e9ments de go\u00fbt contemporain, qui se d\u00e9marquent ainsi indiscutablement dans le milieu environnant.[\/vc_column_text][\/vc_column][\/vc_row][vc_row equal_height=\u00a0\u00bbyes\u00a0\u00bb content_placement=\u00a0\u00bbmiddle\u00a0\u00bb el_class=\u00a0\u00bbrow-prodotto-ambiente\u00a0\u00bb][vc_column width=\u00a0\u00bb4\/12&Prime;][vc_column_text el_class=\u00a0\u00bbprodotto-ambiente-text\u00a0\u00bb]<\/p>\n<h2>Des tons de bois chaleureux et des couleurs neutres pour le style rustique.<\/h2>\n<p>C&rsquo;est une tendance qui m\u00e9lange tr\u00e8s volontiers les tons chauds du bois, embelli par le veinage de ce dernier, avec des couleurs neutres comme les coloris blanc ou cr\u00e8me. La combinaison des \u00e9l\u00e9ments cr\u00e9e un environnement harmonieux et accueillant, adapt\u00e9 \u00e0 tout type de maison.[\/vc_column_text][\/vc_column][vc_column width=\u00a0\u00bb1\/12&Prime;][\/vc_column][vc_column width=\u00a0\u00bb7\/12&Prime;][vc_single_image image=\u00a0\u00bb4568&Prime; img_size=\u00a0\u00bbfull\u00a0\u00bb onclick=\u00a0\u00bbcustom_link\u00a0\u00bb link=\u00a0\u00bbhttp:\/\/relaxsrl.com\/fr\/produit\/flat-r2-s\/\u00a0\u00bb][vc_column_text el_class=\u00a0\u00bbprodotto-ambiente-didascalia\u00a0\u00bb]<a href=\"http:\/\/relaxsrl.com\/fr\/produit\/flat-r2-s\/\">Aller \u00e0 FLAT R2<\/a>[\/vc_column_text][\/vc_column][\/vc_row][vc_row equal_height=\u00a0\u00bbyes\u00a0\u00bb content_placement=\u00a0\u00bbmiddle\u00a0\u00bb el_class=\u00a0\u00bbrow-prodotto-ambiente\u00a0\u00bb][vc_column width=\u00a0\u00bb5\/12&Prime;][vc_single_image image=\u00a0\u00bb4564&Prime; img_size=\u00a0\u00bbfull\u00a0\u00bb onclick=\u00a0\u00bbcustom_link\u00a0\u00bb link=\u00a0\u00bbhttps:\/\/relaxsrl.com\/fr\/produit\/cardine-b1\/\u00a0\u00bb][vc_column_text el_class=\u00a0\u00bbprodotto-ambiente-didascalia\u00a0\u00bb]<a href=\"https:\/\/relaxsrl.com\/fr\/produit\/cardine-b1\/\">Aller \u00e0 CARDINE B1<\/a>[\/vc_column_text][\/vc_column][vc_column width=\u00a0\u00bb1\/12&Prime;][\/vc_column][vc_column width=\u00a0\u00bb5\/12&Prime;][vc_column_text el_class=\u00a0\u00bbprodotto-ambiente-text prodotto-ambiente-text-ml30&Prime;]<\/p>\n<h2>Combinaison d&rsquo;effets: bois et pierre brute.<\/h2>\n<p>Le bois est le roi incontest\u00e9 du style rustique. La combinaison gagnante avec la blancheur de la pierre brute (comme dans ce cas du lavabo) met en valeur la salle de bain. Pour mettre en valeur cette combinaison au maximum, choisissez une cabine de douche qui vous permet d&rsquo;am\u00e9liorer chaque d\u00e9tail, comme la <a href=\"http:\/\/relaxsrl.com\/fr\/?attachment_id=4236\"> Cover B1 <\/a> de Relax.[\/vc_column_text][\/vc_column][\/vc_row][vc_row equal_height=\u00a0\u00bbyes\u00a0\u00bb content_placement=\u00a0\u00bbmiddle\u00a0\u00bb el_class=\u00a0\u00bbrow-prodotto-ambiente\u00a0\u00bb][vc_column width=\u00a0\u00bb1\/12&Prime;][\/vc_column][vc_column width=\u00a0\u00bb4\/12&Prime;][vc_column_text el_class=\u00a0\u00bbprodotto-ambiente-text\u00a0\u00bb]<\/p>\n<h2>Style rustique pour la salle de bain de la maison \u00e0 la montagne.<\/h2>\n<p>Parmi les nombreux environnements dans lesquels le style rustique est \u00e0 l&rsquo;aise, on trouve la maison de montagne, qui a toujours fait un clin d&rsquo;\u0153il aux compositions avec du bois et des pierres naturelles. Ici, l&rsquo;alternance entre les couleurs claires et les couleurs sombres d\u00e9core les surfaces avec une \u00e9l\u00e9gante essentialit\u00e9.[\/vc_column_text][\/vc_column][vc_column width=\u00a0\u00bb1\/12&Prime;][\/vc_column][vc_column width=\u00a0\u00bb5\/12&Prime;][vc_single_image image=\u00a0\u00bb31392&Prime; img_size=\u00a0\u00bbfull\u00a0\u00bb onclick=\u00a0\u00bbcustom_link\u00a0\u00bb link=\u00a0\u00bbhttp:\/\/relaxsrl.com\/fr\/produit\/puro-a-puro-a\/\u00a0\u00bb][vc_column_text el_class=\u00a0\u00bbprodotto-ambiente-didascalia\u00a0\u00bb]<a href=\"https:\/\/relaxsrl.com\/fr\/produit\/unico-sc1\/\">Aller \u00e0 UNICO SC1<\/a>[\/vc_column_text][\/vc_column][\/vc_row][vc_row equal_height=\u00a0\u00bbyes\u00a0\u00bb content_placement=\u00a0\u00bbmiddle\u00a0\u00bb el_class=\u00a0\u00bbrow-prodotto-ambiente\u00a0\u00bb][vc_column width=\u00a0\u00bb7\/12&Prime;][vc_single_image image=\u00a0\u00bb3409&Prime; img_size=\u00a0\u00bbfull\u00a0\u00bb onclick=\u00a0\u00bbcustom_link\u00a0\u00bb link=\u00a0\u00bbhttp:\/\/relaxsrl.com\/fr\/produit\/lyra-b1-lyra-f\/\u00a0\u00bb][vc_column_text el_class=\u00a0\u00bbprodotto-ambiente-didascalia\u00a0\u00bb]<a href=\"http:\/\/relaxsrl.com\/fr\/produit\/lyra-b1-lyra-f\/\">Aller \u00e0 LYRA B1+F<\/a>[\/vc_column_text][\/vc_column][vc_column width=\u00a0\u00bb4\/12&Prime;][vc_column_text el_class=\u00a0\u00bbprodotto-ambiente-text prodotto-ambiente-text-ml30&Prime;]<\/p>\n<h2>Une cabine de douche importante pour la salle de bain rustique.<\/h2>\n<p>Il y a des moments o\u00f9 la douche parvient \u00e0 cr\u00e9er un espace important \u00e0 l&rsquo;int\u00e9rieur de la salle de bain. La personnalit\u00e9 d&rsquo;une cabine de douche aux profils prononc\u00e9s peut alors \u00eatre le point d&rsquo;appui de la pi\u00e8ce, associ\u00e9e aux \u00e9quipements de la salle de bain et aux \u00e9l\u00e9ments d\u00e9coratifs, tels que les tapis ou les fen\u00eatres.[\/vc_column_text][\/vc_column][\/vc_row]<\/p>\n","protected":false},"excerpt":{"rendered":"<p>[vc_row full_width=\u00a0\u00bbstretch_row\u00a0\u00bb content_placement=\u00a0\u00bbmiddle\u00a0\u00bb el_class=\u00a0\u00bbintro-row\u00a0\u00bb][vc_column width=\u00a0\u00bb5\/12&Prime;][vc_column_text] Style rustique [\/vc_column_text][\/vc_column][vc_column width=\u00a0\u00bb7\/12&Prime;][vc_column_text el_class=\u00a0\u00bbabstract\u00a0\u00bb]Comment am\u00e9nager ta salle de bain dans un style rustique ? Il y a certains aspects \u00e0 prendre en charge pour que la pi\u00e8ce acqui\u00e8re imm\u00e9diatement cette saveur accueillante et chaleureuse que vous aimez tant. Lisez nos conseils et si vous voulez en savoir plus, contactez-nous. [&hellip;]<\/p>\n","protected":false},"author":3,"featured_media":3302,"parent":12880,"menu_order":0,"comment_status":"closed","ping_status":"closed","template":"","meta":[],"acf":[],"yoast_head":"<!-- This site is optimized with the Yoast SEO Premium plugin v18.4 (Yoast SEO v18.8) - https:\/\/yoast.com\/wordpress\/plugins\/seo\/ -->\n<title>Style rustique - Relax srl<\/title>\n<meta name=\"description\" content=\"Votre salle de bain de style rustique ? Lisez nos conseils pour d\u00e9couvrir les solutions les plus adapt\u00e9es \u00e0 votre salle de bain.\" \/>\n<meta name=\"robots\" content=\"index, follow, max-snippet:-1, max-image-preview:large, max-video-preview:-1\" \/>\n<link rel=\"canonical\" href=\"https:\/\/relaxsrl.com\/fr\/produits\/environnements-de-salle-de-bain\/style-rustique\/\" \/>\n<meta property=\"og:locale\" content=\"fr_FR\" \/>\n<meta property=\"og:type\" content=\"article\" \/>\n<meta property=\"og:title\" content=\"Style rustique - Relax srl\" \/>\n<meta property=\"og:description\" content=\"Votre salle de bain de style rustique ? Lisez nos conseils pour d\u00e9couvrir les solutions les plus adapt\u00e9es \u00e0 votre salle de bain.\" \/>\n<meta property=\"og:url\" content=\"https:\/\/relaxsrl.com\/fr\/produits\/environnements-de-salle-de-bain\/style-rustique\/\" \/>\n<meta property=\"og:site_name\" content=\"Relax srl\" \/>\n<meta property=\"article:modified_time\" content=\"2024-11-18T14:18:34+00:00\" \/>\n<meta property=\"og:image\" content=\"https:\/\/relaxsrl.com\/website\/wp-content\/uploads\/2021\/10\/KUBIK-B1.jpg\" \/>\n\t<meta property=\"og:image:width\" content=\"961\" \/>\n\t<meta property=\"og:image:height\" content=\"660\" \/>\n\t<meta property=\"og:image:type\" content=\"image\/jpeg\" \/>\n<meta name=\"twitter:card\" content=\"summary_large_image\" \/>\n<meta name=\"twitter:label1\" content=\"Dur\u00e9e de lecture estim\u00e9e\" \/>\n\t<meta name=\"twitter:data1\" content=\"3 minutes\" \/>\n<script type=\"application\/ld+json\" class=\"yoast-schema-graph\">{\"@context\":\"https:\/\/schema.org\",\"@graph\":[{\"@type\":\"WebSite\",\"@id\":\"https:\/\/relaxsrl.com\/#website\",\"url\":\"https:\/\/relaxsrl.com\/\",\"name\":\"Relax srl\",\"description\":\"\",\"potentialAction\":[{\"@type\":\"SearchAction\",\"target\":{\"@type\":\"EntryPoint\",\"urlTemplate\":\"https:\/\/relaxsrl.com\/?s={search_term_string}\"},\"query-input\":\"required name=search_term_string\"}],\"inLanguage\":\"fr-FR\"},{\"@type\":\"ImageObject\",\"inLanguage\":\"fr-FR\",\"@id\":\"https:\/\/relaxsrl.com\/fr\/produits\/environnements-de-salle-de-bain\/style-rustique\/#primaryimage\",\"url\":\"https:\/\/relaxsrl.com\/website\/wp-content\/uploads\/2021\/10\/KUBIK-B1.jpg\",\"contentUrl\":\"https:\/\/relaxsrl.com\/website\/wp-content\/uploads\/2021\/10\/KUBIK-B1.jpg\",\"width\":961,\"height\":660,\"caption\":\"Box doccia in bagno in stile rustico, in nicchia, con profili minimal\"},{\"@type\":\"WebPage\",\"@id\":\"https:\/\/relaxsrl.com\/fr\/produits\/environnements-de-salle-de-bain\/style-rustique\/#webpage\",\"url\":\"https:\/\/relaxsrl.com\/fr\/produits\/environnements-de-salle-de-bain\/style-rustique\/\",\"name\":\"Style rustique - Relax srl\",\"isPartOf\":{\"@id\":\"https:\/\/relaxsrl.com\/#website\"},\"primaryImageOfPage\":{\"@id\":\"https:\/\/relaxsrl.com\/fr\/produits\/environnements-de-salle-de-bain\/style-rustique\/#primaryimage\"},\"datePublished\":\"2021-11-25T17:03:33+00:00\",\"dateModified\":\"2024-11-18T14:18:34+00:00\",\"description\":\"Votre salle de bain de style rustique ? Lisez nos conseils pour d\u00e9couvrir les solutions les plus adapt\u00e9es \u00e0 votre salle de bain.\",\"breadcrumb\":{\"@id\":\"https:\/\/relaxsrl.com\/fr\/produits\/environnements-de-salle-de-bain\/style-rustique\/#breadcrumb\"},\"inLanguage\":\"fr-FR\",\"potentialAction\":[{\"@type\":\"ReadAction\",\"target\":[\"https:\/\/relaxsrl.com\/fr\/produits\/environnements-de-salle-de-bain\/style-rustique\/\"]}]},{\"@type\":\"BreadcrumbList\",\"@id\":\"https:\/\/relaxsrl.com\/fr\/produits\/environnements-de-salle-de-bain\/style-rustique\/#breadcrumb\",\"itemListElement\":[{\"@type\":\"ListItem\",\"position\":1,\"name\":\"Produits\",\"item\":\"https:\/\/relaxsrl.com\/fr\/produits\/\"},{\"@type\":\"ListItem\",\"position\":2,\"name\":\"Environnements de salle de bain\",\"item\":\"https:\/\/relaxsrl.com\/fr\/produits\/environnements-de-salle-de-bain\/\"},{\"@type\":\"ListItem\",\"position\":3,\"name\":\"Style rustique\"}]}]}<\/script>\n<!-- \/ Yoast SEO Premium plugin. -->","yoast_head_json":{"title":"Style rustique - Relax srl","description":"Votre salle de bain de style rustique ? Lisez nos conseils pour d\u00e9couvrir les solutions les plus adapt\u00e9es \u00e0 votre salle de bain.","robots":{"index":"index","follow":"follow","max-snippet":"max-snippet:-1","max-image-preview":"max-image-preview:large","max-video-preview":"max-video-preview:-1"},"canonical":"https:\/\/relaxsrl.com\/fr\/produits\/environnements-de-salle-de-bain\/style-rustique\/","og_locale":"fr_FR","og_type":"article","og_title":"Style rustique - Relax srl","og_description":"Votre salle de bain de style rustique ? Lisez nos conseils pour d\u00e9couvrir les solutions les plus adapt\u00e9es \u00e0 votre salle de bain.","og_url":"https:\/\/relaxsrl.com\/fr\/produits\/environnements-de-salle-de-bain\/style-rustique\/","og_site_name":"Relax srl","article_modified_time":"2024-11-18T14:18:34+00:00","og_image":[{"width":961,"height":660,"url":"https:\/\/relaxsrl.com\/website\/wp-content\/uploads\/2021\/10\/KUBIK-B1.jpg","type":"image\/jpeg"}],"twitter_card":"summary_large_image","twitter_misc":{"Dur\u00e9e de lecture estim\u00e9e":"3 minutes"},"schema":{"@context":"https:\/\/schema.org","@graph":[{"@type":"WebSite","@id":"https:\/\/relaxsrl.com\/#website","url":"https:\/\/relaxsrl.com\/","name":"Relax srl","description":"","potentialAction":[{"@type":"SearchAction","target":{"@type":"EntryPoint","urlTemplate":"https:\/\/relaxsrl.com\/?s={search_term_string}"},"query-input":"required name=search_term_string"}],"inLanguage":"fr-FR"},{"@type":"ImageObject","inLanguage":"fr-FR","@id":"https:\/\/relaxsrl.com\/fr\/produits\/environnements-de-salle-de-bain\/style-rustique\/#primaryimage","url":"https:\/\/relaxsrl.com\/website\/wp-content\/uploads\/2021\/10\/KUBIK-B1.jpg","contentUrl":"https:\/\/relaxsrl.com\/website\/wp-content\/uploads\/2021\/10\/KUBIK-B1.jpg","width":961,"height":660,"caption":"Box doccia in bagno in stile rustico, in nicchia, con profili minimal"},{"@type":"WebPage","@id":"https:\/\/relaxsrl.com\/fr\/produits\/environnements-de-salle-de-bain\/style-rustique\/#webpage","url":"https:\/\/relaxsrl.com\/fr\/produits\/environnements-de-salle-de-bain\/style-rustique\/","name":"Style rustique - Relax srl","isPartOf":{"@id":"https:\/\/relaxsrl.com\/#website"},"primaryImageOfPage":{"@id":"https:\/\/relaxsrl.com\/fr\/produits\/environnements-de-salle-de-bain\/style-rustique\/#primaryimage"},"datePublished":"2021-11-25T17:03:33+00:00","dateModified":"2024-11-18T14:18:34+00:00","description":"Votre salle de bain de style rustique ? Lisez nos conseils pour d\u00e9couvrir les solutions les plus adapt\u00e9es \u00e0 votre salle de bain.","breadcrumb":{"@id":"https:\/\/relaxsrl.com\/fr\/produits\/environnements-de-salle-de-bain\/style-rustique\/#breadcrumb"},"inLanguage":"fr-FR","potentialAction":[{"@type":"ReadAction","target":["https:\/\/relaxsrl.com\/fr\/produits\/environnements-de-salle-de-bain\/style-rustique\/"]}]},{"@type":"BreadcrumbList","@id":"https:\/\/relaxsrl.com\/fr\/produits\/environnements-de-salle-de-bain\/style-rustique\/#breadcrumb","itemListElement":[{"@type":"ListItem","position":1,"name":"Produits","item":"https:\/\/relaxsrl.com\/fr\/produits\/"},{"@type":"ListItem","position":2,"name":"Environnements de salle de bain","item":"https:\/\/relaxsrl.com\/fr\/produits\/environnements-de-salle-de-bain\/"},{"@type":"ListItem","position":3,"name":"Style rustique"}]}]}},"_links":{"self":[{"href":"https:\/\/relaxsrl.com\/fr\/wp-json\/wp\/v2\/pages\/12904"}],"collection":[{"href":"https:\/\/relaxsrl.com\/fr\/wp-json\/wp\/v2\/pages"}],"about":[{"href":"https:\/\/relaxsrl.com\/fr\/wp-json\/wp\/v2\/types\/page"}],"author":[{"embeddable":true,"href":"https:\/\/relaxsrl.com\/fr\/wp-json\/wp\/v2\/users\/3"}],"replies":[{"embeddable":true,"href":"https:\/\/relaxsrl.com\/fr\/wp-json\/wp\/v2\/comments?post=12904"}],"version-history":[{"count":7,"href":"https:\/\/relaxsrl.com\/fr\/wp-json\/wp\/v2\/pages\/12904\/revisions"}],"predecessor-version":[{"id":31414,"href":"https:\/\/relaxsrl.com\/fr\/wp-json\/wp\/v2\/pages\/12904\/revisions\/31414"}],"up":[{"embeddable":true,"href":"https:\/\/relaxsrl.com\/fr\/wp-json\/wp\/v2\/pages\/12880"}],"wp:featuredmedia":[{"embeddable":true,"href":"https:\/\/relaxsrl.com\/fr\/wp-json\/wp\/v2\/media\/3302"}],"wp:attachment":[{"href":"https:\/\/relaxsrl.com\/fr\/wp-json\/wp\/v2\/media?parent=12904"}],"curies":[{"name":"wp","href":"https:\/\/api.w.org\/{rel}","templated":true}]}}