{"id":12852,"date":"2021-11-25T15:58:53","date_gmt":"2021-11-25T14:58:53","guid":{"rendered":"http:\/\/relaxsrl.com\/newsletter-policy\/"},"modified":"2023-07-07T08:54:21","modified_gmt":"2023-07-07T06:54:21","slug":"newsletter-policy","status":"publish","type":"page","link":"https:\/\/relaxsrl.com\/fr\/newsletter-policy\/","title":{"rendered":"Newsletter Policy"},"content":{"rendered":"<p>[vc_row][vc_column][vc_column_text]<strong>INFORMATIONS POUR LE TRAITEMENT DES DONN\u00c9ES PERSONNELLES (ENVOI DE LA NEWSLETTER)<\/strong><\/p>\n<p>&nbsp;<\/p>\n<p>Cette page d\u00e9crit comment g\u00e9rer le service de newsletter en r\u00e9f\u00e9rence au traitement des donn\u00e9es personnelles des utilisateurs qui s&rsquo;y abonnent.<\/p>\n<p>Les informations sont fournies conform\u00e9ment aux articles 13 et 14 du GDPR 2016\/679 et de la l\u00e9gislation nationale en vigueur, \u00e0 ceux qui interagissent notamment avec les services de newsletter informatifs, informatifs et promotionnels de RELAX SRL, accessibles par voie \u00e9lectronique.<\/p>\n<p><strong>\u00a0<\/strong><\/p>\n<p><strong>Contr\u00f4leur de donn\u00e9es<\/strong><\/p>\n<p>Le responsable du traitement est RELAX SRL, dont le si\u00e8ge est situ\u00e9 Via Leonardo da Vinci, 2A &#8211; 30020 Torre di Mosto (VE).<\/p>\n<p>&nbsp;<\/p>\n<p><strong>Processeur de donn\u00e9es externe<\/strong><\/p>\n<p>MAILCHIMP &#8211; Rocket Science Group LLC a \u00e9t\u00e9 d\u00e9sign\u00e9 sous-traitant externe conform\u00e9ment \u00e0 l&rsquo;art. 28 du GDPR 2016\/679 et de la l\u00e9gislation nationale en vigueur, en tant que fournisseur de services de d\u00e9veloppement et de maintenance de plateformes Web, ainsi que pour la fourniture et la gestion op\u00e9rationnelle des plateformes technologiques utilis\u00e9es.<\/p>\n<p>&nbsp;<\/p>\n<p>Finalit\u00e9 et base juridique du traitement<\/p>\n<p>La collecte et le traitement des donn\u00e9es personnelles sont effectu\u00e9s afin de r\u00e9aliser :<\/p>\n<ul>\n<li>Avec le consentement sp\u00e9cifique de l&rsquo;int\u00e9ress\u00e9, l&rsquo;envoi de la newsletter informative, commerciale et promotionnelle en pleine conformit\u00e9 avec le GDPR 2016\/679 et la l\u00e9gislation nationale en vigueur (art. 130 D.Lgs. 196\/2003 ss. mm. ii.) ainsi que la Disposition du Garant du 04\/07\/2013 \u00ab\u00a0Lignes directrices sur les activit\u00e9s promotionnelles et la lutte contre le spam\u00a0\u00bb (art. 6 al. 1 let. a) RGPD 2016\/679) (art. 6 al. 1 let. a ) GDPR 2016\/679).<\/li>\n<\/ul>\n<p>&nbsp;<\/p>\n<p>La collecte et l&rsquo;enregistrement des donn\u00e9es auront lieu pour des finalit\u00e9s d\u00e9termin\u00e9es, explicites et l\u00e9gitimes et avec des m\u00e9thodes compatibles avec ces finalit\u00e9s, dans le cadre du traitement n\u00e9cessaire au fonctionnement de l&rsquo;activit\u00e9 commerciale. Ces donn\u00e9es seront trait\u00e9es selon le principe d&rsquo;exactitude et, le cas \u00e9ch\u00e9ant, d\u00fbment mises \u00e0 jour, afin qu&rsquo;elles soient toujours pertinentes, compl\u00e8tes et non excessives au regard des finalit\u00e9s de la collecte et que leur conservation soit fonctionnelle pendant la dur\u00e9e n\u00e9cessaire \u00e0 la finalit\u00e9 pour laquelle elles ont \u00e9t\u00e9 collect\u00e9es puis trait\u00e9es conform\u00e9ment au RGPD 2016\/679 et \u00e0 la l\u00e9gislation nationale en vigueur.<\/p>\n<p>Les donn\u00e9es personnelles peuvent \u00eatre trait\u00e9es \u00e0 l&rsquo;aide d&rsquo;outils papier et t\u00e9l\u00e9matiques et dans tous les cas de mani\u00e8re \u00e0 garantir leur s\u00e9curit\u00e9 et \u00e0 prot\u00e9ger au maximum la confidentialit\u00e9 de l&rsquo;int\u00e9ress\u00e9. Des mesures de s\u00e9curit\u00e9 sp\u00e9cifiques sont observ\u00e9es pour pr\u00e9venir la perte de donn\u00e9es, l&rsquo;utilisation illicite ou incorrecte et l&rsquo;acc\u00e8s non autoris\u00e9 dans le plein respect de l&rsquo;art. 32 du GDPR 2016\/679 et de la l\u00e9gislation nationale en vigueur.<\/p>\n<p>&nbsp;<\/p>\n<p>Caract\u00e8re obligatoire ou facultatif de la fourniture des donn\u00e9es et cons\u00e9quence de tout refus<\/p>\n<p>En dehors de ce qui a \u00e9t\u00e9 sp\u00e9cifi\u00e9 pour les donn\u00e9es de navigation, l&rsquo;int\u00e9ress\u00e9 est libre de fournir les donn\u00e9es personnelles contenues dans les formulaires de demande ou en tout cas indiqu\u00e9es dans les contacts pour demander l&rsquo;envoi de la newsletter. Le consentement est facultatif et, s&rsquo;il est accord\u00e9, il peut \u00eatre r\u00e9voqu\u00e9 \u00e0 tout moment, sans pr\u00e9judice de la lic\u00e9it\u00e9 du traitement fond\u00e9 sur le consentement donn\u00e9 avant la r\u00e9vocation.<\/p>\n<p>Le d\u00e9faut de fournir des donn\u00e9es peut rendre impossible l&rsquo;obtention de ce qui a \u00e9t\u00e9 demand\u00e9.<\/p>\n<p>&nbsp;<\/p>\n<p><strong>Communication de donn\u00e9es<\/strong><\/p>\n<p>Sans pr\u00e9judice des communications et divulgations effectu\u00e9es dans le respect des obligations l\u00e9gales, toutes les donn\u00e9es collect\u00e9es et trait\u00e9es pourront \u00eatre communiqu\u00e9es \u00e0 :<\/p>\n<ul>\n<li>Professionnels et consultants, en particulier les sujets qui fournissent des services pour la gestion du syst\u00e8me d&rsquo;information et des r\u00e9seaux de t\u00e9l\u00e9communications (y compris le courrier \u00e9lectronique)\u00a0;<\/li>\n<li>Les sujets qui effectuent le traitement pour le compte du responsable du traitement en tant que responsables conform\u00e9ment \u00e0 l&rsquo;art. 28 GDPR 2016\/679, tels que, \u00e0 titre d&rsquo;exemple mais sans s&rsquo;y limiter\u00a0: les sujets qui fournissent des services pour la gestion du syst\u00e8me d&rsquo;information et des r\u00e9seaux de t\u00e9l\u00e9communications (y compris le courrier \u00e9lectronique). La liste compl\u00e8te et mise \u00e0 jour des Responsables peut \u00eatre connue, des ayants droit, sur simple demande au si\u00e8ge du Responsable du traitement<\/li>\n<li>Sujets autoris\u00e9s \u00e0 acc\u00e9der aux donn\u00e9es par la l\u00e9gislation en vigueur et\/ou auxquels les donn\u00e9es doivent \u00eatre communiqu\u00e9es en ex\u00e9cution d&rsquo;obligations l\u00e9gales.<\/li>\n<\/ul>\n<p><strong>\u00a0<\/strong><\/p>\n<p>Les donn\u00e9es personnelles peuvent \u00eatre trait\u00e9es par les employ\u00e9s et collaborateurs affect\u00e9s aux bureaux comp\u00e9tents du soussign\u00e9, explicitement autoris\u00e9s pour le traitement sur la base des dispositions de l&rsquo;art. 29 du GDPR 2016\/679 et par la l\u00e9gislation nationale en vigueur.<\/p>\n<p>&nbsp;<\/p>\n<p>Transfert de donn\u00e9es \u00e0 l&rsquo;\u00e9tranger<\/p>\n<p>Les donn\u00e9es personnelles peuvent \u00eatre communiqu\u00e9es et\/ou transmises \u00e0 l&rsquo;\u00e9tranger uniquement pour la poursuite des finalit\u00e9s vis\u00e9es dans ces informations, ou pour des raisons exclusivement techniques li\u00e9es \u00e0 la structure du syst\u00e8me d&rsquo;information de l&rsquo;entreprise et\/ou \u00e0 l&rsquo;application de mesures de s\u00e9curit\u00e9 techniques et organisationnelles jug\u00e9es appropri\u00e9es. par le responsable du traitement (art. 32 GDPR 2016\/679), et exclusivement dans le respect des articles 44 s.s. du RGPD 2016\/679.<\/p>\n<p>&nbsp;<\/p>\n<p><strong>Dur\u00e9es de conservation des donn\u00e9es\u00a0:<\/strong><\/p>\n<p>Les donn\u00e9es fournies seront stock\u00e9es dans nos archives selon les param\u00e8tres suivants :<\/p>\n<ul>\n<li>Donn\u00e9es trait\u00e9es pour le service de newsletter\u00a0: jusqu&rsquo;\u00e0 la demande d&rsquo;annulation aupr\u00e8s du service\u00a0;<\/li>\n<\/ul>\n<p>En relation avec le d\u00e9lai de prescription sp\u00e9cifique pr\u00e9vu par la loi, les donn\u00e9es n\u00e9cessaires \u00e0 l&rsquo;appr\u00e9ciation, l&rsquo;exercice ou la d\u00e9fense d&rsquo;un droit en justice pourront faire l&rsquo;objet de dur\u00e9es de conservation plus longues. La v\u00e9rification de l&rsquo;obsolescence des donn\u00e9es stock\u00e9es au regard des finalit\u00e9s pour lesquelles elles ont \u00e9t\u00e9 collect\u00e9es est effectu\u00e9e p\u00e9riodiquement.<\/p>\n<p>&nbsp;<\/p>\n<p><strong>Droits de l&rsquo;int\u00e9ress\u00e9<\/strong><\/p>\n<p>En ce qui concerne les donn\u00e9es personnelles, l&rsquo;int\u00e9ress\u00e9 peut exercer les droits pr\u00e9vus dans les limites et sous les conditions pr\u00e9vues aux articles du 15 au 22 du GDPR 2016\/679 et par la l\u00e9gislation nationale en vigueur. En particulier, le RGPD attribue \u00e0 l&rsquo;int\u00e9ress\u00e9 :<\/p>\n<ul>\n<li>Droit d&rsquo;acc\u00e8s (art.\u00a015 RGPD 2016\/679)\u00a0;<\/li>\n<li>Droit de corriger des donn\u00e9es personnelles inexactes et droit d&rsquo;int\u00e9grer des donn\u00e9es personnelles incompl\u00e8tes (art.\u00a016 RGPD 2016\/679)\u00a0;<\/li>\n<li>Droit de r\u00e9tractation (art.\u00a017 RGPD 2016\/679)\u00a0;<\/li>\n<li>Droit \u00e0 la limitation du traitement (art.\u00a018 RGPD 2016\/679)\u00a0;<\/li>\n<li>Droit de demander les destinataires auxquels les corrections, annulations ou limitations de traitement ont \u00e9t\u00e9 communiqu\u00e9es (art.\u00a019 RGPD 2016\/679)\u00a0;<\/li>\n<li>Droit \u00e0 la portabilit\u00e9 des donn\u00e9es (art.\u00a020 RGPD 2016\/679)\u00a0;<\/li>\n<li>Droit d&rsquo;opposition (art.\u00a021 RGPD 2016\/679)\u00a0;<\/li>\n<li>Droit de ne pas \u00eatre soumis \u00e0 une d\u00e9cision fond\u00e9e uniquement sur un traitement automatis\u00e9 (art. 22 GDPR 2016\/679).<\/li>\n<\/ul>\n<p>En cas de signature de toute forme de consentement au traitement, il convient de noter que l&rsquo;int\u00e9ress\u00e9 peut le r\u00e9voquer \u00e0 tout moment, sans pr\u00e9judice des obligations imp\u00e9ratives \u00e9tablies par la l\u00e9gislation en vigueur au moment de la demande de r\u00e9vocation, en contactant le responsable du traitement. \u00e0 l&rsquo;adresse e-mail suivante : info@relaxsrl.com.<\/p>\n<p>&nbsp;<\/p>\n<p><strong>Droit de r\u00e9clamation<\/strong><\/p>\n<p>Si vous estimez que le traitement de vos donn\u00e9es personnelles, effectu\u00e9 via ce site, enfreint les dispositions du GDPR 2016\/679, vous avez \u00e9galement le droit de d\u00e9poser une plainte aupr\u00e8s du Garant pour la protection des donn\u00e9es personnelles, comme requis par l&rsquo;art. 77 du GDPR 2016\/679 lui-m\u00eame, ou d&rsquo;exercer les fonctions judiciaires appropri\u00e9es (art. 79 du GDPR 2016\/679).<\/p>\n<p>&nbsp;<\/p>\n<p><strong>Pour plus d&rsquo;informations, vous pouvez contacter le responsable du traitement\u00a0:<\/strong><\/p>\n<p><strong>\u00a0<\/strong><\/p>\n<p><strong>RELAX SRL<\/strong><\/p>\n<p>Via L\u00e9onard de Vinci, 2A &#8211; 30020 Torre di Mosto (VE)<\/p>\n<p>T\u00e9l\u00e9phone +39 0421 1765124 &#8211; Fax +39 0421 466654<\/p>\n<p>eM.\u00a0: info@relaxsrl.com<\/p>\n<p>&nbsp;<\/p>\n<p>Pour plus d&rsquo;informations, veuillez \u00e9galement consulter la politique de confidentialit\u00e9 du site Web de RELAX SRL www.relaxsrl.com.<\/p>\n<p>&nbsp;<\/p>\n<p>ANNULATION DU SERVICE<\/p>\n<p>&nbsp;<\/p>\n<p>Pour ne plus recevoir la newsletter, cliquez sur le lien en bas de tout e-mail relatif au service de newsletter ou, en cas de probl\u00e8me, envoyez une demande \u00e0 : info@relaxsrl.com.<\/p>\n<p>&nbsp;<\/p>\n<p>&nbsp;<\/p>\n<p>Derni\u00e8re modification\u00a0: 15\/11\/2021[\/vc_column_text][vc_empty_space height=\u00a0\u00bb100px\u00a0\u00bb][\/vc_column][\/vc_row]<\/p>\n","protected":false},"excerpt":{"rendered":"<p>[vc_row][vc_column][vc_column_text]INFORMATIONS POUR LE TRAITEMENT DES DONN\u00c9ES PERSONNELLES (ENVOI DE LA NEWSLETTER) &nbsp; Cette page d\u00e9crit comment g\u00e9rer le service de newsletter en r\u00e9f\u00e9rence au traitement des donn\u00e9es personnelles des utilisateurs qui s&rsquo;y abonnent. Les informations sont fournies conform\u00e9ment aux articles 13 et 14 du GDPR 2016\/679 et de la l\u00e9gislation nationale en vigueur, \u00e0 ceux [&hellip;]<\/p>\n","protected":false},"author":3,"featured_media":25661,"parent":0,"menu_order":0,"comment_status":"closed","ping_status":"closed","template":"","meta":[],"acf":[],"yoast_head":"<!-- This site is optimized with the Yoast SEO Premium plugin v18.4 (Yoast SEO v18.8) - https:\/\/yoast.com\/wordpress\/plugins\/seo\/ -->\n<title>Newsletter Policy - Relax srl<\/title>\n<meta name=\"robots\" content=\"noindex, follow\" \/>\n<meta property=\"og:locale\" content=\"fr_FR\" \/>\n<meta property=\"og:type\" content=\"article\" \/>\n<meta property=\"og:title\" content=\"Newsletter Policy - Relax srl\" \/>\n<meta property=\"og:description\" content=\"[vc_row][vc_column][vc_column_text]INFORMATIONS POUR LE TRAITEMENT DES DONN\u00c9ES PERSONNELLES (ENVOI DE LA NEWSLETTER) &nbsp; Cette page d\u00e9crit comment g\u00e9rer le service de newsletter en r\u00e9f\u00e9rence au traitement des donn\u00e9es personnelles des utilisateurs qui s&rsquo;y abonnent. Les informations sont fournies conform\u00e9ment aux articles 13 et 14 du GDPR 2016\/679 et de la l\u00e9gislation nationale en vigueur, \u00e0 ceux [&hellip;]\" \/>\n<meta property=\"og:url\" content=\"https:\/\/relaxsrl.com\/fr\/newsletter-policy\/\" \/>\n<meta property=\"og:site_name\" content=\"Relax srl\" \/>\n<meta property=\"article:modified_time\" content=\"2023-07-07T06:54:21+00:00\" \/>\n<meta property=\"og:image\" content=\"https:\/\/relaxsrl.com\/website\/wp-content\/uploads\/2023\/02\/X_NEUTRA_RELAX.jpg\" \/>\n\t<meta property=\"og:image:width\" content=\"500\" \/>\n\t<meta property=\"og:image:height\" content=\"500\" \/>\n\t<meta property=\"og:image:type\" content=\"image\/jpeg\" \/>\n<meta name=\"twitter:card\" content=\"summary_large_image\" \/>\n<meta name=\"twitter:label1\" content=\"Dur\u00e9e de lecture estim\u00e9e\" \/>\n\t<meta name=\"twitter:data1\" content=\"7 minutes\" \/>\n<script type=\"application\/ld+json\" class=\"yoast-schema-graph\">{\"@context\":\"https:\/\/schema.org\",\"@graph\":[{\"@type\":\"WebSite\",\"@id\":\"https:\/\/relaxsrl.com\/#website\",\"url\":\"https:\/\/relaxsrl.com\/\",\"name\":\"Relax srl\",\"description\":\"\",\"potentialAction\":[{\"@type\":\"SearchAction\",\"target\":{\"@type\":\"EntryPoint\",\"urlTemplate\":\"https:\/\/relaxsrl.com\/?s={search_term_string}\"},\"query-input\":\"required name=search_term_string\"}],\"inLanguage\":\"fr-FR\"},{\"@type\":\"ImageObject\",\"inLanguage\":\"fr-FR\",\"@id\":\"https:\/\/relaxsrl.com\/fr\/newsletter-policy\/#primaryimage\",\"url\":\"https:\/\/relaxsrl.com\/website\/wp-content\/uploads\/2023\/02\/X_NEUTRA_RELAX.jpg\",\"contentUrl\":\"https:\/\/relaxsrl.com\/website\/wp-content\/uploads\/2023\/02\/X_NEUTRA_RELAX.jpg\",\"width\":500,\"height\":500},{\"@type\":\"WebPage\",\"@id\":\"https:\/\/relaxsrl.com\/fr\/newsletter-policy\/#webpage\",\"url\":\"https:\/\/relaxsrl.com\/fr\/newsletter-policy\/\",\"name\":\"Newsletter Policy - Relax srl\",\"isPartOf\":{\"@id\":\"https:\/\/relaxsrl.com\/#website\"},\"primaryImageOfPage\":{\"@id\":\"https:\/\/relaxsrl.com\/fr\/newsletter-policy\/#primaryimage\"},\"datePublished\":\"2021-11-25T14:58:53+00:00\",\"dateModified\":\"2023-07-07T06:54:21+00:00\",\"breadcrumb\":{\"@id\":\"https:\/\/relaxsrl.com\/fr\/newsletter-policy\/#breadcrumb\"},\"inLanguage\":\"fr-FR\",\"potentialAction\":[{\"@type\":\"ReadAction\",\"target\":[\"https:\/\/relaxsrl.com\/fr\/newsletter-policy\/\"]}]},{\"@type\":\"BreadcrumbList\",\"@id\":\"https:\/\/relaxsrl.com\/fr\/newsletter-policy\/#breadcrumb\",\"itemListElement\":[{\"@type\":\"ListItem\",\"position\":1,\"name\":\"Newsletter Policy\"}]}]}<\/script>\n<!-- \/ Yoast SEO Premium plugin. -->","yoast_head_json":{"title":"Newsletter Policy - Relax srl","robots":{"index":"noindex","follow":"follow"},"og_locale":"fr_FR","og_type":"article","og_title":"Newsletter Policy - Relax srl","og_description":"[vc_row][vc_column][vc_column_text]INFORMATIONS POUR LE TRAITEMENT DES DONN\u00c9ES PERSONNELLES (ENVOI DE LA NEWSLETTER) &nbsp; Cette page d\u00e9crit comment g\u00e9rer le service de newsletter en r\u00e9f\u00e9rence au traitement des donn\u00e9es personnelles des utilisateurs qui s&rsquo;y abonnent. Les informations sont fournies conform\u00e9ment aux articles 13 et 14 du GDPR 2016\/679 et de la l\u00e9gislation nationale en vigueur, \u00e0 ceux [&hellip;]","og_url":"https:\/\/relaxsrl.com\/fr\/newsletter-policy\/","og_site_name":"Relax srl","article_modified_time":"2023-07-07T06:54:21+00:00","og_image":[{"width":500,"height":500,"url":"https:\/\/relaxsrl.com\/website\/wp-content\/uploads\/2023\/02\/X_NEUTRA_RELAX.jpg","type":"image\/jpeg"}],"twitter_card":"summary_large_image","twitter_misc":{"Dur\u00e9e de lecture estim\u00e9e":"7 minutes"},"schema":{"@context":"https:\/\/schema.org","@graph":[{"@type":"WebSite","@id":"https:\/\/relaxsrl.com\/#website","url":"https:\/\/relaxsrl.com\/","name":"Relax srl","description":"","potentialAction":[{"@type":"SearchAction","target":{"@type":"EntryPoint","urlTemplate":"https:\/\/relaxsrl.com\/?s={search_term_string}"},"query-input":"required name=search_term_string"}],"inLanguage":"fr-FR"},{"@type":"ImageObject","inLanguage":"fr-FR","@id":"https:\/\/relaxsrl.com\/fr\/newsletter-policy\/#primaryimage","url":"https:\/\/relaxsrl.com\/website\/wp-content\/uploads\/2023\/02\/X_NEUTRA_RELAX.jpg","contentUrl":"https:\/\/relaxsrl.com\/website\/wp-content\/uploads\/2023\/02\/X_NEUTRA_RELAX.jpg","width":500,"height":500},{"@type":"WebPage","@id":"https:\/\/relaxsrl.com\/fr\/newsletter-policy\/#webpage","url":"https:\/\/relaxsrl.com\/fr\/newsletter-policy\/","name":"Newsletter Policy - Relax srl","isPartOf":{"@id":"https:\/\/relaxsrl.com\/#website"},"primaryImageOfPage":{"@id":"https:\/\/relaxsrl.com\/fr\/newsletter-policy\/#primaryimage"},"datePublished":"2021-11-25T14:58:53+00:00","dateModified":"2023-07-07T06:54:21+00:00","breadcrumb":{"@id":"https:\/\/relaxsrl.com\/fr\/newsletter-policy\/#breadcrumb"},"inLanguage":"fr-FR","potentialAction":[{"@type":"ReadAction","target":["https:\/\/relaxsrl.com\/fr\/newsletter-policy\/"]}]},{"@type":"BreadcrumbList","@id":"https:\/\/relaxsrl.com\/fr\/newsletter-policy\/#breadcrumb","itemListElement":[{"@type":"ListItem","position":1,"name":"Newsletter Policy"}]}]}},"_links":{"self":[{"href":"https:\/\/relaxsrl.com\/fr\/wp-json\/wp\/v2\/pages\/12852"}],"collection":[{"href":"https:\/\/relaxsrl.com\/fr\/wp-json\/wp\/v2\/pages"}],"about":[{"href":"https:\/\/relaxsrl.com\/fr\/wp-json\/wp\/v2\/types\/page"}],"author":[{"embeddable":true,"href":"https:\/\/relaxsrl.com\/fr\/wp-json\/wp\/v2\/users\/3"}],"replies":[{"embeddable":true,"href":"https:\/\/relaxsrl.com\/fr\/wp-json\/wp\/v2\/comments?post=12852"}],"version-history":[{"count":4,"href":"https:\/\/relaxsrl.com\/fr\/wp-json\/wp\/v2\/pages\/12852\/revisions"}],"predecessor-version":[{"id":28975,"href":"https:\/\/relaxsrl.com\/fr\/wp-json\/wp\/v2\/pages\/12852\/revisions\/28975"}],"wp:featuredmedia":[{"embeddable":true,"href":"https:\/\/relaxsrl.com\/fr\/wp-json\/wp\/v2\/media\/25661"}],"wp:attachment":[{"href":"https:\/\/relaxsrl.com\/fr\/wp-json\/wp\/v2\/media?parent=12852"}],"curies":[{"name":"wp","href":"https:\/\/api.w.org\/{rel}","templated":true}]}}