{"id":12742,"date":"2021-11-24T17:23:59","date_gmt":"2021-11-24T16:23:59","guid":{"rendered":"http:\/\/relaxsrl.com\/aide-au-choix\/petite-cabine-de-douche\/"},"modified":"2024-11-18T14:18:01","modified_gmt":"2024-11-18T13:18:01","slug":"petite-cabine-de-douche","status":"publish","type":"page","link":"https:\/\/relaxsrl.com\/fr\/aide-au-choix\/petite-cabine-de-douche\/","title":{"rendered":"Petite cabine de douche"},"content":{"rendered":"<p>[vc_row full_width=\u00a0\u00bbstretch_row\u00a0\u00bb content_placement=\u00a0\u00bbmiddle\u00a0\u00bb el_class=\u00a0\u00bbintro-row intro-row-grey\u00a0\u00bb][vc_column][vc_column_text]<\/p>\n<h1>Petite cabine de douche<\/h1>\n<p>[\/vc_column_text][\/vc_column][\/vc_row][vc_row el_class=\u00a0\u00bbrow-path\u00a0\u00bb][vc_column][vc_column_text][\/vc_column_text][\/vc_column][\/vc_row][vc_row][vc_column][vc_single_image image=\u00a0\u00bb2550&Prime; img_size=\u00a0\u00bbfull\u00a0\u00bb][\/vc_column][\/vc_row][vc_row][vc_column width=\u00a0\u00bb1\/6&Prime;][\/vc_column][vc_column width=\u00a0\u00bb2\/3&Prime;][vc_empty_space height=\u00a0\u00bb40px\u00a0\u00bb][vc_column_text el_class=\u00a0\u00bbtxt-blue abstract weight500&Prime;]M\u00eame la petite cabine de douche peut \u00eatre beau et soign\u00e9 en d\u00e9tail, tout d\u00e9pend des finitions et des solutions adopt\u00e9es. Les ouvertures coulissantes, \u00e0 battants, pliable et \u00e0 saloon sont particuli\u00e8rement indiqu\u00e9es. Toutes les solutions sont certifi\u00e9es <a href=\"https:\/\/www.tuvsud.com\/fr-fr\">T\u00dcV S\u00dcD<\/a>.[\/vc_column_text][vc_empty_space height=\u00a0\u00bb35px\u00a0\u00bb][\/vc_column][\/vc_row][vc_row][vc_column width=\u00a0\u00bb1\/6&Prime;][\/vc_column][vc_column width=\u00a0\u00bb2\/3&Prime;][vc_column_text]<\/p>\n<ul>\n<li><a class=\"link-interno link-interno-paragrafo-1\" href=\"#\">Quand une cabine de douche est petite<\/a><\/li>\n<li>Les meilleures ouvertures pour la petite cabine de douche\n<ul>\n<li><a class=\"link-interno link-interno-paragrafo-2\" href=\"#\">Coulissantes <\/a><\/li>\n<li><a class=\"link-interno link-interno-paragrafo-3\" href=\"#\">Battantes<\/a><\/li>\n<li><a class=\"link-interno link-interno-paragrafo-4\" href=\"#\">Pliable<\/a><\/li>\n<li><a class=\"link-interno link-interno-paragrafo-5\" href=\"#\">Saloon<\/a><\/li>\n<\/ul>\n<\/li>\n<\/ul>\n<p>[\/vc_column_text][vc_empty_space height=\u00a0\u00bb40px\u00a0\u00bb][\/vc_column][\/vc_row][vc_row el_id=\u00a0\u00bbparagrafo-1&Prime;][vc_column width=\u00a0\u00bb1\/6&Prime;][\/vc_column][vc_column width=\u00a0\u00bb2\/3&Prime;][vc_column_text]<\/p>\n<h2>Quand une cabine de douche est petite<\/h2>\n<p>On d\u00e9finit une petite cabine de douche lorsque les dimensions sont:<\/p>\n<ul>\n<li>70&#215;70 cm<\/li>\n<li>70&#215;90 cm<\/li>\n<li>70&#215;80 cm<\/li>\n<li>80&#215;80 cm<\/li>\n<\/ul>\n<p>Ne pensez pas que la petite cabine de douche est limit\u00e9e dans les solutions ou qu\u2019elle est forc\u00e9ment insignifiante, ou qu\u2019elle est synonyme de cabine de douche \u00e9conomique. Il peut en effet \u00eatre d\u00e9clin\u00e9 de diff\u00e9rentes mani\u00e8res et avec <strong>diff\u00e9rentes finitions<\/strong> de l\u2019aluminium et du verre qui le rendent parfaitement <strong>int\u00e9grable m\u00eame dans des salles de bains avec des d\u00e9tails de valeur.<\/strong>[\/vc_column_text][vc_empty_space height=\u00a0\u00bb40px\u00a0\u00bb][\/vc_column][\/vc_row][vc_row][vc_column width=\u00a0\u00bb1\/6&Prime;][\/vc_column][vc_column width=\u00a0\u00bb2\/3&Prime;][vc_column_text]<\/p>\n<h2>Les meilleures ouvertures pour la petite cabine de douche<\/h2>\n<p>[\/vc_column_text][vc_empty_space height=\u00a0\u00bb20px\u00a0\u00bb][\/vc_column][\/vc_row][vc_row el_id=\u00a0\u00bbparagrafo-2&Prime;][vc_column width=\u00a0\u00bb1\/6&Prime;][\/vc_column][vc_column width=\u00a0\u00bb2\/3&Prime;][vc_column_text]<\/p>\n<h3>Portes coulissante<\/h3>\n<p>\u00c9tant donn\u00e9 la taille de la cabine, vous ne pouvez utiliser des portes coulissantes que<strong> si les deux sont coulissantes<\/strong>, de sorte que vous avez un<strong> espace d\u2019entr\u00e9e suffisant.<\/strong> C\u2019est parce que la porte coulissante est compos\u00e9e de deux parties, une fixe et une note qui coule. Si l\u2019on consid\u00e8re en effet l\u2019\u00e9paisseur du profil qui est fix\u00e9, l\u2019espace utile sur chaque c\u00f4t\u00e9 pour glisser est moins de la moiti\u00e9 (pour un c\u00f4t\u00e9 de 70 est 30 cm). Si vous utilisez la porte coulissante pour les deux portes, vous atteignez <strong>45 cm d\u2019entr\u00e9e, le minimum requis pour acc\u00e9der \u00e0 une douche.<\/strong>[\/vc_column_text][vc_empty_space height=\u00a0\u00bb20px\u00a0\u00bb][\/vc_column][\/vc_row][vc_row el_id=\u00a0\u00bbparagrafo-3&Prime;][vc_column width=\u00a0\u00bb1\/6&Prime;][\/vc_column][vc_column width=\u00a0\u00bb2\/3&Prime;][vc_column_text]<\/p>\n<h3>Portes battante<\/h3>\n<p>La porte battante est une excellente solution parce que<strong> l\u2019espace utile d\u2019entr\u00e9e est presque totale.<\/strong> Il demande cependant attention aux dimensions pr\u00e9sentes \u00e0 proximit\u00e9, comme sanitaires, meubles ou machines \u00e0 laver et autres, car c\u2019est une porte qui <strong>occupe de l\u2019espace en ouverture vers l\u2019ext\u00e9rieur<\/strong>. Cela semble banal, mais souvent les gens remarquent quand tout est install\u00e9 que les espaces sont peu utilisables. Conseille: \u00e9tudier bien le plan de bain et<strong> calculer les distances entre les diff\u00e9rents \u00e9l\u00e9ments.<\/strong>[\/vc_column_text][vc_empty_space height=\u00a0\u00bb20px\u00a0\u00bb][\/vc_column][\/vc_row][vc_row el_id=\u00a0\u00bbparagrafo-4&Prime;][vc_column width=\u00a0\u00bb1\/6&Prime;][\/vc_column][vc_column width=\u00a0\u00bb2\/3&Prime;][vc_column_text]<\/p>\n<h3>Portes pliable<\/h3>\n<p>Une petite douche \u00e0 ouverture pliable, \u00e9galement appel\u00e9e ouverture \u00e0 livre ou \u00e0 accord\u00e9on ou r\u00e9tractable, est une solution tr\u00e8s utilis\u00e9e car elle <strong>garantit une entr\u00e9e utile d\u2019environ 90%<\/strong> par rapport \u00e0 la largeur de la porte. Son fonctionnement, en outre, occupe un <strong>espace minimal vers l\u2019ext\u00e9rieur<\/strong> et permet de<strong> multiples solutions,<\/strong> parmi lesquelles le double soufflet sans cadre, l\u2019union d\u2019une porte \u00e0 soufflet et d\u2019un c\u00f4t\u00e9 fixe, soit avec cadre soit sans cadre, ainsi que diff\u00e9rentes \u00e9paisseurs pour le verre.[\/vc_column_text][vc_empty_space height=\u00a0\u00bb40px\u00a0\u00bb][\/vc_column][\/vc_row][vc_row el_id=\u00a0\u00bbparagrafo-5&Prime;][vc_column width=\u00a0\u00bb1\/6&Prime;][\/vc_column][vc_column width=\u00a0\u00bb2\/3&Prime;][vc_column_text]<\/p>\n<h3>Portes saloon<\/h3>\n<p>C\u2019est une solution <strong>tr\u00e8s pratique<\/strong> qui permet la <strong>double ouverture<\/strong>, vers l\u2019int\u00e9rieur et vers l\u2019ext\u00e9rieur, et fait respirer l\u2019environnement parce qu\u2019il remplace la porte unique en cristal avec deux dimensions r\u00e9duites et rapide \u00e0 utiliser.[\/vc_column_text][vc_empty_space height=\u00a0\u00bb40px\u00a0\u00bb][\/vc_column][\/vc_row][vc_row][vc_column][vc_empty_space height=\u00a0\u00bb50px\u00a0\u00bb][vc_column_text]<\/p>\n<h3 style=\"text-align: center;\">Quelques exemples de petite cabine de douche de Relax<\/h3>\n<p>[\/vc_column_text][vc_empty_space height=\u00a0\u00bb30px\u00a0\u00bb]<div class=\"woocommerce columns-4 \"><ul class=\"products columns-4\">\n<li class=\"product type-product post-13820 status-publish first instock product_cat-3-lati-en product_cat-3-lati-de product_cat-3-lati-fr product_cat-3- product_cat-box-doccia-en product_cat-box-doccia-de product_cat-cabina-doccia-piccola product_cat-cabina-doccia-salvaspazio product_cat-cabine-de-douche product_cat-guide-de-selection-cabine-de-douche-peu-encombrante product_cat-collections-en product_cat-collections product_cat-selection-guide-en product_cat-guida-alla-scelta-de product_cat-guide-de-selection product_cat-lyra-fr product_cat-lyra-en product_cat-lyra-de product_cat-lyra-ru product_cat-nicchia-de product_cat-niche product_cat-niche-fr product_cat-guide-de-selection-petite-cabine-de-douche product_cat-saloon-de-4 product_cat-saloon product_cat-niche-saloon product_cat-niche-saloon-fr product_cat-saloon-de-3 product_cat-collezioni-de product_cat-selection-guide-small-shower-enclosure product_cat-selection-guide-space-saving-shower-enclosure product_cat-tipologia-prodotto-de product_cat-tipologia-prodotto-en product_cat-type-de-produit product_cat-1618 product_cat-1568 product_cat-1605 product_cat-1604 product_cat-1637 product_cat-1594 product_cat-3--- product_cat-1630 product_cat-1617 has-post-thumbnail shipping-taxable product-type-simple\">\n\t<div class=\"woocommerce-loop-product__short_description\" itemprop=\"description\"><a href=\"https:\/\/relaxsrl.com\/fr\/produit\/lyra-b2\/\" class=\"woocommerce-LoopProduct-link woocommerce-loop-product__link\"><p>Cabine de douche en niche avec porte de carr\u00e9 avec syst\u00e8me d&rsquo;alignement des portes.<\/p>\n<\/a><\/div><\/li>\n<li class=\"product type-product post-13817 status-publish instock product_cat-3-lati-en product_cat-3-lati-de product_cat-3-lati-fr product_cat-3- product_cat-box-doccia-en product_cat-box-doccia-de product_cat-cabina-doccia-piccola product_cat-cabine-de-douche product_cat-collections-en product_cat-collections product_cat-selection-guide-foldable product_cat-niche-folding product_cat-selection-guide-en product_cat-guida-alla-scelta-de product_cat-guide-de-selection product_cat-lyra-en product_cat-lyra-fr product_cat-lyra-de product_cat-lyra-ru product_cat-nicchia-de product_cat-niche product_cat-niche-fr product_cat-guide-de-selection-petite-cabine-de-douche product_cat-guide-de-selection-pliable product_cat-niche-pliable product_cat-collezioni-de product_cat-selection-guide-small-shower-enclosure product_cat-soffietto-de-2 product_cat-soffietto-de-3 product_cat-soffietto-de-4 product_cat-soffietto-fr product_cat-tipologia-prodotto-de product_cat-tipologia-prodotto-en product_cat-type-de-produit product_cat-1618 product_cat-1568 product_cat-1604 product_cat-1637 product_cat-1594 product_cat-3--- product_cat-1634 product_cat-1611 product_cat-1617 has-post-thumbnail shipping-taxable product-type-simple\">\n\t<div class=\"woocommerce-loop-product__short_description\" itemprop=\"description\"><a href=\"https:\/\/relaxsrl.com\/fr\/produit\/lyra-ps\/\" class=\"woocommerce-LoopProduct-link woocommerce-loop-product__link\"><p>Cabine de douche en niche avec ouverture rabattable et poign\u00e9e int\u00e9gr\u00e9e dans le verre.<\/p>\n<\/a><\/div><\/li>\n<li class=\"product type-product post-13815 status-publish instock product_cat-3-lati-fr product_cat-3-lati-de product_cat-3-lati-en product_cat-3- product_cat-angolare-en product_cat-angolare-de product_cat-angulaire product_cat-box-doccia-de product_cat-box-doccia-en product_cat-cabina-doccia-piccola product_cat-cabine-de-douche product_cat-collections-en product_cat-collections product_cat-angulaire-coulissante product_cat-flat-fr product_cat-flat-ru product_cat-flat-de product_cat-flat-en product_cat-selection-guide-en product_cat-guida-alla-scelta-de product_cat-guide-de-selection product_cat-guide-de-selection-petite-cabine-de-douche product_cat-collezioni-de product_cat-scorrevole-fr product_cat-scorrevole-de-2 product_cat-scorrevole product_cat-scorrevole-de product_cat-angular-sliding product_cat-selection-guide-small-shower-enclosure product_cat-tipologia-prodotto-de product_cat-tipologia-prodotto-en product_cat-type-de-produit product_cat-1618 product_cat-1568 product_cat-1604 product_cat-1632 product_cat-3--- product_cat-1594 product_cat-1617 product_cat-1626 has-post-thumbnail shipping-taxable product-type-simple\">\n\t<div class=\"woocommerce-loop-product__short_description\" itemprop=\"description\"><a href=\"https:\/\/relaxsrl.com\/fr\/produit\/flat-a-flat-a\/\" class=\"woocommerce-LoopProduct-link woocommerce-loop-product__link\"><p>Cabine de douche avec double porte coulissante et 7 cm de r\u00e9glage.<\/p>\n<\/a><\/div><\/li>\n<\/ul>\n<\/div>[\/vc_column][\/vc_row][vc_row full_width=\u00a0\u00bbstretch_row_content_no_spaces\u00a0\u00bb equal_height=\u00a0\u00bbyes\u00a0\u00bb content_placement=\u00a0\u00bbmiddle\u00a0\u00bb el_class=\u00a0\u00bbrow-over-footer row-cta-over-footer\u00a0\u00bb][vc_column width=\u00a0\u00bb1\/2&Prime;][vc_single_image image=\u00a0\u00bb31361&Prime; img_size=\u00a0\u00bbfull\u00a0\u00bb][\/vc_column][vc_column width=\u00a0\u00bb1\/2&Prime; css=\u00a0\u00bb.vc_custom_1632910102877{background-image: url(http:\/\/relaxsrl.com\/wp-content\/uploads\/2021\/09\/cta-piccola-opaco.jpg?id=2525) !important;background-position: center !important;background-repeat: no-repeat !important;background-size: cover !important;}\u00a0\u00bb el_class=\u00a0\u00bbrow-cta-over-footer-col-text\u00a0\u00bb][vc_row_inner][vc_column_inner width=\u00a0\u00bb1\/4&Prime;][\/vc_column_inner][vc_column_inner width=\u00a0\u00bb1\/2&Prime;][vc_column_text]<\/p>\n<h2 style=\"text-align: center;\">Vous voulez en savoir plus?<\/h2>\n<p style=\"text-align: center;\">Vous aurez surement des questions sp\u00e9cifiques sur votre situation. \u00c9crivez-nous maintenant et un de nos experts vous r\u00e9pondra.<\/p>\n<p>[\/vc_column_text][vc_btn title=\u00a0\u00bbDEMANDER DES INFORMATIONS\u00a0\u00bb style=\u00a0\u00bbclassic\u00a0\u00bb shape=\u00a0\u00bbsquare\u00a0\u00bb color=\u00a0\u00bbwhite\u00a0\u00bb align=\u00a0\u00bbcenter\u00a0\u00bb el_class=\u00a0\u00bbbtn-default-white\u00a0\u00bb link=\u00a0\u00bburl:http%3A%2F%2Frelaxsrl.com%2Ffr%2Fcontacts%2F|title:DEMANDER%20DES%20INFORMATIONS|\u00a0\u00bb][\/vc_column_inner][vc_column_inner width=\u00a0\u00bb1\/4&Prime;][\/vc_column_inner][\/vc_row_inner][\/vc_column][\/vc_row]<\/p>\n","protected":false},"excerpt":{"rendered":"<p>[vc_row full_width=\u00a0\u00bbstretch_row\u00a0\u00bb content_placement=\u00a0\u00bbmiddle\u00a0\u00bb el_class=\u00a0\u00bbintro-row intro-row-grey\u00a0\u00bb][vc_column][vc_column_text] Petite cabine de douche [\/vc_column_text][\/vc_column][\/vc_row][vc_row el_class=\u00a0\u00bbrow-path\u00a0\u00bb][vc_column][vc_column_text][\/vc_column_text][\/vc_column][\/vc_row][vc_row][vc_column][vc_single_image image=\u00a0\u00bb2550&Prime; img_size=\u00a0\u00bbfull\u00a0\u00bb][\/vc_column][\/vc_row][vc_row][vc_column width=\u00a0\u00bb1\/6&Prime;][\/vc_column][vc_column width=\u00a0\u00bb2\/3&Prime;][vc_empty_space height=\u00a0\u00bb40px\u00a0\u00bb][vc_column_text el_class=\u00a0\u00bbtxt-blue abstract weight500&Prime;]M\u00eame la petite cabine de douche peut \u00eatre beau et soign\u00e9 en d\u00e9tail, tout d\u00e9pend des finitions et des solutions adopt\u00e9es. Les ouvertures coulissantes, \u00e0 battants, pliable et \u00e0 saloon sont particuli\u00e8rement indiqu\u00e9es. Toutes les solutions sont [&hellip;]<\/p>\n","protected":false},"author":3,"featured_media":2550,"parent":11392,"menu_order":0,"comment_status":"closed","ping_status":"closed","template":"","meta":[],"acf":[],"yoast_head":"<!-- This site is optimized with the Yoast SEO Premium plugin v18.4 (Yoast SEO v18.8) - https:\/\/yoast.com\/wordpress\/plugins\/seo\/ -->\n<title>Petite cabine de douche - Relax srl<\/title>\n<meta name=\"description\" content=\"M\u00eame la petite cabine de douche peut \u00eatre recherch\u00e9e, tout d\u00e9pend des finitions et des solutions adopt\u00e9es. En savoir plus.\" \/>\n<meta name=\"robots\" content=\"index, follow, max-snippet:-1, max-image-preview:large, max-video-preview:-1\" \/>\n<link rel=\"canonical\" href=\"https:\/\/relaxsrl.com\/fr\/aide-au-choix\/petite-cabine-de-douche\/\" \/>\n<meta property=\"og:locale\" content=\"fr_FR\" \/>\n<meta property=\"og:type\" content=\"article\" \/>\n<meta property=\"og:title\" content=\"Petite cabine de douche - Relax srl\" \/>\n<meta property=\"og:description\" content=\"M\u00eame la petite cabine de douche peut \u00eatre recherch\u00e9e, tout d\u00e9pend des finitions et des solutions adopt\u00e9es. En savoir plus.\" \/>\n<meta property=\"og:url\" content=\"https:\/\/relaxsrl.com\/fr\/aide-au-choix\/petite-cabine-de-douche\/\" \/>\n<meta property=\"og:site_name\" content=\"Relax srl\" \/>\n<meta property=\"article:modified_time\" content=\"2024-11-18T13:18:01+00:00\" \/>\n<meta property=\"og:image\" content=\"https:\/\/relaxsrl.com\/website\/wp-content\/uploads\/2021\/09\/LYRA_AA_1.jpg\" \/>\n\t<meta property=\"og:image:width\" content=\"1920\" \/>\n\t<meta property=\"og:image:height\" content=\"1281\" \/>\n\t<meta property=\"og:image:type\" content=\"image\/jpeg\" \/>\n<meta name=\"twitter:card\" content=\"summary_large_image\" \/>\n<meta name=\"twitter:label1\" content=\"Dur\u00e9e de lecture estim\u00e9e\" \/>\n\t<meta name=\"twitter:data1\" content=\"4 minutes\" \/>\n<script type=\"application\/ld+json\" class=\"yoast-schema-graph\">{\"@context\":\"https:\/\/schema.org\",\"@graph\":[{\"@type\":\"WebSite\",\"@id\":\"https:\/\/relaxsrl.com\/#website\",\"url\":\"https:\/\/relaxsrl.com\/\",\"name\":\"Relax srl\",\"description\":\"\",\"potentialAction\":[{\"@type\":\"SearchAction\",\"target\":{\"@type\":\"EntryPoint\",\"urlTemplate\":\"https:\/\/relaxsrl.com\/?s={search_term_string}\"},\"query-input\":\"required name=search_term_string\"}],\"inLanguage\":\"fr-FR\"},{\"@type\":\"ImageObject\",\"inLanguage\":\"fr-FR\",\"@id\":\"https:\/\/relaxsrl.com\/fr\/aide-au-choix\/petite-cabine-de-douche\/#primaryimage\",\"url\":\"https:\/\/relaxsrl.com\/website\/wp-content\/uploads\/2021\/09\/LYRA_AA_1.jpg\",\"contentUrl\":\"https:\/\/relaxsrl.com\/website\/wp-content\/uploads\/2021\/09\/LYRA_AA_1.jpg\",\"width\":1920,\"height\":1281,\"caption\":\"Cabina doccia piccola ad angolo con profili in alluminio e ante scorrevoli\"},{\"@type\":\"WebPage\",\"@id\":\"https:\/\/relaxsrl.com\/fr\/aide-au-choix\/petite-cabine-de-douche\/#webpage\",\"url\":\"https:\/\/relaxsrl.com\/fr\/aide-au-choix\/petite-cabine-de-douche\/\",\"name\":\"Petite cabine de douche - Relax srl\",\"isPartOf\":{\"@id\":\"https:\/\/relaxsrl.com\/#website\"},\"primaryImageOfPage\":{\"@id\":\"https:\/\/relaxsrl.com\/fr\/aide-au-choix\/petite-cabine-de-douche\/#primaryimage\"},\"datePublished\":\"2021-11-24T16:23:59+00:00\",\"dateModified\":\"2024-11-18T13:18:01+00:00\",\"description\":\"M\u00eame la petite cabine de douche peut \u00eatre recherch\u00e9e, tout d\u00e9pend des finitions et des solutions adopt\u00e9es. En savoir plus.\",\"breadcrumb\":{\"@id\":\"https:\/\/relaxsrl.com\/fr\/aide-au-choix\/petite-cabine-de-douche\/#breadcrumb\"},\"inLanguage\":\"fr-FR\",\"potentialAction\":[{\"@type\":\"ReadAction\",\"target\":[\"https:\/\/relaxsrl.com\/fr\/aide-au-choix\/petite-cabine-de-douche\/\"]}]},{\"@type\":\"BreadcrumbList\",\"@id\":\"https:\/\/relaxsrl.com\/fr\/aide-au-choix\/petite-cabine-de-douche\/#breadcrumb\",\"itemListElement\":[{\"@type\":\"ListItem\",\"position\":1,\"name\":\"Aide au choix\",\"item\":\"https:\/\/relaxsrl.com\/fr\/aide-au-choix\/\"},{\"@type\":\"ListItem\",\"position\":2,\"name\":\"Petite cabine de douche\"}]}]}<\/script>\n<!-- \/ Yoast SEO Premium plugin. -->","yoast_head_json":{"title":"Petite cabine de douche - Relax srl","description":"M\u00eame la petite cabine de douche peut \u00eatre recherch\u00e9e, tout d\u00e9pend des finitions et des solutions adopt\u00e9es. En savoir plus.","robots":{"index":"index","follow":"follow","max-snippet":"max-snippet:-1","max-image-preview":"max-image-preview:large","max-video-preview":"max-video-preview:-1"},"canonical":"https:\/\/relaxsrl.com\/fr\/aide-au-choix\/petite-cabine-de-douche\/","og_locale":"fr_FR","og_type":"article","og_title":"Petite cabine de douche - Relax srl","og_description":"M\u00eame la petite cabine de douche peut \u00eatre recherch\u00e9e, tout d\u00e9pend des finitions et des solutions adopt\u00e9es. En savoir plus.","og_url":"https:\/\/relaxsrl.com\/fr\/aide-au-choix\/petite-cabine-de-douche\/","og_site_name":"Relax srl","article_modified_time":"2024-11-18T13:18:01+00:00","og_image":[{"width":1920,"height":1281,"url":"https:\/\/relaxsrl.com\/website\/wp-content\/uploads\/2021\/09\/LYRA_AA_1.jpg","type":"image\/jpeg"}],"twitter_card":"summary_large_image","twitter_misc":{"Dur\u00e9e de lecture estim\u00e9e":"4 minutes"},"schema":{"@context":"https:\/\/schema.org","@graph":[{"@type":"WebSite","@id":"https:\/\/relaxsrl.com\/#website","url":"https:\/\/relaxsrl.com\/","name":"Relax srl","description":"","potentialAction":[{"@type":"SearchAction","target":{"@type":"EntryPoint","urlTemplate":"https:\/\/relaxsrl.com\/?s={search_term_string}"},"query-input":"required name=search_term_string"}],"inLanguage":"fr-FR"},{"@type":"ImageObject","inLanguage":"fr-FR","@id":"https:\/\/relaxsrl.com\/fr\/aide-au-choix\/petite-cabine-de-douche\/#primaryimage","url":"https:\/\/relaxsrl.com\/website\/wp-content\/uploads\/2021\/09\/LYRA_AA_1.jpg","contentUrl":"https:\/\/relaxsrl.com\/website\/wp-content\/uploads\/2021\/09\/LYRA_AA_1.jpg","width":1920,"height":1281,"caption":"Cabina doccia piccola ad angolo con profili in alluminio e ante scorrevoli"},{"@type":"WebPage","@id":"https:\/\/relaxsrl.com\/fr\/aide-au-choix\/petite-cabine-de-douche\/#webpage","url":"https:\/\/relaxsrl.com\/fr\/aide-au-choix\/petite-cabine-de-douche\/","name":"Petite cabine de douche - Relax srl","isPartOf":{"@id":"https:\/\/relaxsrl.com\/#website"},"primaryImageOfPage":{"@id":"https:\/\/relaxsrl.com\/fr\/aide-au-choix\/petite-cabine-de-douche\/#primaryimage"},"datePublished":"2021-11-24T16:23:59+00:00","dateModified":"2024-11-18T13:18:01+00:00","description":"M\u00eame la petite cabine de douche peut \u00eatre recherch\u00e9e, tout d\u00e9pend des finitions et des solutions adopt\u00e9es. En savoir plus.","breadcrumb":{"@id":"https:\/\/relaxsrl.com\/fr\/aide-au-choix\/petite-cabine-de-douche\/#breadcrumb"},"inLanguage":"fr-FR","potentialAction":[{"@type":"ReadAction","target":["https:\/\/relaxsrl.com\/fr\/aide-au-choix\/petite-cabine-de-douche\/"]}]},{"@type":"BreadcrumbList","@id":"https:\/\/relaxsrl.com\/fr\/aide-au-choix\/petite-cabine-de-douche\/#breadcrumb","itemListElement":[{"@type":"ListItem","position":1,"name":"Aide au choix","item":"https:\/\/relaxsrl.com\/fr\/aide-au-choix\/"},{"@type":"ListItem","position":2,"name":"Petite cabine de douche"}]}]}},"_links":{"self":[{"href":"https:\/\/relaxsrl.com\/fr\/wp-json\/wp\/v2\/pages\/12742"}],"collection":[{"href":"https:\/\/relaxsrl.com\/fr\/wp-json\/wp\/v2\/pages"}],"about":[{"href":"https:\/\/relaxsrl.com\/fr\/wp-json\/wp\/v2\/types\/page"}],"author":[{"embeddable":true,"href":"https:\/\/relaxsrl.com\/fr\/wp-json\/wp\/v2\/users\/3"}],"replies":[{"embeddable":true,"href":"https:\/\/relaxsrl.com\/fr\/wp-json\/wp\/v2\/comments?post=12742"}],"version-history":[{"count":8,"href":"https:\/\/relaxsrl.com\/fr\/wp-json\/wp\/v2\/pages\/12742\/revisions"}],"predecessor-version":[{"id":31373,"href":"https:\/\/relaxsrl.com\/fr\/wp-json\/wp\/v2\/pages\/12742\/revisions\/31373"}],"up":[{"embeddable":true,"href":"https:\/\/relaxsrl.com\/fr\/wp-json\/wp\/v2\/pages\/11392"}],"wp:featuredmedia":[{"embeddable":true,"href":"https:\/\/relaxsrl.com\/fr\/wp-json\/wp\/v2\/media\/2550"}],"wp:attachment":[{"href":"https:\/\/relaxsrl.com\/fr\/wp-json\/wp\/v2\/media?parent=12742"}],"curies":[{"name":"wp","href":"https:\/\/api.w.org\/{rel}","templated":true}]}}