{"id":11411,"date":"2021-11-19T09:07:16","date_gmt":"2021-11-19T08:07:16","guid":{"rendered":"http:\/\/relaxsrl.com\/aide-au-choix\/cabine-de-douche-avec-porte-pivotante\/"},"modified":"2024-11-18T10:57:11","modified_gmt":"2024-11-18T09:57:11","slug":"cabine-de-douche-avec-porte-pivotante","status":"publish","type":"page","link":"https:\/\/relaxsrl.com\/fr\/aide-au-choix\/cabine-de-douche-avec-porte-pivotante\/","title":{"rendered":"Cabine de douche avec porte pivotante"},"content":{"rendered":"<p>[vc_row full_width=\u00a0\u00bbstretch_row\u00a0\u00bb content_placement=\u00a0\u00bbmiddle\u00a0\u00bb el_class=\u00a0\u00bbintro-row intro-row-grey\u00a0\u00bb][vc_column][vc_column_text]<\/p>\n<h1>Cabine de douche avec porte pivotante<\/h1>\n<p>[\/vc_column_text][\/vc_column][\/vc_row][vc_row el_class=\u00a0\u00bbrow-path\u00a0\u00bb][vc_column][vc_column_text][\/vc_column_text][\/vc_column][\/vc_row][vc_row][vc_column][vc_single_image image=\u00a0\u00bb31270&Prime; img_size=\u00a0\u00bbfull\u00a0\u00bb][\/vc_column][\/vc_row][vc_row][vc_column width=\u00a0\u00bb1\/6&Prime;][\/vc_column][vc_column width=\u00a0\u00bb2\/3&Prime;][vc_empty_space height=\u00a0\u00bb40px\u00a0\u00bb][vc_column_text el_class=\u00a0\u00bbtxt-blue abstract weight500&Prime;]La porte pivotante pour les cabines de douche d\u2019angle ou de niche est une solution recherch\u00e9e, id\u00e9ale en pr\u00e9sence d\u2019un radiateur sur le mur parall\u00e8le \u00e0 l\u2019ouverture.[\/vc_column_text][vc_empty_space height=\u00a0\u00bb35px\u00a0\u00bb][\/vc_column][\/vc_row][vc_row][vc_column width=\u00a0\u00bb1\/6&Prime;][\/vc_column][vc_column width=\u00a0\u00bb2\/3&Prime;][vc_column_text]<\/p>\n<ul>\n<li><a class=\"link-interno link-interno-paragrafo-1\" href=\"#\">Porte \u00e0 pivot: caract\u00e9ristiques<\/a><\/li>\n<li><a class=\"link-interno link-interno-paragrafo-2\" href=\"#\">Porte pivotante: dimensions <\/a><\/li>\n<\/ul>\n<p>[\/vc_column_text][vc_empty_space height=\u00a0\u00bb40px\u00a0\u00bb][\/vc_column][\/vc_row][vc_row el_id=\u00a0\u00bbparagrafo-1&Prime;][vc_column width=\u00a0\u00bb1\/6&Prime;][\/vc_column][vc_column width=\u00a0\u00bb2\/3&Prime;][vc_column_text]<\/p>\n<h2>Porte \u00e0 pivot: caract\u00e9ristiques<\/h2>\n<p>La cabine de douche, tant vers l\u2019int\u00e9rieur que vers l\u2019ext\u00e9rieur, a une <strong>porte qui s\u2019ouvre en tournant sur des goujons<\/strong> mont\u00e9s \u00e0 une distance du mur variable de 9 cm \u00e0 18 cm, selon le mod\u00e8le. Cet espace de rotation diminue en cons\u00e9quence l\u2019espace d\u2019entr\u00e9e utile.<br \/>\nUne fois la porte ouverte, qui est d\u00e9centralis\u00e9e par rapport au mur, elle se pose <strong>horizontalement par rapport au mur<\/strong>, sans nous heurter. C\u2019est donc une solution id\u00e9ale si cet espace est occup\u00e9 par un radiateur mural ou un porte-serviette. Toutes les solutions sont certifi\u00e9es <a href=\"https:\/\/www.tuvsud.com\/fr-fr\">T\u00dcV S\u00dcD<\/a>.[\/vc_column_text][vc_empty_space height=\u00a0\u00bb40px\u00a0\u00bb][\/vc_column][\/vc_row][vc_row el_id=\u00a0\u00bbparagrafo-2&Prime;][vc_column width=\u00a0\u00bb1\/6&Prime;][\/vc_column][vc_column width=\u00a0\u00bb2\/3&Prime;][vc_column_text]<\/p>\n<h2>Porte pivotante: dimensions<\/h2>\n<p>Est une solution recherch\u00e9e, g\u00e9n\u00e9ralement propos\u00e9e avec des verres de 6 ou 8 mm. \u00c9tant donn\u00e9 que le poids de la porte ne d\u00e9charge que sur deux points, ceux o\u00f9 sont mont\u00e9s les pivots, il existe des limites pr\u00e9cises pour:<\/p>\n<ul>\n<li><strong>largeur maximale de 100 cm<\/strong> donc, pour r\u00e9soudre les grandes douches, il est toujours possible d\u2019accompagner la porte d\u2019une partie fixe, qui peut varier jusqu\u2019\u00e0 des dimensions consid\u00e9rables<\/li>\n<li><strong>hauteur<\/strong>, donc, selon la mesure demand\u00e9e, sera calcul\u00e9e la largeur maximale pour respecter les normes de qualit\u00e9; par exemple Relax suit les normes Tuv Sud qui garantissent 20.000 ouvertures et fermetures \u00e0 chaque porte.<\/li>\n<\/ul>\n<p>[\/vc_column_text][vc_empty_space height=\u00a0\u00bb40px\u00a0\u00bb][\/vc_column][\/vc_row][vc_row][vc_column][vc_empty_space height=\u00a0\u00bb50px\u00a0\u00bb][vc_column_text]<\/p>\n<h3 style=\"text-align: center;\">Quelques exemples de portes pivotantes pour cabine de douche Relax<\/h3>\n<p>[\/vc_column_text][vc_empty_space height=\u00a0\u00bb30px\u00a0\u00bb]<div class=\"woocommerce columns-4 \"><ul class=\"products columns-4\">\n<li class=\"product type-product post-13905 status-publish first instock product_cat-angolare-de-2 product_cat-angolare-en product_cat-angolare-de product_cat-angulaire product_cat-guide-de-selection-angulaire product_cat-selection-guide-angular product_cat-box-doccia-en product_cat-box-doccia-de product_cat-box-doccia-lineare product_cat-cabine-de-douche product_cat-guide-de-selection-cabine-de-douche-lineaire product_cat-collections-en product_cat-collections product_cat-guida-alla-scelta-de product_cat-selection-guide-en product_cat-guide-de-selection product_cat-kubik-en product_cat-kubik-fr product_cat-kubik-de product_cat-kubik-ru product_cat-selection-guide-linear-shower-enclosures product_cat-guide-de-selection-pivot product_cat-pivot-de-4 product_cat-selection-guide-pivot product_cat-angular-pivot product_cat-pivot-de product_cat-angulaire-pivot product_cat-collezioni-de product_cat-tipologia-prodotto-en product_cat-tipologia-prodotto-de product_cat-type-de-produit product_cat-1618 product_cat-1568 product_cat-1601 product_cat-1609 product_cat-1628 product_cat-1594 product_cat-1617 product_cat-1596 product_cat-1626 has-post-thumbnail shipping-taxable product-type-simple\">\n\t<div class=\"woocommerce-loop-product__short_description\" itemprop=\"description\"><a href=\"https:\/\/relaxsrl.com\/fr\/produit\/kubik-ab-kubik-f\/\" class=\"woocommerce-LoopProduct-link woocommerce-loop-product__link\"><p>Cabine de douche avec porte battante caract\u00e9ris\u00e9e par une ouverture interne et externe et une ouverture pivotante.<\/p>\n<\/a><\/div><\/li>\n<li class=\"product type-product post-13906 status-publish instock product_cat-angolare-de product_cat-angolare-en product_cat-angulaire product_cat-box-doccia-en product_cat-box-doccia-de product_cat-cabine-de-douche product_cat-collections product_cat-collections-en product_cat-selection-guide-en product_cat-guida-alla-scelta-de product_cat-guide-de-selection product_cat-kubik-ru product_cat-kubik-en product_cat-kubik-fr product_cat-kubik-de product_cat-guide-de-selection-pivot product_cat-pivot-de-4 product_cat-selection-guide-pivot product_cat-angular-pivot product_cat-pivot-de product_cat-angulaire-pivot product_cat-collezioni-de product_cat-tipologia-prodotto-de product_cat-tipologia-prodotto-en product_cat-type-de-produit product_cat-1618 product_cat-1568 product_cat-1628 product_cat-1609 product_cat-1594 product_cat-1617 product_cat-1626 has-post-thumbnail shipping-taxable product-type-simple\">\n\t<div class=\"woocommerce-loop-product__short_description\" itemprop=\"description\"><a href=\"https:\/\/relaxsrl.com\/fr\/produit\/kubik-pa-kubik-f\/\" class=\"woocommerce-LoopProduct-link woocommerce-loop-product__link\"><p>Cabine de douche avec porte fixe et battante avec ouverture int\u00e9rieure et ext\u00e9rieure et ouverture pivotante.<\/p>\n<\/a><\/div><\/li>\n<li class=\"product type-product post-13839 status-publish instock product_cat-3-lati-en product_cat-3-lati-fr product_cat-3-lati-de product_cat-3- product_cat-box-doccia-de product_cat-box-doccia-en product_cat-cabine-de-douche product_cat-collections product_cat-collections-en product_cat-selection-guide-en product_cat-guida-alla-scelta-de product_cat-guide-de-selection product_cat-nicchia-de product_cat-niche product_cat-niche-fr product_cat-selection-guide-pivot product_cat-guide-de-selection-pivot product_cat-pivot-de-2 product_cat-pivot product_cat-niche-pivot product_cat-pivot-de-3 product_cat-pivot-de-4 product_cat-niche-pivot-fr product_cat-collezioni-de product_cat-tipologia-prodotto-en product_cat-tipologia-prodotto-de product_cat-type-de-produit product_cat-unico-en product_cat-unico-fr product_cat-unico-ru product_cat-unico-de product_cat-1618 product_cat-1568 product_cat-1637 product_cat-1631 product_cat-1609 product_cat-3--- product_cat-1594 product_cat-1617 has-post-thumbnail shipping-taxable product-type-simple\">\n\t<div class=\"woocommerce-loop-product__short_description\" itemprop=\"description\"><a href=\"https:\/\/relaxsrl.com\/fr\/produit\/unico-b1\/\" class=\"woocommerce-LoopProduct-link woocommerce-loop-product__link\"><p>Cabine de douche en niche avec porte battante et profil\u00e9 d\u00e9coratif sup\u00e9rieur personnalisable.<\/p>\n<\/a><\/div><\/li>\n<\/ul>\n<\/div>[\/vc_column][\/vc_row][vc_row full_width=\u00a0\u00bbstretch_row_content_no_spaces\u00a0\u00bb equal_height=\u00a0\u00bbyes\u00a0\u00bb content_placement=\u00a0\u00bbmiddle\u00a0\u00bb el_class=\u00a0\u00bbrow-over-footer row-cta-over-footer\u00a0\u00bb][vc_column width=\u00a0\u00bb1\/2&Prime;][vc_single_image image=\u00a0\u00bb31280&Prime; img_size=\u00a0\u00bbfull\u00a0\u00bb][\/vc_column][vc_column width=\u00a0\u00bb1\/2&Prime; css=\u00a0\u00bb.vc_custom_1632907596628{background-image: url(http:\/\/relaxsrl.com\/wp-content\/uploads\/2021\/09\/cta-pivot-opaco.jpg?id=2342) !important;background-position: center !important;background-repeat: no-repeat !important;background-size: cover !important;}\u00a0\u00bb el_class=\u00a0\u00bbrow-cta-over-footer-col-text\u00a0\u00bb][vc_row_inner][vc_column_inner width=\u00a0\u00bb1\/4&Prime;][\/vc_column_inner][vc_column_inner width=\u00a0\u00bb1\/2&Prime;][vc_column_text]<\/p>\n<h2 style=\"text-align: center;\">D\u00e9couvrez les produits Relax<\/h2>\n<p style=\"text-align: center;\">Utilisez notre configurateur pour trouver la proposition la mieux adapt\u00e9e \u00e0 vos besoins.<\/p>\n<p>[\/vc_column_text][vc_btn title=\u00a0\u00bbALLER AU CONFIGURATEUR\u00a0\u00bb style=\u00a0\u00bbclassic\u00a0\u00bb shape=\u00a0\u00bbsquare\u00a0\u00bb color=\u00a0\u00bbwhite\u00a0\u00bb align=\u00a0\u00bbcenter\u00a0\u00bb el_class=\u00a0\u00bbbtn-default-white\u00a0\u00bb link=\u00a0\u00bburl:http%3A%2F%2Frelaxsrl.com%2Ffr%2Fproduits%2Fconfigurateur%2F|title:Configurateur\u00a0\u00bb][\/vc_column_inner][vc_column_inner width=\u00a0\u00bb1\/4&Prime;][\/vc_column_inner][\/vc_row_inner][\/vc_column][\/vc_row]<\/p>\n","protected":false},"excerpt":{"rendered":"<p>[vc_row full_width=\u00a0\u00bbstretch_row\u00a0\u00bb content_placement=\u00a0\u00bbmiddle\u00a0\u00bb el_class=\u00a0\u00bbintro-row intro-row-grey\u00a0\u00bb][vc_column][vc_column_text] Cabine de douche avec porte pivotante [\/vc_column_text][\/vc_column][\/vc_row][vc_row el_class=\u00a0\u00bbrow-path\u00a0\u00bb][vc_column][vc_column_text][\/vc_column_text][\/vc_column][\/vc_row][vc_row][vc_column][vc_single_image image=\u00a0\u00bb31270&Prime; img_size=\u00a0\u00bbfull\u00a0\u00bb][\/vc_column][\/vc_row][vc_row][vc_column width=\u00a0\u00bb1\/6&Prime;][\/vc_column][vc_column width=\u00a0\u00bb2\/3&Prime;][vc_empty_space height=\u00a0\u00bb40px\u00a0\u00bb][vc_column_text el_class=\u00a0\u00bbtxt-blue abstract weight500&Prime;]La porte pivotante pour les cabines de douche d\u2019angle ou de niche est une solution recherch\u00e9e, id\u00e9ale en pr\u00e9sence d\u2019un radiateur sur le mur parall\u00e8le \u00e0 l\u2019ouverture.[\/vc_column_text][vc_empty_space height=\u00a0\u00bb35px\u00a0\u00bb][\/vc_column][\/vc_row][vc_row][vc_column width=\u00a0\u00bb1\/6&Prime;][\/vc_column][vc_column width=\u00a0\u00bb2\/3&Prime;][vc_column_text] Porte \u00e0 pivot: caract\u00e9ristiques Porte [&hellip;]<\/p>\n","protected":false},"author":3,"featured_media":31270,"parent":11392,"menu_order":0,"comment_status":"closed","ping_status":"closed","template":"","meta":[],"acf":[],"yoast_head":"<!-- This site is optimized with the Yoast SEO Premium plugin v18.4 (Yoast SEO v18.8) - https:\/\/yoast.com\/wordpress\/plugins\/seo\/ -->\n<title>Cabine de douche avec porte pivotante - Relax srl<\/title>\n<meta name=\"description\" content=\"La cabine de douche avec porte pivotante est une solution sophistiqu\u00e9e, id\u00e9ale en pr\u00e9sence d&#039;un radiateur sur le mur parall\u00e8le \u00e0 l&#039;ouverture.\" \/>\n<meta name=\"robots\" content=\"index, follow, max-snippet:-1, max-image-preview:large, max-video-preview:-1\" \/>\n<link rel=\"canonical\" href=\"https:\/\/relaxsrl.com\/fr\/aide-au-choix\/cabine-de-douche-avec-porte-pivotante\/\" \/>\n<meta property=\"og:locale\" content=\"fr_FR\" \/>\n<meta property=\"og:type\" content=\"article\" \/>\n<meta property=\"og:title\" content=\"Cabine de douche avec porte pivotante - Relax srl\" \/>\n<meta property=\"og:description\" content=\"La cabine de douche avec porte pivotante est une solution sophistiqu\u00e9e, id\u00e9ale en pr\u00e9sence d&#039;un radiateur sur le mur parall\u00e8le \u00e0 l&#039;ouverture.\" \/>\n<meta property=\"og:url\" content=\"https:\/\/relaxsrl.com\/fr\/aide-au-choix\/cabine-de-douche-avec-porte-pivotante\/\" \/>\n<meta property=\"og:site_name\" content=\"Relax srl\" \/>\n<meta property=\"article:modified_time\" content=\"2024-11-18T09:57:11+00:00\" \/>\n<meta property=\"og:image\" content=\"https:\/\/relaxsrl.com\/website\/wp-content\/uploads\/2024\/11\/APERTURA_1.jpg\" \/>\n\t<meta property=\"og:image:width\" content=\"1920\" \/>\n\t<meta property=\"og:image:height\" content=\"1080\" \/>\n\t<meta property=\"og:image:type\" content=\"image\/jpeg\" \/>\n<meta name=\"twitter:card\" content=\"summary_large_image\" \/>\n<meta name=\"twitter:label1\" content=\"Dur\u00e9e de lecture estim\u00e9e\" \/>\n\t<meta name=\"twitter:data1\" content=\"2 minutes\" \/>\n<script type=\"application\/ld+json\" class=\"yoast-schema-graph\">{\"@context\":\"https:\/\/schema.org\",\"@graph\":[{\"@type\":\"WebSite\",\"@id\":\"https:\/\/relaxsrl.com\/#website\",\"url\":\"https:\/\/relaxsrl.com\/\",\"name\":\"Relax srl\",\"description\":\"\",\"potentialAction\":[{\"@type\":\"SearchAction\",\"target\":{\"@type\":\"EntryPoint\",\"urlTemplate\":\"https:\/\/relaxsrl.com\/?s={search_term_string}\"},\"query-input\":\"required name=search_term_string\"}],\"inLanguage\":\"fr-FR\"},{\"@type\":\"ImageObject\",\"inLanguage\":\"fr-FR\",\"@id\":\"https:\/\/relaxsrl.com\/fr\/aide-au-choix\/cabine-de-douche-avec-porte-pivotante\/#primaryimage\",\"url\":\"https:\/\/relaxsrl.com\/website\/wp-content\/uploads\/2024\/11\/APERTURA_1.jpg\",\"contentUrl\":\"https:\/\/relaxsrl.com\/website\/wp-content\/uploads\/2024\/11\/APERTURA_1.jpg\",\"width\":1920,\"height\":1080},{\"@type\":\"WebPage\",\"@id\":\"https:\/\/relaxsrl.com\/fr\/aide-au-choix\/cabine-de-douche-avec-porte-pivotante\/#webpage\",\"url\":\"https:\/\/relaxsrl.com\/fr\/aide-au-choix\/cabine-de-douche-avec-porte-pivotante\/\",\"name\":\"Cabine de douche avec porte pivotante - Relax srl\",\"isPartOf\":{\"@id\":\"https:\/\/relaxsrl.com\/#website\"},\"primaryImageOfPage\":{\"@id\":\"https:\/\/relaxsrl.com\/fr\/aide-au-choix\/cabine-de-douche-avec-porte-pivotante\/#primaryimage\"},\"datePublished\":\"2021-11-19T08:07:16+00:00\",\"dateModified\":\"2024-11-18T09:57:11+00:00\",\"description\":\"La cabine de douche avec porte pivotante est une solution sophistiqu\u00e9e, id\u00e9ale en pr\u00e9sence d'un radiateur sur le mur parall\u00e8le \u00e0 l'ouverture.\",\"breadcrumb\":{\"@id\":\"https:\/\/relaxsrl.com\/fr\/aide-au-choix\/cabine-de-douche-avec-porte-pivotante\/#breadcrumb\"},\"inLanguage\":\"fr-FR\",\"potentialAction\":[{\"@type\":\"ReadAction\",\"target\":[\"https:\/\/relaxsrl.com\/fr\/aide-au-choix\/cabine-de-douche-avec-porte-pivotante\/\"]}]},{\"@type\":\"BreadcrumbList\",\"@id\":\"https:\/\/relaxsrl.com\/fr\/aide-au-choix\/cabine-de-douche-avec-porte-pivotante\/#breadcrumb\",\"itemListElement\":[{\"@type\":\"ListItem\",\"position\":1,\"name\":\"Aide au choix\",\"item\":\"https:\/\/relaxsrl.com\/fr\/aide-au-choix\/\"},{\"@type\":\"ListItem\",\"position\":2,\"name\":\"Cabine de douche avec porte pivotante\"}]}]}<\/script>\n<!-- \/ Yoast SEO Premium plugin. -->","yoast_head_json":{"title":"Cabine de douche avec porte pivotante - Relax srl","description":"La cabine de douche avec porte pivotante est une solution sophistiqu\u00e9e, id\u00e9ale en pr\u00e9sence d'un radiateur sur le mur parall\u00e8le \u00e0 l'ouverture.","robots":{"index":"index","follow":"follow","max-snippet":"max-snippet:-1","max-image-preview":"max-image-preview:large","max-video-preview":"max-video-preview:-1"},"canonical":"https:\/\/relaxsrl.com\/fr\/aide-au-choix\/cabine-de-douche-avec-porte-pivotante\/","og_locale":"fr_FR","og_type":"article","og_title":"Cabine de douche avec porte pivotante - Relax srl","og_description":"La cabine de douche avec porte pivotante est une solution sophistiqu\u00e9e, id\u00e9ale en pr\u00e9sence d'un radiateur sur le mur parall\u00e8le \u00e0 l'ouverture.","og_url":"https:\/\/relaxsrl.com\/fr\/aide-au-choix\/cabine-de-douche-avec-porte-pivotante\/","og_site_name":"Relax srl","article_modified_time":"2024-11-18T09:57:11+00:00","og_image":[{"width":1920,"height":1080,"url":"https:\/\/relaxsrl.com\/website\/wp-content\/uploads\/2024\/11\/APERTURA_1.jpg","type":"image\/jpeg"}],"twitter_card":"summary_large_image","twitter_misc":{"Dur\u00e9e de lecture estim\u00e9e":"2 minutes"},"schema":{"@context":"https:\/\/schema.org","@graph":[{"@type":"WebSite","@id":"https:\/\/relaxsrl.com\/#website","url":"https:\/\/relaxsrl.com\/","name":"Relax srl","description":"","potentialAction":[{"@type":"SearchAction","target":{"@type":"EntryPoint","urlTemplate":"https:\/\/relaxsrl.com\/?s={search_term_string}"},"query-input":"required name=search_term_string"}],"inLanguage":"fr-FR"},{"@type":"ImageObject","inLanguage":"fr-FR","@id":"https:\/\/relaxsrl.com\/fr\/aide-au-choix\/cabine-de-douche-avec-porte-pivotante\/#primaryimage","url":"https:\/\/relaxsrl.com\/website\/wp-content\/uploads\/2024\/11\/APERTURA_1.jpg","contentUrl":"https:\/\/relaxsrl.com\/website\/wp-content\/uploads\/2024\/11\/APERTURA_1.jpg","width":1920,"height":1080},{"@type":"WebPage","@id":"https:\/\/relaxsrl.com\/fr\/aide-au-choix\/cabine-de-douche-avec-porte-pivotante\/#webpage","url":"https:\/\/relaxsrl.com\/fr\/aide-au-choix\/cabine-de-douche-avec-porte-pivotante\/","name":"Cabine de douche avec porte pivotante - Relax srl","isPartOf":{"@id":"https:\/\/relaxsrl.com\/#website"},"primaryImageOfPage":{"@id":"https:\/\/relaxsrl.com\/fr\/aide-au-choix\/cabine-de-douche-avec-porte-pivotante\/#primaryimage"},"datePublished":"2021-11-19T08:07:16+00:00","dateModified":"2024-11-18T09:57:11+00:00","description":"La cabine de douche avec porte pivotante est une solution sophistiqu\u00e9e, id\u00e9ale en pr\u00e9sence d'un radiateur sur le mur parall\u00e8le \u00e0 l'ouverture.","breadcrumb":{"@id":"https:\/\/relaxsrl.com\/fr\/aide-au-choix\/cabine-de-douche-avec-porte-pivotante\/#breadcrumb"},"inLanguage":"fr-FR","potentialAction":[{"@type":"ReadAction","target":["https:\/\/relaxsrl.com\/fr\/aide-au-choix\/cabine-de-douche-avec-porte-pivotante\/"]}]},{"@type":"BreadcrumbList","@id":"https:\/\/relaxsrl.com\/fr\/aide-au-choix\/cabine-de-douche-avec-porte-pivotante\/#breadcrumb","itemListElement":[{"@type":"ListItem","position":1,"name":"Aide au choix","item":"https:\/\/relaxsrl.com\/fr\/aide-au-choix\/"},{"@type":"ListItem","position":2,"name":"Cabine de douche avec porte pivotante"}]}]}},"_links":{"self":[{"href":"https:\/\/relaxsrl.com\/fr\/wp-json\/wp\/v2\/pages\/11411"}],"collection":[{"href":"https:\/\/relaxsrl.com\/fr\/wp-json\/wp\/v2\/pages"}],"about":[{"href":"https:\/\/relaxsrl.com\/fr\/wp-json\/wp\/v2\/types\/page"}],"author":[{"embeddable":true,"href":"https:\/\/relaxsrl.com\/fr\/wp-json\/wp\/v2\/users\/3"}],"replies":[{"embeddable":true,"href":"https:\/\/relaxsrl.com\/fr\/wp-json\/wp\/v2\/comments?post=11411"}],"version-history":[{"count":10,"href":"https:\/\/relaxsrl.com\/fr\/wp-json\/wp\/v2\/pages\/11411\/revisions"}],"predecessor-version":[{"id":31293,"href":"https:\/\/relaxsrl.com\/fr\/wp-json\/wp\/v2\/pages\/11411\/revisions\/31293"}],"up":[{"embeddable":true,"href":"https:\/\/relaxsrl.com\/fr\/wp-json\/wp\/v2\/pages\/11392"}],"wp:featuredmedia":[{"embeddable":true,"href":"https:\/\/relaxsrl.com\/fr\/wp-json\/wp\/v2\/media\/31270"}],"wp:attachment":[{"href":"https:\/\/relaxsrl.com\/fr\/wp-json\/wp\/v2\/media?parent=11411"}],"curies":[{"name":"wp","href":"https:\/\/api.w.org\/{rel}","templated":true}]}}