{"id":11395,"date":"2021-11-18T18:07:32","date_gmt":"2021-11-18T17:07:32","guid":{"rendered":"http:\/\/relaxsrl.com\/aide-au-choix\/cabine-de-douche-dangle\/"},"modified":"2023-09-07T11:14:47","modified_gmt":"2023-09-07T09:14:47","slug":"cabine-de-douche-dangle","status":"publish","type":"page","link":"https:\/\/relaxsrl.com\/fr\/aide-au-choix\/cabine-de-douche-dangle\/","title":{"rendered":"Cabine de douche d&rsquo;angle"},"content":{"rendered":"<p>[vc_row full_width=\u00a0\u00bbstretch_row\u00a0\u00bb content_placement=\u00a0\u00bbmiddle\u00a0\u00bb el_class=\u00a0\u00bbintro-row intro-row-grey\u00a0\u00bb][vc_column][vc_column_text]<\/p>\n<h1>Cabine de douche d&rsquo;angle<\/h1>\n<p>[\/vc_column_text][\/vc_column][\/vc_row][vc_row el_class=\u00a0\u00bbrow-path\u00a0\u00bb][vc_column][vc_column_text][\/vc_column_text][\/vc_column][\/vc_row][vc_row][vc_column][vc_single_image image=\u00a0\u00bb2206&Prime; img_size=\u00a0\u00bbfull\u00a0\u00bb][\/vc_column][\/vc_row][vc_row][vc_column width=\u00a0\u00bb1\/6&Prime;][\/vc_column][vc_column width=\u00a0\u00bb2\/3&Prime;][vc_empty_space height=\u00a0\u00bb40px\u00a0\u00bb][vc_column_text el_class=\u00a0\u00bbtxt-blue abstract weight500&Prime;]La cabine de douche angulaire ou deux c\u00f4t\u00e9s est la solution la plus utilis\u00e9e car elle propose de nombreux mod\u00e8les et types d\u2019ouvertures pour des solutions tr\u00e8s diff\u00e9rentes, des plus \u00e9conomiques aux plus luxueuses, avec des styles diff\u00e9rents.[\/vc_column_text][vc_empty_space height=\u00a0\u00bb35px\u00a0\u00bb][\/vc_column][\/vc_row][vc_row][vc_column width=\u00a0\u00bb1\/6&Prime;][\/vc_column][vc_column width=\u00a0\u00bb2\/3&Prime;][vc_column_text]<\/p>\n<ul>\n<li><a class=\"link-interno link-interno-paragrafo-1\" href=\"#\">Cabine de douche angulaire: caract\u00e9ristiques<\/a><\/li>\n<li><a class=\"link-interno link-interno-paragrafo-2\" href=\"#\">Cabine de douche angulaire: portes<\/a><\/li>\n<li><a class=\"link-interno link-interno-paragrafo-3\" href=\"#\">Avantages de la douche angulaire<\/a><\/li>\n<\/ul>\n<p>[\/vc_column_text][vc_empty_space height=\u00a0\u00bb40px\u00a0\u00bb][\/vc_column][\/vc_row][vc_row el_id=\u00a0\u00bbparagrafo-1&Prime;][vc_column width=\u00a0\u00bb1\/6&Prime;][\/vc_column][vc_column width=\u00a0\u00bb2\/3&Prime;][vc_column_text]<\/p>\n<h2>Cabine de douche angulaire: caract\u00e9ristiques<\/h2>\n<p>La cabine de douche angulaire comprend une cabine de douche avec <strong>deux c\u00f4t\u00e9s sur un coin de la salle de bain<\/strong>, form\u00e9 par l\u2019intersection de deux murs. Pour cette raison, il est \u00e9galement appel\u00e9 <strong>cabine de douche \u00e0 deux c\u00f4t\u00e9s<\/strong>. Il peut se composer de deux portes ou d\u2019une porte et d\u2019un panneau fixe, avec plat de douche au-dessus du sol, au ras du sol, mais aussi sans plat de douche avec la douche mont\u00e9e directement sur les carreaux. C\u2019est une <strong>option tr\u00e8s polyvalente pour des quantit\u00e9s de mod\u00e8les<\/strong> afin de donner vie \u00e0 des cabines de douche bon march\u00e9 ainsi qu\u2019\u00e0 des cabines de douche de luxe, \u00e0 une petite cabine de douche peu encombrante ou inversement \u00e0 une grande cabine de douche ou pour 2 personnes. Elle est souvent utilis\u00e9e comme <strong>solution pour le remplacement de la baignoire<\/strong>.[\/vc_column_text][vc_empty_space height=\u00a0\u00bb40px\u00a0\u00bb][\/vc_column][\/vc_row][vc_row el_id=\u00a0\u00bbparagrafo-2&Prime;][vc_column width=\u00a0\u00bb1\/6&Prime;][\/vc_column][vc_column width=\u00a0\u00bb2\/3&Prime;][vc_column_text]<\/p>\n<h2>Cabine de douche angulaire: portes<\/h2>\n<ul>\n<li>La<strong> paroie fixe<\/strong> pour des solutions de haute praticit\u00e9 et l\u00e9g\u00e8ret\u00e9 esth\u00e9tique. Comme il s\u2019agit d\u2019une solution sans porte, il est recommand\u00e9 de l\u2019utiliser lorsque vous disposez d\u2019un espace sup\u00e9rieur \u00e0 120 cm et que la pomme de douche est plac\u00e9e dans le mur de fond, en face de l\u2019entr\u00e9e. Pour les dimensions inf\u00e9rieures, il faut \u00eatre dispos\u00e9 \u00e0 accepter des \u00e9claboussures d\u2019eau \u00e0 l\u2019ext\u00e9rieur lors de l\u2019utilisation. Attention : avec Relax, le mur de plain-pied peut \u00e9galement \u00eatre compl\u00e9t\u00e9 par la porte, m\u00eame \u00e0 une date ult\u00e9rieure.<\/li>\n<li><strong>Battante<\/strong> pour toutes sortes de solutions, de celles \u00e9conomiques au luxe. La composition avec deux portes battantes est \u00e9galement optimale pour les personnes handicap\u00e9es ou \u00e0 mobilit\u00e9 r\u00e9duite. La cabine de douche angulaire battante peut avoir deux portes ou une porte battante et un panneau fixe, ce qui r\u00e9sout la pr\u00e9sence d\u2019un meuble ou sanitaires sur le c\u00f4t\u00e9. Les portes peuvent \u00eatre \u00e9quip\u00e9es d\u2019une ouverture int\u00e9rieure et ext\u00e9rieure. Dans le cas o\u00f9 vous ouvrez \u00e0 l\u2019ext\u00e9rieur, vous devez accepter l\u2019\u00e9gouttage sur le sol.<\/li>\n<\/ul>\n<p>[\/vc_column_text][vc_empty_space height=\u00a0\u00bb20px\u00a0\u00bb][\/vc_column][\/vc_row][vc_row][vc_column width=\u00a0\u00bb1\/6&Prime;][\/vc_column][vc_column width=\u00a0\u00bb2\/3&Prime;][vc_column_text]<\/p>\n<ul>\n<li><strong>Pivotante<\/strong> pour cabine de douches design, de luxe, lin\u00e9aires et modernes. C\u2019est la solution id\u00e9ale si vous voulez exploiter le mur \u00e0 proximit\u00e9 de la porte : l\u2019espace entre le mur et la porte enti\u00e8rement ouverte varie entre 9 et 18 cm en fonction de la cabine de douche choisie. M\u00eame les portes pivotantes, comme celles \u00e0 porte battante, peuvent avoir une ouverture ext\u00e9rieure et int\u00e9rieure.<\/li>\n<li><strong>Coulissante<\/strong> pour toutes sortes de solutions, de celles bon march\u00e9 au luxe, en particulier si il y a des sanitaires et des meubles \u00e0 proximit\u00e9 et si vous voulez prot\u00e9ger le sol des d\u00e9versements d\u2019eau. Encore une fois, il existe des solutions avec deux portes ou une porte et un fixe. La premi\u00e8re est une solution peu encombrante quand l\u2019environnement est petit, la seconde est adapt\u00e9e \u00e0 une grande salle de bain.<br \/>\n\u2022 \u00c0 soufflet principalement utilis\u00e9 dans les petites salles de bains. Avec deux portes \u00e0 soufflet est une option adapt\u00e9e aux personnes handicap\u00e9es et \u00e0 mobilit\u00e9 r\u00e9duite, ainsi que des espaces r\u00e9duits. Avec une porte en soufflet et un panneau fixe est pratique en cas de pr\u00e9sence de meubles ou sanitaires sur un c\u00f4t\u00e9. Les deux solutions doivent \u00eatre utilis\u00e9es lorsqu\u2019il n\u2019y a pas de probl\u00e8me si l\u2019eau coule sur le sol et qu\u2019il n\u2019y a pas de robinetterie qui emp\u00eache le rangement complet des portes.<br \/>\n\u2022 Saloon pour une solution \u00e9conomique et \u00e9conomique et s\u2019il y a des espaces r\u00e9duits de mouvement \u00e0 l\u2019ext\u00e9rieur de la douche.<\/li>\n<\/ul>\n<p>[\/vc_column_text][vc_empty_space height=\u00a0\u00bb40px\u00a0\u00bb][\/vc_column][\/vc_row][vc_row el_id=\u00a0\u00bbparagrafo-3&Prime;][vc_column width=\u00a0\u00bb1\/6&Prime;][\/vc_column][vc_column width=\u00a0\u00bb2\/3&Prime;][vc_column_text]<\/p>\n<h2>Avantages de la douche angulaire<\/h2>\n<p>La cabine de douche angulaire est l\u2019une des solutions les plus utilis\u00e9es parce qu\u2019elle est polyvalente pour la <strong>grande quantit\u00e9 de mod\u00e8les<\/strong> et parce qu\u2019elle permet d\u2019occuper l\u2019un des coins libres de la salle de bain et de cette fa\u00e7on souvent elle donne une excellente contribution pour <strong>optimiser les espaces int\u00e9rieurs<\/strong> de la salle de bain. Toutes les solutions sont certifi\u00e9es <a href=\"https:\/\/www.tuvsud.com\/fr-fr\">T\u00dcV S\u00dcD<\/a>.[\/vc_column_text][vc_empty_space height=\u00a0\u00bb40px\u00a0\u00bb][\/vc_column][\/vc_row][vc_row][vc_column][vc_empty_space height=\u00a0\u00bb50px\u00a0\u00bb][vc_column_text]<\/p>\n<h3 style=\"text-align: center;\">Quelques exemples de cabines de douche angulaire Relax<\/h3>\n<p>[\/vc_column_text][vc_empty_space height=\u00a0\u00bb30px\u00a0\u00bb]<div class=\"woocommerce columns-4 \"><ul class=\"products columns-4\">\n<li class=\"product type-product post-5723 status-publish first instock product_cat-3-lati-en product_cat-3-lati-fr product_cat-3-lati-de product_cat-3- product_cat-angolare-de-2 product_cat-angolare-en product_cat-angolare-de product_cat-angulaire product_cat-guide-de-selection-angulaire product_cat-selection-guide-angular product_cat-angulaire-battante product_cat-battente-de-3 product_cat-battente product_cat-battente-de-2 product_cat-battente-fr product_cat-box-doccia-de product_cat-box-doccia-en product_cat-cabine-de-douche product_cat-collections-en product_cat-collections product_cat-guida-alla-scelta-de product_cat-selection-guide-en product_cat-guide-de-selection product_cat-hinged product_cat-collezioni-de product_cat-tipologia-prodotto-en product_cat-tipologia-prodotto-de product_cat-type-de-produit product_cat-wall-ru product_cat-wall-fr product_cat-wall-de product_cat-wall-en product_cat-1618 product_cat-1568 product_cat-3-- product_cat-1627 product_cat-1594 product_cat-1617 product_cat-1596 product_cat-1626 has-post-thumbnail shipping-taxable product-type-simple\">\n\t<div class=\"woocommerce-loop-product__short_description\" itemprop=\"description\"><a href=\"https:\/\/relaxsrl.com\/fr\/produit\/wall-a-wall-ab\/\" class=\"woocommerce-LoopProduct-link woocommerce-loop-product__link\"><p>Cabine de douche avec porte battante caract\u00e9ris\u00e9e par une ouverture interne et externe.<\/p>\n<\/a><\/div><\/li>\n<li class=\"product type-product post-13905 status-publish instock product_cat-angolare-de-2 product_cat-angolare-en product_cat-angolare-de product_cat-angulaire product_cat-guide-de-selection-angulaire product_cat-selection-guide-angular product_cat-box-doccia-de product_cat-box-doccia-en product_cat-box-doccia-lineare product_cat-cabine-de-douche product_cat-guide-de-selection-cabine-de-douche-lineaire product_cat-collections-en product_cat-collections product_cat-guida-alla-scelta-de product_cat-selection-guide-en product_cat-guide-de-selection product_cat-kubik-de product_cat-kubik-ru product_cat-kubik-en product_cat-kubik-fr product_cat-selection-guide-linear-shower-enclosures product_cat-angular-pivot product_cat-pivot-de product_cat-angulaire-pivot product_cat-guide-de-selection-pivot product_cat-pivot-de-4 product_cat-selection-guide-pivot product_cat-collezioni-de product_cat-tipologia-prodotto-de product_cat-tipologia-prodotto-en product_cat-type-de-produit product_cat-1618 product_cat-1568 product_cat-1601 product_cat-1628 product_cat-1609 product_cat-1594 product_cat-1617 product_cat-1596 product_cat-1626 has-post-thumbnail shipping-taxable product-type-simple\">\n\t<div class=\"woocommerce-loop-product__short_description\" itemprop=\"description\"><a href=\"https:\/\/relaxsrl.com\/fr\/produit\/kubik-ab-kubik-f\/\" class=\"woocommerce-LoopProduct-link woocommerce-loop-product__link\"><p>Cabine de douche avec porte battante caract\u00e9ris\u00e9e par une ouverture interne et externe et une ouverture pivotante.<\/p>\n<\/a><\/div><\/li>\n<li class=\"product type-product post-26785 status-publish instock product_cat-angolare-de-2 product_cat-angolare-en product_cat-angolare-de product_cat-angulaire product_cat-guide-de-selection-angulaire product_cat-selection-guide-angular product_cat-box-doccia-de product_cat-box-doccia-en product_cat-cabine-de-douche product_cat-infinito-ru product_cat-infinito-en product_cat-infinito-fr product_cat-infinito-de product_cat-non-classe product_cat-scorrevole-fr product_cat-scorrevole-de-2 product_cat-scorrevole product_cat-senza-categoria-de product_cat-tipologia-prodotto-en product_cat-tipologia-prodotto-de product_cat-type-de-produit product_cat-without-category product_cat-1616 product_cat-1618 product_cat-3--- product_cat-1617 product_cat-1596 product_cat-1626 has-post-thumbnail shipping-taxable product-type-simple\">\n\t<div class=\"woocommerce-loop-product__short_description\" itemprop=\"description\"><a href=\"https:\/\/relaxsrl.com\/fr\/produit\/infinito-sff\/\" class=\"woocommerce-LoopProduct-link woocommerce-loop-product__link\"><p>Cabine de douche d&rsquo;angle avec porte coulissante \u00e0 l\u00e9vitation magn\u00e9tique.<\/p>\n<\/a><\/div><\/li>\n<li class=\"product type-product post-13834 status-publish last instock product_cat-3-lati-de product_cat-3-lati-fr product_cat-3-lati-en product_cat-3- product_cat-angolare-de product_cat-angolare-de-2 product_cat-angolare-en product_cat-guide-de-selection-angulaire product_cat-angulaire product_cat-selection-guide-angular product_cat-box-doccia-de product_cat-box-doccia-en product_cat-cabine-de-douche product_cat-collections-en product_cat-collections product_cat-angulaire-coulissante product_cat-guida-alla-scelta-de product_cat-selection-guide-en product_cat-guide-de-selection product_cat-collezioni-de product_cat-scorrevole product_cat-scorrevole-fr product_cat-scorrevole-de-2 product_cat-scorrevole-de product_cat-angular-sliding product_cat-smart-en product_cat-smart-fr product_cat-smart-ru product_cat-smart-de product_cat-tipologia-prodotto-en product_cat-tipologia-prodotto-de product_cat-type-de-produit product_cat-1618 product_cat-1568 product_cat-1632 product_cat-3--- product_cat-1594 product_cat-1617 product_cat-1596 product_cat-1626 has-post-thumbnail shipping-taxable product-type-simple\">\n\t<div class=\"woocommerce-loop-product__short_description\" itemprop=\"description\"><a href=\"https:\/\/relaxsrl.com\/fr\/produit\/smart-a-smart-a\/\" class=\"woocommerce-LoopProduct-link woocommerce-loop-product__link\"><p>Cabine de douche d&rsquo;angle avec double porte coulissante et syst\u00e8me de d\u00e9verrouillage rapide de la porte.<\/p>\n<\/a><\/div><\/li>\n<\/ul>\n<\/div>[\/vc_column][\/vc_row][vc_row full_width=\u00a0\u00bbstretch_row_content_no_spaces\u00a0\u00bb equal_height=\u00a0\u00bbyes\u00a0\u00bb content_placement=\u00a0\u00bbmiddle\u00a0\u00bb el_class=\u00a0\u00bbrow-over-footer row-cta-over-footer\u00a0\u00bb][vc_column width=\u00a0\u00bb1\/2&Prime;][vc_single_image image=\u00a0\u00bb2211&Prime; img_size=\u00a0\u00bbfull\u00a0\u00bb][\/vc_column][vc_column width=\u00a0\u00bb1\/2&Prime; css=\u00a0\u00bb.vc_custom_1632904716354{background-image: url(http:\/\/relaxsrl.com\/wp-content\/uploads\/2021\/09\/cta-angolare-opaco.jpg?id=2213) !important;background-position: center !important;background-repeat: no-repeat !important;background-size: cover !important;}\u00a0\u00bb el_class=\u00a0\u00bbrow-cta-over-footer-col-text\u00a0\u00bb][vc_row_inner][vc_column_inner width=\u00a0\u00bb1\/4&Prime;][\/vc_column_inner][vc_column_inner width=\u00a0\u00bb1\/2&Prime;][vc_column_text]<\/p>\n<h2 style=\"text-align: center;\">D\u00e9couvrez les cabines de douche angulaire Relax<\/h2>\n<p style=\"text-align: center;\">Avec notre configurateur, vous pouvez trouver votre solution D\u00e9tente de cabine de douche angulaire.<\/p>\n<p>[\/vc_column_text][vc_btn title=\u00a0\u00bbALLER AU CONFIGURATEUR\u00a0\u00bb style=\u00a0\u00bbclassic\u00a0\u00bb shape=\u00a0\u00bbsquare\u00a0\u00bb color=\u00a0\u00bbwhite\u00a0\u00bb align=\u00a0\u00bbcenter\u00a0\u00bb el_class=\u00a0\u00bbbtn-default-white\u00a0\u00bb link=\u00a0\u00bburl:http%3A%2F%2Frelaxsrl.com%2Ffr%2Fproduits%2Fconfigurateur%2F|title:Configurateur\u00a0\u00bb][\/vc_column_inner][vc_column_inner width=\u00a0\u00bb1\/4&Prime;][\/vc_column_inner][\/vc_row_inner][\/vc_column][\/vc_row]<\/p>\n","protected":false},"excerpt":{"rendered":"<p>[vc_row full_width=\u00a0\u00bbstretch_row\u00a0\u00bb content_placement=\u00a0\u00bbmiddle\u00a0\u00bb el_class=\u00a0\u00bbintro-row intro-row-grey\u00a0\u00bb][vc_column][vc_column_text] Cabine de douche d&rsquo;angle [\/vc_column_text][\/vc_column][\/vc_row][vc_row el_class=\u00a0\u00bbrow-path\u00a0\u00bb][vc_column][vc_column_text][\/vc_column_text][\/vc_column][\/vc_row][vc_row][vc_column][vc_single_image image=\u00a0\u00bb2206&Prime; img_size=\u00a0\u00bbfull\u00a0\u00bb][\/vc_column][\/vc_row][vc_row][vc_column width=\u00a0\u00bb1\/6&Prime;][\/vc_column][vc_column width=\u00a0\u00bb2\/3&Prime;][vc_empty_space height=\u00a0\u00bb40px\u00a0\u00bb][vc_column_text el_class=\u00a0\u00bbtxt-blue abstract weight500&Prime;]La cabine de douche angulaire ou deux c\u00f4t\u00e9s est la solution la plus utilis\u00e9e car elle propose de nombreux mod\u00e8les et types d\u2019ouvertures pour des solutions tr\u00e8s diff\u00e9rentes, des plus \u00e9conomiques aux plus luxueuses, avec des styles [&hellip;]<\/p>\n","protected":false},"author":3,"featured_media":4602,"parent":11392,"menu_order":0,"comment_status":"closed","ping_status":"closed","template":"","meta":[],"acf":[],"yoast_head":"<!-- This site is optimized with the Yoast SEO Premium plugin v18.4 (Yoast SEO v18.8) - https:\/\/yoast.com\/wordpress\/plugins\/seo\/ -->\n<title>Cabine de douche d&#039;angle - Relax srl<\/title>\n<meta name=\"description\" content=\"La cabine de douche d&#039;angle est la solution la plus utilis\u00e9e car elle propose de nombreux mod\u00e8les et types d&#039;ouvertures. D\u00e9couvrez-les.\" \/>\n<meta name=\"robots\" content=\"index, follow, max-snippet:-1, max-image-preview:large, max-video-preview:-1\" \/>\n<link rel=\"canonical\" href=\"https:\/\/relaxsrl.com\/fr\/aide-au-choix\/cabine-de-douche-dangle\/\" \/>\n<meta property=\"og:locale\" content=\"fr_FR\" \/>\n<meta property=\"og:type\" content=\"article\" \/>\n<meta property=\"og:title\" content=\"Cabine de douche d&#039;angle - Relax srl\" \/>\n<meta property=\"og:description\" content=\"La cabine de douche d&#039;angle est la solution la plus utilis\u00e9e car elle propose de nombreux mod\u00e8les et types d&#039;ouvertures. D\u00e9couvrez-les.\" \/>\n<meta property=\"og:url\" content=\"https:\/\/relaxsrl.com\/fr\/aide-au-choix\/cabine-de-douche-dangle\/\" \/>\n<meta property=\"og:site_name\" content=\"Relax srl\" \/>\n<meta property=\"article:modified_time\" content=\"2023-09-07T09:14:47+00:00\" \/>\n<meta property=\"og:image\" content=\"https:\/\/relaxsrl.com\/website\/wp-content\/uploads\/2021\/09\/AXIA-SFF_slide2.jpg\" \/>\n\t<meta property=\"og:image:width\" content=\"1920\" \/>\n\t<meta property=\"og:image:height\" content=\"1080\" \/>\n\t<meta property=\"og:image:type\" content=\"image\/jpeg\" \/>\n<meta name=\"twitter:card\" content=\"summary_large_image\" \/>\n<meta name=\"twitter:label1\" content=\"Dur\u00e9e de lecture estim\u00e9e\" \/>\n\t<meta name=\"twitter:data1\" content=\"5 minutes\" \/>\n<script type=\"application\/ld+json\" class=\"yoast-schema-graph\">{\"@context\":\"https:\/\/schema.org\",\"@graph\":[{\"@type\":\"WebSite\",\"@id\":\"https:\/\/relaxsrl.com\/#website\",\"url\":\"https:\/\/relaxsrl.com\/\",\"name\":\"Relax srl\",\"description\":\"\",\"potentialAction\":[{\"@type\":\"SearchAction\",\"target\":{\"@type\":\"EntryPoint\",\"urlTemplate\":\"https:\/\/relaxsrl.com\/?s={search_term_string}\"},\"query-input\":\"required name=search_term_string\"}],\"inLanguage\":\"fr-FR\"},{\"@type\":\"ImageObject\",\"inLanguage\":\"fr-FR\",\"@id\":\"https:\/\/relaxsrl.com\/fr\/aide-au-choix\/cabine-de-douche-dangle\/#primaryimage\",\"url\":\"https:\/\/relaxsrl.com\/website\/wp-content\/uploads\/2021\/09\/AXIA-SFF_slide2.jpg\",\"contentUrl\":\"https:\/\/relaxsrl.com\/website\/wp-content\/uploads\/2021\/09\/AXIA-SFF_slide2.jpg\",\"width\":1920,\"height\":1080,\"caption\":\"axia sf+f box doccia ad angolo con anta scorrevole\"},{\"@type\":\"WebPage\",\"@id\":\"https:\/\/relaxsrl.com\/fr\/aide-au-choix\/cabine-de-douche-dangle\/#webpage\",\"url\":\"https:\/\/relaxsrl.com\/fr\/aide-au-choix\/cabine-de-douche-dangle\/\",\"name\":\"Cabine de douche d'angle - Relax srl\",\"isPartOf\":{\"@id\":\"https:\/\/relaxsrl.com\/#website\"},\"primaryImageOfPage\":{\"@id\":\"https:\/\/relaxsrl.com\/fr\/aide-au-choix\/cabine-de-douche-dangle\/#primaryimage\"},\"datePublished\":\"2021-11-18T17:07:32+00:00\",\"dateModified\":\"2023-09-07T09:14:47+00:00\",\"description\":\"La cabine de douche d'angle est la solution la plus utilis\u00e9e car elle propose de nombreux mod\u00e8les et types d'ouvertures. D\u00e9couvrez-les.\",\"breadcrumb\":{\"@id\":\"https:\/\/relaxsrl.com\/fr\/aide-au-choix\/cabine-de-douche-dangle\/#breadcrumb\"},\"inLanguage\":\"fr-FR\",\"potentialAction\":[{\"@type\":\"ReadAction\",\"target\":[\"https:\/\/relaxsrl.com\/fr\/aide-au-choix\/cabine-de-douche-dangle\/\"]}]},{\"@type\":\"BreadcrumbList\",\"@id\":\"https:\/\/relaxsrl.com\/fr\/aide-au-choix\/cabine-de-douche-dangle\/#breadcrumb\",\"itemListElement\":[{\"@type\":\"ListItem\",\"position\":1,\"name\":\"Aide au choix\",\"item\":\"https:\/\/relaxsrl.com\/fr\/aide-au-choix\/\"},{\"@type\":\"ListItem\",\"position\":2,\"name\":\"Cabine de douche d&#8217;angle\"}]}]}<\/script>\n<!-- \/ Yoast SEO Premium plugin. -->","yoast_head_json":{"title":"Cabine de douche d'angle - Relax srl","description":"La cabine de douche d'angle est la solution la plus utilis\u00e9e car elle propose de nombreux mod\u00e8les et types d'ouvertures. D\u00e9couvrez-les.","robots":{"index":"index","follow":"follow","max-snippet":"max-snippet:-1","max-image-preview":"max-image-preview:large","max-video-preview":"max-video-preview:-1"},"canonical":"https:\/\/relaxsrl.com\/fr\/aide-au-choix\/cabine-de-douche-dangle\/","og_locale":"fr_FR","og_type":"article","og_title":"Cabine de douche d'angle - Relax srl","og_description":"La cabine de douche d'angle est la solution la plus utilis\u00e9e car elle propose de nombreux mod\u00e8les et types d'ouvertures. D\u00e9couvrez-les.","og_url":"https:\/\/relaxsrl.com\/fr\/aide-au-choix\/cabine-de-douche-dangle\/","og_site_name":"Relax srl","article_modified_time":"2023-09-07T09:14:47+00:00","og_image":[{"width":1920,"height":1080,"url":"https:\/\/relaxsrl.com\/website\/wp-content\/uploads\/2021\/09\/AXIA-SFF_slide2.jpg","type":"image\/jpeg"}],"twitter_card":"summary_large_image","twitter_misc":{"Dur\u00e9e de lecture estim\u00e9e":"5 minutes"},"schema":{"@context":"https:\/\/schema.org","@graph":[{"@type":"WebSite","@id":"https:\/\/relaxsrl.com\/#website","url":"https:\/\/relaxsrl.com\/","name":"Relax srl","description":"","potentialAction":[{"@type":"SearchAction","target":{"@type":"EntryPoint","urlTemplate":"https:\/\/relaxsrl.com\/?s={search_term_string}"},"query-input":"required name=search_term_string"}],"inLanguage":"fr-FR"},{"@type":"ImageObject","inLanguage":"fr-FR","@id":"https:\/\/relaxsrl.com\/fr\/aide-au-choix\/cabine-de-douche-dangle\/#primaryimage","url":"https:\/\/relaxsrl.com\/website\/wp-content\/uploads\/2021\/09\/AXIA-SFF_slide2.jpg","contentUrl":"https:\/\/relaxsrl.com\/website\/wp-content\/uploads\/2021\/09\/AXIA-SFF_slide2.jpg","width":1920,"height":1080,"caption":"axia sf+f box doccia ad angolo con anta scorrevole"},{"@type":"WebPage","@id":"https:\/\/relaxsrl.com\/fr\/aide-au-choix\/cabine-de-douche-dangle\/#webpage","url":"https:\/\/relaxsrl.com\/fr\/aide-au-choix\/cabine-de-douche-dangle\/","name":"Cabine de douche d'angle - Relax srl","isPartOf":{"@id":"https:\/\/relaxsrl.com\/#website"},"primaryImageOfPage":{"@id":"https:\/\/relaxsrl.com\/fr\/aide-au-choix\/cabine-de-douche-dangle\/#primaryimage"},"datePublished":"2021-11-18T17:07:32+00:00","dateModified":"2023-09-07T09:14:47+00:00","description":"La cabine de douche d'angle est la solution la plus utilis\u00e9e car elle propose de nombreux mod\u00e8les et types d'ouvertures. D\u00e9couvrez-les.","breadcrumb":{"@id":"https:\/\/relaxsrl.com\/fr\/aide-au-choix\/cabine-de-douche-dangle\/#breadcrumb"},"inLanguage":"fr-FR","potentialAction":[{"@type":"ReadAction","target":["https:\/\/relaxsrl.com\/fr\/aide-au-choix\/cabine-de-douche-dangle\/"]}]},{"@type":"BreadcrumbList","@id":"https:\/\/relaxsrl.com\/fr\/aide-au-choix\/cabine-de-douche-dangle\/#breadcrumb","itemListElement":[{"@type":"ListItem","position":1,"name":"Aide au choix","item":"https:\/\/relaxsrl.com\/fr\/aide-au-choix\/"},{"@type":"ListItem","position":2,"name":"Cabine de douche d&#8217;angle"}]}]}},"_links":{"self":[{"href":"https:\/\/relaxsrl.com\/fr\/wp-json\/wp\/v2\/pages\/11395"}],"collection":[{"href":"https:\/\/relaxsrl.com\/fr\/wp-json\/wp\/v2\/pages"}],"about":[{"href":"https:\/\/relaxsrl.com\/fr\/wp-json\/wp\/v2\/types\/page"}],"author":[{"embeddable":true,"href":"https:\/\/relaxsrl.com\/fr\/wp-json\/wp\/v2\/users\/3"}],"replies":[{"embeddable":true,"href":"https:\/\/relaxsrl.com\/fr\/wp-json\/wp\/v2\/comments?post=11395"}],"version-history":[{"count":7,"href":"https:\/\/relaxsrl.com\/fr\/wp-json\/wp\/v2\/pages\/11395\/revisions"}],"predecessor-version":[{"id":29107,"href":"https:\/\/relaxsrl.com\/fr\/wp-json\/wp\/v2\/pages\/11395\/revisions\/29107"}],"up":[{"embeddable":true,"href":"https:\/\/relaxsrl.com\/fr\/wp-json\/wp\/v2\/pages\/11392"}],"wp:featuredmedia":[{"embeddable":true,"href":"https:\/\/relaxsrl.com\/fr\/wp-json\/wp\/v2\/media\/4602"}],"wp:attachment":[{"href":"https:\/\/relaxsrl.com\/fr\/wp-json\/wp\/v2\/media?parent=11395"}],"curies":[{"name":"wp","href":"https:\/\/api.w.org\/{rel}","templated":true}]}}