{"id":11364,"date":"2021-11-18T15:50:14","date_gmt":"2021-11-18T14:50:14","guid":{"rendered":"http:\/\/relaxsrl.com\/contacts\/"},"modified":"2025-09-01T08:24:36","modified_gmt":"2025-09-01T06:24:36","slug":"contacts","status":"publish","type":"page","link":"https:\/\/relaxsrl.com\/fr\/contacts\/","title":{"rendered":"Contacts"},"content":{"rendered":"<p>[vc_row full_width=\u00a0\u00bbstretch_row\u00a0\u00bb content_placement=\u00a0\u00bbmiddle\u00a0\u00bb el_class=\u00a0\u00bbintro-row\u00a0\u00bb][vc_column width=\u00a0\u00bb5\/12&Prime;][vc_column_text]<\/p>\n<h1>Contacts<\/h1>\n<p>[\/vc_column_text][\/vc_column][vc_column width=\u00a0\u00bb7\/12&Prime;][vc_column_text el_class=\u00a0\u00bbabstract\u00a0\u00bb]Les contacts de Relax pour vos besoins.[\/vc_column_text][\/vc_column][\/vc_row][vc_row el_class=\u00a0\u00bbrow-path\u00a0\u00bb][vc_column][vc_column_text][\/vc_column_text][\/vc_column][\/vc_row][vc_row][vc_column width=\u00a0\u00bb1\/2&Prime;][vc_column_text]<\/p>\n<h2>Contacts<\/h2>\n<p>&nbsp;<\/p>\n<p>Tel. <a href=\"tel:+390421323159\">+39.0421.323159<\/a><br \/>\nTel. <a href=\"tel:+3904211765124\">+39.0421.1765124<\/a><br \/>\nEmail: <a href=\"mailto:info@relaxsrl.com\">info@relaxsrl.com<\/a><\/p>\n<p>&nbsp;<\/p>\n<p><strong>Adresse:<\/strong><br \/>\nVia Leonardo da Vinci, 2\/A<br \/>\n30020 \u2013 Torre di Mosto (Venise) IT[\/vc_column_text][vc_empty_space height=\u00a0\u00bb50px\u00a0\u00bb][\/vc_column][vc_column width=\u00a0\u00bb1\/2&Prime;][vc_column_text]<\/p>\n<h2>\u00c9crivez-nous<\/h2>\n<p>Remplissez le formulaire ci-dessous et un de nos experts vous r\u00e9pondra dans les plus brefs d\u00e9lais.[\/vc_column_text][vc_empty_space height=\u00a0\u00bb20px\u00a0\u00bb]<div role=\"form\" class=\"wpcf7\" id=\"wpcf7-f15173-o1\" lang=\"it-IT\" dir=\"ltr\">\n<div class=\"screen-reader-response\"><p role=\"status\" aria-live=\"polite\" aria-atomic=\"true\"><\/p> <ul><\/ul><\/div>\n<form action=\"\/fr\/wp-json\/wp\/v2\/pages\/11364#wpcf7-f15173-o1\" method=\"post\" class=\"wpcf7-form init wpcf7-acceptance-as-validation\" novalidate=\"novalidate\" data-status=\"init\">\n<div style=\"display: none;\">\n<input type=\"hidden\" name=\"_wpcf7\" value=\"15173\" \/>\n<input type=\"hidden\" name=\"_wpcf7_version\" value=\"5.5.6\" \/>\n<input type=\"hidden\" name=\"_wpcf7_locale\" value=\"it_IT\" \/>\n<input type=\"hidden\" name=\"_wpcf7_unit_tag\" value=\"wpcf7-f15173-o1\" \/>\n<input type=\"hidden\" name=\"_wpcf7_container_post\" value=\"0\" \/>\n<input type=\"hidden\" name=\"_wpcf7_posted_data_hash\" value=\"\" \/>\n<input type=\"hidden\" name=\"_wpcf7_recaptcha_response\" value=\"\" \/>\n<\/div>\n<div  class='vc_row wpb_row vc_row-fluid contact-form-font'>\n<div class='wpb_column vc_column_container vc_col-sm-12'>\n<div class='vc_column-inner'>\n<div class='form-group form-group-50 form-group-50-l'>\n<div class='form-group-label'><label>&nbsp;<\/label><\/div>\n<div class='form-group-element'><span class=\"wpcf7-form-control-wrap nome\"><input type=\"text\" name=\"nome\" value=\"\" size=\"40\" class=\"wpcf7-form-control wpcf7-text wpcf7-validates-as-required\" aria-required=\"true\" aria-invalid=\"false\" placeholder=\"Pr\u00e9nom*\" \/><\/span><\/div>\n<\/div>\n<div class='form-group form-group-50 form-group-50-r'>\n<div class='form-group-label'><label>&nbsp;<\/label><\/div>\n<div class='form-group-element'><span class=\"wpcf7-form-control-wrap cognome\"><input type=\"text\" name=\"cognome\" value=\"\" size=\"40\" class=\"wpcf7-form-control wpcf7-text wpcf7-validates-as-required\" aria-required=\"true\" aria-invalid=\"false\" placeholder=\"Nom*\" \/><\/span><\/div>\n<\/div>\n<div style='clear:both;'><\/div>\n<div class='form-group'>\n<div class='form-group-label'><label>&nbsp;<\/label><\/div>\n<div class='form-group-element'><span class=\"wpcf7-form-control-wrap user_pass\"><input type=\"email\" name=\"user_pass\" value=\"\" size=\"40\" class=\"wpcf7-form-control wpcf7-text wpcf7-email wpcf7-validates-as-required wpcf7-validates-as-email\" aria-required=\"true\" aria-invalid=\"false\" placeholder=\"Email*\" \/><\/span><\/div>\n<\/div>\n<div class='form-group'>\n<div class='form-group-label'><label>&nbsp;<\/label><\/div>\n<div class='form-group-element'><span class=\"wpcf7-form-control-wrap telefono\"><input type=\"tel\" name=\"telefono\" value=\"\" size=\"40\" class=\"wpcf7-form-control wpcf7-text wpcf7-tel wpcf7-validates-as-required wpcf7-validates-as-tel\" aria-required=\"true\" aria-invalid=\"false\" placeholder=\"T\u00e9l\u00e9phoner*\" \/><\/span><\/div>\n<\/div>\n<div style='clear:both;'><\/div>\n<div class='form-group'>\n<div class='form-group-label'><label>&nbsp;<\/label><\/div>\n<div class='form-group-element'><span class=\"wpcf7-form-control-wrap richiesta\"><textarea name=\"richiesta\" cols=\"40\" rows=\"10\" class=\"wpcf7-form-control wpcf7-textarea\" aria-invalid=\"false\" placeholder=\"Comment pouvons-nous vous aider?\"><\/textarea><\/span><\/div>\n<\/div>\n<div class='form-group'>\n<div class='form-group-label'><label>&nbsp;<\/label><\/div>\n<div class='form-group form-group-trattamentodati'><span class=\"wpcf7-form-control-wrap trattamento-dati\"><span class=\"wpcf7-form-control wpcf7-acceptance\"><span class=\"wpcf7-list-item\"><label><input type=\"checkbox\" name=\"trattamento-dati\" value=\"1\" aria-invalid=\"false\" \/><span class=\"wpcf7-list-item-label\">Je d\u00e9clare avoir lu et compris les informations disponibles sur le <a href=\"http:\/\/relaxsrl.com\/fr\/politique-de-confidentialite\/\">lien<\/a> mentionn\u00e9 dans les articles 13 et 14 du GDPR 2016\/679 et la l\u00e9gislation nationale en vigueur.<\/span><\/label><\/span><\/span><\/span><\/div>\n<div class='form-group form-group-newsletter'><span class=\"wpcf7-form-control-wrap newsletter\"><span class=\"wpcf7-form-control wpcf7-acceptance optional\"><span class=\"wpcf7-list-item\"><label><input type=\"checkbox\" name=\"newsletter\" value=\"1\" aria-invalid=\"false\" \/><span class=\"wpcf7-list-item-label\">Newsletter. Je d\u00e9clare avoir lu et compris <a href=\"http:\/\/relaxsrl.com\/fr\/newsletter-policy\/\"> les informations de la newsletter <\/a> et j'autorise le traitement de mes donn\u00e9es personnelles pour l'envoi de la newsletter informative et commerciale et promotionnel, par e-mail. La fourniture de donn\u00e9es \u00e0 cette fin est facultative et peut \u00eatre retir\u00e9e \u00e0 tout moment.<\/span><\/label><\/span><\/span><\/span><\/div>\n<p><br><\/p>\n<div class='form-group form-group-submit'><input type=\"submit\" value=\"SOUMETTRE\" class=\"wpcf7-form-control has-spinner wpcf7-submit\" \/><\/div>\n<\/div>\n<\/div>\n<\/div>\n<div class=\"wpcf7-response-output\" aria-hidden=\"true\"><\/div><\/form><\/div>[\/vc_column][\/vc_row][vc_row][vc_column][vc_empty_space height=\u00a0\u00bb100px\u00a0\u00bb][\/vc_column][\/vc_row]<\/p>\n","protected":false},"excerpt":{"rendered":"<p>[vc_row full_width=\u00a0\u00bbstretch_row\u00a0\u00bb content_placement=\u00a0\u00bbmiddle\u00a0\u00bb el_class=\u00a0\u00bbintro-row\u00a0\u00bb][vc_column width=\u00a0\u00bb5\/12&Prime;][vc_column_text] Contacts [\/vc_column_text][\/vc_column][vc_column width=\u00a0\u00bb7\/12&Prime;][vc_column_text el_class=\u00a0\u00bbabstract\u00a0\u00bb]Les contacts de Relax pour vos besoins.[\/vc_column_text][\/vc_column][\/vc_row][vc_row el_class=\u00a0\u00bbrow-path\u00a0\u00bb][vc_column][vc_column_text][\/vc_column_text][\/vc_column][\/vc_row][vc_row][vc_column width=\u00a0\u00bb1\/2&Prime;][vc_column_text] Contacts &nbsp; Tel. +39.0421.323159 Tel. +39.0421.1765124 Email: info@relaxsrl.com &nbsp; Adresse: Via Leonardo da Vinci, 2\/A 30020 \u2013 Torre di Mosto (Venise) IT[\/vc_column_text][vc_empty_space height=\u00a0\u00bb50px\u00a0\u00bb][\/vc_column][vc_column width=\u00a0\u00bb1\/2&Prime;][vc_column_text] \u00c9crivez-nous Remplissez le formulaire ci-dessous et un de nos experts vous r\u00e9pondra dans les [&hellip;]<\/p>\n","protected":false},"author":3,"featured_media":3560,"parent":0,"menu_order":0,"comment_status":"closed","ping_status":"closed","template":"","meta":[],"acf":[],"yoast_head":"<!-- This site is optimized with the Yoast SEO Premium plugin v18.4 (Yoast SEO v18.8) - https:\/\/yoast.com\/wordpress\/plugins\/seo\/ -->\n<title>Contacts - Relax srl<\/title>\n<meta name=\"description\" content=\"D\u00e9tendez vos contacts pour recevoir une offre personnalis\u00e9e ou l&#039;aide d&#039;un expert adapt\u00e9 \u00e0 vos besoins. En savoir plus.\" \/>\n<meta name=\"robots\" content=\"index, follow, max-snippet:-1, max-image-preview:large, max-video-preview:-1\" \/>\n<link rel=\"canonical\" href=\"https:\/\/relaxsrl.com\/fr\/contacts\/\" \/>\n<meta property=\"og:locale\" content=\"fr_FR\" \/>\n<meta property=\"og:type\" content=\"article\" \/>\n<meta property=\"og:title\" content=\"Contacts - Relax srl\" \/>\n<meta property=\"og:description\" content=\"D\u00e9tendez vos contacts pour recevoir une offre personnalis\u00e9e ou l&#039;aide d&#039;un expert adapt\u00e9 \u00e0 vos besoins. En savoir plus.\" \/>\n<meta property=\"og:url\" content=\"https:\/\/relaxsrl.com\/fr\/contacts\/\" \/>\n<meta property=\"og:site_name\" content=\"Relax srl\" \/>\n<meta property=\"article:modified_time\" content=\"2025-09-01T06:24:36+00:00\" \/>\n<meta property=\"og:image\" content=\"https:\/\/relaxsrl.com\/website\/wp-content\/uploads\/2021\/10\/Scrivici.jpg\" \/>\n\t<meta property=\"og:image:width\" content=\"960\" \/>\n\t<meta property=\"og:image:height\" content=\"660\" \/>\n\t<meta property=\"og:image:type\" content=\"image\/jpeg\" \/>\n<meta name=\"twitter:card\" content=\"summary_large_image\" \/>\n<meta name=\"twitter:label1\" content=\"Dur\u00e9e de lecture estim\u00e9e\" \/>\n\t<meta name=\"twitter:data1\" content=\"1 minute\" \/>\n<script type=\"application\/ld+json\" class=\"yoast-schema-graph\">{\"@context\":\"https:\/\/schema.org\",\"@graph\":[{\"@type\":\"WebSite\",\"@id\":\"https:\/\/relaxsrl.com\/#website\",\"url\":\"https:\/\/relaxsrl.com\/\",\"name\":\"Relax srl\",\"description\":\"\",\"potentialAction\":[{\"@type\":\"SearchAction\",\"target\":{\"@type\":\"EntryPoint\",\"urlTemplate\":\"https:\/\/relaxsrl.com\/?s={search_term_string}\"},\"query-input\":\"required name=search_term_string\"}],\"inLanguage\":\"fr-FR\"},{\"@type\":\"ImageObject\",\"inLanguage\":\"fr-FR\",\"@id\":\"https:\/\/relaxsrl.com\/fr\/contacts\/#primaryimage\",\"url\":\"https:\/\/relaxsrl.com\/website\/wp-content\/uploads\/2021\/10\/Scrivici.jpg\",\"contentUrl\":\"https:\/\/relaxsrl.com\/website\/wp-content\/uploads\/2021\/10\/Scrivici.jpg\",\"width\":960,\"height\":660,\"caption\":\"La fille utilise l'ordinateur pour \u00e9crire le courrier\"},{\"@type\":\"WebPage\",\"@id\":\"https:\/\/relaxsrl.com\/fr\/contacts\/#webpage\",\"url\":\"https:\/\/relaxsrl.com\/fr\/contacts\/\",\"name\":\"Contacts - Relax srl\",\"isPartOf\":{\"@id\":\"https:\/\/relaxsrl.com\/#website\"},\"primaryImageOfPage\":{\"@id\":\"https:\/\/relaxsrl.com\/fr\/contacts\/#primaryimage\"},\"datePublished\":\"2021-11-18T14:50:14+00:00\",\"dateModified\":\"2025-09-01T06:24:36+00:00\",\"description\":\"D\u00e9tendez vos contacts pour recevoir une offre personnalis\u00e9e ou l'aide d'un expert adapt\u00e9 \u00e0 vos besoins. En savoir plus.\",\"breadcrumb\":{\"@id\":\"https:\/\/relaxsrl.com\/fr\/contacts\/#breadcrumb\"},\"inLanguage\":\"fr-FR\",\"potentialAction\":[{\"@type\":\"ReadAction\",\"target\":[\"https:\/\/relaxsrl.com\/fr\/contacts\/\"]}]},{\"@type\":\"BreadcrumbList\",\"@id\":\"https:\/\/relaxsrl.com\/fr\/contacts\/#breadcrumb\",\"itemListElement\":[{\"@type\":\"ListItem\",\"position\":1,\"name\":\"Contacts\"}]}]}<\/script>\n<!-- \/ Yoast SEO Premium plugin. -->","yoast_head_json":{"title":"Contacts - Relax srl","description":"D\u00e9tendez vos contacts pour recevoir une offre personnalis\u00e9e ou l'aide d'un expert adapt\u00e9 \u00e0 vos besoins. En savoir plus.","robots":{"index":"index","follow":"follow","max-snippet":"max-snippet:-1","max-image-preview":"max-image-preview:large","max-video-preview":"max-video-preview:-1"},"canonical":"https:\/\/relaxsrl.com\/fr\/contacts\/","og_locale":"fr_FR","og_type":"article","og_title":"Contacts - Relax srl","og_description":"D\u00e9tendez vos contacts pour recevoir une offre personnalis\u00e9e ou l'aide d'un expert adapt\u00e9 \u00e0 vos besoins. En savoir plus.","og_url":"https:\/\/relaxsrl.com\/fr\/contacts\/","og_site_name":"Relax srl","article_modified_time":"2025-09-01T06:24:36+00:00","og_image":[{"width":960,"height":660,"url":"https:\/\/relaxsrl.com\/website\/wp-content\/uploads\/2021\/10\/Scrivici.jpg","type":"image\/jpeg"}],"twitter_card":"summary_large_image","twitter_misc":{"Dur\u00e9e de lecture estim\u00e9e":"1 minute"},"schema":{"@context":"https:\/\/schema.org","@graph":[{"@type":"WebSite","@id":"https:\/\/relaxsrl.com\/#website","url":"https:\/\/relaxsrl.com\/","name":"Relax srl","description":"","potentialAction":[{"@type":"SearchAction","target":{"@type":"EntryPoint","urlTemplate":"https:\/\/relaxsrl.com\/?s={search_term_string}"},"query-input":"required name=search_term_string"}],"inLanguage":"fr-FR"},{"@type":"ImageObject","inLanguage":"fr-FR","@id":"https:\/\/relaxsrl.com\/fr\/contacts\/#primaryimage","url":"https:\/\/relaxsrl.com\/website\/wp-content\/uploads\/2021\/10\/Scrivici.jpg","contentUrl":"https:\/\/relaxsrl.com\/website\/wp-content\/uploads\/2021\/10\/Scrivici.jpg","width":960,"height":660,"caption":"La fille utilise l'ordinateur pour \u00e9crire le courrier"},{"@type":"WebPage","@id":"https:\/\/relaxsrl.com\/fr\/contacts\/#webpage","url":"https:\/\/relaxsrl.com\/fr\/contacts\/","name":"Contacts - Relax srl","isPartOf":{"@id":"https:\/\/relaxsrl.com\/#website"},"primaryImageOfPage":{"@id":"https:\/\/relaxsrl.com\/fr\/contacts\/#primaryimage"},"datePublished":"2021-11-18T14:50:14+00:00","dateModified":"2025-09-01T06:24:36+00:00","description":"D\u00e9tendez vos contacts pour recevoir une offre personnalis\u00e9e ou l'aide d'un expert adapt\u00e9 \u00e0 vos besoins. En savoir plus.","breadcrumb":{"@id":"https:\/\/relaxsrl.com\/fr\/contacts\/#breadcrumb"},"inLanguage":"fr-FR","potentialAction":[{"@type":"ReadAction","target":["https:\/\/relaxsrl.com\/fr\/contacts\/"]}]},{"@type":"BreadcrumbList","@id":"https:\/\/relaxsrl.com\/fr\/contacts\/#breadcrumb","itemListElement":[{"@type":"ListItem","position":1,"name":"Contacts"}]}]}},"_links":{"self":[{"href":"https:\/\/relaxsrl.com\/fr\/wp-json\/wp\/v2\/pages\/11364"}],"collection":[{"href":"https:\/\/relaxsrl.com\/fr\/wp-json\/wp\/v2\/pages"}],"about":[{"href":"https:\/\/relaxsrl.com\/fr\/wp-json\/wp\/v2\/types\/page"}],"author":[{"embeddable":true,"href":"https:\/\/relaxsrl.com\/fr\/wp-json\/wp\/v2\/users\/3"}],"replies":[{"embeddable":true,"href":"https:\/\/relaxsrl.com\/fr\/wp-json\/wp\/v2\/comments?post=11364"}],"version-history":[{"count":14,"href":"https:\/\/relaxsrl.com\/fr\/wp-json\/wp\/v2\/pages\/11364\/revisions"}],"predecessor-version":[{"id":31957,"href":"https:\/\/relaxsrl.com\/fr\/wp-json\/wp\/v2\/pages\/11364\/revisions\/31957"}],"wp:featuredmedia":[{"embeddable":true,"href":"https:\/\/relaxsrl.com\/fr\/wp-json\/wp\/v2\/media\/3560"}],"wp:attachment":[{"href":"https:\/\/relaxsrl.com\/fr\/wp-json\/wp\/v2\/media?parent=11364"}],"curies":[{"name":"wp","href":"https:\/\/api.w.org\/{rel}","templated":true}]}}