{"id":26545,"date":"2023-02-23T17:44:41","date_gmt":"2023-02-23T16:44:41","guid":{"rendered":"https:\/\/relaxsrl.com\/?post_type=product&#038;p=26545"},"modified":"2023-04-12T17:07:23","modified_gmt":"2023-04-12T15:07:23","slug":"cupro-l-de","status":"publish","type":"product","link":"https:\/\/relaxsrl.com\/de\/produkt\/cupro-l-de\/","title":{"rendered":"CUPRO L"},"content":{"rendered":"<p>[vc_row full_width=&#8220;stretch_row_content_no_spaces&#8220; el_class=&#8220;row-header-prodotto-layblue&#8220;][vc_column][vc_raw_html]PGRpdiBjbGFzcz0naGVhZGVyLXByb2RvdHRvLWxheWJsdWUnPjwvZGl2Pg==[\/vc_raw_html][\/vc_column][\/vc_row][vc_row el_class=&#8220;row-header-prodotto&#8220;][vc_column width=&#8220;1\/3&#8243;][vc_column_text el_class=&#8220;row-header-prodotto-txt&#8220;]<\/p>\n<h1>Cupro L, Duschwanne mit Ablaufabdeckung aus dem gleichen Material<\/h1>\n<p>Die Duschwanne Cupro L besteht aus rutschfestem und antibakteriellem Gel Coat, mit der Besonderheit, dass die Ablaufabdeckung aus dem gleichen Material wie die Duschwanne besteht. Das Material, aus dem es besteht, enth\u00e4lt Harze und Mineralien, die es im Laufe der Zeit widerstandsf\u00e4hig und sehr solide machen, vollst\u00e4ndig wiederherstellbar.[\/vc_column_text][\/vc_column][vc_column width=&#8220;1\/6&#8243;][\/vc_column][vc_column width=&#8220;1\/2&#8243;][vc_single_image image=&#8220;27911&#8243; img_size=&#8220;full&#8220; alignment=&#8220;center&#8220; el_class=&#8220;row-header-prodotto-img&#8220;][\/vc_column][\/vc_row][vc_row full_width=&#8220;stretch_row&#8220; el_class=&#8220;row-header-prodotto-bg&#8220; css=&#8220;.vc_custom_1677603010495{background-image: url(https:\/\/relaxsrl.com\/website\/wp-content\/uploads\/2023\/02\/Fondini_ultimate4.jpg?id=26716) !important;}&#8220;][vc_column][\/vc_column][\/vc_row][vc_row el_class=&#8220;row-path&#8220;][vc_column][vc_column_text][\/vc_column_text][\/vc_column][\/vc_row][vc_row el_class=&#8220;scheda-prodotto-row-paragrafo&#8220;][vc_column width=&#8220;7\/12&#8243;][vc_row_inner][vc_column_inner el_class=&#8220;scheda-prodotto-img-col-sx&#8220; width=&#8220;1\/2&#8243;][vc_single_image image=&#8220;27822&#8243; img_size=&#8220;full&#8220; el_class=&#8220;scheda-prodotto-img-dettaglio&#8220;][\/vc_column_inner][vc_column_inner el_class=&#8220;scheda-prodotto-img-col-dx&#8220; width=&#8220;1\/2&#8243;][vc_single_image image=&#8220;27827&#8243; img_size=&#8220;full&#8220; el_class=&#8220;scheda-prodotto-img-dettaglio&#8220;][\/vc_column_inner][\/vc_row_inner][\/vc_column][vc_column width=&#8220;5\/12&#8243;][vc_column_text el_class=&#8220;scheda-prodotto-row-paragrafo-txt abstract&#8220;]<\/p>\n<h2>Funktionen<\/h2>\n<ul>\n<li>Verbundmaterial in der gleichen Farbe mit GEL COAT \u00fcberzogen<\/li>\n<li>Mit leicht wiederherstellbarer Oberfl\u00e4che<\/li>\n<li>Rutschfest und antibakteriell<\/li>\n<li>Aufputz- oder bodenebene Installation<\/li>\n<li>Ablaufabdeckung aus dem gleichen Material wie die Duschwanne<\/li>\n<\/ul>\n<p>[\/vc_column_text][\/vc_column][\/vc_row][vc_row equal_height=&#8220;yes&#8220; content_placement=&#8220;middle&#8220; el_class=&#8220;scheda-prodotto-row-paragrafo&#8220;][vc_column width=&#8220;1\/12&#8243;][\/vc_column][vc_column width=&#8220;10\/12&#8243;][vc_column_text el_class=&#8220;scheda-prodotto-row-paragrafo-txt&#8220;]<\/p>\n<p style=\"text-align: center;\">Es ist eine Eckduschwanne, die von Cupro inspiriert ist, einem weichen und zarten Stoff wie Seide. Er zeichnet sich durch den an der L\u00e4ngsseite positionierten Ablauf aus.<\/p>\n<p>&nbsp;<\/p>\n<p style=\"text-align: center;\">Es besteht vollst\u00e4ndig aus Harzen und Mineralien und ist mit Gel Coat \u00fcberzogen, einem weichen, wasserdichten Material, das das \u00e4u\u00dfere Erscheinungsbild im Laufe der Zeit garantiert. Es ist ein rutschfestes und antibakterielles Produkt, das im Laufe der Zeit wiederhergestellt werden kann. Er kann freistehend oder bodenb\u00fcndig eingebaut werden.<\/p>\n<p>&nbsp;<\/p>\n<p style=\"text-align: center;\">Alle Duschwannen sowie die anderen Relax-Artikel werden in zertifizierter Qualit\u00e4t in Italien hergestellt.<\/p>\n<p>[\/vc_column_text][\/vc_column][vc_column width=&#8220;1\/12&#8243;][\/vc_column][\/vc_row][vc_row equal_height=&#8220;yes&#8220; content_placement=&#8220;middle&#8220; el_class=&#8220;scheda-prodotto-row-paragrafo&#8220;][vc_column][vc_gallery type=&#8220;flexslider_slide&#8220; interval=&#8220;5&#8243; images=&#8220;27980,27985,27990&#8243; img_size=&#8220;full&#8220; el_class=&#8220;scheda-prodotto-row-slideshow&#8220;][\/vc_column][\/vc_row][vc_row el_class=&#8220;scheda-prodotto-row-attributi scheda-prodotto-first-row-attributi&#8220;][vc_column width=&#8220;1\/4&#8243; el_class=&#8220;scheda-prodotto-col-attributi&#8220;][vc_column_text]<ul class=\"product-attributes\"><li class=\"product-attribute-altezza-piatto\"><span class=\"product-attribute-label\">Plattenh\u00f6he<\/span> <span class=\"product-attribute-option ppl\"><span class=\"product-attribute-name\">3 cm&nbsp;<\/span><\/span><span class=\"product-attribute-divider\">,<\/span> <span class=\"product-attribute-option ppl\"><span class=\"product-attribute-name\">3 cm&nbsp;<\/span><\/span><span class=\"product-attribute-divider\">,<\/span> <span class=\"product-attribute-option ppl\"><span class=\"product-attribute-name\">3 cm&nbsp;<\/span><\/span><span class=\"product-attribute-divider\">,<\/span> <span class=\"product-attribute-option ppl\"><span class=\"product-attribute-name\">3 \u0441\u043c&nbsp;<\/span><\/span><span class='product-attribute-name'><span class = 'width:100%;float:left'><\/span><\/span><\/li><\/ul>[\/vc_column_text][\/vc_column][vc_column width=&#8220;1\/4&#8243; el_class=&#8220;scheda-prodotto-col-attributi&#8220;][vc_column_text]<ul class=\"product-attributes\"><li class=\"product-attribute-dimensioni\"><span class=\"product-attribute-label\">Ma\u00dfe<\/span> <span class=\"product-attribute-option ppl\"><span class=\"product-attribute-name\">da 70x90 cm a 100x160 cm&nbsp;<\/span><\/span><span class=\"product-attribute-divider\">,<\/span> <span class=\"product-attribute-option ppl\"><span class=\"product-attribute-name\">de 70x90 cm \u00e0 100x160 cm&nbsp;<\/span><\/span><span class=\"product-attribute-divider\">,<\/span> <span class=\"product-attribute-option ppl\"><span class=\"product-attribute-name\">from 70x90 cm to 100x160 cm&nbsp;<\/span><\/span><span class=\"product-attribute-divider\">,<\/span> <span class=\"product-attribute-option ppl\"><span class=\"product-attribute-name\">\u043e\u0442 70\u044590 \u0441\u043c \u0434\u043e 100\u0445160 \u0441\u043c&nbsp;<\/span><\/span><span class='product-attribute-name'><span class = 'width:100%;float:left'><\/span><\/span><\/li><\/ul>[\/vc_column_text][\/vc_column][vc_column width=&#8220;1\/4&#8243; el_class=&#8220;scheda-prodotto-col-attributi&#8220;][vc_column_text]<ul class=\"product-attributes\"><li class=\"product-attribute-su-misura\"><span class=\"product-attribute-label\">Ma\u00dfgeschneidert<\/span> <span class=\"product-attribute-option ppl\"><span class=\"product-attribute-name\">Available&nbsp;<\/span><\/span><span class=\"product-attribute-divider\">,<\/span> <span class=\"product-attribute-option ppl\"><span class=\"product-attribute-name\">Disponible&nbsp;<\/span><\/span><span class=\"product-attribute-divider\">,<\/span> <span class=\"product-attribute-option ppl\"><span class=\"product-attribute-name\">Verf\u00fcgbar&nbsp;<\/span><\/span><span class=\"product-attribute-divider\">,<\/span> <span class=\"product-attribute-option ppl\"><span class=\"product-attribute-name\">\u0414\u043e\u0441\u0442\u0443\u043f\u043d\u044b\u0439&nbsp;<\/span><\/span><span class='product-attribute-name'><span class = 'width:100%;float:left'><\/span><\/span><\/li><\/ul>[\/vc_column_text][\/vc_column][\/vc_row][vc_row el_class=&#8220;scheda-prodotto-row-attributi&#8220;][vc_column width=&#8220;1\/2&#8243; el_class=&#8220;scheda-prodotto-col-attributi&#8220;][vc_column_text]<ul class=\"product-attributes\"><li class=\"product-attribute-finiture-disponibili\"><span class=\"product-attribute-label\">Ausf\u00fchrungen erh\u00e4ltlich<\/span> <span class=\"product-attribute-option ppl\"><a href=\"https:\/\/relaxsrl.com\/website\/wp-content\/uploads\/2021\/11\/Finitura-Antracite.jpg\" target=\"_blank\"><img class=\"product-attribute-image\" src=\"https:\/\/relaxsrl.com\/website\/wp-content\/uploads\/2021\/11\/Finitura-Antracite.jpg\"\/><\/a><span class=\"product-attribute-name\">Anthracite finish&nbsp;<\/span><\/span><span class=\"product-attribute-option ppl\"><a href=\"https:\/\/relaxsrl.com\/website\/wp-content\/uploads\/2022\/02\/Finitura-Antracite.jpg\" target=\"_blank\"><img class=\"product-attribute-image\" src=\"https:\/\/relaxsrl.com\/website\/wp-content\/uploads\/2022\/02\/Finitura-Antracite.jpg\"\/><\/a><span class=\"product-attribute-name\">Anthrazit-Finish&nbsp;<\/span><\/span><span class=\"product-attribute-option ppl\"><a href=\"https:\/\/relaxsrl.com\/website\/wp-content\/uploads\/2022\/02\/Finitura-Antracite.jpg\" target=\"_blank\"><img class=\"product-attribute-image\" src=\"https:\/\/relaxsrl.com\/website\/wp-content\/uploads\/2022\/02\/Finitura-Antracite.jpg\"\/><\/a><span class=\"product-attribute-name\">Finition anthracite&nbsp;<\/span><\/span><span class=\"product-attribute-option ppl\"><a href=\"https:\/\/relaxsrl.com\/website\/wp-content\/uploads\/2022\/02\/Finitura-Bianca.jpg\" target=\"_blank\"><img class=\"product-attribute-image\" src=\"https:\/\/relaxsrl.com\/website\/wp-content\/uploads\/2022\/02\/Finitura-Bianca.jpg\"\/><\/a><span class=\"product-attribute-name\">Finition blanc&nbsp;<\/span><\/span><span class='product-attribute-name'><span class = 'width:100%;float:left'><\/span><\/span><span class=\"product-attribute-option ppl\"><a href=\"https:\/\/relaxsrl.com\/website\/wp-content\/uploads\/2022\/02\/Finitura-Bianca.jpg\" target=\"_blank\"><img class=\"product-attribute-image\" src=\"https:\/\/relaxsrl.com\/website\/wp-content\/uploads\/2022\/02\/Finitura-Bianca.jpg\"\/><\/a><span class=\"product-attribute-name\">Wei\u00dfe Ausf\u00fchrung&nbsp;<\/span><\/span><span class=\"product-attribute-option ppl\"><a href=\"https:\/\/relaxsrl.com\/website\/wp-content\/uploads\/2021\/11\/Finitura-Bianca.jpg\" target=\"_blank\"><img class=\"product-attribute-image\" src=\"https:\/\/relaxsrl.com\/website\/wp-content\/uploads\/2021\/11\/Finitura-Bianca.jpg\"\/><\/a><span class=\"product-attribute-name\">White finish&nbsp;<\/span><\/span><span class=\"product-attribute-option ppl\"><a href=\"https:\/\/relaxsrl.com\/website\/wp-content\/uploads\/2022\/02\/Finitura-Antracite.jpg\" target=\"_blank\"><img class=\"product-attribute-image\" src=\"https:\/\/relaxsrl.com\/website\/wp-content\/uploads\/2022\/02\/Finitura-Antracite.jpg\"\/><\/a><span class=\"product-attribute-name\">\u043e\u0442\u0434\u0435\u043b\u043a\u0430 \u0430\u043d\u0442\u0440\u0430\u0446\u0438\u0442&nbsp;<\/span><\/span><span class=\"product-attribute-option ppl\"><a href=\"https:\/\/relaxsrl.com\/website\/wp-content\/uploads\/2022\/02\/Finitura-Bianca.jpg\" target=\"_blank\"><img class=\"product-attribute-image\" src=\"https:\/\/relaxsrl.com\/website\/wp-content\/uploads\/2022\/02\/Finitura-Bianca.jpg\"\/><\/a><span class=\"product-attribute-name\">\u043e\u0442\u0434\u0435\u043b\u043a\u0430 \u0431\u0435\u043b\u044b\u0439&nbsp;<\/span><\/span><span class='product-attribute-name'><span class = 'width:100%;float:left'><\/span><\/span><\/li><\/ul>[\/vc_column_text][\/vc_column][vc_column width=&#8220;1\/2&#8243; el_class=&#8220;scheda-prodotto-col-attributi&#8220;][\/vc_column][\/vc_row][vc_row disable_element=&#8220;yes&#8220; el_class=&#8220;scheda-prodotto-row-attributi&#8220;][vc_column width=&#8220;1\/4&#8243; el_class=&#8220;scheda-prodotto-col-attributi&#8220;][vc_column_text][\/vc_column_text][\/vc_column][vc_column width=&#8220;1\/4&#8243; el_class=&#8220;scheda-prodotto-col-attributi&#8220;][vc_column_text][\/vc_column_text][\/vc_column][vc_column width=&#8220;1\/4&#8243; el_class=&#8220;scheda-prodotto-col-attributi&#8220;][\/vc_column][vc_column width=&#8220;1\/4&#8243;][\/vc_column][\/vc_row][vc_row el_class=&#8220;scheda-prodotto-row-attributi&#8220;][vc_column width=&#8220;1\/4&#8243; el_class=&#8220;scheda-prodotto-col-attributi&#8220;][vc_column_text]<a href=\"https:\/\/relaxsrl.com\/de\/produkte\/download\/#CUPRO_L\" rel=\"noopener\">Datenblatt<\/a>[\/vc_column_text][\/vc_column][vc_column width=&#8220;1\/4&#8243; el_class=&#8220;scheda-prodotto-col-attributi&#8220;][vc_column_text]<a href=\"https:\/\/relaxsrl.com\/de\/produkte\/download\/#CUPRO_L\" rel=\"noopener\">Anweisung zur Montage<\/a>[\/vc_column_text][\/vc_column][\/vc_row][vc_row][vc_column][vc_column_text][\/vc_column_text][\/vc_column][\/vc_row][vc_row full_width=&#8220;stretch_row_content_no_spaces&#8220; equal_height=&#8220;yes&#8220; content_placement=&#8220;middle&#8220; el_class=&#8220;row-over-footer row-cta-over-footer&#8220;][vc_column width=&#8220;1\/2&#8243;][vc_single_image image=&#8220;2028&#8243; img_size=&#8220;full&#8220;][\/vc_column][vc_column width=&#8220;1\/2&#8243; el_class=&#8220;row-cta-over-footer-col-text&#8220; css=&#8220;.vc_custom_1632816225176{background-image: url(http:\/\/relaxsrl.com\/wp-content\/uploads\/2021\/09\/cta-ispirazione-opaco.jpg?id=2021) !important;background-position: center !important;background-repeat: no-repeat !important;background-size: cover !important;}&#8220;][vc_row_inner][vc_column_inner width=&#8220;1\/4&#8243;][\/vc_column_inner][vc_column_inner width=&#8220;1\/2&#8243;][vc_column_text]<\/p>\n<h2 style=\"text-align: center;\">Sprechen Sie mit einem Experten!<\/h2>\n<p style=\"text-align: center;\">Nat\u00fcrlich werden Sie konkrete Fragen zu Ihrer Situation haben. Schreiben Sie uns jetzt und einer unserer Experten wird Ihnen antworten.<\/p>\n<p>[\/vc_column_text][vc_btn title=&#8220;NACH INFORMATIONEN FRAGEN&#8220; style=&#8220;classic&#8220; shape=&#8220;square&#8220; color=&#8220;white&#8220; align=&#8220;center&#8220; link=&#8220;url:http%3A%2F%2Frelaxsrl.com%2Fprodotti%2Frichiesta-informazioni%2F%3Foggetto%3DInformationsanfrage%20f%C3%BCr%20CUPRO%20L|&#8220; el_class=&#8220;btn-default-white&#8220;][\/vc_column_inner][vc_column_inner width=&#8220;1\/4&#8243;][\/vc_column_inner][\/vc_row_inner][\/vc_column][\/vc_row]<\/p>\n","protected":false},"excerpt":{"rendered":"<p>Rechteckige Duschwanne, Ablaufabdeckung im gleichen Material an der L\u00e4ngsseite.<\/p>\n","protected":false},"featured_media":27911,"template":"","meta":[],"product_cat":[528,1067,3323,3325,3326,3350,2001,1161,1994,799,1993,527,1139,1651,1568,1617],"product_tag":[],"acf":[],"yoast_head":"<!-- This site is optimized with the Yoast SEO Premium plugin v18.4 (Yoast SEO v18.8) - https:\/\/yoast.com\/wordpress\/plugins\/seo\/ -->\n<title>CUPRO L - Relax srl<\/title>\n<meta name=\"description\" content=\"Ein grundlegendes Merkmal der Duschwanne Stone sind die typischen Maserungen, die der Duschwanne eine rohe und nat\u00fcrliche Wirkung verleihen.\" \/>\n<meta name=\"robots\" content=\"index, follow, max-snippet:-1, max-image-preview:large, max-video-preview:-1\" \/>\n<link rel=\"canonical\" href=\"https:\/\/relaxsrl.com\/de\/produkt\/cupro-l-de\/\" \/>\n<meta property=\"og:locale\" content=\"de_DE\" \/>\n<meta property=\"og:type\" content=\"article\" \/>\n<meta property=\"og:title\" content=\"CUPRO L - Relax srl\" \/>\n<meta property=\"og:description\" content=\"Ein grundlegendes Merkmal der Duschwanne Stone sind die typischen Maserungen, die der Duschwanne eine rohe und nat\u00fcrliche Wirkung verleihen.\" \/>\n<meta property=\"og:url\" content=\"https:\/\/relaxsrl.com\/de\/produkt\/cupro-l-de\/\" \/>\n<meta property=\"og:site_name\" content=\"Relax srl\" \/>\n<meta property=\"article:modified_time\" content=\"2023-04-12T15:07:23+00:00\" \/>\n<meta property=\"og:image\" content=\"https:\/\/relaxsrl.com\/website\/wp-content\/uploads\/2023\/02\/IMG_NUOVI4.jpg\" \/>\n\t<meta property=\"og:image:width\" content=\"1440\" \/>\n\t<meta property=\"og:image:height\" content=\"1920\" \/>\n\t<meta property=\"og:image:type\" content=\"image\/jpeg\" \/>\n<meta name=\"twitter:card\" content=\"summary_large_image\" \/>\n<meta name=\"twitter:label1\" content=\"Gesch\u00e4tzte Lesezeit\" \/>\n\t<meta name=\"twitter:data1\" content=\"2 Minuten\" \/>\n<script type=\"application\/ld+json\" class=\"yoast-schema-graph\">{\"@context\":\"https:\/\/schema.org\",\"@graph\":[{\"@type\":\"WebSite\",\"@id\":\"https:\/\/relaxsrl.com\/#website\",\"url\":\"https:\/\/relaxsrl.com\/\",\"name\":\"Relax srl\",\"description\":\"\",\"potentialAction\":[{\"@type\":\"SearchAction\",\"target\":{\"@type\":\"EntryPoint\",\"urlTemplate\":\"https:\/\/relaxsrl.com\/?s={search_term_string}\"},\"query-input\":\"required name=search_term_string\"}],\"inLanguage\":\"de-DE\"},{\"@type\":\"ImageObject\",\"inLanguage\":\"de-DE\",\"@id\":\"https:\/\/relaxsrl.com\/de\/produkt\/cupro-l-de\/#primaryimage\",\"url\":\"https:\/\/relaxsrl.com\/website\/wp-content\/uploads\/2023\/02\/IMG_NUOVI4.jpg\",\"contentUrl\":\"https:\/\/relaxsrl.com\/website\/wp-content\/uploads\/2023\/02\/IMG_NUOVI4.jpg\",\"width\":1440,\"height\":1920},{\"@type\":\"WebPage\",\"@id\":\"https:\/\/relaxsrl.com\/de\/produkt\/cupro-l-de\/#webpage\",\"url\":\"https:\/\/relaxsrl.com\/de\/produkt\/cupro-l-de\/\",\"name\":\"CUPRO L - Relax srl\",\"isPartOf\":{\"@id\":\"https:\/\/relaxsrl.com\/#website\"},\"primaryImageOfPage\":{\"@id\":\"https:\/\/relaxsrl.com\/de\/produkt\/cupro-l-de\/#primaryimage\"},\"datePublished\":\"2023-02-23T16:44:41+00:00\",\"dateModified\":\"2023-04-12T15:07:23+00:00\",\"description\":\"Ein grundlegendes Merkmal der Duschwanne Stone sind die typischen Maserungen, die der Duschwanne eine rohe und nat\u00fcrliche Wirkung verleihen.\",\"breadcrumb\":{\"@id\":\"https:\/\/relaxsrl.com\/de\/produkt\/cupro-l-de\/#breadcrumb\"},\"inLanguage\":\"de-DE\",\"potentialAction\":[{\"@type\":\"ReadAction\",\"target\":[\"https:\/\/relaxsrl.com\/de\/produkt\/cupro-l-de\/\"]}]},{\"@type\":\"BreadcrumbList\",\"@id\":\"https:\/\/relaxsrl.com\/de\/produkt\/cupro-l-de\/#breadcrumb\",\"itemListElement\":[{\"@type\":\"ListItem\",\"position\":1,\"name\":\"CUPRO L\"}]}]}<\/script>\n<!-- \/ Yoast SEO Premium plugin. -->","yoast_head_json":{"title":"CUPRO L - Relax srl","description":"Ein grundlegendes Merkmal der Duschwanne Stone sind die typischen Maserungen, die der Duschwanne eine rohe und nat\u00fcrliche Wirkung verleihen.","robots":{"index":"index","follow":"follow","max-snippet":"max-snippet:-1","max-image-preview":"max-image-preview:large","max-video-preview":"max-video-preview:-1"},"canonical":"https:\/\/relaxsrl.com\/de\/produkt\/cupro-l-de\/","og_locale":"de_DE","og_type":"article","og_title":"CUPRO L - Relax srl","og_description":"Ein grundlegendes Merkmal der Duschwanne Stone sind die typischen Maserungen, die der Duschwanne eine rohe und nat\u00fcrliche Wirkung verleihen.","og_url":"https:\/\/relaxsrl.com\/de\/produkt\/cupro-l-de\/","og_site_name":"Relax srl","article_modified_time":"2023-04-12T15:07:23+00:00","og_image":[{"width":1440,"height":1920,"url":"https:\/\/relaxsrl.com\/website\/wp-content\/uploads\/2023\/02\/IMG_NUOVI4.jpg","type":"image\/jpeg"}],"twitter_card":"summary_large_image","twitter_misc":{"Gesch\u00e4tzte Lesezeit":"2 Minuten"},"schema":{"@context":"https:\/\/schema.org","@graph":[{"@type":"WebSite","@id":"https:\/\/relaxsrl.com\/#website","url":"https:\/\/relaxsrl.com\/","name":"Relax srl","description":"","potentialAction":[{"@type":"SearchAction","target":{"@type":"EntryPoint","urlTemplate":"https:\/\/relaxsrl.com\/?s={search_term_string}"},"query-input":"required name=search_term_string"}],"inLanguage":"de-DE"},{"@type":"ImageObject","inLanguage":"de-DE","@id":"https:\/\/relaxsrl.com\/de\/produkt\/cupro-l-de\/#primaryimage","url":"https:\/\/relaxsrl.com\/website\/wp-content\/uploads\/2023\/02\/IMG_NUOVI4.jpg","contentUrl":"https:\/\/relaxsrl.com\/website\/wp-content\/uploads\/2023\/02\/IMG_NUOVI4.jpg","width":1440,"height":1920},{"@type":"WebPage","@id":"https:\/\/relaxsrl.com\/de\/produkt\/cupro-l-de\/#webpage","url":"https:\/\/relaxsrl.com\/de\/produkt\/cupro-l-de\/","name":"CUPRO L - Relax srl","isPartOf":{"@id":"https:\/\/relaxsrl.com\/#website"},"primaryImageOfPage":{"@id":"https:\/\/relaxsrl.com\/de\/produkt\/cupro-l-de\/#primaryimage"},"datePublished":"2023-02-23T16:44:41+00:00","dateModified":"2023-04-12T15:07:23+00:00","description":"Ein grundlegendes Merkmal der Duschwanne Stone sind die typischen Maserungen, die der Duschwanne eine rohe und nat\u00fcrliche Wirkung verleihen.","breadcrumb":{"@id":"https:\/\/relaxsrl.com\/de\/produkt\/cupro-l-de\/#breadcrumb"},"inLanguage":"de-DE","potentialAction":[{"@type":"ReadAction","target":["https:\/\/relaxsrl.com\/de\/produkt\/cupro-l-de\/"]}]},{"@type":"BreadcrumbList","@id":"https:\/\/relaxsrl.com\/de\/produkt\/cupro-l-de\/#breadcrumb","itemListElement":[{"@type":"ListItem","position":1,"name":"CUPRO L"}]}]}},"_links":{"self":[{"href":"https:\/\/relaxsrl.com\/de\/wp-json\/wp\/v2\/product\/26545"}],"collection":[{"href":"https:\/\/relaxsrl.com\/de\/wp-json\/wp\/v2\/product"}],"about":[{"href":"https:\/\/relaxsrl.com\/de\/wp-json\/wp\/v2\/types\/product"}],"wp:featuredmedia":[{"embeddable":true,"href":"https:\/\/relaxsrl.com\/de\/wp-json\/wp\/v2\/media\/27911"}],"wp:attachment":[{"href":"https:\/\/relaxsrl.com\/de\/wp-json\/wp\/v2\/media?parent=26545"}],"wp:term":[{"taxonomy":"product_cat","embeddable":true,"href":"https:\/\/relaxsrl.com\/de\/wp-json\/wp\/v2\/product_cat?post=26545"},{"taxonomy":"product_tag","embeddable":true,"href":"https:\/\/relaxsrl.com\/de\/wp-json\/wp\/v2\/product_tag?post=26545"}],"curies":[{"name":"wp","href":"https:\/\/api.w.org\/{rel}","templated":true}]}}