{"id":21060,"date":"2021-09-20T12:35:09","date_gmt":"2021-09-20T10:35:09","guid":{"rendered":"https:\/\/relaxsrl.com\/product\/axia-sc1-v\/"},"modified":"2022-07-26T11:17:49","modified_gmt":"2022-07-26T09:17:49","slug":"axia-sc1-v","status":"publish","type":"product","link":"https:\/\/relaxsrl.com\/de\/produkt\/axia-sc1-v\/","title":{"rendered":"AXIA SC1-V"},"content":{"rendered":"<p>[vc_row full_width=&#8220;stretch_row_content_no_spaces&#8220; el_class=&#8220;row-header-prodotto-layblue&#8220;][vc_column][vc_raw_html]PGRpdiBjbGFzcz0iaGVhZGVyLXByb2RvdHRvLWxheWJsdWUiPjwvZGl2Pg==[\/vc_raw_html][\/vc_column][\/vc_row][vc_row el_class=&#8220;row-header-prodotto&#8220;][vc_column width=&#8220;1\/3&#8243;][vc_column_text el_class=&#8220;row-header-prodotto-txt&#8220;]<\/p>\n<h1>Axia SC1-V Badewannenabtrennung<\/h1>\n<p>Axia SC1-V ist eine Nischenbadewanne mit Schiebe\u00f6ffnung, die den von der Badewanne begrenzten Raum vollst\u00e4ndig schlie\u00dft.[\/vc_column_text][\/vc_column][vc_column width=&#8220;1\/6&#8243;][\/vc_column][vc_column width=&#8220;1\/2&#8243;][vc_single_image image=&#8220;7240&#8243; img_size=&#8220;full&#8220; alignment=&#8220;center&#8220; el_class=&#8220;row-header-prodotto-img&#8220;][\/vc_column][\/vc_row][vc_row full_width=&#8220;stretch_row&#8220; el_class=&#8220;row-header-prodotto-bg&#8220; css=&#8220;.vc_custom_1633526679229{background-image: url(http:\/\/relaxsrl.com\/wp-content\/uploads\/2021\/09\/collezione-axia.jpg?id=2694) !important;}&#8220;][vc_column][\/vc_column][\/vc_row][vc_row el_class=&#8220;row-path&#8220;][vc_column][vc_column_text][\/vc_column_text][\/vc_column][\/vc_row][vc_row el_class=&#8220;scheda-prodotto-row-paragrafo&#8220;][vc_column width=&#8220;7\/12&#8243;][vc_row_inner][vc_column_inner el_class=&#8220;scheda-prodotto-img-col-sx&#8220; width=&#8220;1\/2&#8243;][vc_single_image image=&#8220;7232&#8243; img_size=&#8220;full&#8220; el_class=&#8220;scheda-prodotto-img-dettaglio&#8220;][\/vc_column_inner][vc_column_inner el_class=&#8220;scheda-prodotto-img-col-dx&#8220; width=&#8220;1\/2&#8243;][vc_single_image image=&#8220;7236&#8243; img_size=&#8220;full&#8220; el_class=&#8220;scheda-prodotto-img-dettaglio&#8220;][\/vc_column_inner][\/vc_row_inner][\/vc_column][vc_column width=&#8220;5\/12&#8243;][vc_column_text el_class=&#8220;scheda-prodotto-row-paragrafo-txt abstract&#8220;]<\/p>\n<h2>Funktionen<\/h2>\n<ul>\n<li>Sperrprofil mit wasserdichter Dichtung<\/li>\n<li>Ausgestattet mit einem Wandprofil ohne Glasbefestigungsschrauben<\/li>\n<li>Ausgestattet mit einem Wandprofil, das in die Wand eingelassen werden kann<\/li>\n<li>Schnellverschlusssystem der T\u00fcr zur Erleichterung der Reinigung<\/li>\n<li>Nischent\u00fcr mit Magnetverschluss<\/li>\n<li>Ausgestattet mit einstellbaren Exzenterlagern<\/li>\n<li>Anti-Kalk-Glas serienm\u00e4\u00dfig<\/li>\n<li>Ausgestattet mit Soft-Close (optional)<\/li>\n<\/ul>\n<p>[\/vc_column_text][\/vc_column][\/vc_row][vc_row equal_height=&#8220;yes&#8220; content_placement=&#8220;middle&#8220; el_class=&#8220;scheda-prodotto-row-paragrafo&#8220;][vc_column width=&#8220;1\/12&#8243;][\/vc_column][vc_column width=&#8220;10\/12&#8243;][vc_column_text el_class=&#8220;scheda-prodotto-row-paragrafo-txt&#8220;]<\/p>\n<p style=\"text-align: center;\">Axia SC1-V ist eine Badewannenabtrennung f\u00fcr eine in einer Nische platzierte Badewanne. Es besteht aus 8 mm geh\u00e4rtetem Glas und hat eine Schiebet\u00fcr.<\/p>\n<p style=\"text-align: center;\">Die Axia Badewannenabtrennungen greifen die Axia Duschabtrennungskollektion auf, die sich durch das sichtbare Schiebesystem auf einer kleinen Schiene und auf verchromten Lagern mit minimalem Design auszeichnet.<br \/>\nDer Einschub des Wandprofils erfolgt auf Druck, ohne Befestigungsschrauben.<\/p>\n<p style=\"text-align: center;\">Es ist m\u00f6glich, die Badewannenabtrennung nach Ma\u00df und mit geformtem Glas f\u00fcr Dachb\u00f6den und besondere L\u00f6sungen zu bestellen.<\/p>\n<p style=\"text-align: center;\">Relax-Badewannenwand und zugeh\u00f6riges Zubeh\u00f6r werden alle in Italien mit zertifizierter Qualit\u00e4t hergestellt.<\/p>\n<p>[\/vc_column_text][\/vc_column][vc_column width=&#8220;1\/12&#8243;][\/vc_column][\/vc_row][vc_row el_class=&#8220;scheda-prodotto-row-attributi scheda-prodotto-first-row-attributi&#8220;][vc_column width=&#8220;1\/4&#8243; el_class=&#8220;scheda-prodotto-col-attributi&#8220;][vc_column_text]<ul class=\"product-attributes\"><li class=\"product-attribute-altezza-standard\"><span class=\"product-attribute-label\">Standardh\u00f6he<\/span> <span class=\"product-attribute-option ppl\"><span class=\"product-attribute-name\">150 cm&nbsp;<\/span><\/span><span class=\"product-attribute-divider\">,<\/span> <span class=\"product-attribute-option ppl\"><span class=\"product-attribute-name\">150 \u0441\u043c&nbsp;<\/span><\/span><\/li><\/ul>[\/vc_column_text][\/vc_column][vc_column width=&#8220;1\/4&#8243; el_class=&#8220;scheda-prodotto-col-attributi&#8220;][vc_column_text]<ul class=\"product-attributes\"><li class=\"product-attribute-dimensioni\"><span class=\"product-attribute-label\">Ma\u00dfe<\/span> <span class=\"product-attribute-option ppl\"><span class=\"product-attribute-name\">da 140 cm a 180 cm&nbsp;<\/span><\/span><span class=\"product-attribute-divider\">,<\/span> <span class=\"product-attribute-option ppl\"><span class=\"product-attribute-name\">\u043e\u0442 140 \u0441\u043c \u0434\u043e 180 \u0441\u043c&nbsp;<\/span><\/span><\/li><\/ul>[\/vc_column_text][\/vc_column][vc_column width=&#8220;1\/4&#8243; el_class=&#8220;scheda-prodotto-col-attributi&#8220;][vc_column_text]<ul class=\"product-attributes\"><li class=\"product-attribute-profondit\"><span class=\"product-attribute-label\">Tiefe<\/span> <span class=\"product-attribute-option ppl\"><span class=\"product-attribute-name\">Basierend auf der Nische&nbsp;<\/span><\/span><span class=\"product-attribute-divider\">,<\/span> <span class=\"product-attribute-option ppl\"><span class=\"product-attribute-name\">\u041d\u0430 \u043e\u0441\u043d\u043e\u0432\u0435 \u043d\u0438\u0448\u0438&nbsp;<\/span><\/span><\/li><\/ul>[\/vc_column_text][\/vc_column][vc_column width=&#8220;1\/4&#8243; el_class=&#8220;scheda-prodotto-col-attributi&#8220;][vc_column_text]<ul class=\"product-attributes\"><li class=\"product-attribute-spessore-vetro\"><span class=\"product-attribute-label\">Glasdicke<\/span> <span class=\"product-attribute-option ppl\"><span class=\"product-attribute-name\">8 mm&nbsp;<\/span><\/span><span class=\"product-attribute-divider\">,<\/span> <span class=\"product-attribute-option ppl\"><span class=\"product-attribute-name\">8 \u043c\u043c&nbsp;<\/span><\/span><\/li><\/ul>[\/vc_column_text][\/vc_column][\/vc_row][vc_row el_class=&#8220;scheda-prodotto-row-attributi&#8220;][vc_column width=&#8220;1\/2&#8243; el_class=&#8220;scheda-prodotto-col-attributi&#8220;][vc_column_text]<ul class=\"product-attributes\"><li class=\"product-attribute-finiture-vetro\"><span class=\"product-attribute-label\">Glasoberfl\u00e4chen<\/span> <span class=\"product-attribute-option ppl\"><a href=\"https:\/\/relaxsrl.com\/website\/wp-content\/uploads\/2022\/02\/Bronzo.jpg\" target=\"_blank\"><img class=\"product-attribute-image\" src=\"https:\/\/relaxsrl.com\/website\/wp-content\/uploads\/2022\/02\/Bronzo.jpg\"\/><\/a><span class=\"product-attribute-name\">\u0411\u0440\u043e\u043d\u0437\u043e\u0432\u043e\u0435&nbsp;<\/span><\/span><span class=\"product-attribute-option ppl\"><a href=\"https:\/\/relaxsrl.com\/website\/wp-content\/uploads\/2022\/02\/Trasparente.jpg\" target=\"_blank\"><img class=\"product-attribute-image\" src=\"https:\/\/relaxsrl.com\/website\/wp-content\/uploads\/2022\/02\/Trasparente.jpg\"\/><\/a><span class=\"product-attribute-name\">\u041f\u0440\u043e\u0437\u0440\u0430\u0447\u043d\u043e\u0435&nbsp;<\/span><\/span><span class=\"product-attribute-option ppl\"><a href=\"https:\/\/relaxsrl.com\/website\/wp-content\/uploads\/2022\/02\/Grigio-Europa.jpg\" target=\"_blank\"><img class=\"product-attribute-image\" src=\"https:\/\/relaxsrl.com\/website\/wp-content\/uploads\/2022\/02\/Grigio-Europa.jpg\"\/><\/a><span class=\"product-attribute-name\">\u0421\u0435\u0440\u043e\u0435&nbsp;<\/span><\/span><\/li><\/ul>[\/vc_column_text][\/vc_column][vc_column width=&#8220;1\/2&#8243; el_class=&#8220;scheda-prodotto-col-attributi&#8220;][vc_column_text]<ul class=\"product-attributes\"><li class=\"product-attribute-finiture-profili\"><span class=\"product-attribute-label\">Profil endet<\/span> <span class=\"product-attribute-option ppl\"><a href=\"https:\/\/relaxsrl.com\/website\/wp-content\/uploads\/2022\/02\/Brillantato.jpg\" target=\"_blank\"><img class=\"product-attribute-image\" src=\"https:\/\/relaxsrl.com\/website\/wp-content\/uploads\/2022\/02\/Brillantato.jpg\"\/><\/a><span class=\"product-attribute-name\">Brillantato&nbsp;<\/span><\/span><span class=\"product-attribute-option ppl\"><a href=\"https:\/\/relaxsrl.com\/website\/wp-content\/uploads\/2022\/02\/Nero.jpg\" target=\"_blank\"><img class=\"product-attribute-image\" src=\"https:\/\/relaxsrl.com\/website\/wp-content\/uploads\/2022\/02\/Nero.jpg\"\/><\/a><span class=\"product-attribute-name\">Schwarz&nbsp;<\/span><\/span><span class=\"product-attribute-option ppl\"><a href=\"https:\/\/relaxsrl.com\/website\/wp-content\/uploads\/2022\/02\/Acciaio.jpg\" target=\"_blank\"><img class=\"product-attribute-image\" src=\"https:\/\/relaxsrl.com\/website\/wp-content\/uploads\/2022\/02\/Acciaio.jpg\"\/><\/a><span class=\"product-attribute-name\">Stahl&nbsp;<\/span><\/span><span class=\"product-attribute-option ppl\"><a href=\"https:\/\/relaxsrl.com\/website\/wp-content\/uploads\/2022\/02\/Bronzo-1.jpg\" target=\"_blank\"><img class=\"product-attribute-image\" src=\"https:\/\/relaxsrl.com\/website\/wp-content\/uploads\/2022\/02\/Bronzo-1.jpg\"\/><\/a><span class=\"product-attribute-name\">\u0411\u0440\u043e\u043d\u0437\u0430&nbsp;<\/span><\/span><span class='product-attribute-name'><span class = 'width:100%;float:left'><\/span><\/span><span class=\"product-attribute-option ppl\"><a href=\"https:\/\/relaxsrl.com\/website\/wp-content\/uploads\/2022\/02\/Acciaio.jpg\" target=\"_blank\"><img class=\"product-attribute-image\" src=\"https:\/\/relaxsrl.com\/website\/wp-content\/uploads\/2022\/02\/Acciaio.jpg\"\/><\/a><span class=\"product-attribute-name\">\u0421\u0442\u0430\u043b\u044c&nbsp;<\/span><\/span><span class=\"product-attribute-option ppl\"><a href=\"https:\/\/relaxsrl.com\/website\/wp-content\/uploads\/2022\/02\/Nero.jpg\" target=\"_blank\"><img class=\"product-attribute-image\" src=\"https:\/\/relaxsrl.com\/website\/wp-content\/uploads\/2022\/02\/Nero.jpg\"\/><\/a><span class=\"product-attribute-name\">\u0427\u0435\u0440\u043d\u044b\u0439&nbsp;<\/span><\/span><\/li><\/ul>[\/vc_column_text][\/vc_column][\/vc_row][vc_row el_class=&#8220;scheda-prodotto-row-attributi&#8220;][vc_column width=&#8220;1\/4&#8243; el_class=&#8220;scheda-prodotto-col-attributi&#8220;][vc_column_text]<ul class=\"product-attributes\"><li class=\"product-attribute-tipo-apertura\"><span class=\"product-attribute-label\">\u00d6ffnungsart<\/span> <span class=\"product-attribute-option ppl\"><span class=\"product-attribute-name\">Schiebet\u00fcr&nbsp;<\/span><\/span><span class=\"product-attribute-divider\">,<\/span> <span class=\"product-attribute-option ppl\"><span class=\"product-attribute-name\">\u0420\u0430\u0437\u0434\u0432\u0438\u0436\u043d\u0430\u044f \u0434\u0432\u0435\u0440\u044c&nbsp;<\/span><\/span><\/li><\/ul>[\/vc_column_text][\/vc_column][vc_column width=&#8220;1\/4&#8243; el_class=&#8220;scheda-prodotto-col-attributi&#8220;][vc_column_text]<ul class=\"product-attributes\"><li class=\"product-attribute-regolazione\"><span class=\"product-attribute-label\">Einstellung<\/span> <span class=\"product-attribute-option ppl\"><span class=\"product-attribute-name\">2 cm&nbsp;<\/span><\/span><span class=\"product-attribute-divider\">,<\/span> <span class=\"product-attribute-option ppl\"><span class=\"product-attribute-name\">2 \u0441\u043c&nbsp;<\/span><\/span><\/li><\/ul>[\/vc_column_text][\/vc_column][vc_column width=&#8220;1\/4&#8243; el_class=&#8220;scheda-prodotto-col-attributi&#8220;][vc_column_text]<ul class=\"product-attributes\"><li class=\"product-attribute-su-misura\"><span class=\"product-attribute-label\">Ma\u00dfgeschneidert<\/span> <span class=\"product-attribute-option ppl\"><span class=\"product-attribute-name\">Verf\u00fcgbar&nbsp;<\/span><\/span><span class=\"product-attribute-divider\">,<\/span> <span class=\"product-attribute-option ppl\"><span class=\"product-attribute-name\">\u0414\u043e\u0441\u0442\u0443\u043f\u043d\u044b\u0439&nbsp;<\/span><\/span><\/li><\/ul>[\/vc_column_text][\/vc_column][vc_column width=&#8220;1\/4&#8243;][\/vc_column][\/vc_row][vc_row disable_element=&#8220;yes&#8220; el_class=&#8220;scheda-prodotto-row-attributi&#8220;][vc_column width=&#8220;1\/4&#8243; el_class=&#8220;scheda-prodotto-col-attributi&#8220;][vc_column_text]<a href=\"https:\/\/relaxsrl.com\/de\/produkte\/download\/#AXIA_SFF\" rel=\"noopener\">Datenblatt<\/a>[\/vc_column_text][\/vc_column][vc_column width=&#8220;1\/4&#8243; el_class=&#8220;scheda-prodotto-col-attributi&#8220;][vc_column_text]<a href=\"https:\/\/relaxsrl.com\/de\/produkte\/download\/#AXIA_SFF\" rel=\"noopener\">Anweisung zur Montage<\/a>[\/vc_column_text][\/vc_column][vc_column width=&#8220;1\/4&#8243; el_class=&#8220;scheda-prodotto-col-attributi&#8220;][vc_column_text]<a href=\"https:\/\/relaxsrl.com\/de\/bereich-architekten\/documentation\/#AXIA_SFF\">3D f\u00fcr Architekten<\/a>[\/vc_column_text][\/vc_column][vc_column width=&#8220;1\/4&#8243; el_class=&#8220;scheda-prodotto-col-attributi&#8220;][vc_column_text]<a href=\"https:\/\/relaxsrl.com\/de\/bereich-h\u00e4ndlerbereich\/documentation\/#AXIA_SFF\">3D f\u00fcr Wiederverk\u00e4ufer<\/a>[\/vc_column_text][\/vc_column][\/vc_row][vc_row][vc_column][vc_empty_space height=&#8220;100px&#8220;][\/vc_column][\/vc_row][vc_row full_width=&#8220;stretch_row&#8220; el_class=&#8220;scheda-prodotto-configurazioni&#8220; css=&#8220;.vc_custom_1629195376631{background-color: #d2cdc9 !important;}&#8220;][vc_column width=&#8220;1\/12&#8243;][\/vc_column][vc_column width=&#8220;10\/12&#8243;][vc_column_text]<\/p>\n<h3>M\u00f6gliche Konfigurationen f\u00fcr die Sammlung AXIA<\/h3>\n<p>[\/vc_column_text][vc_row_inner el_class=&#8220;scheda-prodotto-configurazioni-inner-row&#8220;][vc_column_inner el_class=&#8220;scheda-prodotto-configurazioni-col&#8220; width=&#8220;1\/4&#8243;][vc_single_image image=&#8220;4611&#8243; img_size=&#8220;full&#8220; alignment=&#8220;center&#8220;][vc_column_text]<\/p>\n<h4>AXIA SC1<\/h4>\n<p>[\/vc_column_text][\/vc_column_inner][vc_column_inner el_class=&#8220;scheda-prodotto-configurazioni-col&#8220; width=&#8220;1\/4&#8243;][vc_single_image image=&#8220;4615&#8243; img_size=&#8220;full&#8220; alignment=&#8220;center&#8220;][vc_column_text]<\/p>\n<h4>AXIA SC1-V<\/h4>\n<p>[\/vc_column_text][\/vc_column_inner][vc_column_inner el_class=&#8220;scheda-prodotto-configurazioni-col&#8220; width=&#8220;1\/4&#8243;][vc_single_image image=&#8220;4619&#8243; img_size=&#8220;full&#8220; alignment=&#8220;center&#8220;][vc_column_text]<\/p>\n<h4>AXIA SF+F<\/h4>\n<p>[\/vc_column_text][\/vc_column_inner][vc_column_inner el_class=&#8220;scheda-prodotto-configurazioni-col&#8220; width=&#8220;1\/4&#8243;][vc_single_image image=&#8220;4623&#8243; img_size=&#8220;full&#8220; alignment=&#8220;center&#8220;][vc_column_text]<\/p>\n<h4>AXIA SF-V+F-V<\/h4>\n<p>[\/vc_column_text][\/vc_column_inner][\/vc_row_inner][\/vc_column][vc_column width=&#8220;1\/12&#8243;][\/vc_column][\/vc_row][vc_row][vc_column][vc_column_text][\/vc_column_text][\/vc_column][\/vc_row][vc_row full_width=&#8220;stretch_row_content_no_spaces&#8220; equal_height=&#8220;yes&#8220; content_placement=&#8220;middle&#8220; el_class=&#8220;row-over-footer row-cta-over-footer&#8220;][vc_column width=&#8220;1\/2&#8243;][vc_single_image image=&#8220;2028&#8243; img_size=&#8220;full&#8220;][\/vc_column][vc_column width=&#8220;1\/2&#8243; el_class=&#8220;row-cta-over-footer-col-text&#8220; css=&#8220;.vc_custom_1632816225176{background-image: url(http:\/\/relaxsrl.com\/wp-content\/uploads\/2021\/09\/cta-ispirazione-opaco.jpg?id=2021) !important;background-position: center !important;background-repeat: no-repeat !important;background-size: cover !important;}&#8220;][vc_row_inner][vc_column_inner width=&#8220;1\/4&#8243;][\/vc_column_inner][vc_column_inner width=&#8220;1\/2&#8243;][vc_column_text]<\/p>\n<h2 style=\"text-align: center;\">Sprechen Sie mit einem Experten!<\/h2>\n<p style=\"text-align: center;\">Nat\u00fcrlich werden Sie konkrete Fragen zu Ihrer Situation haben. Schreiben Sie uns jetzt und einer unserer Experten wird Ihnen antworten.<\/p>\n<p>[\/vc_column_text][vc_btn title=&#8220;NACH INFORMATIONEN FRAGEN&#8220; style=&#8220;classic&#8220; shape=&#8220;square&#8220; color=&#8220;white&#8220; align=&#8220;center&#8220; link=&#8220;url:https%3A%2F%2Frelaxsrl.com%2Fde%2Finformationsanfrage%2F%3Foggetto%3DAuskunftsersuchen%20f%C3%BCr%20AXIA%20SC1-V&#8220; el_class=&#8220;btn-default-white&#8220;][\/vc_column_inner][vc_column_inner width=&#8220;1\/4&#8243;][\/vc_column_inner][\/vc_row_inner][\/vc_column][\/vc_row]<\/p>\n","protected":false},"excerpt":{"rendered":"<p>Sopravasca in nicchia con apertura scorrevole. Vetro da 8 mm.<\/p>\n","protected":false},"featured_media":7240,"template":"","meta":[],"product_cat":[1069,1569,2005,2078,1994,2094,2080,2081,2082,1993,1618,1568,1645,1652,1614,1647,1594,1617],"product_tag":[],"acf":[],"yoast_head":"<!-- This site is optimized with the Yoast SEO Premium plugin v18.4 (Yoast SEO v18.8) - https:\/\/yoast.com\/wordpress\/plugins\/seo\/ -->\n<title>AXIA SC1-V - Relax srl<\/title>\n<meta name=\"robots\" content=\"index, follow, max-snippet:-1, max-image-preview:large, max-video-preview:-1\" \/>\n<link rel=\"canonical\" href=\"https:\/\/relaxsrl.com\/de\/produkt\/axia-sc1-v\/\" \/>\n<meta property=\"og:locale\" content=\"de_DE\" \/>\n<meta property=\"og:type\" content=\"article\" \/>\n<meta property=\"og:title\" content=\"AXIA SC1-V - Relax srl\" \/>\n<meta property=\"og:description\" content=\"Sopravasca in nicchia con apertura scorrevole. Vetro da 8 mm.\" \/>\n<meta property=\"og:url\" content=\"https:\/\/relaxsrl.com\/de\/produkt\/axia-sc1-v\/\" \/>\n<meta property=\"og:site_name\" content=\"Relax srl\" \/>\n<meta property=\"article:modified_time\" content=\"2022-07-26T09:17:49+00:00\" \/>\n<meta property=\"og:image\" content=\"https:\/\/relaxsrl.com\/website\/wp-content\/uploads\/2021\/09\/AXIA-SC1-V_immagineprincipale.jpg\" \/>\n\t<meta property=\"og:image:width\" content=\"1440\" \/>\n\t<meta property=\"og:image:height\" content=\"1920\" \/>\n\t<meta property=\"og:image:type\" content=\"image\/jpeg\" \/>\n<meta name=\"twitter:card\" content=\"summary_large_image\" \/>\n<meta name=\"twitter:label1\" content=\"Gesch\u00e4tzte Lesezeit\" \/>\n\t<meta name=\"twitter:data1\" content=\"2 Minuten\" \/>\n<script type=\"application\/ld+json\" class=\"yoast-schema-graph\">{\"@context\":\"https:\/\/schema.org\",\"@graph\":[{\"@type\":\"WebSite\",\"@id\":\"https:\/\/relaxsrl.com\/#website\",\"url\":\"https:\/\/relaxsrl.com\/\",\"name\":\"Relax srl\",\"description\":\"\",\"potentialAction\":[{\"@type\":\"SearchAction\",\"target\":{\"@type\":\"EntryPoint\",\"urlTemplate\":\"https:\/\/relaxsrl.com\/?s={search_term_string}\"},\"query-input\":\"required name=search_term_string\"}],\"inLanguage\":\"de-DE\"},{\"@type\":\"ImageObject\",\"inLanguage\":\"de-DE\",\"@id\":\"https:\/\/relaxsrl.com\/de\/produkt\/axia-sc1-v\/#primaryimage\",\"url\":\"https:\/\/relaxsrl.com\/website\/wp-content\/uploads\/2021\/09\/AXIA-SC1-V_immagineprincipale.jpg\",\"contentUrl\":\"https:\/\/relaxsrl.com\/website\/wp-content\/uploads\/2021\/09\/AXIA-SC1-V_immagineprincipale.jpg\",\"width\":1440,\"height\":1920,\"caption\":\"sopravasca con anta scorrevole in nicchia axia relax\"},{\"@type\":\"WebPage\",\"@id\":\"https:\/\/relaxsrl.com\/de\/produkt\/axia-sc1-v\/#webpage\",\"url\":\"https:\/\/relaxsrl.com\/de\/produkt\/axia-sc1-v\/\",\"name\":\"AXIA SC1-V - Relax srl\",\"isPartOf\":{\"@id\":\"https:\/\/relaxsrl.com\/#website\"},\"primaryImageOfPage\":{\"@id\":\"https:\/\/relaxsrl.com\/de\/produkt\/axia-sc1-v\/#primaryimage\"},\"datePublished\":\"2021-09-20T10:35:09+00:00\",\"dateModified\":\"2022-07-26T09:17:49+00:00\",\"breadcrumb\":{\"@id\":\"https:\/\/relaxsrl.com\/de\/produkt\/axia-sc1-v\/#breadcrumb\"},\"inLanguage\":\"de-DE\",\"potentialAction\":[{\"@type\":\"ReadAction\",\"target\":[\"https:\/\/relaxsrl.com\/de\/produkt\/axia-sc1-v\/\"]}]},{\"@type\":\"BreadcrumbList\",\"@id\":\"https:\/\/relaxsrl.com\/de\/produkt\/axia-sc1-v\/#breadcrumb\",\"itemListElement\":[{\"@type\":\"ListItem\",\"position\":1,\"name\":\"AXIA SC1-V\"}]}]}<\/script>\n<!-- \/ Yoast SEO Premium plugin. -->","yoast_head_json":{"title":"AXIA SC1-V - Relax srl","robots":{"index":"index","follow":"follow","max-snippet":"max-snippet:-1","max-image-preview":"max-image-preview:large","max-video-preview":"max-video-preview:-1"},"canonical":"https:\/\/relaxsrl.com\/de\/produkt\/axia-sc1-v\/","og_locale":"de_DE","og_type":"article","og_title":"AXIA SC1-V - Relax srl","og_description":"Sopravasca in nicchia con apertura scorrevole. Vetro da 8 mm.","og_url":"https:\/\/relaxsrl.com\/de\/produkt\/axia-sc1-v\/","og_site_name":"Relax srl","article_modified_time":"2022-07-26T09:17:49+00:00","og_image":[{"width":1440,"height":1920,"url":"https:\/\/relaxsrl.com\/website\/wp-content\/uploads\/2021\/09\/AXIA-SC1-V_immagineprincipale.jpg","type":"image\/jpeg"}],"twitter_card":"summary_large_image","twitter_misc":{"Gesch\u00e4tzte Lesezeit":"2 Minuten"},"schema":{"@context":"https:\/\/schema.org","@graph":[{"@type":"WebSite","@id":"https:\/\/relaxsrl.com\/#website","url":"https:\/\/relaxsrl.com\/","name":"Relax srl","description":"","potentialAction":[{"@type":"SearchAction","target":{"@type":"EntryPoint","urlTemplate":"https:\/\/relaxsrl.com\/?s={search_term_string}"},"query-input":"required name=search_term_string"}],"inLanguage":"de-DE"},{"@type":"ImageObject","inLanguage":"de-DE","@id":"https:\/\/relaxsrl.com\/de\/produkt\/axia-sc1-v\/#primaryimage","url":"https:\/\/relaxsrl.com\/website\/wp-content\/uploads\/2021\/09\/AXIA-SC1-V_immagineprincipale.jpg","contentUrl":"https:\/\/relaxsrl.com\/website\/wp-content\/uploads\/2021\/09\/AXIA-SC1-V_immagineprincipale.jpg","width":1440,"height":1920,"caption":"sopravasca con anta scorrevole in nicchia axia relax"},{"@type":"WebPage","@id":"https:\/\/relaxsrl.com\/de\/produkt\/axia-sc1-v\/#webpage","url":"https:\/\/relaxsrl.com\/de\/produkt\/axia-sc1-v\/","name":"AXIA SC1-V - Relax srl","isPartOf":{"@id":"https:\/\/relaxsrl.com\/#website"},"primaryImageOfPage":{"@id":"https:\/\/relaxsrl.com\/de\/produkt\/axia-sc1-v\/#primaryimage"},"datePublished":"2021-09-20T10:35:09+00:00","dateModified":"2022-07-26T09:17:49+00:00","breadcrumb":{"@id":"https:\/\/relaxsrl.com\/de\/produkt\/axia-sc1-v\/#breadcrumb"},"inLanguage":"de-DE","potentialAction":[{"@type":"ReadAction","target":["https:\/\/relaxsrl.com\/de\/produkt\/axia-sc1-v\/"]}]},{"@type":"BreadcrumbList","@id":"https:\/\/relaxsrl.com\/de\/produkt\/axia-sc1-v\/#breadcrumb","itemListElement":[{"@type":"ListItem","position":1,"name":"AXIA SC1-V"}]}]}},"_links":{"self":[{"href":"https:\/\/relaxsrl.com\/de\/wp-json\/wp\/v2\/product\/21060"}],"collection":[{"href":"https:\/\/relaxsrl.com\/de\/wp-json\/wp\/v2\/product"}],"about":[{"href":"https:\/\/relaxsrl.com\/de\/wp-json\/wp\/v2\/types\/product"}],"wp:featuredmedia":[{"embeddable":true,"href":"https:\/\/relaxsrl.com\/de\/wp-json\/wp\/v2\/media\/7240"}],"wp:attachment":[{"href":"https:\/\/relaxsrl.com\/de\/wp-json\/wp\/v2\/media?parent=21060"}],"wp:term":[{"taxonomy":"product_cat","embeddable":true,"href":"https:\/\/relaxsrl.com\/de\/wp-json\/wp\/v2\/product_cat?post=21060"},{"taxonomy":"product_tag","embeddable":true,"href":"https:\/\/relaxsrl.com\/de\/wp-json\/wp\/v2\/product_tag?post=21060"}],"curies":[{"name":"wp","href":"https:\/\/api.w.org\/{rel}","templated":true}]}}