{"id":26598,"date":"2023-02-27T14:22:30","date_gmt":"2023-02-27T13:22:30","guid":{"rendered":"https:\/\/relaxsrl.com\/produkte\/kollektionen\/cupro\/"},"modified":"2023-04-11T10:29:55","modified_gmt":"2023-04-11T08:29:55","slug":"cupro","status":"publish","type":"page","link":"https:\/\/relaxsrl.com\/de\/produkte\/kollektionen-2\/cupro\/","title":{"rendered":"Cupro"},"content":{"rendered":"<p>[vc_row full_width=&#8220;stretch_row&#8220; equal_height=&#8220;yes&#8220; el_class=&#8220;row-header-collezione-prodotti&#8220; css=&#8220;.vc_custom_1677602924365{background-image: url(https:\/\/relaxsrl.com\/website\/wp-content\/uploads\/2023\/02\/Fondini_ultimate4-1.jpg?id=26766) !important;}&#8220;][vc_column width=&#8220;1\/2&#8243; el_class=&#8220;col-sx-header-collezione-prodotti&#8220;][vc_column_text el_class=&#8220;header-collezione-prodotti-txt&#8220;]<\/p>\n<h1>Cupro, Duschwannen mit Ablaufabdeckungen im gleichen Material<\/h1>\n<p>Die Duschwannen Cupro C und L bestehen aus rutschfestem und antibakteriellem Gel Coat, mit der Besonderheit, dass sie eine Ablaufabdeckung aus dem gleichen Material haben. Das Material, aus dem es besteht, enth\u00e4lt Harze und Mineralien, die es im Laufe der Zeit widerstandsf\u00e4hig und sehr solide machen, vollst\u00e4ndig wiederherstellbar.[\/vc_column_text][\/vc_column][vc_column width=&#8220;1\/2&#8243; el_class=&#8220;col-dx-header-collezione-prodotti&#8220;][vc_single_image image=&#8220;27802&#8243; img_size=&#8220;full&#8220; alignment=&#8220;center&#8220; el_class=&#8220;row-header-prodotto-img&#8220;][\/vc_column][\/vc_row][vc_row el_class=&#8220;row-path&#8220;][vc_column][vc_column_text][\/vc_column_text][\/vc_column][\/vc_row][vc_row][vc_column]<div class=\"woocommerce columns-4 \"><ul class=\"products columns-4\">\n<li class=\"product type-product post-26550 status-publish first instock product_cat-collections product_cat-collections-en product_cat-cupro-fr product_cat-cupro-de product_cat-cupro-ru product_cat-cupro-en product_cat-piatti-doccia-e-pareti-de product_cat-receveurs-et-parois-de-douche product_cat-collezioni-de product_cat-shower-trays-and-walls product_cat-tipologia-prodotto-en product_cat-tipologia-prodotto-de product_cat-type-de-produit product_cat-1651 product_cat-1568 product_cat-1617 has-post-thumbnail shipping-taxable product-type-simple\">\n\t<div class=\"woocommerce-loop-product__short_description\" itemprop=\"description\"><a href=\"https:\/\/relaxsrl.com\/de\/produkt\/cupro-c-de\/\" class=\"woocommerce-LoopProduct-link woocommerce-loop-product__link\"><p>Rechteckige Duschwanne, Ablaufabdeckung im gleichen Material an der kurzen Seite.<\/p>\n<\/a><\/div><\/li>\n<li class=\"product type-product post-26545 status-publish instock product_cat-collections-en product_cat-collections product_cat-cupro-en product_cat-cupro-fr product_cat-cupro-de product_cat-cupro-ru product_cat-piatti-doccia-e-pareti-de product_cat-receveurs-et-parois-de-douche product_cat-collezioni-de product_cat-shower-trays-and-walls product_cat-tipologia-prodotto-de product_cat-tipologia-prodotto-en product_cat-type-de-produit product_cat-1651 product_cat-1568 product_cat-1617 has-post-thumbnail shipping-taxable product-type-simple\">\n\t<div class=\"woocommerce-loop-product__short_description\" itemprop=\"description\"><a href=\"https:\/\/relaxsrl.com\/de\/produkt\/cupro-l-de\/\" class=\"woocommerce-LoopProduct-link woocommerce-loop-product__link\"><p>Rechteckige Duschwanne, Ablaufabdeckung im gleichen Material an der L\u00e4ngsseite.<\/p>\n<\/a><\/div><\/li>\n<\/ul>\n<\/div>[\/vc_column][\/vc_row]<\/p>\n","protected":false},"excerpt":{"rendered":"<p>[vc_row full_width=&#8220;stretch_row&#8220; equal_height=&#8220;yes&#8220; el_class=&#8220;row-header-collezione-prodotti&#8220; css=&#8220;.vc_custom_1677602924365{background-image: url(https:\/\/relaxsrl.com\/website\/wp-content\/uploads\/2023\/02\/Fondini_ultimate4-1.jpg?id=26766) !important;}&#8220;][vc_column width=&#8220;1\/2&#8243; el_class=&#8220;col-sx-header-collezione-prodotti&#8220;][vc_column_text el_class=&#8220;header-collezione-prodotti-txt&#8220;] Cupro, Duschwannen mit Ablaufabdeckungen im gleichen Material Die Duschwannen Cupro C und L bestehen aus rutschfestem und antibakteriellem Gel Coat, mit der Besonderheit, dass sie eine Ablaufabdeckung aus dem gleichen Material haben. Das Material, aus dem es besteht, enth\u00e4lt Harze und Mineralien, die es im [&hellip;]<\/p>\n","protected":false},"author":3,"featured_media":27802,"parent":32052,"menu_order":0,"comment_status":"closed","ping_status":"closed","template":"","meta":[],"acf":[],"yoast_head":"<!-- This site is optimized with the Yoast SEO Premium plugin v18.4 (Yoast SEO v18.8) - https:\/\/yoast.com\/wordpress\/plugins\/seo\/ -->\n<title>Cupro - Relax srl<\/title>\n<meta name=\"description\" content=\"Die Cupro C- und L-Duschwannen sind aus Harz gefertigt, wobei die Ablaufabdeckung aus dem gleichen Material wie die Duschwanne besteht. Finde mehr heraus.\" \/>\n<meta name=\"robots\" content=\"index, follow, max-snippet:-1, max-image-preview:large, max-video-preview:-1\" \/>\n<link rel=\"canonical\" href=\"https:\/\/relaxsrl.com\/de\/produkte\/kollektionen-2\/cupro\/\" \/>\n<meta property=\"og:locale\" content=\"de_DE\" \/>\n<meta property=\"og:type\" content=\"article\" \/>\n<meta property=\"og:title\" content=\"Cupro - Relax srl\" \/>\n<meta property=\"og:description\" content=\"Die Cupro C- und L-Duschwannen sind aus Harz gefertigt, wobei die Ablaufabdeckung aus dem gleichen Material wie die Duschwanne besteht. Finde mehr heraus.\" \/>\n<meta property=\"og:url\" content=\"https:\/\/relaxsrl.com\/de\/produkte\/kollektionen-2\/cupro\/\" \/>\n<meta property=\"og:site_name\" content=\"Relax srl\" \/>\n<meta property=\"article:modified_time\" content=\"2023-04-11T08:29:55+00:00\" \/>\n<meta property=\"og:image\" content=\"https:\/\/relaxsrl.com\/website\/wp-content\/uploads\/2023\/02\/CUPRO_C_1.jpg\" \/>\n\t<meta property=\"og:image:width\" content=\"800\" \/>\n\t<meta property=\"og:image:height\" content=\"1100\" \/>\n\t<meta property=\"og:image:type\" content=\"image\/jpeg\" \/>\n<meta name=\"twitter:card\" content=\"summary_large_image\" \/>\n<meta name=\"twitter:label1\" content=\"Gesch\u00e4tzte Lesezeit\" \/>\n\t<meta name=\"twitter:data1\" content=\"1 Minute\" \/>\n<script type=\"application\/ld+json\" class=\"yoast-schema-graph\">{\"@context\":\"https:\/\/schema.org\",\"@graph\":[{\"@type\":\"WebSite\",\"@id\":\"https:\/\/relaxsrl.com\/#website\",\"url\":\"https:\/\/relaxsrl.com\/\",\"name\":\"Relax srl\",\"description\":\"\",\"potentialAction\":[{\"@type\":\"SearchAction\",\"target\":{\"@type\":\"EntryPoint\",\"urlTemplate\":\"https:\/\/relaxsrl.com\/?s={search_term_string}\"},\"query-input\":\"required name=search_term_string\"}],\"inLanguage\":\"de-DE\"},{\"@type\":\"ImageObject\",\"inLanguage\":\"de-DE\",\"@id\":\"https:\/\/relaxsrl.com\/de\/produkte\/kollektionen-2\/cupro\/#primaryimage\",\"url\":\"https:\/\/relaxsrl.com\/website\/wp-content\/uploads\/2023\/02\/CUPRO_C_1.jpg\",\"contentUrl\":\"https:\/\/relaxsrl.com\/website\/wp-content\/uploads\/2023\/02\/CUPRO_C_1.jpg\",\"width\":800,\"height\":1100},{\"@type\":\"WebPage\",\"@id\":\"https:\/\/relaxsrl.com\/de\/produkte\/kollektionen-2\/cupro\/#webpage\",\"url\":\"https:\/\/relaxsrl.com\/de\/produkte\/kollektionen-2\/cupro\/\",\"name\":\"Cupro - Relax srl\",\"isPartOf\":{\"@id\":\"https:\/\/relaxsrl.com\/#website\"},\"primaryImageOfPage\":{\"@id\":\"https:\/\/relaxsrl.com\/de\/produkte\/kollektionen-2\/cupro\/#primaryimage\"},\"datePublished\":\"2023-02-27T13:22:30+00:00\",\"dateModified\":\"2023-04-11T08:29:55+00:00\",\"description\":\"Die Cupro C- und L-Duschwannen sind aus Harz gefertigt, wobei die Ablaufabdeckung aus dem gleichen Material wie die Duschwanne besteht. Finde mehr heraus.\",\"breadcrumb\":{\"@id\":\"https:\/\/relaxsrl.com\/de\/produkte\/kollektionen-2\/cupro\/#breadcrumb\"},\"inLanguage\":\"de-DE\",\"potentialAction\":[{\"@type\":\"ReadAction\",\"target\":[\"https:\/\/relaxsrl.com\/de\/produkte\/kollektionen-2\/cupro\/\"]}]},{\"@type\":\"BreadcrumbList\",\"@id\":\"https:\/\/relaxsrl.com\/de\/produkte\/kollektionen-2\/cupro\/#breadcrumb\",\"itemListElement\":[{\"@type\":\"ListItem\",\"position\":1,\"name\":\"Produkte\",\"item\":\"https:\/\/relaxsrl.com\/de\/produkte\/\"},{\"@type\":\"ListItem\",\"position\":2,\"name\":\"Kollektionen\",\"item\":\"https:\/\/relaxsrl.com\/de\/produkte\/kollektionen-old-non-usare\/\"},{\"@type\":\"ListItem\",\"position\":3,\"name\":\"Cupro\"}]}]}<\/script>\n<!-- \/ Yoast SEO Premium plugin. -->","yoast_head_json":{"title":"Cupro - Relax srl","description":"Die Cupro C- und L-Duschwannen sind aus Harz gefertigt, wobei die Ablaufabdeckung aus dem gleichen Material wie die Duschwanne besteht. Finde mehr heraus.","robots":{"index":"index","follow":"follow","max-snippet":"max-snippet:-1","max-image-preview":"max-image-preview:large","max-video-preview":"max-video-preview:-1"},"canonical":"https:\/\/relaxsrl.com\/de\/produkte\/kollektionen-2\/cupro\/","og_locale":"de_DE","og_type":"article","og_title":"Cupro - Relax srl","og_description":"Die Cupro C- und L-Duschwannen sind aus Harz gefertigt, wobei die Ablaufabdeckung aus dem gleichen Material wie die Duschwanne besteht. Finde mehr heraus.","og_url":"https:\/\/relaxsrl.com\/de\/produkte\/kollektionen-2\/cupro\/","og_site_name":"Relax srl","article_modified_time":"2023-04-11T08:29:55+00:00","og_image":[{"width":800,"height":1100,"url":"https:\/\/relaxsrl.com\/website\/wp-content\/uploads\/2023\/02\/CUPRO_C_1.jpg","type":"image\/jpeg"}],"twitter_card":"summary_large_image","twitter_misc":{"Gesch\u00e4tzte Lesezeit":"1 Minute"},"schema":{"@context":"https:\/\/schema.org","@graph":[{"@type":"WebSite","@id":"https:\/\/relaxsrl.com\/#website","url":"https:\/\/relaxsrl.com\/","name":"Relax srl","description":"","potentialAction":[{"@type":"SearchAction","target":{"@type":"EntryPoint","urlTemplate":"https:\/\/relaxsrl.com\/?s={search_term_string}"},"query-input":"required name=search_term_string"}],"inLanguage":"de-DE"},{"@type":"ImageObject","inLanguage":"de-DE","@id":"https:\/\/relaxsrl.com\/de\/produkte\/kollektionen-2\/cupro\/#primaryimage","url":"https:\/\/relaxsrl.com\/website\/wp-content\/uploads\/2023\/02\/CUPRO_C_1.jpg","contentUrl":"https:\/\/relaxsrl.com\/website\/wp-content\/uploads\/2023\/02\/CUPRO_C_1.jpg","width":800,"height":1100},{"@type":"WebPage","@id":"https:\/\/relaxsrl.com\/de\/produkte\/kollektionen-2\/cupro\/#webpage","url":"https:\/\/relaxsrl.com\/de\/produkte\/kollektionen-2\/cupro\/","name":"Cupro - Relax srl","isPartOf":{"@id":"https:\/\/relaxsrl.com\/#website"},"primaryImageOfPage":{"@id":"https:\/\/relaxsrl.com\/de\/produkte\/kollektionen-2\/cupro\/#primaryimage"},"datePublished":"2023-02-27T13:22:30+00:00","dateModified":"2023-04-11T08:29:55+00:00","description":"Die Cupro C- und L-Duschwannen sind aus Harz gefertigt, wobei die Ablaufabdeckung aus dem gleichen Material wie die Duschwanne besteht. Finde mehr heraus.","breadcrumb":{"@id":"https:\/\/relaxsrl.com\/de\/produkte\/kollektionen-2\/cupro\/#breadcrumb"},"inLanguage":"de-DE","potentialAction":[{"@type":"ReadAction","target":["https:\/\/relaxsrl.com\/de\/produkte\/kollektionen-2\/cupro\/"]}]},{"@type":"BreadcrumbList","@id":"https:\/\/relaxsrl.com\/de\/produkte\/kollektionen-2\/cupro\/#breadcrumb","itemListElement":[{"@type":"ListItem","position":1,"name":"Produkte","item":"https:\/\/relaxsrl.com\/de\/produkte\/"},{"@type":"ListItem","position":2,"name":"Kollektionen","item":"https:\/\/relaxsrl.com\/de\/produkte\/kollektionen-old-non-usare\/"},{"@type":"ListItem","position":3,"name":"Cupro"}]}]}},"_links":{"self":[{"href":"https:\/\/relaxsrl.com\/de\/wp-json\/wp\/v2\/pages\/26598"}],"collection":[{"href":"https:\/\/relaxsrl.com\/de\/wp-json\/wp\/v2\/pages"}],"about":[{"href":"https:\/\/relaxsrl.com\/de\/wp-json\/wp\/v2\/types\/page"}],"author":[{"embeddable":true,"href":"https:\/\/relaxsrl.com\/de\/wp-json\/wp\/v2\/users\/3"}],"replies":[{"embeddable":true,"href":"https:\/\/relaxsrl.com\/de\/wp-json\/wp\/v2\/comments?post=26598"}],"version-history":[{"count":20,"href":"https:\/\/relaxsrl.com\/de\/wp-json\/wp\/v2\/pages\/26598\/revisions"}],"predecessor-version":[{"id":27928,"href":"https:\/\/relaxsrl.com\/de\/wp-json\/wp\/v2\/pages\/26598\/revisions\/27928"}],"up":[{"embeddable":true,"href":"https:\/\/relaxsrl.com\/de\/wp-json\/wp\/v2\/pages\/32052"}],"wp:featuredmedia":[{"embeddable":true,"href":"https:\/\/relaxsrl.com\/de\/wp-json\/wp\/v2\/media\/27802"}],"wp:attachment":[{"href":"https:\/\/relaxsrl.com\/de\/wp-json\/wp\/v2\/media?parent=26598"}],"curies":[{"name":"wp","href":"https:\/\/api.w.org\/{rel}","templated":true}]}}