{"id":23136,"date":"2022-08-12T10:55:28","date_gmt":"2022-08-12T08:55:28","guid":{"rendered":"https:\/\/relaxsrl.com\/produkte\/typen\/wannen\/"},"modified":"2022-12-19T08:49:35","modified_gmt":"2022-12-19T07:49:35","slug":"wannen","status":"publish","type":"page","link":"https:\/\/relaxsrl.com\/de\/produkte\/typen\/wannen\/","title":{"rendered":"Wannen"},"content":{"rendered":"<p>[vc_row full_width=&#8220;stretch_row&#8220; content_placement=&#8220;middle&#8220; el_class=&#8220;intro-row&#8220;][vc_column width=&#8220;5\/12&#8243;][vc_column_text]<\/p>\n<h1>Wannen<\/h1>\n<p>[\/vc_column_text][\/vc_column][vc_column width=&#8220;7\/12&#8243;][vc_column_text el_class=&#8220;abstract&#8220;]Freestanding-Becken aus abgerundetem, kantigem oder geschmeidigem Solid Surface in diversen Gr\u00f6\u00dfen f\u00fcr stilvolle B\u00e4der mit Charakter.[\/vc_column_text][\/vc_column][\/vc_row][vc_row el_class=&#8220;row-path&#8220;][vc_column][vc_column_text][\/vc_column_text][\/vc_column][\/vc_row][vc_row][vc_column width=&#8220;1\/12&#8243;][\/vc_column][vc_column width=&#8220;10\/12&#8243;]<div class=\"woocommerce columns-3 \"><ul class=\"products columns-3\">\n<li class=\"product type-product post-21054 status-publish first instock product_cat-baignoire product_cat-bathtub product_cat-tipologia-prodotto-en product_cat-tipologia-prodotto-de product_cat-type-de-produit product_cat-vasche-de product_cat-1653 product_cat-1617 has-post-thumbnail shipping-taxable product-type-simple\">\n\t<div class=\"woocommerce-loop-product__short_description\" itemprop=\"description\"><a href=\"https:\/\/relaxsrl.com\/de\/produkt\/layia\/\" class=\"woocommerce-LoopProduct-link woocommerce-loop-product__link\"><p>Freistehende Badewanne aus Solid Surface mit quadratischen Formen.<\/p>\n<\/a><\/div><\/li>\n<li class=\"product type-product post-21058 status-publish instock product_cat-baignoire product_cat-bathtub product_cat-tipologia-prodotto-en product_cat-tipologia-prodotto-de product_cat-type-de-produit product_cat-vasche-de product_cat-1653 product_cat-1617 has-post-thumbnail shipping-taxable product-type-simple\">\n\t<div class=\"woocommerce-loop-product__short_description\" itemprop=\"description\"><a href=\"https:\/\/relaxsrl.com\/de\/produkt\/vinca\/\" class=\"woocommerce-LoopProduct-link woocommerce-loop-product__link\"><p>Freistehende Badewanne aus leichtem und ger\u00e4umigem Solid Surface.<\/p>\n<\/a><\/div><\/li>\n<li class=\"product type-product post-21057 status-publish last instock product_cat-baignoire product_cat-bathtub product_cat-tipologia-prodotto-en product_cat-tipologia-prodotto-de product_cat-type-de-produit product_cat-vasche-de product_cat-1653 product_cat-1617 has-post-thumbnail shipping-taxable product-type-simple\">\n\t<div class=\"woocommerce-loop-product__short_description\" itemprop=\"description\"><a href=\"https:\/\/relaxsrl.com\/de\/produkt\/fresia\/\" class=\"woocommerce-LoopProduct-link woocommerce-loop-product__link\"><p>Freistehende Badewanne aus Solid Surface mit leicht verl\u00e4ngerter ovaler Form.<\/p>\n<\/a><\/div><\/li>\n<li class=\"product type-product post-21056 status-publish first instock product_cat-baignoire product_cat-bathtub product_cat-tipologia-prodotto-en product_cat-tipologia-prodotto-de product_cat-type-de-produit product_cat-vasche-de product_cat-1653 product_cat-1617 has-post-thumbnail shipping-taxable product-type-simple\">\n\t<div class=\"woocommerce-loop-product__short_description\" itemprop=\"description\"><a href=\"https:\/\/relaxsrl.com\/de\/produkt\/ibisco\/\" class=\"woocommerce-LoopProduct-link woocommerce-loop-product__link\"><p>Freistehende Badewanne aus Solid Surface, perfekt als Mittelpunkt im Raum.<\/p>\n<\/a><\/div><\/li>\n<li class=\"product type-product post-21039 status-publish instock product_cat-baignoire product_cat-bathtub product_cat-tipologia-prodotto-en product_cat-tipologia-prodotto-de product_cat-type-de-produit product_cat-vasche-de product_cat-1653 product_cat-1617 has-post-thumbnail shipping-taxable product-type-simple\">\n\t<div class=\"woocommerce-loop-product__short_description\" itemprop=\"description\"><a href=\"https:\/\/relaxsrl.com\/de\/produkt\/lilium\/\" class=\"woocommerce-LoopProduct-link woocommerce-loop-product__link\"><p>Freistehende Badewanne aus kompaktem Solid Surface.<\/p>\n<\/a><\/div><\/li>\n<li class=\"product type-product post-20998 status-publish last instock product_cat-baignoire product_cat-bathtub product_cat-tipologia-prodotto-en product_cat-tipologia-prodotto-de product_cat-type-de-produit product_cat-vasche-de product_cat-1653 product_cat-1617 has-post-thumbnail shipping-taxable product-type-simple\">\n\t<div class=\"woocommerce-loop-product__short_description\" itemprop=\"description\"><a href=\"https:\/\/relaxsrl.com\/de\/produkt\/iris\/\" class=\"woocommerce-LoopProduct-link woocommerce-loop-product__link\"><p>Freistehende Badewanne aus Solid Surface mit geschwungenen und eleganten Formen.<\/p>\n<\/a><\/div><\/li>\n<li class=\"product type-product post-20999 status-publish first instock product_cat-baignoire product_cat-bathtub product_cat-tipologia-prodotto-en product_cat-tipologia-prodotto-de product_cat-type-de-produit product_cat-vasche-de product_cat-1653 product_cat-1617 has-post-thumbnail shipping-taxable product-type-simple\">\n\t<div class=\"woocommerce-loop-product__short_description\" itemprop=\"description\"><a href=\"https:\/\/relaxsrl.com\/de\/produkt\/akito\/\" class=\"woocommerce-LoopProduct-link woocommerce-loop-product__link\"><p>Freistehende Badewanne aus Solid Surface, robust und klein.<\/p>\n<\/a><\/div><\/li>\n<li class=\"product type-product post-20996 status-publish instock product_cat-baignoire product_cat-bathtub product_cat-tipologia-prodotto-en product_cat-tipologia-prodotto-de product_cat-type-de-produit product_cat-vasche-de product_cat-1653 product_cat-1617 has-post-thumbnail shipping-taxable product-type-simple\">\n\t<div class=\"woocommerce-loop-product__short_description\" itemprop=\"description\"><a href=\"https:\/\/relaxsrl.com\/de\/produkt\/alyssum\/\" class=\"woocommerce-LoopProduct-link woocommerce-loop-product__link\"><p>Gro\u00dfe und elegante freistehende Badewanne aus Solid Surface.<\/p>\n<\/a><\/div><\/li>\n<li class=\"product type-product post-20995 status-publish last instock product_cat-baignoire product_cat-bathtub product_cat-tipologia-prodotto-en product_cat-tipologia-prodotto-de product_cat-type-de-produit product_cat-vasche-de product_cat-1653 product_cat-1617 has-post-thumbnail shipping-taxable product-type-simple\">\n\t<div class=\"woocommerce-loop-product__short_description\" itemprop=\"description\"><a href=\"https:\/\/relaxsrl.com\/de\/produkt\/loto\/\" class=\"woocommerce-LoopProduct-link woocommerce-loop-product__link\"><p>Freistehende Badewanne aus Solid Surface mit ovaler Form, die nach au\u00dfen hervorsteht.<\/p>\n<\/a><\/div><\/li>\n<li class=\"product type-product post-20994 status-publish first instock product_cat-baignoire product_cat-bathtub product_cat-tipologia-prodotto-en product_cat-tipologia-prodotto-de product_cat-type-de-produit product_cat-vasche-de product_cat-1653 product_cat-1617 has-post-thumbnail shipping-taxable product-type-simple\">\n\t<div class=\"woocommerce-loop-product__short_description\" itemprop=\"description\"><a href=\"https:\/\/relaxsrl.com\/de\/produkt\/yucca\/\" class=\"woocommerce-LoopProduct-link woocommerce-loop-product__link\"><p>Freistehende Solid Surface-Badewanne mit erh\u00f6hten R\u00e4ndern.<\/p>\n<\/a><\/div><\/li>\n<li class=\"product type-product post-20993 status-publish instock product_cat-baignoire product_cat-bathtub product_cat-tipologia-prodotto-en product_cat-tipologia-prodotto-de product_cat-type-de-produit product_cat-vasche-de product_cat-1653 product_cat-1617 has-post-thumbnail shipping-taxable product-type-simple\">\n\t<div class=\"woocommerce-loop-product__short_description\" itemprop=\"description\"><a href=\"https:\/\/relaxsrl.com\/de\/produkt\/datura\/\" class=\"woocommerce-LoopProduct-link woocommerce-loop-product__link\"><p>Freistehende Solid Surface Badewanne mit ovaler und ergonomischer Form.<\/p>\n<\/a><\/div><\/li>\n<li class=\"product type-product post-21000 status-publish last instock product_cat-baignoire product_cat-bathtub product_cat-tipologia-prodotto-en product_cat-tipologia-prodotto-de product_cat-type-de-produit product_cat-vasche-de product_cat-1653 product_cat-1617 has-post-thumbnail shipping-taxable product-type-simple\">\n\t<div class=\"woocommerce-loop-product__short_description\" itemprop=\"description\"><a href=\"https:\/\/relaxsrl.com\/de\/produkt\/primula\/\" class=\"woocommerce-LoopProduct-link woocommerce-loop-product__link\"><p>Freistehende Badewanne aus Solid Surface mit essentiellen Formen.<\/p>\n<\/a><\/div><\/li>\n<li class=\"product type-product post-20991 status-publish first instock product_cat-baignoire product_cat-bathtub product_cat-tipologia-prodotto-en product_cat-tipologia-prodotto-de product_cat-type-de-produit product_cat-vasche-de product_cat-1653 product_cat-1617 has-post-thumbnail shipping-taxable product-type-simple\">\n\t<div class=\"woocommerce-loop-product__short_description\" itemprop=\"description\"><a href=\"https:\/\/relaxsrl.com\/de\/produkt\/nemesia\/\" class=\"woocommerce-LoopProduct-link woocommerce-loop-product__link\"><p>Freistehende Badewanne aus Beton und elegantem Solid Surface.<\/p>\n<\/a><\/div><\/li>\n<\/ul>\n<\/div>[\/vc_column][vc_column width=&#8220;1\/12&#8243;][\/vc_column][\/vc_row]<\/p>\n","protected":false},"excerpt":{"rendered":"<p>[vc_row full_width=&#8220;stretch_row&#8220; content_placement=&#8220;middle&#8220; el_class=&#8220;intro-row&#8220;][vc_column width=&#8220;5\/12&#8243;][vc_column_text] Wannen [\/vc_column_text][\/vc_column][vc_column width=&#8220;7\/12&#8243;][vc_column_text el_class=&#8220;abstract&#8220;]Freestanding-Becken aus abgerundetem, kantigem oder geschmeidigem Solid Surface in diversen Gr\u00f6\u00dfen f\u00fcr stilvolle B\u00e4der mit Charakter.[\/vc_column_text][\/vc_column][\/vc_row][vc_row el_class=&#8220;row-path&#8220;][vc_column][vc_column_text][\/vc_column_text][\/vc_column][\/vc_row][vc_row][vc_column width=&#8220;1\/12&#8243;][\/vc_column][vc_column width=&#8220;10\/12&#8243;][\/vc_column][vc_column width=&#8220;1\/12&#8243;][\/vc_column][\/vc_row]<\/p>\n","protected":false},"author":3,"featured_media":3599,"parent":23105,"menu_order":0,"comment_status":"closed","ping_status":"closed","template":"","meta":[],"acf":[],"yoast_head":"<!-- This site is optimized with the Yoast SEO Premium plugin v18.4 (Yoast SEO v18.8) - https:\/\/yoast.com\/wordpress\/plugins\/seo\/ -->\n<title>Wannen - Relax srl<\/title>\n<meta name=\"description\" content=\"Freestanding-Becken aus abgerundetem, kantigem oder geschmeidigem Solid Surface in diversen Gr\u00f6\u00dfen f\u00fcr stilvolle B\u00e4der mit Charakter.\" \/>\n<meta name=\"robots\" content=\"index, follow, max-snippet:-1, max-image-preview:large, max-video-preview:-1\" \/>\n<link rel=\"canonical\" href=\"https:\/\/relaxsrl.com\/de\/produkte\/typen\/wannen\/\" \/>\n<meta property=\"og:locale\" content=\"de_DE\" \/>\n<meta property=\"og:type\" content=\"article\" \/>\n<meta property=\"og:title\" content=\"Wannen - Relax srl\" \/>\n<meta property=\"og:description\" content=\"Freestanding-Becken aus abgerundetem, kantigem oder geschmeidigem Solid Surface in diversen Gr\u00f6\u00dfen f\u00fcr stilvolle B\u00e4der mit Charakter.\" \/>\n<meta property=\"og:url\" content=\"https:\/\/relaxsrl.com\/de\/produkte\/typen\/wannen\/\" \/>\n<meta property=\"og:site_name\" content=\"Relax srl\" \/>\n<meta property=\"article:modified_time\" content=\"2022-12-19T07:49:35+00:00\" \/>\n<meta property=\"og:image\" content=\"https:\/\/relaxsrl.com\/website\/wp-content\/uploads\/2021\/09\/VASCA_DATURA-1.jpg\" \/>\n\t<meta property=\"og:image:width\" content=\"811\" \/>\n\t<meta property=\"og:image:height\" content=\"541\" \/>\n\t<meta property=\"og:image:type\" content=\"image\/jpeg\" \/>\n<meta name=\"twitter:card\" content=\"summary_large_image\" \/>\n<meta name=\"twitter:label1\" content=\"Gesch\u00e4tzte Lesezeit\" \/>\n\t<meta name=\"twitter:data1\" content=\"1 Minute\" \/>\n<script type=\"application\/ld+json\" class=\"yoast-schema-graph\">{\"@context\":\"https:\/\/schema.org\",\"@graph\":[{\"@type\":\"WebSite\",\"@id\":\"https:\/\/relaxsrl.com\/#website\",\"url\":\"https:\/\/relaxsrl.com\/\",\"name\":\"Relax srl\",\"description\":\"\",\"potentialAction\":[{\"@type\":\"SearchAction\",\"target\":{\"@type\":\"EntryPoint\",\"urlTemplate\":\"https:\/\/relaxsrl.com\/?s={search_term_string}\"},\"query-input\":\"required name=search_term_string\"}],\"inLanguage\":\"de-DE\"},{\"@type\":\"ImageObject\",\"inLanguage\":\"de-DE\",\"@id\":\"https:\/\/relaxsrl.com\/de\/produkte\/typen\/wannen\/#primaryimage\",\"url\":\"https:\/\/relaxsrl.com\/website\/wp-content\/uploads\/2021\/09\/VASCA_DATURA-1.jpg\",\"contentUrl\":\"https:\/\/relaxsrl.com\/website\/wp-content\/uploads\/2021\/09\/VASCA_DATURA-1.jpg\",\"width\":811,\"height\":541,\"caption\":\"freistehende badewanne datura\"},{\"@type\":\"WebPage\",\"@id\":\"https:\/\/relaxsrl.com\/de\/produkte\/typen\/wannen\/#webpage\",\"url\":\"https:\/\/relaxsrl.com\/de\/produkte\/typen\/wannen\/\",\"name\":\"Wannen - Relax srl\",\"isPartOf\":{\"@id\":\"https:\/\/relaxsrl.com\/#website\"},\"primaryImageOfPage\":{\"@id\":\"https:\/\/relaxsrl.com\/de\/produkte\/typen\/wannen\/#primaryimage\"},\"datePublished\":\"2022-08-12T08:55:28+00:00\",\"dateModified\":\"2022-12-19T07:49:35+00:00\",\"description\":\"Freestanding-Becken aus abgerundetem, kantigem oder geschmeidigem Solid Surface in diversen Gr\u00f6\u00dfen f\u00fcr stilvolle B\u00e4der mit Charakter.\",\"breadcrumb\":{\"@id\":\"https:\/\/relaxsrl.com\/de\/produkte\/typen\/wannen\/#breadcrumb\"},\"inLanguage\":\"de-DE\",\"potentialAction\":[{\"@type\":\"ReadAction\",\"target\":[\"https:\/\/relaxsrl.com\/de\/produkte\/typen\/wannen\/\"]}]},{\"@type\":\"BreadcrumbList\",\"@id\":\"https:\/\/relaxsrl.com\/de\/produkte\/typen\/wannen\/#breadcrumb\",\"itemListElement\":[{\"@type\":\"ListItem\",\"position\":1,\"name\":\"Produkte\",\"item\":\"https:\/\/relaxsrl.com\/de\/produkte\/\"},{\"@type\":\"ListItem\",\"position\":2,\"name\":\"Typen\",\"item\":\"https:\/\/relaxsrl.com\/de\/produkte\/typen\/\"},{\"@type\":\"ListItem\",\"position\":3,\"name\":\"Wannen\"}]}]}<\/script>\n<!-- \/ Yoast SEO Premium plugin. -->","yoast_head_json":{"title":"Wannen - Relax srl","description":"Freestanding-Becken aus abgerundetem, kantigem oder geschmeidigem Solid Surface in diversen Gr\u00f6\u00dfen f\u00fcr stilvolle B\u00e4der mit Charakter.","robots":{"index":"index","follow":"follow","max-snippet":"max-snippet:-1","max-image-preview":"max-image-preview:large","max-video-preview":"max-video-preview:-1"},"canonical":"https:\/\/relaxsrl.com\/de\/produkte\/typen\/wannen\/","og_locale":"de_DE","og_type":"article","og_title":"Wannen - Relax srl","og_description":"Freestanding-Becken aus abgerundetem, kantigem oder geschmeidigem Solid Surface in diversen Gr\u00f6\u00dfen f\u00fcr stilvolle B\u00e4der mit Charakter.","og_url":"https:\/\/relaxsrl.com\/de\/produkte\/typen\/wannen\/","og_site_name":"Relax srl","article_modified_time":"2022-12-19T07:49:35+00:00","og_image":[{"width":811,"height":541,"url":"https:\/\/relaxsrl.com\/website\/wp-content\/uploads\/2021\/09\/VASCA_DATURA-1.jpg","type":"image\/jpeg"}],"twitter_card":"summary_large_image","twitter_misc":{"Gesch\u00e4tzte Lesezeit":"1 Minute"},"schema":{"@context":"https:\/\/schema.org","@graph":[{"@type":"WebSite","@id":"https:\/\/relaxsrl.com\/#website","url":"https:\/\/relaxsrl.com\/","name":"Relax srl","description":"","potentialAction":[{"@type":"SearchAction","target":{"@type":"EntryPoint","urlTemplate":"https:\/\/relaxsrl.com\/?s={search_term_string}"},"query-input":"required name=search_term_string"}],"inLanguage":"de-DE"},{"@type":"ImageObject","inLanguage":"de-DE","@id":"https:\/\/relaxsrl.com\/de\/produkte\/typen\/wannen\/#primaryimage","url":"https:\/\/relaxsrl.com\/website\/wp-content\/uploads\/2021\/09\/VASCA_DATURA-1.jpg","contentUrl":"https:\/\/relaxsrl.com\/website\/wp-content\/uploads\/2021\/09\/VASCA_DATURA-1.jpg","width":811,"height":541,"caption":"freistehende badewanne datura"},{"@type":"WebPage","@id":"https:\/\/relaxsrl.com\/de\/produkte\/typen\/wannen\/#webpage","url":"https:\/\/relaxsrl.com\/de\/produkte\/typen\/wannen\/","name":"Wannen - Relax srl","isPartOf":{"@id":"https:\/\/relaxsrl.com\/#website"},"primaryImageOfPage":{"@id":"https:\/\/relaxsrl.com\/de\/produkte\/typen\/wannen\/#primaryimage"},"datePublished":"2022-08-12T08:55:28+00:00","dateModified":"2022-12-19T07:49:35+00:00","description":"Freestanding-Becken aus abgerundetem, kantigem oder geschmeidigem Solid Surface in diversen Gr\u00f6\u00dfen f\u00fcr stilvolle B\u00e4der mit Charakter.","breadcrumb":{"@id":"https:\/\/relaxsrl.com\/de\/produkte\/typen\/wannen\/#breadcrumb"},"inLanguage":"de-DE","potentialAction":[{"@type":"ReadAction","target":["https:\/\/relaxsrl.com\/de\/produkte\/typen\/wannen\/"]}]},{"@type":"BreadcrumbList","@id":"https:\/\/relaxsrl.com\/de\/produkte\/typen\/wannen\/#breadcrumb","itemListElement":[{"@type":"ListItem","position":1,"name":"Produkte","item":"https:\/\/relaxsrl.com\/de\/produkte\/"},{"@type":"ListItem","position":2,"name":"Typen","item":"https:\/\/relaxsrl.com\/de\/produkte\/typen\/"},{"@type":"ListItem","position":3,"name":"Wannen"}]}]}},"_links":{"self":[{"href":"https:\/\/relaxsrl.com\/de\/wp-json\/wp\/v2\/pages\/23136"}],"collection":[{"href":"https:\/\/relaxsrl.com\/de\/wp-json\/wp\/v2\/pages"}],"about":[{"href":"https:\/\/relaxsrl.com\/de\/wp-json\/wp\/v2\/types\/page"}],"author":[{"embeddable":true,"href":"https:\/\/relaxsrl.com\/de\/wp-json\/wp\/v2\/users\/3"}],"replies":[{"embeddable":true,"href":"https:\/\/relaxsrl.com\/de\/wp-json\/wp\/v2\/comments?post=23136"}],"version-history":[{"count":4,"href":"https:\/\/relaxsrl.com\/de\/wp-json\/wp\/v2\/pages\/23136\/revisions"}],"predecessor-version":[{"id":25080,"href":"https:\/\/relaxsrl.com\/de\/wp-json\/wp\/v2\/pages\/23136\/revisions\/25080"}],"up":[{"embeddable":true,"href":"https:\/\/relaxsrl.com\/de\/wp-json\/wp\/v2\/pages\/23105"}],"wp:featuredmedia":[{"embeddable":true,"href":"https:\/\/relaxsrl.com\/de\/wp-json\/wp\/v2\/media\/3599"}],"wp:attachment":[{"href":"https:\/\/relaxsrl.com\/de\/wp-json\/wp\/v2\/media?parent=23136"}],"curies":[{"name":"wp","href":"https:\/\/api.w.org\/{rel}","templated":true}]}}