{"id":23133,"date":"2022-08-12T10:54:55","date_gmt":"2022-08-12T08:54:55","guid":{"rendered":"https:\/\/relaxsrl.com\/produkte\/typen\/badewannenaufsatz\/"},"modified":"2022-09-16T11:04:48","modified_gmt":"2022-09-16T09:04:48","slug":"badewannenaufsatz","status":"publish","type":"page","link":"https:\/\/relaxsrl.com\/de\/produkte\/typen\/badewannenaufsatz\/","title":{"rendered":"Badewannenaufsatz"},"content":{"rendered":"<p>[vc_row full_width=&#8220;stretch_row&#8220; content_placement=&#8220;middle&#8220; el_class=&#8220;intro-row&#8220;][vc_column width=&#8220;6\/12&#8243;][vc_column_text]<\/p>\n<h1>Badewannenaufsatz<\/h1>\n<p>[\/vc_column_text][\/vc_column][vc_column width=&#8220;6\/12&#8243;][vc_column_text el_class=&#8220;abstract&#8220;]Vielf\u00e4ltige \u00dcberlaufl\u00f6sungen mit Schiebe-, Fl\u00fcgel-, Falt- oder festen \u00d6ffnungsl\u00f6sungen \u2013 der bequeme Gebrauch der Wanne, ideal f\u00fcr Kinder[\/vc_column_text][\/vc_column][\/vc_row][vc_row el_class=&#8220;row-path&#8220;][vc_column][vc_column_text][\/vc_column_text][\/vc_column][\/vc_row][vc_row][vc_column width=&#8220;1\/12&#8243;][\/vc_column][vc_column width=&#8220;10\/12&#8243;]<div class=\"woocommerce columns-3 \"><ul class=\"products columns-3\">\n<li class=\"product type-product post-21062 status-publish first instock product_cat-axia-de product_cat-axia-ru product_cat-box-doccia-de product_cat-collezioni-de product_cat-scorrevole-de-3 product_cat-sopravasca-de product_cat-sopravasca-de-2 product_cat-tipologia-prodotto-de product_cat-1618 product_cat-1568 product_cat-1645 product_cat----ru product_cat-1647 product_cat-1617 has-post-thumbnail shipping-taxable product-type-simple\">\n\t<div class=\"woocommerce-loop-product__short_description\" itemprop=\"description\"><a href=\"https:\/\/relaxsrl.com\/de\/produkt\/axia-sf-v-axia-f-v\/\" class=\"woocommerce-LoopProduct-link woocommerce-loop-product__link\"><p>Die SF-V+F-V-Zusammensetzung ist ein Badewannenaufsatz mit Schiebet\u00fcr und 8mm geh\u00e4rtetem Glas.<\/p>\n<\/a><\/div><\/li>\n<li class=\"product type-product post-21060 status-publish instock product_cat-axia-de product_cat-axia-ru product_cat-box-doccia-de product_cat-guida-alla-scelta-de product_cat-collezioni-de product_cat-scorrevole-de-3 product_cat-sopravasca-de product_cat-sopravasca-de-2 product_cat-sopravasca-de-3 product_cat-tipologia-prodotto-de product_cat-1618 product_cat-1568 product_cat----ru product_cat-1614 product_cat-1645 product_cat-1647 product_cat-1594 product_cat-1617 has-post-thumbnail shipping-taxable product-type-simple\">\n\t<div class=\"woocommerce-loop-product__short_description\" itemprop=\"description\"><a href=\"https:\/\/relaxsrl.com\/de\/produkt\/axia-sc1-v\/\" class=\"woocommerce-LoopProduct-link woocommerce-loop-product__link\"><p>Sopravasca in nicchia con apertura scorrevole. Vetro da 8 mm.<\/p>\n<\/a><\/div><\/li>\n<li class=\"product type-product post-21059 status-publish last instock product_cat-box-doccia-de product_cat-light-de product_cat-light-ru product_cat-collezioni-de product_cat-sopravasca-de product_cat-sopravasca-de-2 product_cat-tipologia-prodotto-de product_cat-walk-in-de product_cat-walk-in-de-6 product_cat-1618 product_cat-1568 product_cat-1645 product_cat----ru product_cat-1648 product_cat-1649 product_cat-1617 has-post-thumbnail shipping-taxable product-type-simple\">\n\t<div class=\"woocommerce-loop-product__short_description\" itemprop=\"description\"><a href=\"https:\/\/relaxsrl.com\/de\/produkt\/light-vf1\/\" class=\"woocommerce-LoopProduct-link woocommerce-loop-product__link\"><p>Sopravasca con un lato fisso dagli angoli squadrati. Vetro da 6 mm.<\/p>\n<\/a><\/div><\/li>\n<li class=\"product type-product post-21045 status-publish first instock product_cat-battente-de-4 product_cat-box-doccia-de product_cat-guida-alla-scelta-de product_cat-light-de product_cat-light-ru product_cat-collezioni-de product_cat-sopravasca-de product_cat-sopravasca-de-2 product_cat-sopravasca-de-3 product_cat-tipologia-prodotto-de product_cat-1618 product_cat-1568 product_cat-1646 product_cat----ru product_cat-1614 product_cat-1645 product_cat-1594 product_cat-1617 has-post-thumbnail shipping-taxable product-type-simple\">\n\t<div class=\"woocommerce-loop-product__short_description\" itemprop=\"description\"><a href=\"https:\/\/relaxsrl.com\/de\/produkt\/light-vf1-light-vp1\/\" class=\"woocommerce-LoopProduct-link woocommerce-loop-product__link\"><p>Sopravasca con lato fisso e porta a battente. Vetro da 6 mm.<\/p>\n<\/a><\/div><\/li>\n<li class=\"product type-product post-21042 status-publish instock product_cat-battente-de-4 product_cat-box-doccia-de product_cat-light-de product_cat-light-ru product_cat-collezioni-de product_cat-sopravasca-de product_cat-sopravasca-de-2 product_cat-tipologia-prodotto-de product_cat-1618 product_cat-1568 product_cat-1646 product_cat-1645 product_cat----ru product_cat-1617 has-post-thumbnail shipping-taxable product-type-simple\">\n\t<div class=\"woocommerce-loop-product__short_description\" itemprop=\"description\"><a href=\"https:\/\/relaxsrl.com\/de\/produkt\/light-vp2\/\" class=\"woocommerce-LoopProduct-link woocommerce-loop-product__link\"><p>Badewannenabtrennung bestehend aus einer Fl\u00fcgelt\u00fcr.<\/p>\n<\/a><\/div><\/li>\n<li class=\"product type-product post-21043 status-publish last instock product_cat-battente-de-4 product_cat-box-doccia-de product_cat-light-de product_cat-light-ru product_cat-collezioni-de product_cat-sopravasca-de product_cat-sopravasca-de-2 product_cat-tipologia-prodotto-de product_cat-1618 product_cat-1568 product_cat-1646 product_cat-1645 product_cat----ru product_cat-1617 has-post-thumbnail shipping-taxable product-type-simple\">\n\t<div class=\"woocommerce-loop-product__short_description\" itemprop=\"description\"><a href=\"https:\/\/relaxsrl.com\/de\/produkt\/light-vp2-light-vp1\/\" class=\"woocommerce-LoopProduct-link woocommerce-loop-product__link\"><p>Badewannenabtrennung mit Doppelfl\u00fcgelt\u00fcr. 6mm Glas.<\/p>\n<\/a><\/div><\/li>\n<li class=\"product type-product post-21044 status-publish first instock product_cat-battente-de-4 product_cat-box-doccia-de product_cat-light-de product_cat-light-ru product_cat-collezioni-de product_cat-sopravasca-de product_cat-sopravasca-de-2 product_cat-tipologia-prodotto-de product_cat-1618 product_cat-1568 product_cat-1646 product_cat-1645 product_cat----ru product_cat-1617 has-post-thumbnail shipping-taxable product-type-simple\">\n\t<div class=\"woocommerce-loop-product__short_description\" itemprop=\"description\"><a href=\"https:\/\/relaxsrl.com\/de\/produkt\/light-v\/\" class=\"woocommerce-LoopProduct-link woocommerce-loop-product__link\"><p>Badewannenabtrennung mit fester Seite mit abgerundeten Kanten. 6mm Glas.<\/p>\n<\/a><\/div><\/li>\n<li class=\"product type-product post-21041 status-publish instock product_cat-box-doccia-de product_cat-light-de product_cat-light-ru product_cat-collezioni-de product_cat-soffietto-de product_cat-sopravasca-de-2 product_cat-sopravasca-de product_cat-tipologia-prodotto-de product_cat-1618 product_cat-1568 product_cat-1645 product_cat----ru product_cat------ru product_cat-1617 has-post-thumbnail shipping-taxable product-type-simple\">\n\t<div class=\"woocommerce-loop-product__short_description\" itemprop=\"description\"><a href=\"https:\/\/relaxsrl.com\/de\/produkt\/light-vs\/\" class=\"woocommerce-LoopProduct-link woocommerce-loop-product__link\"><p>Badewannenabtrennung mit Faltt\u00fcr. 6mm Glas.<\/p>\n<\/a><\/div><\/li>\n<\/ul>\n<\/div>[\/vc_column][vc_column width=&#8220;1\/12&#8243;][\/vc_column][\/vc_row]<\/p>\n","protected":false},"excerpt":{"rendered":"<p>[vc_row full_width=&#8220;stretch_row&#8220; content_placement=&#8220;middle&#8220; el_class=&#8220;intro-row&#8220;][vc_column width=&#8220;6\/12&#8243;][vc_column_text] Badewannenaufsatz [\/vc_column_text][\/vc_column][vc_column width=&#8220;6\/12&#8243;][vc_column_text el_class=&#8220;abstract&#8220;]Vielf\u00e4ltige \u00dcberlaufl\u00f6sungen mit Schiebe-, Fl\u00fcgel-, Falt- oder festen \u00d6ffnungsl\u00f6sungen \u2013 der bequeme Gebrauch der Wanne, ideal f\u00fcr Kinder[\/vc_column_text][\/vc_column][\/vc_row][vc_row el_class=&#8220;row-path&#8220;][vc_column][vc_column_text][\/vc_column_text][\/vc_column][\/vc_row][vc_row][vc_column width=&#8220;1\/12&#8243;][\/vc_column][vc_column width=&#8220;10\/12&#8243;][\/vc_column][vc_column width=&#8220;1\/12&#8243;][\/vc_column][\/vc_row]<\/p>\n","protected":false},"author":3,"featured_media":10278,"parent":23105,"menu_order":0,"comment_status":"closed","ping_status":"closed","template":"","meta":[],"acf":[],"yoast_head":"<!-- This site is optimized with the Yoast SEO Premium plugin v18.4 (Yoast SEO v18.8) - https:\/\/yoast.com\/wordpress\/plugins\/seo\/ -->\n<title>Badewannenaufsatz - Relax srl<\/title>\n<meta name=\"description\" content=\"Vielf\u00e4ltige \u00dcberlaufl\u00f6sungen mit Schiebe-, Fl\u00fcgel-, Falt- oder festen \u00d6ffnungsl\u00f6sungen \u2013 der bequeme Gebrauch der Wanne, ideal f\u00fcr Kinder\" \/>\n<meta name=\"robots\" content=\"index, follow, max-snippet:-1, max-image-preview:large, max-video-preview:-1\" \/>\n<link rel=\"canonical\" href=\"https:\/\/relaxsrl.com\/de\/produkte\/typen\/badewannenaufsatz\/\" \/>\n<meta property=\"og:locale\" content=\"de_DE\" \/>\n<meta property=\"og:type\" content=\"article\" \/>\n<meta property=\"og:title\" content=\"Badewannenaufsatz - Relax srl\" \/>\n<meta property=\"og:description\" content=\"Vielf\u00e4ltige \u00dcberlaufl\u00f6sungen mit Schiebe-, Fl\u00fcgel-, Falt- oder festen \u00d6ffnungsl\u00f6sungen \u2013 der bequeme Gebrauch der Wanne, ideal f\u00fcr Kinder\" \/>\n<meta property=\"og:url\" content=\"https:\/\/relaxsrl.com\/de\/produkte\/typen\/badewannenaufsatz\/\" \/>\n<meta property=\"og:site_name\" content=\"Relax srl\" \/>\n<meta property=\"article:modified_time\" content=\"2022-09-16T09:04:48+00:00\" \/>\n<meta name=\"twitter:card\" content=\"summary_large_image\" \/>\n<meta name=\"twitter:label1\" content=\"Gesch\u00e4tzte Lesezeit\" \/>\n\t<meta name=\"twitter:data1\" content=\"1 Minute\" \/>\n<script type=\"application\/ld+json\" class=\"yoast-schema-graph\">{\"@context\":\"https:\/\/schema.org\",\"@graph\":[{\"@type\":\"WebSite\",\"@id\":\"https:\/\/relaxsrl.com\/#website\",\"url\":\"https:\/\/relaxsrl.com\/\",\"name\":\"Relax srl\",\"description\":\"\",\"potentialAction\":[{\"@type\":\"SearchAction\",\"target\":{\"@type\":\"EntryPoint\",\"urlTemplate\":\"https:\/\/relaxsrl.com\/?s={search_term_string}\"},\"query-input\":\"required name=search_term_string\"}],\"inLanguage\":\"de-DE\"},{\"@type\":\"ImageObject\",\"inLanguage\":\"de-DE\",\"@id\":\"https:\/\/relaxsrl.com\/de\/produkte\/typen\/badewannenaufsatz\/#primaryimage\",\"url\":\"https:\/\/relaxsrl.com\/website\/wp-content\/uploads\/2021\/11\/TIPOLOGIA_BOX_SOPRAVASCA.jpg\",\"contentUrl\":\"https:\/\/relaxsrl.com\/website\/wp-content\/uploads\/2021\/11\/TIPOLOGIA_BOX_SOPRAVASCA.jpg\",\"width\":800,\"height\":600,\"caption\":\"Space Duschkabinen Konfigurator\"},{\"@type\":\"WebPage\",\"@id\":\"https:\/\/relaxsrl.com\/de\/produkte\/typen\/badewannenaufsatz\/#webpage\",\"url\":\"https:\/\/relaxsrl.com\/de\/produkte\/typen\/badewannenaufsatz\/\",\"name\":\"Badewannenaufsatz - Relax srl\",\"isPartOf\":{\"@id\":\"https:\/\/relaxsrl.com\/#website\"},\"primaryImageOfPage\":{\"@id\":\"https:\/\/relaxsrl.com\/de\/produkte\/typen\/badewannenaufsatz\/#primaryimage\"},\"datePublished\":\"2022-08-12T08:54:55+00:00\",\"dateModified\":\"2022-09-16T09:04:48+00:00\",\"description\":\"Vielf\u00e4ltige \u00dcberlaufl\u00f6sungen mit Schiebe-, Fl\u00fcgel-, Falt- oder festen \u00d6ffnungsl\u00f6sungen \u2013 der bequeme Gebrauch der Wanne, ideal f\u00fcr Kinder\",\"breadcrumb\":{\"@id\":\"https:\/\/relaxsrl.com\/de\/produkte\/typen\/badewannenaufsatz\/#breadcrumb\"},\"inLanguage\":\"de-DE\",\"potentialAction\":[{\"@type\":\"ReadAction\",\"target\":[\"https:\/\/relaxsrl.com\/de\/produkte\/typen\/badewannenaufsatz\/\"]}]},{\"@type\":\"BreadcrumbList\",\"@id\":\"https:\/\/relaxsrl.com\/de\/produkte\/typen\/badewannenaufsatz\/#breadcrumb\",\"itemListElement\":[{\"@type\":\"ListItem\",\"position\":1,\"name\":\"Produkte\",\"item\":\"https:\/\/relaxsrl.com\/de\/produkte\/\"},{\"@type\":\"ListItem\",\"position\":2,\"name\":\"Typen\",\"item\":\"https:\/\/relaxsrl.com\/de\/produkte\/typen\/\"},{\"@type\":\"ListItem\",\"position\":3,\"name\":\"Badewannenaufsatz\"}]}]}<\/script>\n<!-- \/ Yoast SEO Premium plugin. -->","yoast_head_json":{"title":"Badewannenaufsatz - Relax srl","description":"Vielf\u00e4ltige \u00dcberlaufl\u00f6sungen mit Schiebe-, Fl\u00fcgel-, Falt- oder festen \u00d6ffnungsl\u00f6sungen \u2013 der bequeme Gebrauch der Wanne, ideal f\u00fcr Kinder","robots":{"index":"index","follow":"follow","max-snippet":"max-snippet:-1","max-image-preview":"max-image-preview:large","max-video-preview":"max-video-preview:-1"},"canonical":"https:\/\/relaxsrl.com\/de\/produkte\/typen\/badewannenaufsatz\/","og_locale":"de_DE","og_type":"article","og_title":"Badewannenaufsatz - Relax srl","og_description":"Vielf\u00e4ltige \u00dcberlaufl\u00f6sungen mit Schiebe-, Fl\u00fcgel-, Falt- oder festen \u00d6ffnungsl\u00f6sungen \u2013 der bequeme Gebrauch der Wanne, ideal f\u00fcr Kinder","og_url":"https:\/\/relaxsrl.com\/de\/produkte\/typen\/badewannenaufsatz\/","og_site_name":"Relax srl","article_modified_time":"2022-09-16T09:04:48+00:00","twitter_card":"summary_large_image","twitter_misc":{"Gesch\u00e4tzte Lesezeit":"1 Minute"},"schema":{"@context":"https:\/\/schema.org","@graph":[{"@type":"WebSite","@id":"https:\/\/relaxsrl.com\/#website","url":"https:\/\/relaxsrl.com\/","name":"Relax srl","description":"","potentialAction":[{"@type":"SearchAction","target":{"@type":"EntryPoint","urlTemplate":"https:\/\/relaxsrl.com\/?s={search_term_string}"},"query-input":"required name=search_term_string"}],"inLanguage":"de-DE"},{"@type":"ImageObject","inLanguage":"de-DE","@id":"https:\/\/relaxsrl.com\/de\/produkte\/typen\/badewannenaufsatz\/#primaryimage","url":"https:\/\/relaxsrl.com\/website\/wp-content\/uploads\/2021\/11\/TIPOLOGIA_BOX_SOPRAVASCA.jpg","contentUrl":"https:\/\/relaxsrl.com\/website\/wp-content\/uploads\/2021\/11\/TIPOLOGIA_BOX_SOPRAVASCA.jpg","width":800,"height":600,"caption":"Space Duschkabinen Konfigurator"},{"@type":"WebPage","@id":"https:\/\/relaxsrl.com\/de\/produkte\/typen\/badewannenaufsatz\/#webpage","url":"https:\/\/relaxsrl.com\/de\/produkte\/typen\/badewannenaufsatz\/","name":"Badewannenaufsatz - Relax srl","isPartOf":{"@id":"https:\/\/relaxsrl.com\/#website"},"primaryImageOfPage":{"@id":"https:\/\/relaxsrl.com\/de\/produkte\/typen\/badewannenaufsatz\/#primaryimage"},"datePublished":"2022-08-12T08:54:55+00:00","dateModified":"2022-09-16T09:04:48+00:00","description":"Vielf\u00e4ltige \u00dcberlaufl\u00f6sungen mit Schiebe-, Fl\u00fcgel-, Falt- oder festen \u00d6ffnungsl\u00f6sungen \u2013 der bequeme Gebrauch der Wanne, ideal f\u00fcr Kinder","breadcrumb":{"@id":"https:\/\/relaxsrl.com\/de\/produkte\/typen\/badewannenaufsatz\/#breadcrumb"},"inLanguage":"de-DE","potentialAction":[{"@type":"ReadAction","target":["https:\/\/relaxsrl.com\/de\/produkte\/typen\/badewannenaufsatz\/"]}]},{"@type":"BreadcrumbList","@id":"https:\/\/relaxsrl.com\/de\/produkte\/typen\/badewannenaufsatz\/#breadcrumb","itemListElement":[{"@type":"ListItem","position":1,"name":"Produkte","item":"https:\/\/relaxsrl.com\/de\/produkte\/"},{"@type":"ListItem","position":2,"name":"Typen","item":"https:\/\/relaxsrl.com\/de\/produkte\/typen\/"},{"@type":"ListItem","position":3,"name":"Badewannenaufsatz"}]}]}},"_links":{"self":[{"href":"https:\/\/relaxsrl.com\/de\/wp-json\/wp\/v2\/pages\/23133"}],"collection":[{"href":"https:\/\/relaxsrl.com\/de\/wp-json\/wp\/v2\/pages"}],"about":[{"href":"https:\/\/relaxsrl.com\/de\/wp-json\/wp\/v2\/types\/page"}],"author":[{"embeddable":true,"href":"https:\/\/relaxsrl.com\/de\/wp-json\/wp\/v2\/users\/3"}],"replies":[{"embeddable":true,"href":"https:\/\/relaxsrl.com\/de\/wp-json\/wp\/v2\/comments?post=23133"}],"version-history":[{"count":5,"href":"https:\/\/relaxsrl.com\/de\/wp-json\/wp\/v2\/pages\/23133\/revisions"}],"predecessor-version":[{"id":23636,"href":"https:\/\/relaxsrl.com\/de\/wp-json\/wp\/v2\/pages\/23133\/revisions\/23636"}],"up":[{"embeddable":true,"href":"https:\/\/relaxsrl.com\/de\/wp-json\/wp\/v2\/pages\/23105"}],"wp:featuredmedia":[{"embeddable":true,"href":"https:\/\/relaxsrl.com\/de\/wp-json\/wp\/v2\/media\/10278"}],"wp:attachment":[{"href":"https:\/\/relaxsrl.com\/de\/wp-json\/wp\/v2\/media?parent=23133"}],"curies":[{"name":"wp","href":"https:\/\/api.w.org\/{rel}","templated":true}]}}