{"id":23130,"date":"2022-08-12T10:53:20","date_gmt":"2022-08-12T08:53:20","guid":{"rendered":"https:\/\/relaxsrl.com\/produkte\/typen\/duschwannen-und-waende\/"},"modified":"2025-05-20T11:12:43","modified_gmt":"2025-05-20T09:12:43","slug":"duschwannen-und-waende","status":"publish","type":"page","link":"https:\/\/relaxsrl.com\/de\/produkte\/typen\/duschwannen-und-waende\/","title":{"rendered":"Duschwannen und w\u00e4nde"},"content":{"rendered":"<p>[vc_row full_width=&#8220;stretch_row&#8220; content_placement=&#8220;middle&#8220; el_class=&#8220;intro-row&#8220;][vc_column width=&#8220;5\/12&#8243;][vc_column_text]<\/p>\n<h1>Duschwannen und w\u00e4nde<\/h1>\n<p>[\/vc_column_text][\/vc_column][vc_column width=&#8220;7\/12&#8243;][vc_column_text el_class=&#8220;abstract&#8220;]Relax bietet eine gro\u00dfe Auswahl an Oberfl\u00e4chen und Farben f\u00fcr seine Duschwannen. Es handelt sich um Produkte aus mineralischen Harzen mit Gel Coat oder Solid Surface, rutschfest und antibakteriell. Sie eignen sich auch f\u00fcr ma\u00dfgeschneiderte L\u00f6sungen und sind daher \u00e4u\u00dferst vielseitig.[\/vc_column_text][\/vc_column][\/vc_row][vc_row el_class=&#8220;row-path&#8220;][vc_column][vc_column_text][\/vc_column_text][\/vc_column][\/vc_row][vc_row][vc_column]<div class=\"woocommerce columns-3 \"><ul class=\"products columns-3\">\n<li class=\"product type-product post-26550 status-publish first instock product_cat-collections-en product_cat-collections product_cat-cupro-ru product_cat-cupro-en product_cat-cupro-fr product_cat-cupro-de product_cat-piatti-doccia-e-pareti-de product_cat-receveurs-et-parois-de-douche product_cat-collezioni-de product_cat-shower-trays-and-walls product_cat-tipologia-prodotto-en product_cat-tipologia-prodotto-de product_cat-type-de-produit product_cat-1651 product_cat-1568 product_cat-1617 has-post-thumbnail shipping-taxable product-type-simple\">\n\t<div class=\"woocommerce-loop-product__short_description\" itemprop=\"description\"><a href=\"https:\/\/relaxsrl.com\/de\/produkt\/cupro-c-de\/\" class=\"woocommerce-LoopProduct-link woocommerce-loop-product__link\"><p>Rechteckige Duschwanne, Ablaufabdeckung im gleichen Material an der kurzen Seite.<\/p>\n<\/a><\/div><\/li>\n<li class=\"product type-product post-26545 status-publish instock product_cat-collections-en product_cat-collections product_cat-cupro-ru product_cat-cupro-en product_cat-cupro-fr product_cat-cupro-de product_cat-piatti-doccia-e-pareti-de product_cat-receveurs-et-parois-de-douche product_cat-collezioni-de product_cat-shower-trays-and-walls product_cat-tipologia-prodotto-en product_cat-tipologia-prodotto-de product_cat-type-de-produit product_cat-1651 product_cat-1568 product_cat-1617 has-post-thumbnail shipping-taxable product-type-simple\">\n\t<div class=\"woocommerce-loop-product__short_description\" itemprop=\"description\"><a href=\"https:\/\/relaxsrl.com\/de\/produkt\/cupro-l-de\/\" class=\"woocommerce-LoopProduct-link woocommerce-loop-product__link\"><p>Rechteckige Duschwanne, Ablaufabdeckung im gleichen Material an der L\u00e4ngsseite.<\/p>\n<\/a><\/div><\/li>\n<li class=\"product type-product post-21046 status-publish last instock product_cat-collections-en product_cat-collections product_cat-piatti-doccia-e-pareti-de product_cat-receveurs-et-parois-de-douche product_cat-collezioni-de product_cat-shower-trays-and-walls product_cat-stone-ru product_cat-stone-fr product_cat-stone-de product_cat-stone-en product_cat-tipologia-prodotto-en product_cat-tipologia-prodotto-de product_cat-type-de-produit product_cat-1651 product_cat-1568 product_cat-1617 has-post-thumbnail shipping-taxable product-type-simple\">\n\t<div class=\"woocommerce-loop-product__short_description\" itemprop=\"description\"><a href=\"https:\/\/relaxsrl.com\/de\/produkt\/stone-eckduschwanne\/\" class=\"woocommerce-LoopProduct-link woocommerce-loop-product__link\"><p>Rechteckige Duschwanne aus rutschfestem und antibakteriellem Gel Coat, Steinoptik bei Ber\u00fchrung.<\/p>\n<\/a><\/div><\/li>\n<li class=\"product type-product post-21047 status-publish first instock product_cat-piatti-doccia-e-pareti-de product_cat-collezioni-de product_cat-stone-de product_cat-stone-ru product_cat-tipologia-prodotto-de product_cat-1651 product_cat-1568 product_cat-1617 has-post-thumbnail shipping-taxable product-type-simple\">\n\t<div class=\"woocommerce-loop-product__short_description\" itemprop=\"description\"><a href=\"https:\/\/relaxsrl.com\/de\/produkt\/stone-halbrunde-duschwanne\/\" class=\"woocommerce-LoopProduct-link woocommerce-loop-product__link\"><p>Stone ist eine Duschplatte, die sich von Texturen und nat\u00fcrlichen Elementen wie Stein inspirieren l\u00e4sst.<\/p>\n<\/a><\/div><\/li>\n<li class=\"product type-product post-21050 status-publish instock product_cat-collections-en product_cat-collections product_cat-piatti-doccia-e-pareti-de product_cat-raso-ru product_cat-raso-en product_cat-raso-fr product_cat-raso-de product_cat-receveurs-et-parois-de-douche product_cat-collezioni-de product_cat-shower-trays-and-walls product_cat-tipologia-prodotto-en product_cat-tipologia-prodotto-de product_cat-type-de-produit product_cat-1651 product_cat-1568 product_cat-1617 has-post-thumbnail shipping-taxable product-type-simple\">\n\t<div class=\"woocommerce-loop-product__short_description\" itemprop=\"description\"><a href=\"https:\/\/relaxsrl.com\/de\/produkt\/raso-eckduschwanne\/\" class=\"woocommerce-LoopProduct-link woocommerce-loop-product__link\"><p>Rutschfeste und antibakterielle Gel Coat-Duschwanne mit Satin-Effekt bei Ber\u00fchrung.<\/p>\n<\/a><\/div><\/li>\n<li class=\"product type-product post-21048 status-publish last instock product_cat-collections product_cat-collections-en product_cat-lago-fr product_cat-lago-de product_cat-lago-en product_cat-lago-ru product_cat-piatti-doccia-e-pareti-de product_cat-receveurs-et-parois-de-douche product_cat-collezioni-de product_cat-shower-trays-and-walls product_cat-tipologia-prodotto-en product_cat-tipologia-prodotto-de product_cat-type-de-produit product_cat-1651 product_cat-1568 product_cat-1617 has-post-thumbnail shipping-taxable product-type-simple\">\n\t<div class=\"woocommerce-loop-product__short_description\" itemprop=\"description\"><a href=\"https:\/\/relaxsrl.com\/de\/produkt\/lago-eckduschwanne\/\" class=\"woocommerce-LoopProduct-link woocommerce-loop-product__link\"><p>Rutschfeste und antibakterielle Gel Coat Duschwanne mit umlaufendem Flachrand.<\/p>\n<\/a><\/div><\/li>\n<li class=\"product type-product post-21051 status-publish first instock product_cat-collections product_cat-collections-en product_cat-lago-fr product_cat-lago-de product_cat-lago-en product_cat-lago-ru product_cat-piatti-doccia-e-pareti-de product_cat-receveurs-et-parois-de-douche product_cat-collezioni-de product_cat-shower-trays-and-walls product_cat-tipologia-prodotto-en product_cat-tipologia-prodotto-de product_cat-type-de-produit product_cat-1651 product_cat-1568 product_cat-1617 has-post-thumbnail shipping-taxable product-type-simple\">\n\t<div class=\"woocommerce-loop-product__short_description\" itemprop=\"description\"><a href=\"https:\/\/relaxsrl.com\/de\/produkt\/lago-plus-eckduschwanne\/\" class=\"woocommerce-LoopProduct-link woocommerce-loop-product__link\"><p>Gelcoat-Duschwanne mit Vorraum und enthaltendem Flachrand unter dem Brausekopf.<\/p>\n<\/a><\/div><\/li>\n<li class=\"product type-product post-21049 status-publish instock product_cat-collections-en product_cat-collections product_cat-piatti-doccia-e-pareti-de product_cat-receveurs-et-parois-de-douche product_cat-collezioni-de product_cat-shower-trays-and-walls product_cat-slim-fr product_cat-slim-ru product_cat-slim-en product_cat-slim-de product_cat-tipologia-prodotto-en product_cat-tipologia-prodotto-de product_cat-type-de-produit product_cat-1651 product_cat-1568 product_cat-1617 has-post-thumbnail shipping-taxable product-type-simple\">\n\t<div class=\"woocommerce-loop-product__short_description\" itemprop=\"description\"><a href=\"https:\/\/relaxsrl.com\/de\/produkt\/slim-eckduschwanne\/\" class=\"woocommerce-LoopProduct-link woocommerce-loop-product__link\"><p>Rutschfeste und antibakterielle Duschwanne aus Solid Surface.<\/p>\n<\/a><\/div><\/li>\n<li class=\"product type-product post-22213 status-publish last instock product_cat-piatti-doccia-e-pareti-de product_cat-receveurs-et-parois-de-douche product_cat-shower-trays-and-walls product_cat-tipologia-prodotto-en product_cat-tipologia-prodotto-de product_cat-type-de-produit product_cat-1651 product_cat-1617 has-post-thumbnail shipping-taxable product-type-simple\">\n\t<div class=\"woocommerce-loop-product__short_description\" itemprop=\"description\"><a href=\"https:\/\/relaxsrl.com\/de\/produkt\/boiserie-lago\/\" class=\"woocommerce-LoopProduct-link woocommerce-loop-product__link\"><p>Boiserie aus solid surface mit 9 mm Dicke.<\/p>\n<\/a><\/div><\/li>\n<li class=\"product type-product post-20965 status-publish first instock product_cat-piatti-doccia-e-pareti-de product_cat-shower-trays-and-walls product_cat-tipologia-prodotto-de product_cat-tipologia-prodotto-en product_cat-1651 product_cat-1617 has-post-thumbnail shipping-taxable product-type-simple\">\n\t<div class=\"woocommerce-loop-product__short_description\" itemprop=\"description\"><a href=\"https:\/\/relaxsrl.com\/de\/produkt\/duschwanne-120s\/\" class=\"woocommerce-LoopProduct-link woocommerce-loop-product__link\"><p>Rutschfeste und antibakterielle Solid Surface Duschwanne, exklusiv f\u00fcr Luxor 120S.<\/p>\n<\/a><\/div><\/li>\n<li class=\"product type-product post-20964 status-publish instock product_cat-piatti-doccia-e-pareti-de product_cat-shower-trays-and-walls product_cat-tipologia-prodotto-de product_cat-tipologia-prodotto-en product_cat-1651 product_cat-1617 has-post-thumbnail shipping-taxable product-type-simple\">\n\t<div class=\"woocommerce-loop-product__short_description\" itemprop=\"description\"><a href=\"https:\/\/relaxsrl.com\/de\/produkt\/duschwanne-140s\/\" class=\"woocommerce-LoopProduct-link woocommerce-loop-product__link\"><p>Rutschfeste und antibakterielle Solid Surface Duschwanne, exklusiv f\u00fcr Luxor 140S.<\/p>\n<\/a><\/div><\/li>\n<li class=\"product type-product post-26543 status-publish last instock product_cat-piatti-doccia-e-pareti-de product_cat-receveurs-et-parois-de-douche product_cat-saia-de product_cat-saia-ru product_cat-saia-en product_cat-saia-fr product_cat-shower-trays-and-walls product_cat-tipologia-prodotto-en product_cat-tipologia-prodotto-de product_cat-type-de-produit product_cat-1651 product_cat-1617 has-post-thumbnail shipping-taxable product-type-simple\">\n\t<div class=\"woocommerce-loop-product__short_description\" itemprop=\"description\"><a href=\"https:\/\/relaxsrl.com\/de\/produkt\/saia-de\/\" class=\"woocommerce-LoopProduct-link woocommerce-loop-product__link\"><p>Gel Coat Duschwanne, rutschfest und antibakteriell mit zentralem Ablauf.<\/p>\n<\/a><\/div><\/li>\n<\/ul>\n<\/div>[\/vc_column][\/vc_row]<\/p>\n","protected":false},"excerpt":{"rendered":"<p>[vc_row full_width=&#8220;stretch_row&#8220; content_placement=&#8220;middle&#8220; el_class=&#8220;intro-row&#8220;][vc_column width=&#8220;5\/12&#8243;][vc_column_text] Duschwannen und w\u00e4nde [\/vc_column_text][\/vc_column][vc_column width=&#8220;7\/12&#8243;][vc_column_text el_class=&#8220;abstract&#8220;]Relax bietet eine gro\u00dfe Auswahl an Oberfl\u00e4chen und Farben f\u00fcr seine Duschwannen. Es handelt sich um Produkte aus mineralischen Harzen mit Gel Coat oder Solid Surface, rutschfest und antibakteriell. Sie eignen sich auch f\u00fcr ma\u00dfgeschneiderte L\u00f6sungen und sind daher \u00e4u\u00dferst vielseitig.[\/vc_column_text][\/vc_column][\/vc_row][vc_row el_class=&#8220;row-path&#8220;][vc_column][vc_column_text][\/vc_column_text][\/vc_column][\/vc_row][vc_row][vc_column][\/vc_column][\/vc_row]<\/p>\n","protected":false},"author":3,"featured_media":23381,"parent":23105,"menu_order":0,"comment_status":"closed","ping_status":"closed","template":"","meta":[],"acf":[],"yoast_head":"<!-- This site is optimized with the Yoast SEO Premium plugin v18.4 (Yoast SEO v18.8) - https:\/\/yoast.com\/wordpress\/plugins\/seo\/ -->\n<title>Duschwannen und w\u00e4nde - Relax srl<\/title>\n<meta name=\"description\" content=\"Entdecken Sie die Relax-Duschwannen und -W\u00e4nde aus Mineralharz und Gel Coat oder aus Solid Surface. Hygienisch und sicher.\" \/>\n<meta name=\"robots\" content=\"index, follow, max-snippet:-1, max-image-preview:large, max-video-preview:-1\" \/>\n<link rel=\"canonical\" href=\"https:\/\/relaxsrl.com\/de\/produkte\/typen\/duschwannen-und-waende\/\" \/>\n<meta property=\"og:locale\" content=\"de_DE\" \/>\n<meta property=\"og:type\" content=\"article\" \/>\n<meta property=\"og:title\" content=\"Duschwannen und w\u00e4nde - Relax srl\" \/>\n<meta property=\"og:description\" content=\"Entdecken Sie die Relax-Duschwannen und -W\u00e4nde aus Mineralharz und Gel Coat oder aus Solid Surface. Hygienisch und sicher.\" \/>\n<meta property=\"og:url\" content=\"https:\/\/relaxsrl.com\/de\/produkte\/typen\/duschwannen-und-waende\/\" \/>\n<meta property=\"og:site_name\" content=\"Relax srl\" \/>\n<meta property=\"article:modified_time\" content=\"2025-05-20T09:12:43+00:00\" \/>\n<meta property=\"og:image\" content=\"https:\/\/relaxsrl.com\/website\/wp-content\/uploads\/2022\/09\/PIATTI_RASO_APERTURA.jpg\" \/>\n\t<meta property=\"og:image:width\" content=\"1430\" \/>\n\t<meta property=\"og:image:height\" content=\"880\" \/>\n\t<meta property=\"og:image:type\" content=\"image\/jpeg\" \/>\n<meta name=\"twitter:card\" content=\"summary_large_image\" \/>\n<meta name=\"twitter:label1\" content=\"Gesch\u00e4tzte Lesezeit\" \/>\n\t<meta name=\"twitter:data1\" content=\"1 Minute\" \/>\n<script type=\"application\/ld+json\" class=\"yoast-schema-graph\">{\"@context\":\"https:\/\/schema.org\",\"@graph\":[{\"@type\":\"WebSite\",\"@id\":\"https:\/\/relaxsrl.com\/#website\",\"url\":\"https:\/\/relaxsrl.com\/\",\"name\":\"Relax srl\",\"description\":\"\",\"potentialAction\":[{\"@type\":\"SearchAction\",\"target\":{\"@type\":\"EntryPoint\",\"urlTemplate\":\"https:\/\/relaxsrl.com\/?s={search_term_string}\"},\"query-input\":\"required name=search_term_string\"}],\"inLanguage\":\"de-DE\"},{\"@type\":\"ImageObject\",\"inLanguage\":\"de-DE\",\"@id\":\"https:\/\/relaxsrl.com\/de\/produkte\/typen\/duschwannen-und-waende\/#primaryimage\",\"url\":\"https:\/\/relaxsrl.com\/website\/wp-content\/uploads\/2022\/09\/PIATTI_RASO_APERTURA.jpg\",\"contentUrl\":\"https:\/\/relaxsrl.com\/website\/wp-content\/uploads\/2022\/09\/PIATTI_RASO_APERTURA.jpg\",\"width\":1430,\"height\":880},{\"@type\":\"WebPage\",\"@id\":\"https:\/\/relaxsrl.com\/de\/produkte\/typen\/duschwannen-und-waende\/#webpage\",\"url\":\"https:\/\/relaxsrl.com\/de\/produkte\/typen\/duschwannen-und-waende\/\",\"name\":\"Duschwannen und w\u00e4nde - Relax srl\",\"isPartOf\":{\"@id\":\"https:\/\/relaxsrl.com\/#website\"},\"primaryImageOfPage\":{\"@id\":\"https:\/\/relaxsrl.com\/de\/produkte\/typen\/duschwannen-und-waende\/#primaryimage\"},\"datePublished\":\"2022-08-12T08:53:20+00:00\",\"dateModified\":\"2025-05-20T09:12:43+00:00\",\"description\":\"Entdecken Sie die Relax-Duschwannen und -W\u00e4nde aus Mineralharz und Gel Coat oder aus Solid Surface. Hygienisch und sicher.\",\"breadcrumb\":{\"@id\":\"https:\/\/relaxsrl.com\/de\/produkte\/typen\/duschwannen-und-waende\/#breadcrumb\"},\"inLanguage\":\"de-DE\",\"potentialAction\":[{\"@type\":\"ReadAction\",\"target\":[\"https:\/\/relaxsrl.com\/de\/produkte\/typen\/duschwannen-und-waende\/\"]}]},{\"@type\":\"BreadcrumbList\",\"@id\":\"https:\/\/relaxsrl.com\/de\/produkte\/typen\/duschwannen-und-waende\/#breadcrumb\",\"itemListElement\":[{\"@type\":\"ListItem\",\"position\":1,\"name\":\"Produkte\",\"item\":\"https:\/\/relaxsrl.com\/de\/produkte\/\"},{\"@type\":\"ListItem\",\"position\":2,\"name\":\"Typen\",\"item\":\"https:\/\/relaxsrl.com\/de\/produkte\/typen\/\"},{\"@type\":\"ListItem\",\"position\":3,\"name\":\"Duschwannen und w\u00e4nde\"}]}]}<\/script>\n<!-- \/ Yoast SEO Premium plugin. -->","yoast_head_json":{"title":"Duschwannen und w\u00e4nde - Relax srl","description":"Entdecken Sie die Relax-Duschwannen und -W\u00e4nde aus Mineralharz und Gel Coat oder aus Solid Surface. Hygienisch und sicher.","robots":{"index":"index","follow":"follow","max-snippet":"max-snippet:-1","max-image-preview":"max-image-preview:large","max-video-preview":"max-video-preview:-1"},"canonical":"https:\/\/relaxsrl.com\/de\/produkte\/typen\/duschwannen-und-waende\/","og_locale":"de_DE","og_type":"article","og_title":"Duschwannen und w\u00e4nde - Relax srl","og_description":"Entdecken Sie die Relax-Duschwannen und -W\u00e4nde aus Mineralharz und Gel Coat oder aus Solid Surface. Hygienisch und sicher.","og_url":"https:\/\/relaxsrl.com\/de\/produkte\/typen\/duschwannen-und-waende\/","og_site_name":"Relax srl","article_modified_time":"2025-05-20T09:12:43+00:00","og_image":[{"width":1430,"height":880,"url":"https:\/\/relaxsrl.com\/website\/wp-content\/uploads\/2022\/09\/PIATTI_RASO_APERTURA.jpg","type":"image\/jpeg"}],"twitter_card":"summary_large_image","twitter_misc":{"Gesch\u00e4tzte Lesezeit":"1 Minute"},"schema":{"@context":"https:\/\/schema.org","@graph":[{"@type":"WebSite","@id":"https:\/\/relaxsrl.com\/#website","url":"https:\/\/relaxsrl.com\/","name":"Relax srl","description":"","potentialAction":[{"@type":"SearchAction","target":{"@type":"EntryPoint","urlTemplate":"https:\/\/relaxsrl.com\/?s={search_term_string}"},"query-input":"required name=search_term_string"}],"inLanguage":"de-DE"},{"@type":"ImageObject","inLanguage":"de-DE","@id":"https:\/\/relaxsrl.com\/de\/produkte\/typen\/duschwannen-und-waende\/#primaryimage","url":"https:\/\/relaxsrl.com\/website\/wp-content\/uploads\/2022\/09\/PIATTI_RASO_APERTURA.jpg","contentUrl":"https:\/\/relaxsrl.com\/website\/wp-content\/uploads\/2022\/09\/PIATTI_RASO_APERTURA.jpg","width":1430,"height":880},{"@type":"WebPage","@id":"https:\/\/relaxsrl.com\/de\/produkte\/typen\/duschwannen-und-waende\/#webpage","url":"https:\/\/relaxsrl.com\/de\/produkte\/typen\/duschwannen-und-waende\/","name":"Duschwannen und w\u00e4nde - Relax srl","isPartOf":{"@id":"https:\/\/relaxsrl.com\/#website"},"primaryImageOfPage":{"@id":"https:\/\/relaxsrl.com\/de\/produkte\/typen\/duschwannen-und-waende\/#primaryimage"},"datePublished":"2022-08-12T08:53:20+00:00","dateModified":"2025-05-20T09:12:43+00:00","description":"Entdecken Sie die Relax-Duschwannen und -W\u00e4nde aus Mineralharz und Gel Coat oder aus Solid Surface. Hygienisch und sicher.","breadcrumb":{"@id":"https:\/\/relaxsrl.com\/de\/produkte\/typen\/duschwannen-und-waende\/#breadcrumb"},"inLanguage":"de-DE","potentialAction":[{"@type":"ReadAction","target":["https:\/\/relaxsrl.com\/de\/produkte\/typen\/duschwannen-und-waende\/"]}]},{"@type":"BreadcrumbList","@id":"https:\/\/relaxsrl.com\/de\/produkte\/typen\/duschwannen-und-waende\/#breadcrumb","itemListElement":[{"@type":"ListItem","position":1,"name":"Produkte","item":"https:\/\/relaxsrl.com\/de\/produkte\/"},{"@type":"ListItem","position":2,"name":"Typen","item":"https:\/\/relaxsrl.com\/de\/produkte\/typen\/"},{"@type":"ListItem","position":3,"name":"Duschwannen und w\u00e4nde"}]}]}},"_links":{"self":[{"href":"https:\/\/relaxsrl.com\/de\/wp-json\/wp\/v2\/pages\/23130"}],"collection":[{"href":"https:\/\/relaxsrl.com\/de\/wp-json\/wp\/v2\/pages"}],"about":[{"href":"https:\/\/relaxsrl.com\/de\/wp-json\/wp\/v2\/types\/page"}],"author":[{"embeddable":true,"href":"https:\/\/relaxsrl.com\/de\/wp-json\/wp\/v2\/users\/3"}],"replies":[{"embeddable":true,"href":"https:\/\/relaxsrl.com\/de\/wp-json\/wp\/v2\/comments?post=23130"}],"version-history":[{"count":5,"href":"https:\/\/relaxsrl.com\/de\/wp-json\/wp\/v2\/pages\/23130\/revisions"}],"predecessor-version":[{"id":31838,"href":"https:\/\/relaxsrl.com\/de\/wp-json\/wp\/v2\/pages\/23130\/revisions\/31838"}],"up":[{"embeddable":true,"href":"https:\/\/relaxsrl.com\/de\/wp-json\/wp\/v2\/pages\/23105"}],"wp:featuredmedia":[{"embeddable":true,"href":"https:\/\/relaxsrl.com\/de\/wp-json\/wp\/v2\/media\/23381"}],"wp:attachment":[{"href":"https:\/\/relaxsrl.com\/de\/wp-json\/wp\/v2\/media?parent=23130"}],"curies":[{"name":"wp","href":"https:\/\/api.w.org\/{rel}","templated":true}]}}