{"id":23127,"date":"2022-08-12T10:52:43","date_gmt":"2022-08-12T08:52:43","guid":{"rendered":"https:\/\/relaxsrl.com\/produkte\/typen\/ergaenzungen\/"},"modified":"2022-12-19T08:44:13","modified_gmt":"2022-12-19T07:44:13","slug":"ergaenzungen","status":"publish","type":"page","link":"https:\/\/relaxsrl.com\/de\/produkte\/typen\/ergaenzungen\/","title":{"rendered":"Erg\u00e4nzungen"},"content":{"rendered":"<p>[vc_row full_width=&#8220;stretch_row&#8220; content_placement=&#8220;middle&#8220; el_class=&#8220;intro-row&#8220;][vc_column width=&#8220;5\/12&#8243;][vc_column_text]<\/p>\n<h1>Erg\u00e4nzungen<\/h1>\n<p>[\/vc_column_text][\/vc_column][vc_column width=&#8220;7\/12&#8243;][vc_column_text el_class=&#8220;abstract&#8220;]Zu den Accessoires geh\u00f6ren all jene funktionalen oder dekorativen Elemente, die Ihr Badambiente vervollst\u00e4ndigen. Dazu geh\u00f6ren: Duschk\u00f6pfe, Stabilisierungsregale, Kits f\u00fcr die Pflege Ihrer Duschkabine und andere. Kleine Aufmerksamkeiten, um die Haltbarkeit und Funktionalit\u00e4t von Relax-Produkten zu erh\u00f6hen und Ihr Badezimmer mit absoluter Zufriedenheit zu erleben.[\/vc_column_text][\/vc_column][\/vc_row][vc_row el_class=&#8220;row-path&#8220;][vc_column][vc_column_text][\/vc_column_text][\/vc_column][\/vc_row][vc_row][vc_column width=&#8220;1\/12&#8243;][\/vc_column][vc_column width=&#8220;10\/12&#8243;]<div class=\"woocommerce columns-3 \"><ul class=\"products columns-3\">\n<li class=\"product type-product post-27402 status-publish first instock product_cat-collections product_cat-collections-en product_cat-complementi-de product_cat-complements-fr product_cat-complements product_cat-collezioni-de product_cat-steam-en product_cat-steam-fr product_cat-steam-ru product_cat-steam-de product_cat-tipologia-prodotto-en product_cat-tipologia-prodotto-de product_cat-type-de-produit product_cat-1650 product_cat-1568 product_cat-1617 has-post-thumbnail shipping-taxable product-type-simple\">\n\t<div class=\"woocommerce-loop-product__short_description\" itemprop=\"description\"><a href=\"https:\/\/relaxsrl.com\/de\/produkt\/x-steam\/\" class=\"woocommerce-LoopProduct-link woocommerce-loop-product__link\"><p>Dampfgenerator f\u00fcr t\u00fcrkisches Bad.<\/p>\n<\/a><\/div><\/li>\n<li class=\"product type-product post-20992 status-publish instock product_cat-collections product_cat-collections-en product_cat-complementi-de product_cat-complements-fr product_cat-complements product_cat-guida-alla-scelta-de product_cat-selection-guide-en product_cat-guide-de-selection product_cat-oblique-fr product_cat-oblique-de product_cat-oblique-en product_cat-oblique-ru product_cat-collezioni-de product_cat-tipologia-prodotto-de product_cat-tipologia-prodotto-en product_cat-type-de-produit product_cat-walk-in-de-5 product_cat-walk-in-en-2 product_cat-guide-de-selection-walk-in product_cat-1650 product_cat-1568 product_cat-1615 product_cat-1594 product_cat-1617 has-post-thumbnail shipping-taxable product-type-simple\">\n\t<div class=\"woocommerce-loop-product__short_description\" itemprop=\"description\"><a href=\"https:\/\/relaxsrl.com\/de\/produkt\/oblique-mv\/\" class=\"woocommerce-LoopProduct-link woocommerce-loop-product__link\"><p>Regal mit stabilisierender Funktion. Erh\u00e4ltlich in Stahl oder Mineralwerkstoff.<\/p>\n<\/a><\/div><\/li>\n<li class=\"product type-product post-20990 status-publish last instock product_cat-collections product_cat-collections-en product_cat-complementi-de product_cat-complements product_cat-complements-fr product_cat-oblique-de product_cat-oblique-ru product_cat-oblique-en product_cat-oblique-fr product_cat-collezioni-de product_cat-tipologia-prodotto-de product_cat-tipologia-prodotto-en product_cat-type-de-produit product_cat-1650 product_cat-1568 product_cat-1617 has-post-thumbnail shipping-taxable product-type-simple\">\n\t<div class=\"woocommerce-loop-product__short_description\" itemprop=\"description\"><a href=\"https:\/\/relaxsrl.com\/de\/produkt\/oblique-p\/\" class=\"woocommerce-LoopProduct-link woocommerce-loop-product__link\"><p>Handtuchhalter aus Glas f\u00fcr den Au\u00dfenbereich. Erh\u00e4ltlich in Stahl oder Mineralwerkstoff.<\/p>\n<\/a><\/div><\/li>\n<li class=\"product type-product post-20989 status-publish first instock product_cat-collections product_cat-collections-en product_cat-complementi-de product_cat-complements product_cat-complements-fr product_cat-oblique-de product_cat-oblique-ru product_cat-oblique-en product_cat-oblique-fr product_cat-collezioni-de product_cat-tipologia-prodotto-de product_cat-tipologia-prodotto-en product_cat-type-de-produit product_cat-1650 product_cat-1568 product_cat-1617 has-post-thumbnail shipping-taxable product-type-simple\">\n\t<div class=\"woocommerce-loop-product__short_description\" itemprop=\"description\"><a href=\"https:\/\/relaxsrl.com\/de\/produkt\/oblique-p39\/\" class=\"woocommerce-LoopProduct-link woocommerce-loop-product__link\"><p>Wandmontierter Handtuchhalter aus lackiertem Stahl.<\/p>\n<\/a><\/div><\/li>\n<li class=\"product type-product post-20987 status-publish instock product_cat-collections product_cat-collections-en product_cat-complementi-de product_cat-complements product_cat-complements-fr product_cat-oblique-de product_cat-oblique-ru product_cat-oblique-en product_cat-oblique-fr product_cat-collezioni-de product_cat-tipologia-prodotto-de product_cat-tipologia-prodotto-en product_cat-type-de-produit product_cat-1650 product_cat-1568 product_cat-1617 has-post-thumbnail shipping-taxable product-type-simple\">\n\t<div class=\"woocommerce-loop-product__short_description\" itemprop=\"description\"><a href=\"https:\/\/relaxsrl.com\/de\/produkt\/oblique-m\/\" class=\"woocommerce-LoopProduct-link woocommerce-loop-product__link\"><p>Zierregal. Erh\u00e4ltlich in Stahl oder Mineralwerkstoff.<\/p>\n<\/a><\/div><\/li>\n<li class=\"product type-product post-20988 status-publish last instock product_cat-collections product_cat-collections-en product_cat-complementi-de product_cat-complements-fr product_cat-complements product_cat-oblique-ru product_cat-oblique-en product_cat-oblique-fr product_cat-oblique-de product_cat-collezioni-de product_cat-tipologia-prodotto-de product_cat-tipologia-prodotto-en product_cat-type-de-produit product_cat-1650 product_cat-1568 product_cat-1617 has-post-thumbnail shipping-taxable product-type-simple\">\n\t<div class=\"woocommerce-loop-product__short_description\" itemprop=\"description\"><a href=\"https:\/\/relaxsrl.com\/de\/produkt\/oblique-pr\/\" class=\"woocommerce-LoopProduct-link woocommerce-loop-product__link\"><p>Rollenhalter aus Stahl zum Aufh\u00e4ngen an der Wand.<\/p>\n<\/a><\/div><\/li>\n<li class=\"product type-product post-20984 status-publish first instock product_cat-complementi-de product_cat-complements product_cat-complements-fr product_cat-tipologia-prodotto-de product_cat-tipologia-prodotto-en product_cat-type-de-produit product_cat-1650 product_cat-1617 has-post-thumbnail shipping-taxable product-type-simple\">\n\t<div class=\"woocommerce-loop-product__short_description\" itemprop=\"description\"><a href=\"https:\/\/relaxsrl.com\/de\/produkt\/calla\/\" class=\"woocommerce-LoopProduct-link woocommerce-loop-product__link\"><p>Freistehendes Waschbecken aus Mineralwerkstoff.<\/p>\n<\/a><\/div><\/li>\n<li class=\"product type-product post-20983 status-publish instock product_cat-collections product_cat-complementi-de product_cat-complements-fr product_cat-joy-fr product_cat-joy-ru product_cat-joy-de product_cat-collezioni-de product_cat-tipologia-prodotto-de product_cat-type-de-produit product_cat-1650 product_cat-1568 product_cat-1617 has-post-thumbnail shipping-taxable product-type-simple\">\n\t<div class=\"woocommerce-loop-product__short_description\" itemprop=\"description\"><a href=\"https:\/\/relaxsrl.com\/de\/produkt\/joy-s\/\" class=\"woocommerce-LoopProduct-link woocommerce-loop-product__link\"><p>Traditioneller Duschkopf aus Edelstahl mit einer linearen \u00c4sthetik, der sich leicht an verschiedene Umgebungen anpassen l\u00e4sst.<\/p>\n<\/a><\/div><\/li>\n<li class=\"product type-product post-20982 status-publish last instock product_cat-collections product_cat-complementi-de product_cat-complements-fr product_cat-joy-fr product_cat-joy-ru product_cat-joy-de product_cat-collezioni-de product_cat-tipologia-prodotto-de product_cat-type-de-produit product_cat-1650 product_cat-1568 product_cat-1617 has-post-thumbnail shipping-taxable product-type-simple\">\n\t<div class=\"woocommerce-loop-product__short_description\" itemprop=\"description\"><a href=\"https:\/\/relaxsrl.com\/de\/produkt\/joy-sc\/\" class=\"woocommerce-LoopProduct-link woocommerce-loop-product__link\"><p>Wandmontierter Duschkopf aus Edelstahl mit doppelter Wasserauslassfunktion: traditionell und Regen.<\/p>\n<\/a><\/div><\/li>\n<li class=\"product type-product post-20961 status-publish first instock product_cat-collections product_cat-complementi-de product_cat-complements-fr product_cat-joy-ru product_cat-joy-fr product_cat-joy-de product_cat-collezioni-de product_cat-tipologia-prodotto-de product_cat-type-de-produit product_cat-1650 product_cat-1568 product_cat-1617 has-post-thumbnail shipping-taxable product-type-simple\">\n\t<div class=\"woocommerce-loop-product__short_description\" itemprop=\"description\"><a href=\"https:\/\/relaxsrl.com\/de\/produkt\/joy-plus\/\" class=\"woocommerce-LoopProduct-link woocommerce-loop-product__link\"><p>Duschs\u00e4ule aus Edelstahl mit integriertem Duschkopf.<\/p>\n<\/a><\/div><\/li>\n<li class=\"product type-product post-20962 status-publish instock product_cat-complementi-de product_cat-complements product_cat-complements-fr product_cat-tipologia-prodotto-de product_cat-tipologia-prodotto-en product_cat-type-de-produit product_cat-1650 product_cat-1617 has-post-thumbnail shipping-taxable product-type-simple\">\n\t<div class=\"woocommerce-loop-product__short_description\" itemprop=\"description\"><a href=\"https:\/\/relaxsrl.com\/de\/produkt\/popeye\/\" class=\"woocommerce-LoopProduct-link woocommerce-loop-product__link\"><p>Duschkopf mit stabilisierender Funktion.<\/p>\n<\/a><\/div><\/li>\n<li class=\"product type-product post-20980 status-publish last instock product_cat-byblos-fr product_cat-byblos-de product_cat-byblos-ru product_cat-collections product_cat-complementi-de product_cat-complements-fr product_cat-collezioni-de product_cat-tipologia-prodotto-de product_cat-type-de-produit product_cat-1650 product_cat-1568 product_cat-1617 has-post-thumbnail shipping-taxable product-type-simple\">\n\t<div class=\"woocommerce-loop-product__short_description\" itemprop=\"description\"><a href=\"https:\/\/relaxsrl.com\/de\/produkt\/byblos-s\/\" class=\"woocommerce-LoopProduct-link woocommerce-loop-product__link\"><p>Traditioneller Duschkopf aus Edelstahl mit weichen und geschwungenen Formen.<\/p>\n<\/a><\/div><\/li>\n<li class=\"product type-product post-20979 status-publish first instock product_cat-byblos-fr product_cat-byblos-de product_cat-byblos-ru product_cat-collections product_cat-complementi-de product_cat-complements-fr product_cat-collezioni-de product_cat-tipologia-prodotto-de product_cat-type-de-produit product_cat-1650 product_cat-1568 product_cat-1617 has-post-thumbnail shipping-taxable product-type-simple\">\n\t<div class=\"woocommerce-loop-product__short_description\" itemprop=\"description\"><a href=\"https:\/\/relaxsrl.com\/de\/produkt\/byblos-sc\/\" class=\"woocommerce-LoopProduct-link woocommerce-loop-product__link\"><p>Duschkopf aus Edelstahl mit weichen und geschwungenen Formen und integrierter Wasserfallfunktion.<\/p>\n<\/a><\/div><\/li>\n<\/ul>\n<\/div>[\/vc_column][vc_column width=&#8220;1\/12&#8243;][\/vc_column][\/vc_row]<\/p>\n","protected":false},"excerpt":{"rendered":"<p>[vc_row full_width=&#8220;stretch_row&#8220; content_placement=&#8220;middle&#8220; el_class=&#8220;intro-row&#8220;][vc_column width=&#8220;5\/12&#8243;][vc_column_text] Erg\u00e4nzungen [\/vc_column_text][\/vc_column][vc_column width=&#8220;7\/12&#8243;][vc_column_text el_class=&#8220;abstract&#8220;]Zu den Accessoires geh\u00f6ren all jene funktionalen oder dekorativen Elemente, die Ihr Badambiente vervollst\u00e4ndigen. Dazu geh\u00f6ren: Duschk\u00f6pfe, Stabilisierungsregale, Kits f\u00fcr die Pflege Ihrer Duschkabine und andere. Kleine Aufmerksamkeiten, um die Haltbarkeit und Funktionalit\u00e4t von Relax-Produkten zu erh\u00f6hen und Ihr Badezimmer mit absoluter Zufriedenheit zu erleben.[\/vc_column_text][\/vc_column][\/vc_row][vc_row el_class=&#8220;row-path&#8220;][vc_column][vc_column_text][\/vc_column_text][\/vc_column][\/vc_row][vc_row][vc_column width=&#8220;1\/12&#8243;][\/vc_column][vc_column [&hellip;]<\/p>\n","protected":false},"author":3,"featured_media":2069,"parent":23105,"menu_order":0,"comment_status":"closed","ping_status":"closed","template":"","meta":[],"acf":[],"yoast_head":"<!-- This site is optimized with the Yoast SEO Premium plugin v18.4 (Yoast SEO v18.8) - https:\/\/yoast.com\/wordpress\/plugins\/seo\/ -->\n<title>Erg\u00e4nzungen - Relax srl<\/title>\n<meta name=\"description\" content=\"Zu den Accessoires geh\u00f6ren all jene funktionalen oder dekorativen Elemente, die Ihr Badambiente vervollst\u00e4ndigen. Entdecken Sie das Relax-Zubeh\u00f6r.\" \/>\n<meta name=\"robots\" content=\"index, follow, max-snippet:-1, max-image-preview:large, max-video-preview:-1\" \/>\n<link rel=\"canonical\" href=\"https:\/\/relaxsrl.com\/de\/produkte\/typen\/ergaenzungen\/\" \/>\n<meta property=\"og:locale\" content=\"de_DE\" \/>\n<meta property=\"og:type\" content=\"article\" \/>\n<meta property=\"og:title\" content=\"Erg\u00e4nzungen - Relax srl\" \/>\n<meta property=\"og:description\" content=\"Zu den Accessoires geh\u00f6ren all jene funktionalen oder dekorativen Elemente, die Ihr Badambiente vervollst\u00e4ndigen. Entdecken Sie das Relax-Zubeh\u00f6r.\" \/>\n<meta property=\"og:url\" content=\"https:\/\/relaxsrl.com\/de\/produkte\/typen\/ergaenzungen\/\" \/>\n<meta property=\"og:site_name\" content=\"Relax srl\" \/>\n<meta property=\"article:modified_time\" content=\"2022-12-19T07:44:13+00:00\" \/>\n<meta property=\"og:image\" content=\"https:\/\/relaxsrl.com\/website\/wp-content\/uploads\/2021\/09\/COMPLEMENTI_1.jpg\" \/>\n\t<meta property=\"og:image:width\" content=\"800\" \/>\n\t<meta property=\"og:image:height\" content=\"555\" \/>\n\t<meta property=\"og:image:type\" content=\"image\/jpeg\" \/>\n<meta name=\"twitter:card\" content=\"summary_large_image\" \/>\n<meta name=\"twitter:label1\" content=\"Gesch\u00e4tzte Lesezeit\" \/>\n\t<meta name=\"twitter:data1\" content=\"1 Minute\" \/>\n<script type=\"application\/ld+json\" class=\"yoast-schema-graph\">{\"@context\":\"https:\/\/schema.org\",\"@graph\":[{\"@type\":\"WebSite\",\"@id\":\"https:\/\/relaxsrl.com\/#website\",\"url\":\"https:\/\/relaxsrl.com\/\",\"name\":\"Relax srl\",\"description\":\"\",\"potentialAction\":[{\"@type\":\"SearchAction\",\"target\":{\"@type\":\"EntryPoint\",\"urlTemplate\":\"https:\/\/relaxsrl.com\/?s={search_term_string}\"},\"query-input\":\"required name=search_term_string\"}],\"inLanguage\":\"de-DE\"},{\"@type\":\"ImageObject\",\"inLanguage\":\"de-DE\",\"@id\":\"https:\/\/relaxsrl.com\/de\/produkte\/typen\/ergaenzungen\/#primaryimage\",\"url\":\"https:\/\/relaxsrl.com\/website\/wp-content\/uploads\/2021\/09\/COMPLEMENTI_1.jpg\",\"contentUrl\":\"https:\/\/relaxsrl.com\/website\/wp-content\/uploads\/2021\/09\/COMPLEMENTI_1.jpg\",\"width\":800,\"height\":555,\"caption\":\"Badewannenaufsatz\"},{\"@type\":\"WebPage\",\"@id\":\"https:\/\/relaxsrl.com\/de\/produkte\/typen\/ergaenzungen\/#webpage\",\"url\":\"https:\/\/relaxsrl.com\/de\/produkte\/typen\/ergaenzungen\/\",\"name\":\"Erg\u00e4nzungen - Relax srl\",\"isPartOf\":{\"@id\":\"https:\/\/relaxsrl.com\/#website\"},\"primaryImageOfPage\":{\"@id\":\"https:\/\/relaxsrl.com\/de\/produkte\/typen\/ergaenzungen\/#primaryimage\"},\"datePublished\":\"2022-08-12T08:52:43+00:00\",\"dateModified\":\"2022-12-19T07:44:13+00:00\",\"description\":\"Zu den Accessoires geh\u00f6ren all jene funktionalen oder dekorativen Elemente, die Ihr Badambiente vervollst\u00e4ndigen. Entdecken Sie das Relax-Zubeh\u00f6r.\",\"breadcrumb\":{\"@id\":\"https:\/\/relaxsrl.com\/de\/produkte\/typen\/ergaenzungen\/#breadcrumb\"},\"inLanguage\":\"de-DE\",\"potentialAction\":[{\"@type\":\"ReadAction\",\"target\":[\"https:\/\/relaxsrl.com\/de\/produkte\/typen\/ergaenzungen\/\"]}]},{\"@type\":\"BreadcrumbList\",\"@id\":\"https:\/\/relaxsrl.com\/de\/produkte\/typen\/ergaenzungen\/#breadcrumb\",\"itemListElement\":[{\"@type\":\"ListItem\",\"position\":1,\"name\":\"Produkte\",\"item\":\"https:\/\/relaxsrl.com\/de\/produkte\/\"},{\"@type\":\"ListItem\",\"position\":2,\"name\":\"Typen\",\"item\":\"https:\/\/relaxsrl.com\/de\/produkte\/typen\/\"},{\"@type\":\"ListItem\",\"position\":3,\"name\":\"Erg\u00e4nzungen\"}]}]}<\/script>\n<!-- \/ Yoast SEO Premium plugin. -->","yoast_head_json":{"title":"Erg\u00e4nzungen - Relax srl","description":"Zu den Accessoires geh\u00f6ren all jene funktionalen oder dekorativen Elemente, die Ihr Badambiente vervollst\u00e4ndigen. Entdecken Sie das Relax-Zubeh\u00f6r.","robots":{"index":"index","follow":"follow","max-snippet":"max-snippet:-1","max-image-preview":"max-image-preview:large","max-video-preview":"max-video-preview:-1"},"canonical":"https:\/\/relaxsrl.com\/de\/produkte\/typen\/ergaenzungen\/","og_locale":"de_DE","og_type":"article","og_title":"Erg\u00e4nzungen - Relax srl","og_description":"Zu den Accessoires geh\u00f6ren all jene funktionalen oder dekorativen Elemente, die Ihr Badambiente vervollst\u00e4ndigen. Entdecken Sie das Relax-Zubeh\u00f6r.","og_url":"https:\/\/relaxsrl.com\/de\/produkte\/typen\/ergaenzungen\/","og_site_name":"Relax srl","article_modified_time":"2022-12-19T07:44:13+00:00","og_image":[{"width":800,"height":555,"url":"https:\/\/relaxsrl.com\/website\/wp-content\/uploads\/2021\/09\/COMPLEMENTI_1.jpg","type":"image\/jpeg"}],"twitter_card":"summary_large_image","twitter_misc":{"Gesch\u00e4tzte Lesezeit":"1 Minute"},"schema":{"@context":"https:\/\/schema.org","@graph":[{"@type":"WebSite","@id":"https:\/\/relaxsrl.com\/#website","url":"https:\/\/relaxsrl.com\/","name":"Relax srl","description":"","potentialAction":[{"@type":"SearchAction","target":{"@type":"EntryPoint","urlTemplate":"https:\/\/relaxsrl.com\/?s={search_term_string}"},"query-input":"required name=search_term_string"}],"inLanguage":"de-DE"},{"@type":"ImageObject","inLanguage":"de-DE","@id":"https:\/\/relaxsrl.com\/de\/produkte\/typen\/ergaenzungen\/#primaryimage","url":"https:\/\/relaxsrl.com\/website\/wp-content\/uploads\/2021\/09\/COMPLEMENTI_1.jpg","contentUrl":"https:\/\/relaxsrl.com\/website\/wp-content\/uploads\/2021\/09\/COMPLEMENTI_1.jpg","width":800,"height":555,"caption":"Badewannenaufsatz"},{"@type":"WebPage","@id":"https:\/\/relaxsrl.com\/de\/produkte\/typen\/ergaenzungen\/#webpage","url":"https:\/\/relaxsrl.com\/de\/produkte\/typen\/ergaenzungen\/","name":"Erg\u00e4nzungen - Relax srl","isPartOf":{"@id":"https:\/\/relaxsrl.com\/#website"},"primaryImageOfPage":{"@id":"https:\/\/relaxsrl.com\/de\/produkte\/typen\/ergaenzungen\/#primaryimage"},"datePublished":"2022-08-12T08:52:43+00:00","dateModified":"2022-12-19T07:44:13+00:00","description":"Zu den Accessoires geh\u00f6ren all jene funktionalen oder dekorativen Elemente, die Ihr Badambiente vervollst\u00e4ndigen. Entdecken Sie das Relax-Zubeh\u00f6r.","breadcrumb":{"@id":"https:\/\/relaxsrl.com\/de\/produkte\/typen\/ergaenzungen\/#breadcrumb"},"inLanguage":"de-DE","potentialAction":[{"@type":"ReadAction","target":["https:\/\/relaxsrl.com\/de\/produkte\/typen\/ergaenzungen\/"]}]},{"@type":"BreadcrumbList","@id":"https:\/\/relaxsrl.com\/de\/produkte\/typen\/ergaenzungen\/#breadcrumb","itemListElement":[{"@type":"ListItem","position":1,"name":"Produkte","item":"https:\/\/relaxsrl.com\/de\/produkte\/"},{"@type":"ListItem","position":2,"name":"Typen","item":"https:\/\/relaxsrl.com\/de\/produkte\/typen\/"},{"@type":"ListItem","position":3,"name":"Erg\u00e4nzungen"}]}]}},"_links":{"self":[{"href":"https:\/\/relaxsrl.com\/de\/wp-json\/wp\/v2\/pages\/23127"}],"collection":[{"href":"https:\/\/relaxsrl.com\/de\/wp-json\/wp\/v2\/pages"}],"about":[{"href":"https:\/\/relaxsrl.com\/de\/wp-json\/wp\/v2\/types\/page"}],"author":[{"embeddable":true,"href":"https:\/\/relaxsrl.com\/de\/wp-json\/wp\/v2\/users\/3"}],"replies":[{"embeddable":true,"href":"https:\/\/relaxsrl.com\/de\/wp-json\/wp\/v2\/comments?post=23127"}],"version-history":[{"count":4,"href":"https:\/\/relaxsrl.com\/de\/wp-json\/wp\/v2\/pages\/23127\/revisions"}],"predecessor-version":[{"id":25076,"href":"https:\/\/relaxsrl.com\/de\/wp-json\/wp\/v2\/pages\/23127\/revisions\/25076"}],"up":[{"embeddable":true,"href":"https:\/\/relaxsrl.com\/de\/wp-json\/wp\/v2\/pages\/23105"}],"wp:featuredmedia":[{"embeddable":true,"href":"https:\/\/relaxsrl.com\/de\/wp-json\/wp\/v2\/media\/2069"}],"wp:attachment":[{"href":"https:\/\/relaxsrl.com\/de\/wp-json\/wp\/v2\/media?parent=23127"}],"curies":[{"name":"wp","href":"https:\/\/api.w.org\/{rel}","templated":true}]}}