{"id":23109,"date":"2022-08-12T10:29:21","date_gmt":"2022-08-12T08:29:21","guid":{"rendered":"https:\/\/relaxsrl.com\/produkte\/typen\/duschkabine\/"},"modified":"2025-07-24T11:11:36","modified_gmt":"2025-07-24T09:11:36","slug":"duschkabine","status":"publish","type":"page","link":"https:\/\/relaxsrl.com\/de\/produkte\/typen\/duschkabine\/","title":{"rendered":"Duschkabine"},"content":{"rendered":"<p>[vc_row full_width=&#8220;stretch_row&#8220; content_placement=&#8220;middle&#8220; el_class=&#8220;intro-row&#8220;][vc_column width=&#8220;5\/12&#8243;][vc_column_text]<\/p>\n<h1>Duschkabine<\/h1>\n<p>[\/vc_column_text][\/vc_column][vc_column width=&#8220;7\/12&#8243;][vc_column_text el_class=&#8220;abstract&#8220;]Mit Relax, Walk-in Duschkabinen, Eckduschkabinen, Nischenduschkabine und Halbrunde Duschkabine nach Ma\u00df, anpassbar ausgehend von den Standardmodellen, die von unserer Forschungs- und Entwicklungsabteilung entworfen wurden. Dar\u00fcber hinaus sind fast alle Modelle mit einer dreiseitigen Ausf\u00fchrung ausgestattet. Wo soll Ihre Duschkabine aufgestellt werden? Dies sind die ersten Informationen, die Sie ben\u00f6tigen, um die L\u00f6sung auszuw\u00e4hlen, die Ihren Anforderungen am besten entspricht.[\/vc_column_text][\/vc_column][\/vc_row][vc_row el_class=&#8220;row-path&#8220;][vc_column][vc_column_text][\/vc_column_text][\/vc_column][\/vc_row][vc_row el_class=&#8220;row-categorie-tipologia&#8220;][vc_column width=&#8220;1\/12&#8243;][\/vc_column][vc_column width=&#8220;5\/12&#8243; el_class=&#8220;categoria-tipologia&#8220;][vc_single_image image=&#8220;2106&#8243; img_size=&#8220;full&#8220; alignment=&#8220;center&#8220; onclick=&#8220;custom_link&#8220; link=&#8220;https:\/\/relaxsrl.com\/de\/produkte\/typen\/duschkabine\/walk-in\/&#8220;][vc_column_text]<\/p>\n<h3 style=\"text-align: center;\"><a href=\"https:\/\/relaxsrl.com\/de\/produkte\/typen\/duschkabine\/walk-in\/\">Walk-in<\/a><\/h3>\n<p style=\"text-align: center;\"><a href=\"https:\/\/relaxsrl.com\/de\/produkte\/typen\/duschkabine\/walk-in\/\">Die begehbaren Duschabtrennungen sind minimal und essentiell und zeichnen sich durch einen sofortigen Zugang aus, da sie keine T\u00fcr haben.<\/a><\/p>\n<p>[\/vc_column_text][vc_btn title=&#8220;ENTDECKEN SIE ALLE MODELLE&#8220; style=&#8220;classic&#8220; shape=&#8220;square&#8220; color=&#8220;white&#8220; align=&#8220;center&#8220; link=&#8220;url:https%3A%2F%2Frelaxsrl.com%2Fde%2Fprodukte%2Ftypen%2Fduschkabine%2Fwalk-in%2F|title:Walk-in&#8220; el_class=&#8220;btn-default&#8220;][\/vc_column][vc_column width=&#8220;5\/12&#8243; el_class=&#8220;categoria-tipologia&#8220;][vc_single_image image=&#8220;31927&#8243; img_size=&#8220;full&#8220; alignment=&#8220;center&#8220; onclick=&#8220;custom_link&#8220; link=&#8220;https:\/\/relaxsrl.com\/de\/produkte\/typen\/duschkabine\/eckduschkabinen\/&#8220;][vc_column_text]<\/p>\n<h3 style=\"text-align: center;\"><a href=\"https:\/\/relaxsrl.com\/de\/produkte\/typen\/duschkabine\/eckduschkabinen\/\">Eckduschkabinen<\/a><\/h3>\n<p style=\"text-align: center;\"><a href=\"https:\/\/relaxsrl.com\/de\/produkte\/typen\/duschkabine\/eckduschkabinen\/\">Die Eckduschkabinen haben zwei Seiten, die durch den Schnittpunkt zweier Badezimmerw\u00e4nde gebildet werden. Sehr h\u00e4ufig passen sie sich jeder Art von \u00d6ffnung an.<\/a><\/p>\n<p>[\/vc_column_text][vc_btn title=&#8220;ENTDECKEN SIE ALLE MODELLE&#8220; style=&#8220;classic&#8220; shape=&#8220;square&#8220; color=&#8220;white&#8220; align=&#8220;center&#8220; link=&#8220;url:https%3A%2F%2Frelaxsrl.com%2Fde%2Fprodukte%2Ftypen%2Fduschkabine%2Feckduschkabinen%2F|title:Eckduschkabinen&#8220; el_class=&#8220;btn-default&#8220;][\/vc_column][vc_column width=&#8220;1\/12&#8243;][\/vc_column][\/vc_row][vc_row el_class=&#8220;row-categorie-tipologia&#8220;][vc_column width=&#8220;1\/12&#8243;][\/vc_column][vc_column width=&#8220;5\/12&#8243; el_class=&#8220;categoria-tipologia&#8220;][vc_single_image image=&#8220;31932&#8243; img_size=&#8220;full&#8220; alignment=&#8220;center&#8220; onclick=&#8220;custom_link&#8220; link=&#8220;https:\/\/relaxsrl.com\/de\/produkte\/typen\/duschkabine\/nischenduschkabine\/&#8220;][vc_column_text]<\/p>\n<h3 style=\"text-align: center;\"><a href=\"https:\/\/relaxsrl.com\/de\/produkte\/typen\/duschkabine\/nischenduschkabine\/\">Nischenduschkabine<\/a><\/h3>\n<p style=\"text-align: center;\"><a href=\"https:\/\/relaxsrl.com\/de\/produkte\/typen\/duschkabine\/nischenduschkabine\/\">Die Nischenduschabtrennungen sind zwischen drei W\u00e4nden eingelassen und haben nur eine offene Seite, die der Eingangst\u00fcr.<\/a><\/p>\n<p>[\/vc_column_text][vc_btn title=&#8220;ENTDECKEN SIE ALLE MODELLE&#8220; style=&#8220;classic&#8220; shape=&#8220;square&#8220; color=&#8220;white&#8220; align=&#8220;center&#8220; link=&#8220;url:https%3A%2F%2Frelaxsrl.com%2Fde%2Fprodukte%2Ftypen%2Fduschkabine%2Fnischenduschkabine%2F|title:Nischenduschkabine&#8220; el_class=&#8220;btn-default&#8220;][\/vc_column][vc_column width=&#8220;5\/12&#8243; el_class=&#8220;categoria-tipologia&#8220;][vc_single_image image=&#8220;2094&#8243; img_size=&#8220;full&#8220; alignment=&#8220;center&#8220; onclick=&#8220;custom_link&#8220; link=&#8220;https:\/\/relaxsrl.com\/de\/produkte\/typen\/duschkabine\/halbrunde-duschkabine\/&#8220;][vc_column_text]<\/p>\n<h3 style=\"text-align: center;\"><a href=\"https:\/\/relaxsrl.com\/de\/produkte\/typen\/duschkabine\/halbrunde-duschkabine\/\">Halbrunde Duschkabine<\/a><\/h3>\n<p style=\"text-align: center;\"><a href=\"https:\/\/relaxsrl.com\/de\/produkte\/typen\/duschkabine\/halbrunde-duschkabine\/\">Die halbrunden Duschabtrennungen mit gebogenem Glas sind in einer Ecke des Badezimmers positioniert. Liebst du Kanten nicht? Es ist die Wahl f\u00fcr Sie!<\/a><\/p>\n<p>[\/vc_column_text][vc_btn title=&#8220;ENTDECKEN SIE ALLE MODELLE&#8220; style=&#8220;classic&#8220; shape=&#8220;square&#8220; color=&#8220;white&#8220; align=&#8220;center&#8220; link=&#8220;url:https%3A%2F%2Frelaxsrl.com%2Fde%2Fprodukte%2Ftypen%2Fduschkabine%2Fhalbrunde-duschkabine%2F|title:Halbrunde%20Duschkabine&#8220; el_class=&#8220;btn-default&#8220;][\/vc_column][vc_column width=&#8220;1\/12&#8243;][\/vc_column][\/vc_row][vc_row][vc_column][vc_empty_space height=&#8220;100px&#8220;][\/vc_column][\/vc_row][vc_row full_width=&#8220;stretch_row_content_no_spaces&#8220; equal_height=&#8220;yes&#8220; content_placement=&#8220;middle&#8220; el_class=&#8220;row-over-footer row-cta-over-footer&#8220;][vc_column width=&#8220;1\/2&#8243;][vc_single_image image=&#8220;2328&#8243; img_size=&#8220;full&#8220;][\/vc_column][vc_column width=&#8220;1\/2&#8243; css=&#8220;.vc_custom_1632907290932{background-image: url(http:\/\/relaxsrl.com\/wp-content\/uploads\/2021\/09\/cta-configuratore-opaco-1.jpg?id=2329) !important;background-position: center !important;background-repeat: no-repeat !important;background-size: cover !important;}&#8220; el_class=&#8220;row-cta-over-footer-col-text&#8220;][vc_row_inner][vc_column_inner width=&#8220;1\/4&#8243;][\/vc_column_inner][vc_column_inner width=&#8220;1\/2&#8243;][vc_column_text]<\/p>\n<h2 style=\"text-align: center;\">Verwenden Sie den Duschkabinen-Konfigurator<\/h2>\n<p style=\"text-align: center;\">Gehen Sie von Ihren Bed\u00fcrfnissen aus und nutzen Sie den Relax Duschbox Konfigurator. So finden Sie in Echtzeit die L\u00f6sung, die am besten zu Ihnen passt.<\/p>\n<p>[\/vc_column_text][vc_btn title=&#8220;GEHE SIE ZUM KONFIGURATOR&#8220; style=&#8220;classic&#8220; shape=&#8220;square&#8220; color=&#8220;white&#8220; align=&#8220;center&#8220; el_class=&#8220;btn-default-white&#8220; link=&#8220;url:https%3A%2F%2Frelaxsrl.com%2Fde%2Fprodukte%2Fkonfigurator%2F|title:Konfigurator&#8220;][\/vc_column_inner][vc_column_inner width=&#8220;1\/4&#8243;][\/vc_column_inner][\/vc_row_inner][\/vc_column][\/vc_row]<\/p>\n","protected":false},"excerpt":{"rendered":"<p>[vc_row full_width=&#8220;stretch_row&#8220; content_placement=&#8220;middle&#8220; el_class=&#8220;intro-row&#8220;][vc_column width=&#8220;5\/12&#8243;][vc_column_text] Duschkabine [\/vc_column_text][\/vc_column][vc_column width=&#8220;7\/12&#8243;][vc_column_text el_class=&#8220;abstract&#8220;]Mit Relax, Walk-in Duschkabinen, Eckduschkabinen, Nischenduschkabine und Halbrunde Duschkabine nach Ma\u00df, anpassbar ausgehend von den Standardmodellen, die von unserer Forschungs- und Entwicklungsabteilung entworfen wurden. Dar\u00fcber hinaus sind fast alle Modelle mit einer dreiseitigen Ausf\u00fchrung ausgestattet. Wo soll Ihre Duschkabine aufgestellt werden? Dies sind die ersten Informationen, die [&hellip;]<\/p>\n","protected":false},"author":3,"featured_media":2106,"parent":23105,"menu_order":0,"comment_status":"closed","ping_status":"closed","template":"","meta":[],"acf":[],"yoast_head":"<!-- This site is optimized with the Yoast SEO Premium plugin v18.4 (Yoast SEO v18.8) - https:\/\/yoast.com\/wordpress\/plugins\/seo\/ -->\n<title>Duschkabine - Relax srl<\/title>\n<meta name=\"description\" content=\"Mit Relax, Walk-in Duschkabinen, Eckduschkabinen, Nischenduschkabine und Halbrunde Duschkabine nach Ma\u00df, anpassbar ausgehend von den Standardmodellen.\" \/>\n<meta name=\"robots\" content=\"index, follow, max-snippet:-1, max-image-preview:large, max-video-preview:-1\" \/>\n<link rel=\"canonical\" href=\"https:\/\/relaxsrl.com\/de\/produkte\/typen\/duschkabine\/\" \/>\n<meta property=\"og:locale\" content=\"de_DE\" \/>\n<meta property=\"og:type\" content=\"article\" \/>\n<meta property=\"og:title\" content=\"Duschkabine - Relax srl\" \/>\n<meta property=\"og:description\" content=\"Mit Relax, Walk-in Duschkabinen, Eckduschkabinen, Nischenduschkabine und Halbrunde Duschkabine nach Ma\u00df, anpassbar ausgehend von den Standardmodellen.\" \/>\n<meta property=\"og:url\" content=\"https:\/\/relaxsrl.com\/de\/produkte\/typen\/duschkabine\/\" \/>\n<meta property=\"og:site_name\" content=\"Relax srl\" \/>\n<meta property=\"article:modified_time\" content=\"2025-07-24T09:11:36+00:00\" \/>\n<meta property=\"og:image\" content=\"https:\/\/relaxsrl.com\/website\/wp-content\/uploads\/2021\/09\/WALL_A_4-2.jpg\" \/>\n\t<meta property=\"og:image:width\" content=\"800\" \/>\n\t<meta property=\"og:image:height\" content=\"555\" \/>\n\t<meta property=\"og:image:type\" content=\"image\/jpeg\" \/>\n<meta name=\"twitter:card\" content=\"summary_large_image\" \/>\n<meta name=\"twitter:label1\" content=\"Gesch\u00e4tzte Lesezeit\" \/>\n\t<meta name=\"twitter:data1\" content=\"2 Minuten\" \/>\n<script type=\"application\/ld+json\" class=\"yoast-schema-graph\">{\"@context\":\"https:\/\/schema.org\",\"@graph\":[{\"@type\":\"WebSite\",\"@id\":\"https:\/\/relaxsrl.com\/#website\",\"url\":\"https:\/\/relaxsrl.com\/\",\"name\":\"Relax srl\",\"description\":\"\",\"potentialAction\":[{\"@type\":\"SearchAction\",\"target\":{\"@type\":\"EntryPoint\",\"urlTemplate\":\"https:\/\/relaxsrl.com\/?s={search_term_string}\"},\"query-input\":\"required name=search_term_string\"}],\"inLanguage\":\"de-DE\"},{\"@type\":\"ImageObject\",\"inLanguage\":\"de-DE\",\"@id\":\"https:\/\/relaxsrl.com\/de\/produkte\/typen\/duschkabine\/#primaryimage\",\"url\":\"https:\/\/relaxsrl.com\/website\/wp-content\/uploads\/2021\/09\/WALL_A_4-2.jpg\",\"contentUrl\":\"https:\/\/relaxsrl.com\/website\/wp-content\/uploads\/2021\/09\/WALL_A_4-2.jpg\",\"width\":800,\"height\":555,\"caption\":\"Begehbare Duschabtrennung mit schwarzer Umrandung\"},{\"@type\":\"WebPage\",\"@id\":\"https:\/\/relaxsrl.com\/de\/produkte\/typen\/duschkabine\/#webpage\",\"url\":\"https:\/\/relaxsrl.com\/de\/produkte\/typen\/duschkabine\/\",\"name\":\"Duschkabine - Relax srl\",\"isPartOf\":{\"@id\":\"https:\/\/relaxsrl.com\/#website\"},\"primaryImageOfPage\":{\"@id\":\"https:\/\/relaxsrl.com\/de\/produkte\/typen\/duschkabine\/#primaryimage\"},\"datePublished\":\"2022-08-12T08:29:21+00:00\",\"dateModified\":\"2025-07-24T09:11:36+00:00\",\"description\":\"Mit Relax, Walk-in Duschkabinen, Eckduschkabinen, Nischenduschkabine und Halbrunde Duschkabine nach Ma\u00df, anpassbar ausgehend von den Standardmodellen.\",\"breadcrumb\":{\"@id\":\"https:\/\/relaxsrl.com\/de\/produkte\/typen\/duschkabine\/#breadcrumb\"},\"inLanguage\":\"de-DE\",\"potentialAction\":[{\"@type\":\"ReadAction\",\"target\":[\"https:\/\/relaxsrl.com\/de\/produkte\/typen\/duschkabine\/\"]}]},{\"@type\":\"BreadcrumbList\",\"@id\":\"https:\/\/relaxsrl.com\/de\/produkte\/typen\/duschkabine\/#breadcrumb\",\"itemListElement\":[{\"@type\":\"ListItem\",\"position\":1,\"name\":\"Produkte\",\"item\":\"https:\/\/relaxsrl.com\/de\/produkte\/\"},{\"@type\":\"ListItem\",\"position\":2,\"name\":\"Typen\",\"item\":\"https:\/\/relaxsrl.com\/de\/produkte\/typen\/\"},{\"@type\":\"ListItem\",\"position\":3,\"name\":\"Duschkabine\"}]}]}<\/script>\n<!-- \/ Yoast SEO Premium plugin. -->","yoast_head_json":{"title":"Duschkabine - Relax srl","description":"Mit Relax, Walk-in Duschkabinen, Eckduschkabinen, Nischenduschkabine und Halbrunde Duschkabine nach Ma\u00df, anpassbar ausgehend von den Standardmodellen.","robots":{"index":"index","follow":"follow","max-snippet":"max-snippet:-1","max-image-preview":"max-image-preview:large","max-video-preview":"max-video-preview:-1"},"canonical":"https:\/\/relaxsrl.com\/de\/produkte\/typen\/duschkabine\/","og_locale":"de_DE","og_type":"article","og_title":"Duschkabine - Relax srl","og_description":"Mit Relax, Walk-in Duschkabinen, Eckduschkabinen, Nischenduschkabine und Halbrunde Duschkabine nach Ma\u00df, anpassbar ausgehend von den Standardmodellen.","og_url":"https:\/\/relaxsrl.com\/de\/produkte\/typen\/duschkabine\/","og_site_name":"Relax srl","article_modified_time":"2025-07-24T09:11:36+00:00","og_image":[{"width":800,"height":555,"url":"https:\/\/relaxsrl.com\/website\/wp-content\/uploads\/2021\/09\/WALL_A_4-2.jpg","type":"image\/jpeg"}],"twitter_card":"summary_large_image","twitter_misc":{"Gesch\u00e4tzte Lesezeit":"2 Minuten"},"schema":{"@context":"https:\/\/schema.org","@graph":[{"@type":"WebSite","@id":"https:\/\/relaxsrl.com\/#website","url":"https:\/\/relaxsrl.com\/","name":"Relax srl","description":"","potentialAction":[{"@type":"SearchAction","target":{"@type":"EntryPoint","urlTemplate":"https:\/\/relaxsrl.com\/?s={search_term_string}"},"query-input":"required name=search_term_string"}],"inLanguage":"de-DE"},{"@type":"ImageObject","inLanguage":"de-DE","@id":"https:\/\/relaxsrl.com\/de\/produkte\/typen\/duschkabine\/#primaryimage","url":"https:\/\/relaxsrl.com\/website\/wp-content\/uploads\/2021\/09\/WALL_A_4-2.jpg","contentUrl":"https:\/\/relaxsrl.com\/website\/wp-content\/uploads\/2021\/09\/WALL_A_4-2.jpg","width":800,"height":555,"caption":"Begehbare Duschabtrennung mit schwarzer Umrandung"},{"@type":"WebPage","@id":"https:\/\/relaxsrl.com\/de\/produkte\/typen\/duschkabine\/#webpage","url":"https:\/\/relaxsrl.com\/de\/produkte\/typen\/duschkabine\/","name":"Duschkabine - Relax srl","isPartOf":{"@id":"https:\/\/relaxsrl.com\/#website"},"primaryImageOfPage":{"@id":"https:\/\/relaxsrl.com\/de\/produkte\/typen\/duschkabine\/#primaryimage"},"datePublished":"2022-08-12T08:29:21+00:00","dateModified":"2025-07-24T09:11:36+00:00","description":"Mit Relax, Walk-in Duschkabinen, Eckduschkabinen, Nischenduschkabine und Halbrunde Duschkabine nach Ma\u00df, anpassbar ausgehend von den Standardmodellen.","breadcrumb":{"@id":"https:\/\/relaxsrl.com\/de\/produkte\/typen\/duschkabine\/#breadcrumb"},"inLanguage":"de-DE","potentialAction":[{"@type":"ReadAction","target":["https:\/\/relaxsrl.com\/de\/produkte\/typen\/duschkabine\/"]}]},{"@type":"BreadcrumbList","@id":"https:\/\/relaxsrl.com\/de\/produkte\/typen\/duschkabine\/#breadcrumb","itemListElement":[{"@type":"ListItem","position":1,"name":"Produkte","item":"https:\/\/relaxsrl.com\/de\/produkte\/"},{"@type":"ListItem","position":2,"name":"Typen","item":"https:\/\/relaxsrl.com\/de\/produkte\/typen\/"},{"@type":"ListItem","position":3,"name":"Duschkabine"}]}]}},"_links":{"self":[{"href":"https:\/\/relaxsrl.com\/de\/wp-json\/wp\/v2\/pages\/23109"}],"collection":[{"href":"https:\/\/relaxsrl.com\/de\/wp-json\/wp\/v2\/pages"}],"about":[{"href":"https:\/\/relaxsrl.com\/de\/wp-json\/wp\/v2\/types\/page"}],"author":[{"embeddable":true,"href":"https:\/\/relaxsrl.com\/de\/wp-json\/wp\/v2\/users\/3"}],"replies":[{"embeddable":true,"href":"https:\/\/relaxsrl.com\/de\/wp-json\/wp\/v2\/comments?post=23109"}],"version-history":[{"count":6,"href":"https:\/\/relaxsrl.com\/de\/wp-json\/wp\/v2\/pages\/23109\/revisions"}],"predecessor-version":[{"id":31937,"href":"https:\/\/relaxsrl.com\/de\/wp-json\/wp\/v2\/pages\/23109\/revisions\/31937"}],"up":[{"embeddable":true,"href":"https:\/\/relaxsrl.com\/de\/wp-json\/wp\/v2\/pages\/23105"}],"wp:featuredmedia":[{"embeddable":true,"href":"https:\/\/relaxsrl.com\/de\/wp-json\/wp\/v2\/media\/2106"}],"wp:attachment":[{"href":"https:\/\/relaxsrl.com\/de\/wp-json\/wp\/v2\/media?parent=23109"}],"curies":[{"name":"wp","href":"https:\/\/api.w.org\/{rel}","templated":true}]}}