{"id":23105,"date":"2022-08-12T10:19:49","date_gmt":"2022-08-12T08:19:49","guid":{"rendered":"https:\/\/relaxsrl.com\/produkte\/typen\/"},"modified":"2022-11-18T11:06:59","modified_gmt":"2022-11-18T10:06:59","slug":"typen","status":"publish","type":"page","link":"https:\/\/relaxsrl.com\/de\/produkte\/typen\/","title":{"rendered":"Typen"},"content":{"rendered":"<p>[vc_row full_width=&#8220;stretch_row&#8220; content_placement=&#8220;middle&#8220; el_class=&#8220;intro-row&#8220;][vc_column width=&#8220;5\/12&#8243;][vc_column_text]<\/p>\n<h1>Relax Produkte<\/h1>\n<p>[\/vc_column_text][\/vc_column][vc_column width=&#8220;7\/12&#8243;][vc_column_text el_class=&#8220;abstract&#8220;]Relax-Produkte bieten ein breites und qualifiziertes Angebot an Duschkabinen, Badewannenaufsatz, Duschwannen, Badewannen und Zubeh\u00f6r, das in der Lage ist, die unterschiedlichsten Bed\u00fcrfnisse zu befriedigen. Wir kreieren jedes einzelne Produkt mit Leidenschaft, nach hohen Qualit\u00e4tsstandards und mit der Sorgfalt des besten Made in Italy.[\/vc_column_text][\/vc_column][\/vc_row][vc_row el_class=&#8220;row-path&#8220;][vc_column][vc_column_text][\/vc_column_text][\/vc_column][\/vc_row][vc_row el_class=&#8220;row-categorie-tipologia&#8220;][vc_column width=&#8220;1\/12&#8243;][\/vc_column][vc_column width=&#8220;5\/12&#8243; el_class=&#8220;categoria-tipologia&#8220;][vc_single_image image=&#8220;2077&#8243; img_size=&#8220;full&#8220; alignment=&#8220;center&#8220; onclick=&#8220;custom_link&#8220; link=&#8220;https:\/\/relaxsrl.com\/de\/produkte\/typen\/duschkabine\/&#8220;][vc_column_text]<\/p>\n<h3 style=\"text-align: center;\"><a href=\"https:\/\/relaxsrl.com\/de\/produkte\/typen\/duschkabine\/\">Duschkabine<\/a><\/h3>\n<p style=\"text-align: center;\"><a href=\"https:\/\/relaxsrl.com\/de\/produkte\/typen\/duschkabine\/\">Entdecken Sie die Relax-Duschabtrennungen, die gr\u00f6\u00dftenteils personalisierbar und ma\u00dfgefertigt sind: Walk-in, Ecke, Nische, 3-seitig und halbrund.<\/a><\/p>\n<p>[\/vc_column_text][vc_btn title=&#8220;SEHEN SIE DIE MODELLE&#8220; style=&#8220;classic&#8220; shape=&#8220;square&#8220; color=&#8220;white&#8220; align=&#8220;center&#8220; link=&#8220;url:https%3A%2F%2Frelaxsrl.com%2Fde%2Fprodukte%2Ftypen%2Fduschkabine%2F|title:Duschkabine&#8220; el_class=&#8220;btn-default&#8220;][\/vc_column][vc_column width=&#8220;5\/12&#8243; el_class=&#8220;categoria-tipologia&#8220;][vc_single_image image=&#8220;2081&#8243; img_size=&#8220;full&#8220; alignment=&#8220;center&#8220; onclick=&#8220;custom_link&#8220; link=&#8220;https:\/\/relaxsrl.com\/de\/produkte\/typen\/badewannenaufsatz\/&#8220;][vc_column_text]<\/p>\n<h3 style=\"text-align: center;\"><a href=\"https:\/\/relaxsrl.com\/de\/produkte\/typen\/badewannenaufsatz\/\">Badewannenaufsatz<\/a><\/h3>\n<p style=\"text-align: center;\"><a href=\"https:\/\/relaxsrl.com\/de\/produkte\/typen\/badewannenaufsatz\/\">Mehrere L\u00f6sungen f\u00fcr Badewannenabtrennungen mit verschiebbarer, schwenkbarer, klappbarer oder feststehender \u00d6ffnung. Die bequemste Nutzung der Wanne, ideal mit Kindern.<\/a><\/p>\n<p>[\/vc_column_text][vc_btn title=&#8220;ENTDECKEN SIE ALLE PRODUKTE&#8220; style=&#8220;classic&#8220; shape=&#8220;square&#8220; color=&#8220;white&#8220; align=&#8220;center&#8220; link=&#8220;url:https%3A%2F%2Frelaxsrl.com%2Fde%2Fprodukte%2Ftypen%2Fbadewannenaufsatz%2F|title:Badewannenaufsatz&#8220; el_class=&#8220;btn-default&#8220;][\/vc_column][vc_column width=&#8220;1\/12&#8243;][\/vc_column][\/vc_row][vc_row el_class=&#8220;row-categorie-tipologia&#8220;][vc_column width=&#8220;1\/12&#8243;][\/vc_column][vc_column width=&#8220;5\/12&#8243; el_class=&#8220;categoria-tipologia&#8220;][vc_single_image image=&#8220;8921&#8243; img_size=&#8220;full&#8220; alignment=&#8220;center&#8220; onclick=&#8220;custom_link&#8220; link=&#8220;https:\/\/relaxsrl.com\/de\/produkte\/typen\/duschwannen-und-waende\/&#8220;][vc_column_text]<\/p>\n<h3 style=\"text-align: center;\"><a href=\"https:\/\/relaxsrl.com\/de\/produkte\/typen\/duschwannen-und-waende\/\"> Duschwannen und &#8211; w\u00e4nde <\/a><\/h3>\n<p style=\"text-align: center;\"><a href=\"https:\/\/relaxsrl.com\/de\/produkte\/typen\/duschwannen-und-waende\/\"> Rutschfeste und antibakterielle Duschwannen aus Solid Surface oder Mineralharze mit Gel Coat und Duschw\u00e4nde f\u00fcr ein zeitgem\u00e4\u00dfes Badezimmer. <\/a><\/p>\n<p>[\/vc_column_text][vc_btn title=&#8220;ENTDECKEN SIE ALLE PRODUKTE&#8220; style=&#8220;classic&#8220; shape=&#8220;square&#8220; color=&#8220;white&#8220; align=&#8220;center&#8220; link=&#8220;url:https%3A%2F%2Frelaxsrl.com%2Fde%2Fprodukte%2Ftypen%2Fduschwannen-und-waende%2F|title:Duschwannen&#8220; el_class=&#8220;btn-default&#8220;][\/vc_column][vc_column width=&#8220;5\/12&#8243; el_class=&#8220;categoria-tipologia&#8220;][vc_single_image image=&#8220;2073&#8243; img_size=&#8220;full&#8220; alignment=&#8220;center&#8220; onclick=&#8220;custom_link&#8220; link=&#8220;https:\/\/relaxsrl.com\/de\/produkte\/typen\/wannen\/&#8220;][vc_column_text]<\/p>\n<h3 style=\"text-align: center;\"><a href=\"https:\/\/relaxsrl.com\/de\/produkte\/typen\/wannen\/\">Wannen<\/a><\/h3>\n<p style=\"text-align: center;\"><a href=\"https:\/\/relaxsrl.com\/de\/produkte\/typen\/wannen\/\">Freistehende Badewannen aus Mineralwerkstoff, abgerundet, quadratisch oder gewunden, in verschiedenen Gr\u00f6\u00dfen f\u00fcr elegante und charaktervolle Badezimmer.<\/a><\/p>\n<p>[\/vc_column_text][vc_btn title=&#8220;ENTDECKEN SIE ALLE MODELLE&#8220; style=&#8220;classic&#8220; shape=&#8220;square&#8220; color=&#8220;white&#8220; align=&#8220;center&#8220; link=&#8220;url:https%3A%2F%2Frelaxsrl.com%2Fde%2Fprodukte%2Ftypen%2Fwannen%2F|title:Wannen&#8220; el_class=&#8220;btn-default&#8220;][\/vc_column][vc_column width=&#8220;1\/12&#8243;][\/vc_column][\/vc_row][vc_row el_class=&#8220;row-categorie-tipologia&#8220;][vc_column width=&#8220;1\/12&#8243;][\/vc_column][vc_column width=&#8220;5\/12&#8243; el_class=&#8220;categoria-tipologia&#8220;][vc_single_image image=&#8220;2069&#8243; img_size=&#8220;full&#8220; alignment=&#8220;center&#8220; onclick=&#8220;custom_link&#8220; link=&#8220;https:\/\/relaxsrl.com\/de\/produkte\/typen\/ergaenzungen\/&#8220;][vc_column_text]<\/p>\n<h3 style=\"text-align: center;\"><a href=\"https:\/\/relaxsrl.com\/de\/produkte\/typen\/ergaenzungen\/\">Erg\u00e4nzungen<\/a><\/h3>\n<p style=\"text-align: center;\"><a href=\"https:\/\/relaxsrl.com\/de\/produkte\/typen\/ergaenzungen\/\">Duschk\u00f6pfe, stabilisierende Regale, Duschs\u00e4ulen, Hocker, Pflegesets f\u00fcr Duschabtrennungen und mehr zur Vervollst\u00e4ndigung Ihres Badezimmerdekors.<\/a><\/p>\n<p>[\/vc_column_text][vc_btn title=&#8220;GEHE ZU PRODUKTEN&#8220; style=&#8220;classic&#8220; shape=&#8220;square&#8220; color=&#8220;white&#8220; align=&#8220;center&#8220; link=&#8220;url:https%3A%2F%2Frelaxsrl.com%2Fde%2Fprodukte%2Ftypen%2Fergaenzungen%2F|title:Erg%C3%A4nzungen&#8220; el_class=&#8220;btn-default&#8220;][\/vc_column][vc_column width=&#8220;5\/12&#8243; el_class=&#8220;categoria-tipologia&#8220;][\/vc_column][vc_column width=&#8220;1\/12&#8243;][\/vc_column][\/vc_row][vc_row][vc_column][vc_empty_space height=&#8220;100px&#8220;][\/vc_column][\/vc_row][vc_row full_width=&#8220;stretch_row_content_no_spaces&#8220; equal_height=&#8220;yes&#8220; content_placement=&#8220;middle&#8220; el_class=&#8220;row-over-footer row-cta-over-footer&#8220;][vc_column width=&#8220;1\/2&#8243;][vc_single_image image=&#8220;2319&#8243; img_size=&#8220;full&#8220;][\/vc_column][vc_column width=&#8220;1\/2&#8243; css=&#8220;.vc_custom_1632907163706{background-image: url(http:\/\/relaxsrl.com\/wp-content\/uploads\/2021\/09\/cta-spunti-di-stile-opaco.jpg?id=2320) !important;background-position: center !important;background-repeat: no-repeat !important;background-size: cover !important;}&#8220; el_class=&#8220;row-cta-over-footer-col-text&#8220;][vc_row_inner][vc_column_inner width=&#8220;1\/4&#8243;][\/vc_column_inner][vc_column_inner width=&#8220;1\/2&#8243;][vc_column_text]<\/p>\n<h2 style=\"text-align: center;\">Suchen Sie nach Stilideen?<\/h2>\n<p style=\"text-align: center;\">Sehen Sie sich Beispiele f\u00fcr Badezimmerm\u00f6bel in zeitgem\u00e4\u00df, modern, rustikal und mehr an. Relax l\u00e4sst Ihre W\u00fcnsche wahr werden.<\/p>\n<p>[\/vc_column_text][vc_btn title=&#8220;GEHEN ZU BADEZIMMERAMBIENTE&#8220; style=&#8220;classic&#8220; shape=&#8220;square&#8220; color=&#8220;white&#8220; align=&#8220;center&#8220; el_class=&#8220;btn-default-white&#8220; link=&#8220;url:https%3A%2F%2Frelaxsrl.com%2Fde%2Fprodukte%2Fbadezimmerambiente%2F|title:Badezimmerambiente&#8220;][\/vc_column_inner][vc_column_inner width=&#8220;1\/4&#8243;][\/vc_column_inner][\/vc_row_inner][\/vc_column][\/vc_row]<\/p>\n","protected":false},"excerpt":{"rendered":"<p>[vc_row full_width=&#8220;stretch_row&#8220; content_placement=&#8220;middle&#8220; el_class=&#8220;intro-row&#8220;][vc_column width=&#8220;5\/12&#8243;][vc_column_text] Relax Produkte [\/vc_column_text][\/vc_column][vc_column width=&#8220;7\/12&#8243;][vc_column_text el_class=&#8220;abstract&#8220;]Relax-Produkte bieten ein breites und qualifiziertes Angebot an Duschkabinen, Badewannenaufsatz, Duschwannen, Badewannen und Zubeh\u00f6r, das in der Lage ist, die unterschiedlichsten Bed\u00fcrfnisse zu befriedigen. Wir kreieren jedes einzelne Produkt mit Leidenschaft, nach hohen Qualit\u00e4tsstandards und mit der Sorgfalt des besten Made in Italy.[\/vc_column_text][\/vc_column][\/vc_row][vc_row el_class=&#8220;row-path&#8220;][vc_column][vc_column_text][\/vc_column_text][\/vc_column][\/vc_row][vc_row el_class=&#8220;row-categorie-tipologia&#8220;][vc_column width=&#8220;1\/12&#8243;][\/vc_column][vc_column [&hellip;]<\/p>\n","protected":false},"author":3,"featured_media":2077,"parent":22867,"menu_order":0,"comment_status":"closed","ping_status":"closed","template":"","meta":[],"acf":[],"yoast_head":"<!-- This site is optimized with the Yoast SEO Premium plugin v18.4 (Yoast SEO v18.8) - https:\/\/yoast.com\/wordpress\/plugins\/seo\/ -->\n<title>Relax-Produkte: 100 % Made in Italy<\/title>\n<meta name=\"description\" content=\"Relax-Produkte: ein breites und qualifiziertes Angebot an Duschabtrennungen, Badewannen, Duschwannen, Wannen und Zubeh\u00f6r. Italienische Produktion.\" \/>\n<meta name=\"robots\" content=\"index, follow, max-snippet:-1, max-image-preview:large, max-video-preview:-1\" \/>\n<link rel=\"canonical\" href=\"https:\/\/relaxsrl.com\/de\/produkte\/typen\/\" \/>\n<meta property=\"og:locale\" content=\"de_DE\" \/>\n<meta property=\"og:type\" content=\"article\" \/>\n<meta property=\"og:title\" content=\"Relax-Produkte: 100 % Made in Italy\" \/>\n<meta property=\"og:description\" content=\"Relax-Produkte: ein breites und qualifiziertes Angebot an Duschabtrennungen, Badewannen, Duschwannen, Wannen und Zubeh\u00f6r. Italienische Produktion.\" \/>\n<meta property=\"og:url\" content=\"https:\/\/relaxsrl.com\/de\/produkte\/typen\/\" \/>\n<meta property=\"og:site_name\" content=\"Relax srl\" \/>\n<meta property=\"article:modified_time\" content=\"2022-11-18T10:06:59+00:00\" \/>\n<meta name=\"twitter:card\" content=\"summary_large_image\" \/>\n<meta name=\"twitter:label1\" content=\"Gesch\u00e4tzte Lesezeit\" \/>\n\t<meta name=\"twitter:data1\" content=\"4 Minuten\" \/>\n<script type=\"application\/ld+json\" class=\"yoast-schema-graph\">{\"@context\":\"https:\/\/schema.org\",\"@graph\":[{\"@type\":\"WebSite\",\"@id\":\"https:\/\/relaxsrl.com\/#website\",\"url\":\"https:\/\/relaxsrl.com\/\",\"name\":\"Relax srl\",\"description\":\"\",\"potentialAction\":[{\"@type\":\"SearchAction\",\"target\":{\"@type\":\"EntryPoint\",\"urlTemplate\":\"https:\/\/relaxsrl.com\/?s={search_term_string}\"},\"query-input\":\"required name=search_term_string\"}],\"inLanguage\":\"de-DE\"},{\"@type\":\"ImageObject\",\"inLanguage\":\"de-DE\",\"@id\":\"https:\/\/relaxsrl.com\/de\/produkte\/typen\/#primaryimage\",\"url\":\"https:\/\/relaxsrl.com\/website\/wp-content\/uploads\/2021\/09\/EVOX_SFF_2.jpg\",\"contentUrl\":\"https:\/\/relaxsrl.com\/website\/wp-content\/uploads\/2021\/09\/EVOX_SFF_2.jpg\",\"width\":800,\"height\":555,\"caption\":\"Eckduschabtrennung mit Schiebet\u00fcr und Soft-Close-\u00d6ffnungssystem\"},{\"@type\":\"WebPage\",\"@id\":\"https:\/\/relaxsrl.com\/de\/produkte\/typen\/#webpage\",\"url\":\"https:\/\/relaxsrl.com\/de\/produkte\/typen\/\",\"name\":\"Relax-Produkte: 100 % Made in Italy\",\"isPartOf\":{\"@id\":\"https:\/\/relaxsrl.com\/#website\"},\"primaryImageOfPage\":{\"@id\":\"https:\/\/relaxsrl.com\/de\/produkte\/typen\/#primaryimage\"},\"datePublished\":\"2022-08-12T08:19:49+00:00\",\"dateModified\":\"2022-11-18T10:06:59+00:00\",\"description\":\"Relax-Produkte: ein breites und qualifiziertes Angebot an Duschabtrennungen, Badewannen, Duschwannen, Wannen und Zubeh\u00f6r. Italienische Produktion.\",\"breadcrumb\":{\"@id\":\"https:\/\/relaxsrl.com\/de\/produkte\/typen\/#breadcrumb\"},\"inLanguage\":\"de-DE\",\"potentialAction\":[{\"@type\":\"ReadAction\",\"target\":[\"https:\/\/relaxsrl.com\/de\/produkte\/typen\/\"]}]},{\"@type\":\"BreadcrumbList\",\"@id\":\"https:\/\/relaxsrl.com\/de\/produkte\/typen\/#breadcrumb\",\"itemListElement\":[{\"@type\":\"ListItem\",\"position\":1,\"name\":\"Produkte\",\"item\":\"https:\/\/relaxsrl.com\/de\/produkte\/\"},{\"@type\":\"ListItem\",\"position\":2,\"name\":\"Typen\"}]}]}<\/script>\n<!-- \/ Yoast SEO Premium plugin. -->","yoast_head_json":{"title":"Relax-Produkte: 100 % Made in Italy","description":"Relax-Produkte: ein breites und qualifiziertes Angebot an Duschabtrennungen, Badewannen, Duschwannen, Wannen und Zubeh\u00f6r. Italienische Produktion.","robots":{"index":"index","follow":"follow","max-snippet":"max-snippet:-1","max-image-preview":"max-image-preview:large","max-video-preview":"max-video-preview:-1"},"canonical":"https:\/\/relaxsrl.com\/de\/produkte\/typen\/","og_locale":"de_DE","og_type":"article","og_title":"Relax-Produkte: 100 % Made in Italy","og_description":"Relax-Produkte: ein breites und qualifiziertes Angebot an Duschabtrennungen, Badewannen, Duschwannen, Wannen und Zubeh\u00f6r. Italienische Produktion.","og_url":"https:\/\/relaxsrl.com\/de\/produkte\/typen\/","og_site_name":"Relax srl","article_modified_time":"2022-11-18T10:06:59+00:00","twitter_card":"summary_large_image","twitter_misc":{"Gesch\u00e4tzte Lesezeit":"4 Minuten"},"schema":{"@context":"https:\/\/schema.org","@graph":[{"@type":"WebSite","@id":"https:\/\/relaxsrl.com\/#website","url":"https:\/\/relaxsrl.com\/","name":"Relax srl","description":"","potentialAction":[{"@type":"SearchAction","target":{"@type":"EntryPoint","urlTemplate":"https:\/\/relaxsrl.com\/?s={search_term_string}"},"query-input":"required name=search_term_string"}],"inLanguage":"de-DE"},{"@type":"ImageObject","inLanguage":"de-DE","@id":"https:\/\/relaxsrl.com\/de\/produkte\/typen\/#primaryimage","url":"https:\/\/relaxsrl.com\/website\/wp-content\/uploads\/2021\/09\/EVOX_SFF_2.jpg","contentUrl":"https:\/\/relaxsrl.com\/website\/wp-content\/uploads\/2021\/09\/EVOX_SFF_2.jpg","width":800,"height":555,"caption":"Eckduschabtrennung mit Schiebet\u00fcr und Soft-Close-\u00d6ffnungssystem"},{"@type":"WebPage","@id":"https:\/\/relaxsrl.com\/de\/produkte\/typen\/#webpage","url":"https:\/\/relaxsrl.com\/de\/produkte\/typen\/","name":"Relax-Produkte: 100 % Made in Italy","isPartOf":{"@id":"https:\/\/relaxsrl.com\/#website"},"primaryImageOfPage":{"@id":"https:\/\/relaxsrl.com\/de\/produkte\/typen\/#primaryimage"},"datePublished":"2022-08-12T08:19:49+00:00","dateModified":"2022-11-18T10:06:59+00:00","description":"Relax-Produkte: ein breites und qualifiziertes Angebot an Duschabtrennungen, Badewannen, Duschwannen, Wannen und Zubeh\u00f6r. Italienische Produktion.","breadcrumb":{"@id":"https:\/\/relaxsrl.com\/de\/produkte\/typen\/#breadcrumb"},"inLanguage":"de-DE","potentialAction":[{"@type":"ReadAction","target":["https:\/\/relaxsrl.com\/de\/produkte\/typen\/"]}]},{"@type":"BreadcrumbList","@id":"https:\/\/relaxsrl.com\/de\/produkte\/typen\/#breadcrumb","itemListElement":[{"@type":"ListItem","position":1,"name":"Produkte","item":"https:\/\/relaxsrl.com\/de\/produkte\/"},{"@type":"ListItem","position":2,"name":"Typen"}]}]}},"_links":{"self":[{"href":"https:\/\/relaxsrl.com\/de\/wp-json\/wp\/v2\/pages\/23105"}],"collection":[{"href":"https:\/\/relaxsrl.com\/de\/wp-json\/wp\/v2\/pages"}],"about":[{"href":"https:\/\/relaxsrl.com\/de\/wp-json\/wp\/v2\/types\/page"}],"author":[{"embeddable":true,"href":"https:\/\/relaxsrl.com\/de\/wp-json\/wp\/v2\/users\/3"}],"replies":[{"embeddable":true,"href":"https:\/\/relaxsrl.com\/de\/wp-json\/wp\/v2\/comments?post=23105"}],"version-history":[{"count":8,"href":"https:\/\/relaxsrl.com\/de\/wp-json\/wp\/v2\/pages\/23105\/revisions"}],"predecessor-version":[{"id":24593,"href":"https:\/\/relaxsrl.com\/de\/wp-json\/wp\/v2\/pages\/23105\/revisions\/24593"}],"up":[{"embeddable":true,"href":"https:\/\/relaxsrl.com\/de\/wp-json\/wp\/v2\/pages\/22867"}],"wp:featuredmedia":[{"embeddable":true,"href":"https:\/\/relaxsrl.com\/de\/wp-json\/wp\/v2\/media\/2077"}],"wp:attachment":[{"href":"https:\/\/relaxsrl.com\/de\/wp-json\/wp\/v2\/media?parent=23105"}],"curies":[{"name":"wp","href":"https:\/\/api.w.org\/{rel}","templated":true}]}}