{"id":23058,"date":"2022-08-12T09:42:42","date_gmt":"2022-08-12T07:42:42","guid":{"rendered":"https:\/\/relaxsrl.com\/produkte\/konfigurator\/badewannenaufsatz\/"},"modified":"2022-11-17T15:18:34","modified_gmt":"2022-11-17T14:18:34","slug":"badewannenaufsatz","status":"publish","type":"page","link":"https:\/\/relaxsrl.com\/de\/produkte\/konfigurator\/badewannenaufsatz\/","title":{"rendered":"Badewannenaufsatz"},"content":{"rendered":"<p>[vc_row full_width=&#8220;stretch_row&#8220; content_placement=&#8220;middle&#8220; el_class=&#8220;intro-row intro-row-grey&#8220;][vc_column width=&#8220;5\/12&#8243;][vc_column_text]<\/p>\n<h1>Duschkabine Konfigurator<\/h1>\n<p>[\/vc_column_text][\/vc_column][vc_column width=&#8220;7\/12&#8243;][vc_column_text el_class=&#8220;abstract&#8220;]Befolgen Sie die Anweisungen, die Sie erhalten, um die richtigen Relax-Duschabtrennungen f\u00fcr Ihre Bed\u00fcrfnisse zu finden. In wenigen einfachen Schritten finden Sie die perfekte L\u00f6sung f\u00fcr Sie.[\/vc_column_text][\/vc_column][\/vc_row][vc_row el_class=&#8220;row-path&#8220;][vc_column][vc_column_text][\/vc_column_text][\/vc_column][\/vc_row][vc_row][vc_column][vc_column_text]<\/p>\n<h3 style=\"text-align: center;\">2. W\u00e4hlen Sie die \u00d6ffnungsart Ihrer Duschkabine<\/h3>\n<p>[\/vc_column_text][vc_empty_space height=&#8220;50px&#8220;][vc_column_text el_class=&#8220;selezionatore-back&#8220;]<a href=\"https:\/\/relaxsrl.com\/de\/produkte\/konfigurator\/\">&lt; zur\u00fcck<\/a>[\/vc_column_text][vc_empty_space height=&#8220;20px&#8220;][\/vc_column][\/vc_row][vc_row][vc_column width=&#8220;1\/3&#8243; el_class=&#8220;selezionatore-col selezionatore-item&#8220;][vc_single_image image=&#8220;7951&#8243; img_size=&#8220;full&#8220; onclick=&#8220;custom_link&#8220; link=&#8220;https:\/\/relaxsrl.com\/de\/produkte\/konfigurator\/badewannenaufsatz\/schiebetuer\/&#8220; el_class=&#8220;selezionatore-item-img-hover&#8220;][vc_single_image image=&#8220;7819&#8243; img_size=&#8220;full&#8220; onclick=&#8220;custom_link&#8220; link=&#8220;https:\/\/relaxsrl.com\/de\/produkte\/konfigurator\/badewannenaufsatz\/schiebetuer\/&#8220;][vc_row_inner equal_height=&#8220;yes&#8220; content_placement=&#8220;middle&#8220;][vc_column_inner width=&#8220;3\/4&#8243;][vc_column_text]<\/p>\n<h3><a href=\"https:\/\/relaxsrl.com\/de\/produkte\/konfigurator\/badewannenaufsatz\/schiebetuer\/\">Schiebet\u00fcr<\/a><\/h3>\n<p>[\/vc_column_text][\/vc_column_inner][vc_column_inner width=&#8220;1\/4&#8243;][vc_single_image image=&#8220;3937&#8243; img_size=&#8220;full&#8220; alignment=&#8220;right&#8220; el_class=&#8220;selezionatore-information-icon&#8220;][vc_single_image image=&#8220;3939&#8243; img_size=&#8220;full&#8220; el_class=&#8220;information-arrow&#8220;][vc_column_text el_class=&#8220;information&#8220;]Schiebet\u00fcren bestehen aus einem oder mehreren festen Fl\u00fcgeln und einem oder mehreren Schiebefl\u00fcgeln auf einer Schiene. Sie k\u00f6nnen an Nischen-, Eck-, 3- und 4-seitigen Duschabtrennungen montiert werden.[\/vc_column_text][\/vc_column_inner][\/vc_row_inner][\/vc_column][vc_column width=&#8220;1\/3&#8243; el_class=&#8220;selezionatore-col selezionatore-item&#8220;][vc_single_image image=&#8220;7939&#8243; img_size=&#8220;full&#8220; onclick=&#8220;custom_link&#8220; link=&#8220;https:\/\/relaxsrl.com\/de\/produkte\/konfigurator\/badewannenaufsatz\/fluegeltuere\/&#8220; el_class=&#8220;selezionatore-item-img-hover&#8220;][vc_single_image image=&#8220;7807&#8243; img_size=&#8220;full&#8220; onclick=&#8220;custom_link&#8220; link=&#8220;https:\/\/relaxsrl.com\/de\/produkte\/konfigurator\/badewannenaufsatz\/fluegeltuere\/&#8220;][vc_row_inner equal_height=&#8220;yes&#8220; content_placement=&#8220;middle&#8220;][vc_column_inner width=&#8220;3\/4&#8243;][vc_column_text]<\/p>\n<h3><a href=\"https:\/\/relaxsrl.com\/de\/produkte\/konfigurator\/badewannenaufsatz\/fluegeltuere\/\">Fl\u00fcgelt\u00fcre<\/a><\/h3>\n<p>[\/vc_column_text][\/vc_column_inner][vc_column_inner width=&#8220;1\/4&#8243;][vc_single_image image=&#8220;3937&#8243; img_size=&#8220;full&#8220; alignment=&#8220;right&#8220; el_class=&#8220;selezionatore-information-icon&#8220;][vc_single_image image=&#8220;3939&#8243; img_size=&#8220;full&#8220; el_class=&#8220;information-arrow&#8220;][vc_column_text el_class=&#8220;information&#8220;]Fl\u00fcgelt\u00fcren sind weit verbreitet. Sie haben die T\u00fcr, die auf der Duschwanne, auf dem Sturz oder auf einer anderen Wand der Duschabtrennung aufliegt. Ideal f\u00fcr Menschen mit eingeschr\u00e4nkter Mobilit\u00e4t.[\/vc_column_text][\/vc_column_inner][\/vc_row_inner][\/vc_column][vc_column width=&#8220;1\/3&#8243; el_class=&#8220;selezionatore-col selezionatore-item&#8220;][vc_single_image image=&#8220;7955&#8243; img_size=&#8220;full&#8220; onclick=&#8220;custom_link&#8220; link=&#8220;https:\/\/relaxsrl.com\/de\/produkte\/konfigurator\/badewannenaufsatz\/falttuere\/&#8220; el_class=&#8220;selezionatore-item-img-hover&#8220;][vc_single_image image=&#8220;7823&#8243; img_size=&#8220;full&#8220; onclick=&#8220;custom_link&#8220; link=&#8220;https:\/\/relaxsrl.com\/de\/produkte\/konfigurator\/badewannenaufsatz\/falttuere\/&#8220;][vc_row_inner equal_height=&#8220;yes&#8220; content_placement=&#8220;middle&#8220;][vc_column_inner width=&#8220;3\/4&#8243;][vc_column_text]<\/p>\n<h3><a href=\"https:\/\/relaxsrl.com\/de\/produkte\/konfigurator\/badewannenaufsatz\/falttuere\/\">Faltt\u00fcre<\/a><\/h3>\n<p>[\/vc_column_text][\/vc_column_inner][vc_column_inner width=&#8220;1\/4&#8243;][vc_single_image image=&#8220;3937&#8243; img_size=&#8220;full&#8220; alignment=&#8220;right&#8220; el_class=&#8220;selezionatore-information-icon&#8220;][vc_single_image image=&#8220;3939&#8243; img_size=&#8220;full&#8220; el_class=&#8220;information-arrow&#8220;][vc_column_text el_class=&#8220;information&#8220;]Die Faltt\u00fcren (oder faltbar, faltbar, akkordeonartig, einziehbar) haben Scharniere oder Gelenkprofile, um sich in Verl\u00e4ngerung zu \u00f6ffnen oder die Paneele zusammenzufalten. Weit verbreitet in kleinen Badezimmern.[\/vc_column_text][\/vc_column_inner][\/vc_row_inner][\/vc_column][\/vc_row][vc_row][vc_column width=&#8220;1\/3&#8243; el_class=&#8220;selezionatore-col selezionatore-item&#8220;][vc_single_image image=&#8220;7959&#8243; img_size=&#8220;full&#8220; onclick=&#8220;custom_link&#8220; link=&#8220;https:\/\/relaxsrl.com\/de\/produkte\/konfigurator\/badewannenaufsatz\/walk-in\/&#8220; el_class=&#8220;selezionatore-item-img-hover&#8220;][vc_single_image image=&#8220;8715&#8243; img_size=&#8220;full&#8220; onclick=&#8220;custom_link&#8220; link=&#8220;https:\/\/relaxsrl.com\/de\/produkte\/konfigurator\/badewannenaufsatz\/walk-in\/&#8220;][vc_row_inner equal_height=&#8220;yes&#8220; content_placement=&#8220;middle&#8220;][vc_column_inner width=&#8220;3\/4&#8243;][vc_column_text]<\/p>\n<h3><a href=\"https:\/\/relaxsrl.com\/de\/produkte\/konfigurator\/badewannenaufsatz\/walk-in\/\">Walk-in<\/a><\/h3>\n<p>[\/vc_column_text][\/vc_column_inner][vc_column_inner width=&#8220;1\/4&#8243;][vc_single_image image=&#8220;3937&#8243; img_size=&#8220;full&#8220; alignment=&#8220;right&#8220; el_class=&#8220;selezionatore-information-icon&#8220;][vc_single_image image=&#8220;3939&#8243; img_size=&#8220;full&#8220; el_class=&#8220;information-arrow&#8220;][vc_column_text el_class=&#8220;information&#8220;]Die Walk-in-Duschkabine, auch Glaskabine oder offene Duschkabine genannt, ist minimal und essentiell und zeichnet sich durch einen sofortigen Zugang aus, da sie keine T\u00fcr hat.[\/vc_column_text][\/vc_column_inner][\/vc_row_inner][\/vc_column][\/vc_row][vc_row][vc_column][vc_empty_space height=&#8220;100px&#8220;][\/vc_column][\/vc_row]<\/p>\n","protected":false},"excerpt":{"rendered":"<p>[vc_row full_width=&#8220;stretch_row&#8220; content_placement=&#8220;middle&#8220; el_class=&#8220;intro-row intro-row-grey&#8220;][vc_column width=&#8220;5\/12&#8243;][vc_column_text] Duschkabine Konfigurator [\/vc_column_text][\/vc_column][vc_column width=&#8220;7\/12&#8243;][vc_column_text el_class=&#8220;abstract&#8220;]Befolgen Sie die Anweisungen, die Sie erhalten, um die richtigen Relax-Duschabtrennungen f\u00fcr Ihre Bed\u00fcrfnisse zu finden. In wenigen einfachen Schritten finden Sie die perfekte L\u00f6sung f\u00fcr Sie.[\/vc_column_text][\/vc_column][\/vc_row][vc_row el_class=&#8220;row-path&#8220;][vc_column][vc_column_text][\/vc_column_text][\/vc_column][\/vc_row][vc_row][vc_column][vc_column_text] 2. W\u00e4hlen Sie die \u00d6ffnungsart Ihrer Duschkabine [\/vc_column_text][vc_empty_space height=&#8220;50px&#8220;][vc_column_text el_class=&#8220;selezionatore-back&#8220;]&lt; zur\u00fcck[\/vc_column_text][vc_empty_space height=&#8220;20px&#8220;][\/vc_column][\/vc_row][vc_row][vc_column width=&#8220;1\/3&#8243; el_class=&#8220;selezionatore-col selezionatore-item&#8220;][vc_single_image image=&#8220;7951&#8243; img_size=&#8220;full&#8220; [&hellip;]<\/p>\n","protected":false},"author":3,"featured_media":10278,"parent":22944,"menu_order":0,"comment_status":"closed","ping_status":"closed","template":"","meta":[],"acf":[],"yoast_head":"<!-- This site is optimized with the Yoast SEO Premium plugin v18.4 (Yoast SEO v18.8) - https:\/\/yoast.com\/wordpress\/plugins\/seo\/ -->\n<title>Badewannenaufsatz - Relax srl<\/title>\n<meta name=\"robots\" content=\"index, follow, max-snippet:-1, max-image-preview:large, max-video-preview:-1\" \/>\n<link rel=\"canonical\" href=\"https:\/\/relaxsrl.com\/de\/produkte\/konfigurator\/badewannenaufsatz\/\" \/>\n<meta property=\"og:locale\" content=\"de_DE\" \/>\n<meta property=\"og:type\" content=\"article\" \/>\n<meta property=\"og:title\" content=\"Badewannenaufsatz - Relax srl\" \/>\n<meta property=\"og:description\" content=\"[vc_row full_width=&#8220;stretch_row&#8220; content_placement=&#8220;middle&#8220; el_class=&#8220;intro-row intro-row-grey&#8220;][vc_column width=&#8220;5\/12&#8243;][vc_column_text] Duschkabine Konfigurator [\/vc_column_text][\/vc_column][vc_column width=&#8220;7\/12&#8243;][vc_column_text el_class=&#8220;abstract&#8220;]Befolgen Sie die Anweisungen, die Sie erhalten, um die richtigen Relax-Duschabtrennungen f\u00fcr Ihre Bed\u00fcrfnisse zu finden. In wenigen einfachen Schritten finden Sie die perfekte L\u00f6sung f\u00fcr Sie.[\/vc_column_text][\/vc_column][\/vc_row][vc_row el_class=&#8220;row-path&#8220;][vc_column][vc_column_text][\/vc_column_text][\/vc_column][\/vc_row][vc_row][vc_column][vc_column_text] 2. W\u00e4hlen Sie die \u00d6ffnungsart Ihrer Duschkabine [\/vc_column_text][vc_empty_space height=&#8220;50px&#8220;][vc_column_text el_class=&#8220;selezionatore-back&#8220;]&lt; zur\u00fcck[\/vc_column_text][vc_empty_space height=&#8220;20px&#8220;][\/vc_column][\/vc_row][vc_row][vc_column width=&#8220;1\/3&#8243; el_class=&#8220;selezionatore-col selezionatore-item&#8220;][vc_single_image image=&#8220;7951&#8243; img_size=&#8220;full&#8220; [&hellip;]\" \/>\n<meta property=\"og:url\" content=\"https:\/\/relaxsrl.com\/de\/produkte\/konfigurator\/badewannenaufsatz\/\" \/>\n<meta property=\"og:site_name\" content=\"Relax srl\" \/>\n<meta property=\"article:modified_time\" content=\"2022-11-17T14:18:34+00:00\" \/>\n<meta name=\"twitter:card\" content=\"summary_large_image\" \/>\n<meta name=\"twitter:label1\" content=\"Gesch\u00e4tzte Lesezeit\" \/>\n\t<meta name=\"twitter:data1\" content=\"4 Minuten\" \/>\n<script type=\"application\/ld+json\" class=\"yoast-schema-graph\">{\"@context\":\"https:\/\/schema.org\",\"@graph\":[{\"@type\":\"WebSite\",\"@id\":\"https:\/\/relaxsrl.com\/#website\",\"url\":\"https:\/\/relaxsrl.com\/\",\"name\":\"Relax srl\",\"description\":\"\",\"potentialAction\":[{\"@type\":\"SearchAction\",\"target\":{\"@type\":\"EntryPoint\",\"urlTemplate\":\"https:\/\/relaxsrl.com\/?s={search_term_string}\"},\"query-input\":\"required name=search_term_string\"}],\"inLanguage\":\"de-DE\"},{\"@type\":\"ImageObject\",\"inLanguage\":\"de-DE\",\"@id\":\"https:\/\/relaxsrl.com\/de\/produkte\/konfigurator\/badewannenaufsatz\/#primaryimage\",\"url\":\"https:\/\/relaxsrl.com\/website\/wp-content\/uploads\/2021\/11\/TIPOLOGIA_BOX_SOPRAVASCA.jpg\",\"contentUrl\":\"https:\/\/relaxsrl.com\/website\/wp-content\/uploads\/2021\/11\/TIPOLOGIA_BOX_SOPRAVASCA.jpg\",\"width\":800,\"height\":600,\"caption\":\"Space Duschkabinen Konfigurator\"},{\"@type\":\"WebPage\",\"@id\":\"https:\/\/relaxsrl.com\/de\/produkte\/konfigurator\/badewannenaufsatz\/#webpage\",\"url\":\"https:\/\/relaxsrl.com\/de\/produkte\/konfigurator\/badewannenaufsatz\/\",\"name\":\"Badewannenaufsatz - Relax srl\",\"isPartOf\":{\"@id\":\"https:\/\/relaxsrl.com\/#website\"},\"primaryImageOfPage\":{\"@id\":\"https:\/\/relaxsrl.com\/de\/produkte\/konfigurator\/badewannenaufsatz\/#primaryimage\"},\"datePublished\":\"2022-08-12T07:42:42+00:00\",\"dateModified\":\"2022-11-17T14:18:34+00:00\",\"breadcrumb\":{\"@id\":\"https:\/\/relaxsrl.com\/de\/produkte\/konfigurator\/badewannenaufsatz\/#breadcrumb\"},\"inLanguage\":\"de-DE\",\"potentialAction\":[{\"@type\":\"ReadAction\",\"target\":[\"https:\/\/relaxsrl.com\/de\/produkte\/konfigurator\/badewannenaufsatz\/\"]}]},{\"@type\":\"BreadcrumbList\",\"@id\":\"https:\/\/relaxsrl.com\/de\/produkte\/konfigurator\/badewannenaufsatz\/#breadcrumb\",\"itemListElement\":[{\"@type\":\"ListItem\",\"position\":1,\"name\":\"Produkte\",\"item\":\"https:\/\/relaxsrl.com\/de\/produkte\/\"},{\"@type\":\"ListItem\",\"position\":2,\"name\":\"Konfigurator\",\"item\":\"https:\/\/relaxsrl.com\/de\/produkte\/konfigurator\/\"},{\"@type\":\"ListItem\",\"position\":3,\"name\":\"Badewannenaufsatz\"}]}]}<\/script>\n<!-- \/ Yoast SEO Premium plugin. -->","yoast_head_json":{"title":"Badewannenaufsatz - Relax srl","robots":{"index":"index","follow":"follow","max-snippet":"max-snippet:-1","max-image-preview":"max-image-preview:large","max-video-preview":"max-video-preview:-1"},"canonical":"https:\/\/relaxsrl.com\/de\/produkte\/konfigurator\/badewannenaufsatz\/","og_locale":"de_DE","og_type":"article","og_title":"Badewannenaufsatz - Relax srl","og_description":"[vc_row full_width=&#8220;stretch_row&#8220; content_placement=&#8220;middle&#8220; el_class=&#8220;intro-row intro-row-grey&#8220;][vc_column width=&#8220;5\/12&#8243;][vc_column_text] Duschkabine Konfigurator [\/vc_column_text][\/vc_column][vc_column width=&#8220;7\/12&#8243;][vc_column_text el_class=&#8220;abstract&#8220;]Befolgen Sie die Anweisungen, die Sie erhalten, um die richtigen Relax-Duschabtrennungen f\u00fcr Ihre Bed\u00fcrfnisse zu finden. In wenigen einfachen Schritten finden Sie die perfekte L\u00f6sung f\u00fcr Sie.[\/vc_column_text][\/vc_column][\/vc_row][vc_row el_class=&#8220;row-path&#8220;][vc_column][vc_column_text][\/vc_column_text][\/vc_column][\/vc_row][vc_row][vc_column][vc_column_text] 2. W\u00e4hlen Sie die \u00d6ffnungsart Ihrer Duschkabine [\/vc_column_text][vc_empty_space height=&#8220;50px&#8220;][vc_column_text el_class=&#8220;selezionatore-back&#8220;]&lt; zur\u00fcck[\/vc_column_text][vc_empty_space height=&#8220;20px&#8220;][\/vc_column][\/vc_row][vc_row][vc_column width=&#8220;1\/3&#8243; el_class=&#8220;selezionatore-col selezionatore-item&#8220;][vc_single_image image=&#8220;7951&#8243; img_size=&#8220;full&#8220; [&hellip;]","og_url":"https:\/\/relaxsrl.com\/de\/produkte\/konfigurator\/badewannenaufsatz\/","og_site_name":"Relax srl","article_modified_time":"2022-11-17T14:18:34+00:00","twitter_card":"summary_large_image","twitter_misc":{"Gesch\u00e4tzte Lesezeit":"4 Minuten"},"schema":{"@context":"https:\/\/schema.org","@graph":[{"@type":"WebSite","@id":"https:\/\/relaxsrl.com\/#website","url":"https:\/\/relaxsrl.com\/","name":"Relax srl","description":"","potentialAction":[{"@type":"SearchAction","target":{"@type":"EntryPoint","urlTemplate":"https:\/\/relaxsrl.com\/?s={search_term_string}"},"query-input":"required name=search_term_string"}],"inLanguage":"de-DE"},{"@type":"ImageObject","inLanguage":"de-DE","@id":"https:\/\/relaxsrl.com\/de\/produkte\/konfigurator\/badewannenaufsatz\/#primaryimage","url":"https:\/\/relaxsrl.com\/website\/wp-content\/uploads\/2021\/11\/TIPOLOGIA_BOX_SOPRAVASCA.jpg","contentUrl":"https:\/\/relaxsrl.com\/website\/wp-content\/uploads\/2021\/11\/TIPOLOGIA_BOX_SOPRAVASCA.jpg","width":800,"height":600,"caption":"Space Duschkabinen Konfigurator"},{"@type":"WebPage","@id":"https:\/\/relaxsrl.com\/de\/produkte\/konfigurator\/badewannenaufsatz\/#webpage","url":"https:\/\/relaxsrl.com\/de\/produkte\/konfigurator\/badewannenaufsatz\/","name":"Badewannenaufsatz - Relax srl","isPartOf":{"@id":"https:\/\/relaxsrl.com\/#website"},"primaryImageOfPage":{"@id":"https:\/\/relaxsrl.com\/de\/produkte\/konfigurator\/badewannenaufsatz\/#primaryimage"},"datePublished":"2022-08-12T07:42:42+00:00","dateModified":"2022-11-17T14:18:34+00:00","breadcrumb":{"@id":"https:\/\/relaxsrl.com\/de\/produkte\/konfigurator\/badewannenaufsatz\/#breadcrumb"},"inLanguage":"de-DE","potentialAction":[{"@type":"ReadAction","target":["https:\/\/relaxsrl.com\/de\/produkte\/konfigurator\/badewannenaufsatz\/"]}]},{"@type":"BreadcrumbList","@id":"https:\/\/relaxsrl.com\/de\/produkte\/konfigurator\/badewannenaufsatz\/#breadcrumb","itemListElement":[{"@type":"ListItem","position":1,"name":"Produkte","item":"https:\/\/relaxsrl.com\/de\/produkte\/"},{"@type":"ListItem","position":2,"name":"Konfigurator","item":"https:\/\/relaxsrl.com\/de\/produkte\/konfigurator\/"},{"@type":"ListItem","position":3,"name":"Badewannenaufsatz"}]}]}},"_links":{"self":[{"href":"https:\/\/relaxsrl.com\/de\/wp-json\/wp\/v2\/pages\/23058"}],"collection":[{"href":"https:\/\/relaxsrl.com\/de\/wp-json\/wp\/v2\/pages"}],"about":[{"href":"https:\/\/relaxsrl.com\/de\/wp-json\/wp\/v2\/types\/page"}],"author":[{"embeddable":true,"href":"https:\/\/relaxsrl.com\/de\/wp-json\/wp\/v2\/users\/3"}],"replies":[{"embeddable":true,"href":"https:\/\/relaxsrl.com\/de\/wp-json\/wp\/v2\/comments?post=23058"}],"version-history":[{"count":5,"href":"https:\/\/relaxsrl.com\/de\/wp-json\/wp\/v2\/pages\/23058\/revisions"}],"predecessor-version":[{"id":24552,"href":"https:\/\/relaxsrl.com\/de\/wp-json\/wp\/v2\/pages\/23058\/revisions\/24552"}],"up":[{"embeddable":true,"href":"https:\/\/relaxsrl.com\/de\/wp-json\/wp\/v2\/pages\/22944"}],"wp:featuredmedia":[{"embeddable":true,"href":"https:\/\/relaxsrl.com\/de\/wp-json\/wp\/v2\/media\/10278"}],"wp:attachment":[{"href":"https:\/\/relaxsrl.com\/de\/wp-json\/wp\/v2\/media?parent=23058"}],"curies":[{"name":"wp","href":"https:\/\/api.w.org\/{rel}","templated":true}]}}