{"id":22976,"date":"2022-08-11T17:26:46","date_gmt":"2022-08-11T15:26:46","guid":{"rendered":"https:\/\/relaxsrl.com\/produkte\/kollektionen\/smart\/"},"modified":"2022-12-16T16:08:02","modified_gmt":"2022-12-16T15:08:02","slug":"smart","status":"publish","type":"page","link":"https:\/\/relaxsrl.com\/de\/produkte\/kollektionen-2\/smart\/","title":{"rendered":"Smart"},"content":{"rendered":"<p>[vc_row full_width=&#8220;stretch_row&#8220; equal_height=&#8220;yes&#8220; el_class=&#8220;row-header-collezione-prodotti&#8220; css=&#8220;.vc_custom_1632995266519{background-image: url(http:\/\/relaxsrl.com\/wp-content\/uploads\/2021\/09\/collezione-smart.jpg?id=2738) !important;}&#8220;][vc_column width=&#8220;1\/2&#8243; el_class=&#8220;col-sx-header-collezione-prodotti&#8220;][vc_column_text el_class=&#8220;header-collezione-prodotti-txt&#8220;]<\/p>\n<h1>Smart, die einfache Duschkabine<\/h1>\n<p>Einfache und minimalistische Duschkabinen, die sich durch ihre Vielseitigkeit und Funktionalit\u00e4t im Dienste des Komforts auszeichnen. Neben der \u00c4sthetik finden sie ihre St\u00e4rken in Schnelligkeit und einfacher Installation.[\/vc_column_text][\/vc_column][vc_column width=&#8220;1\/2&#8243; el_class=&#8220;col-dx-header-collezione-prodotti&#8220;][vc_single_image image=&#8220;2155&#8243; img_size=&#8220;full&#8220; alignment=&#8220;center&#8220; el_class=&#8220;row-header-prodotto-img&#8220;][\/vc_column][\/vc_row][vc_row el_class=&#8220;row-path&#8220;][vc_column][vc_column_text][\/vc_column_text][\/vc_column][\/vc_row][vc_row][vc_column]<div class=\"woocommerce columns-4 \"><ul class=\"products columns-4\">\n<li class=\"product type-product post-21093 status-publish first instock product_cat-3-lati-de product_cat-3-lati-en product_cat-3-lati-fr product_cat-3- product_cat-angolare-de-2 product_cat-angolare-de product_cat-angolare-en product_cat-angulaire product_cat-guide-de-selection-angulaire product_cat-selection-guide-angular product_cat-box-doccia-en product_cat-box-doccia-de product_cat-cabine-de-douche product_cat-collections-en product_cat-collections product_cat-angulaire-coulissante product_cat-selection-guide-en product_cat-guida-alla-scelta-de product_cat-guide-de-selection product_cat-collezioni-de product_cat-scorrevole product_cat-scorrevole-de-2 product_cat-scorrevole-de product_cat-scorrevole-fr product_cat-angular-sliding product_cat-smart-ru product_cat-smart-en product_cat-smart-fr product_cat-smart-de product_cat-tipologia-prodotto-de product_cat-tipologia-prodotto-en product_cat-type-de-produit product_cat-1618 product_cat-1568 product_cat-3--- product_cat-1632 product_cat-1594 product_cat-1617 product_cat-1596 product_cat-1626 has-post-thumbnail shipping-taxable product-type-simple\">\n\t<div class=\"woocommerce-loop-product__short_description\" itemprop=\"description\"><a href=\"https:\/\/relaxsrl.com\/de\/produkt\/smart-a-smart-a\/\" class=\"woocommerce-LoopProduct-link woocommerce-loop-product__link\"><p>Duschabtrennung mit doppelter Schiebet\u00fcr und Schnellverschlusssystem der T\u00fcr.<\/p>\n<\/a><\/div><\/li>\n<li class=\"product type-product post-21094 status-publish instock product_cat-3-lati-de product_cat-3-lati-en product_cat-3-lati-fr product_cat-3- product_cat-box-doccia-en product_cat-box-doccia-de product_cat-cabine-de-douche product_cat-collections-en product_cat-collections product_cat-niche-coulissante product_cat-nicchia-de product_cat-niche product_cat-niche-fr product_cat-collezioni-de product_cat-scorrevole-de-2 product_cat-scorrevole product_cat-scorrevole-de-5 product_cat-scorrevole-fr product_cat-niche-sliding product_cat-smart-de product_cat-smart-ru product_cat-smart-en product_cat-smart-fr product_cat-tipologia-prodotto-de product_cat-tipologia-prodotto-en product_cat-type-de-produit product_cat-1618 product_cat-1568 product_cat-1637 product_cat-3--- product_cat-1639 product_cat-1617 has-post-thumbnail shipping-taxable product-type-simple\">\n\t<div class=\"woocommerce-loop-product__short_description\" itemprop=\"description\"><a href=\"https:\/\/relaxsrl.com\/de\/produkt\/smart-sc1\/\" class=\"woocommerce-LoopProduct-link woocommerce-loop-product__link\"><p>Duschabtrennung in Nische mit Schiebet\u00fcr.<\/p>\n<\/a><\/div><\/li>\n<li class=\"product type-product post-21095 status-publish instock product_cat-3-lati-en product_cat-3-lati-fr product_cat-3-lati-de product_cat-3- product_cat-angolare-de product_cat-angolare-en product_cat-angulaire product_cat-box-doccia-en product_cat-box-doccia-de product_cat-cabine-de-douche product_cat-collections-en product_cat-collections product_cat-angulaire-coulissante product_cat-collezioni-de product_cat-scorrevole-de product_cat-scorrevole-de-2 product_cat-scorrevole product_cat-scorrevole-fr product_cat-angular-sliding product_cat-smart-de product_cat-smart-ru product_cat-smart-en product_cat-smart-fr product_cat-tipologia-prodotto-de product_cat-tipologia-prodotto-en product_cat-type-de-produit product_cat-1618 product_cat-1568 product_cat-3--- product_cat-1632 product_cat-1617 product_cat-1626 has-post-thumbnail shipping-taxable product-type-simple\">\n\t<div class=\"woocommerce-loop-product__short_description\" itemprop=\"description\"><a href=\"https:\/\/relaxsrl.com\/de\/produkt\/smart-sc1-smart-f\/\" class=\"woocommerce-LoopProduct-link woocommerce-loop-product__link\"><p>Eckduschabtrennung mit Schiebet\u00fcr und fester Seite.<\/p>\n<\/a><\/div><\/li>\n<li class=\"product type-product post-21092 status-publish last instock product_cat-3-lati-de product_cat-3-lati-en product_cat-3-lati-fr product_cat-3- product_cat-box-doccia-en product_cat-box-doccia-de product_cat-cabine-de-douche product_cat-collections-en product_cat-collections product_cat-niche-coulissante product_cat-nicchia-de product_cat-niche product_cat-niche-fr product_cat-collezioni-de product_cat-scorrevole-de-2 product_cat-scorrevole product_cat-scorrevole-de-5 product_cat-scorrevole-fr product_cat-niche-sliding product_cat-smart-de product_cat-smart-ru product_cat-smart-en product_cat-smart-fr product_cat-tipologia-prodotto-de product_cat-tipologia-prodotto-en product_cat-type-de-produit product_cat-1618 product_cat-1568 product_cat-1637 product_cat-3--- product_cat-1639 product_cat-1617 has-post-thumbnail shipping-taxable product-type-simple\">\n\t<div class=\"woocommerce-loop-product__short_description\" itemprop=\"description\"><a href=\"https:\/\/relaxsrl.com\/de\/produkt\/smart-sc2\/\" class=\"woocommerce-LoopProduct-link woocommerce-loop-product__link\"><p>Duschabtrennung in Nische mit Doppelschiebet\u00fcr.<\/p>\n<\/a><\/div><\/li>\n<li class=\"product type-product post-21091 status-publish first instock product_cat-3-lati-en product_cat-3-lati-fr product_cat-3-lati-de product_cat-3- product_cat-angolare-de product_cat-angolare-en product_cat-angulaire product_cat-box-doccia-en product_cat-box-doccia-de product_cat-cabine-de-douche product_cat-collections-en product_cat-collections product_cat-angulaire-coulissante product_cat-collezioni-de product_cat-scorrevole-de product_cat-scorrevole-de-2 product_cat-scorrevole product_cat-scorrevole-fr product_cat-angular-sliding product_cat-smart-de product_cat-smart-ru product_cat-smart-en product_cat-smart-fr product_cat-tipologia-prodotto-de product_cat-tipologia-prodotto-en product_cat-type-de-produit product_cat-1618 product_cat-1568 product_cat-3--- product_cat-1632 product_cat-1617 product_cat-1626 has-post-thumbnail shipping-taxable product-type-simple\">\n\t<div class=\"woocommerce-loop-product__short_description\" itemprop=\"description\"><a href=\"https:\/\/relaxsrl.com\/de\/produkt\/smart-sc2-smart-f\/\" class=\"woocommerce-LoopProduct-link woocommerce-loop-product__link\"><p>Eckduschabtrennung mit doppelter Schiebet\u00fcr und fester Seite.<\/p>\n<\/a><\/div><\/li>\n<li class=\"product type-product post-21090 status-publish instock product_cat-3-lati-fr product_cat-3-lati-de product_cat-3- product_cat-niche-battante product_cat-battente-de product_cat-battente-fr product_cat-battente-de-3 product_cat-box-doccia-de product_cat-cabine-de-douche product_cat-collections product_cat-nicchia-de product_cat-niche-fr product_cat-collezioni-de product_cat-smart-fr product_cat-smart-de product_cat-smart-ru product_cat-tipologia-prodotto-de product_cat-type-de-produit product_cat-1618 product_cat-1568 product_cat-1638 product_cat-3-- product_cat-1637 product_cat-1617 has-post-thumbnail shipping-taxable product-type-simple\">\n\t<div class=\"woocommerce-loop-product__short_description\" itemprop=\"description\"><a href=\"https:\/\/relaxsrl.com\/de\/produkt\/smart-b1\/\" class=\"woocommerce-LoopProduct-link woocommerce-loop-product__link\"><p>Duschabtrennung in Nische mit Fl\u00fcgelt\u00fcr.<\/p>\n<\/a><\/div><\/li>\n<li class=\"product type-product post-21089 status-publish instock product_cat-3-lati-de product_cat-3-lati-fr product_cat-3- product_cat-angolare-de product_cat-angulaire product_cat-angulaire-battante product_cat-battente-de-2 product_cat-battente-fr product_cat-battente-de-3 product_cat-box-doccia-de product_cat-cabine-de-douche product_cat-collections product_cat-collezioni-de product_cat-smart-fr product_cat-smart-de product_cat-smart-ru product_cat-tipologia-prodotto-de product_cat-type-de-produit product_cat-1618 product_cat-1568 product_cat-1627 product_cat-3-- product_cat-1617 product_cat-1626 has-post-thumbnail shipping-taxable product-type-simple\">\n\t<div class=\"woocommerce-loop-product__short_description\" itemprop=\"description\"><a href=\"https:\/\/relaxsrl.com\/de\/produkt\/smart-b1-smart-f\/\" class=\"woocommerce-LoopProduct-link woocommerce-loop-product__link\"><p>Eckduschabtrennung mit Fl\u00fcgelt\u00fcr.<\/p>\n<\/a><\/div><\/li>\n<li class=\"product type-product post-21088 status-publish last instock product_cat-3-lati-de product_cat-3-lati-fr product_cat-3- product_cat-box-doccia-de product_cat-cabine-de-douche product_cat-collections product_cat-guida-alla-scelta-de product_cat-guide-de-selection product_cat-nicchia-de product_cat-niche-fr product_cat-saloon-de-2 product_cat-saloon-de-3 product_cat-niche-saloon-fr product_cat-saloon-de-4 product_cat-guide-de-selection-saloon product_cat-saloon product_cat-collezioni-de product_cat-smart-fr product_cat-smart-ru product_cat-smart-de product_cat-tipologia-prodotto-de product_cat-type-de-produit product_cat-1618 product_cat-1568 product_cat-1637 product_cat-1594 product_cat-3--- product_cat-1630 product_cat-1612 product_cat-1617 has-post-thumbnail shipping-taxable product-type-simple\">\n\t<div class=\"woocommerce-loop-product__short_description\" itemprop=\"description\"><a href=\"https:\/\/relaxsrl.com\/de\/produkt\/smart-b2\/\" class=\"woocommerce-LoopProduct-link woocommerce-loop-product__link\"><p>Duschabtrennung in Nische mit Salont\u00fcr und mit T\u00fcrhebesystem.<\/p>\n<\/a><\/div><\/li>\n<li class=\"product type-product post-21087 status-publish first instock product_cat-3-lati-en product_cat-3-lati-de product_cat-3-lati-fr product_cat-3- product_cat-angolare-en product_cat-angolare-de product_cat-angulaire product_cat-box-doccia-de product_cat-box-doccia-en product_cat-cabine-de-douche product_cat-collections-en product_cat-collections product_cat-saloon-de product_cat-saloon product_cat-saloon-de-3 product_cat-angular-saloon product_cat-angulaire-saloon product_cat-collezioni-de product_cat-smart-en product_cat-smart-ru product_cat-smart-fr product_cat-smart-de product_cat-tipologia-prodotto-de product_cat-tipologia-prodotto-en product_cat-type-de-produit product_cat-1618 product_cat-1568 product_cat-3--- product_cat-1629 product_cat-1617 product_cat-1626 has-post-thumbnail shipping-taxable product-type-simple\">\n\t<div class=\"woocommerce-loop-product__short_description\" itemprop=\"description\"><a href=\"https:\/\/relaxsrl.com\/de\/produkt\/smart-b2-smart-f\/\" class=\"woocommerce-LoopProduct-link woocommerce-loop-product__link\"><p>Eckduschabtrennung mit Salont\u00fcr und mit T\u00fcrhebesystem.<\/p>\n<\/a><\/div><\/li>\n<li class=\"product type-product post-21084 status-publish instock product_cat-3-lati-de product_cat-3-lati-en product_cat-3-lati-fr product_cat-3- product_cat-box-doccia-de product_cat-box-doccia-en product_cat-cabine-de-douche product_cat-collections-en product_cat-collections product_cat-coulissante product_cat-guida-alla-scelta-de product_cat-selection-guide-en product_cat-guide-de-selection product_cat-collezioni-de product_cat-scorrevole-fr product_cat-scorrevole product_cat-scorrevole-de-4 product_cat-scorrevole-de-2 product_cat-guide-de-selection-semi-circulaire product_cat-semi-circulaire product_cat-semicircolare product_cat-semicircolari-de product_cat-selection-guide-semicircular product_cat-semicircular product_cat-semicircular-sliding product_cat-smart-ru product_cat-smart-en product_cat-smart-fr product_cat-smart-de product_cat-tipologia-prodotto-en product_cat-tipologia-prodotto-de product_cat-type-de-produit product_cat-1618 product_cat-1568 product_cat-1641 product_cat-1613 product_cat-3--- product_cat-1643 product_cat-1594 product_cat-1617 has-post-thumbnail shipping-taxable product-type-simple\">\n\t<div class=\"woocommerce-loop-product__short_description\" itemprop=\"description\"><a href=\"https:\/\/relaxsrl.com\/de\/produkt\/smart-r2-s\/\" class=\"woocommerce-LoopProduct-link woocommerce-loop-product__link\"><p>Halbrunde Duschabtrennung, gekennzeichnet durch eine doppelte Schiebet\u00fcr.<\/p>\n<\/a><\/div><\/li>\n<\/ul>\n<\/div>[\/vc_column][\/vc_row]<\/p>\n","protected":false},"excerpt":{"rendered":"<p>[vc_row full_width=&#8220;stretch_row&#8220; equal_height=&#8220;yes&#8220; el_class=&#8220;row-header-collezione-prodotti&#8220; css=&#8220;.vc_custom_1632995266519{background-image: url(http:\/\/relaxsrl.com\/wp-content\/uploads\/2021\/09\/collezione-smart.jpg?id=2738) !important;}&#8220;][vc_column width=&#8220;1\/2&#8243; el_class=&#8220;col-sx-header-collezione-prodotti&#8220;][vc_column_text el_class=&#8220;header-collezione-prodotti-txt&#8220;] Smart, die einfache Duschkabine Einfache und minimalistische Duschkabinen, die sich durch ihre Vielseitigkeit und Funktionalit\u00e4t im Dienste des Komforts auszeichnen. Neben der \u00c4sthetik finden sie ihre St\u00e4rken in Schnelligkeit und einfacher Installation.[\/vc_column_text][\/vc_column][vc_column width=&#8220;1\/2&#8243; el_class=&#8220;col-dx-header-collezione-prodotti&#8220;][vc_single_image image=&#8220;2155&#8243; img_size=&#8220;full&#8220; alignment=&#8220;center&#8220; el_class=&#8220;row-header-prodotto-img&#8220;][\/vc_column][\/vc_row][vc_row el_class=&#8220;row-path&#8220;][vc_column][vc_column_text][\/vc_column_text][\/vc_column][\/vc_row][vc_row][vc_column][\/vc_column][\/vc_row]<\/p>\n","protected":false},"author":3,"featured_media":2155,"parent":32052,"menu_order":0,"comment_status":"closed","ping_status":"closed","template":"","meta":[],"acf":[],"yoast_head":"<!-- This site is optimized with the Yoast SEO Premium plugin v18.4 (Yoast SEO v18.8) - https:\/\/yoast.com\/wordpress\/plugins\/seo\/ -->\n<title>Smart - Relax srl<\/title>\n<meta name=\"description\" content=\"Duschkabinen mit einfachem und minimalistischem Design, die sich durch ihre Vielseitigkeit und Funktionalit\u00e4t auszeichnen. Entdecken Sie die Smart-Kollektion.\" \/>\n<meta name=\"robots\" content=\"index, follow, max-snippet:-1, max-image-preview:large, max-video-preview:-1\" \/>\n<link rel=\"canonical\" href=\"https:\/\/relaxsrl.com\/de\/produkte\/kollektionen-2\/smart\/\" \/>\n<meta property=\"og:locale\" content=\"de_DE\" \/>\n<meta property=\"og:type\" content=\"article\" \/>\n<meta property=\"og:title\" content=\"Smart - Relax srl\" \/>\n<meta property=\"og:description\" content=\"Duschkabinen mit einfachem und minimalistischem Design, die sich durch ihre Vielseitigkeit und Funktionalit\u00e4t auszeichnen. Entdecken Sie die Smart-Kollektion.\" \/>\n<meta property=\"og:url\" content=\"https:\/\/relaxsrl.com\/de\/produkte\/kollektionen-2\/smart\/\" \/>\n<meta property=\"og:site_name\" content=\"Relax srl\" \/>\n<meta property=\"article:modified_time\" content=\"2022-12-16T15:08:02+00:00\" \/>\n<meta property=\"og:image\" content=\"https:\/\/relaxsrl.com\/website\/wp-content\/uploads\/2021\/09\/SMART_AA_2.jpg\" \/>\n\t<meta property=\"og:image:width\" content=\"800\" \/>\n\t<meta property=\"og:image:height\" content=\"1110\" \/>\n\t<meta property=\"og:image:type\" content=\"image\/jpeg\" \/>\n<meta name=\"twitter:card\" content=\"summary_large_image\" \/>\n<meta name=\"twitter:label1\" content=\"Gesch\u00e4tzte Lesezeit\" \/>\n\t<meta name=\"twitter:data1\" content=\"1 Minute\" \/>\n<script type=\"application\/ld+json\" class=\"yoast-schema-graph\">{\"@context\":\"https:\/\/schema.org\",\"@graph\":[{\"@type\":\"WebSite\",\"@id\":\"https:\/\/relaxsrl.com\/#website\",\"url\":\"https:\/\/relaxsrl.com\/\",\"name\":\"Relax srl\",\"description\":\"\",\"potentialAction\":[{\"@type\":\"SearchAction\",\"target\":{\"@type\":\"EntryPoint\",\"urlTemplate\":\"https:\/\/relaxsrl.com\/?s={search_term_string}\"},\"query-input\":\"required name=search_term_string\"}],\"inLanguage\":\"de-DE\"},{\"@type\":\"ImageObject\",\"inLanguage\":\"de-DE\",\"@id\":\"https:\/\/relaxsrl.com\/de\/produkte\/kollektionen-2\/smart\/#primaryimage\",\"url\":\"https:\/\/relaxsrl.com\/website\/wp-content\/uploads\/2021\/09\/SMART_AA_2.jpg\",\"contentUrl\":\"https:\/\/relaxsrl.com\/website\/wp-content\/uploads\/2021\/09\/SMART_AA_2.jpg\",\"width\":800,\"height\":1110,\"caption\":\"Contract-Badezimmer-Duschabtrennung mit Doppelschiebet\u00fcr und polierten Profilen. Intelligente Sammlung\"},{\"@type\":\"WebPage\",\"@id\":\"https:\/\/relaxsrl.com\/de\/produkte\/kollektionen-2\/smart\/#webpage\",\"url\":\"https:\/\/relaxsrl.com\/de\/produkte\/kollektionen-2\/smart\/\",\"name\":\"Smart - Relax srl\",\"isPartOf\":{\"@id\":\"https:\/\/relaxsrl.com\/#website\"},\"primaryImageOfPage\":{\"@id\":\"https:\/\/relaxsrl.com\/de\/produkte\/kollektionen-2\/smart\/#primaryimage\"},\"datePublished\":\"2022-08-11T15:26:46+00:00\",\"dateModified\":\"2022-12-16T15:08:02+00:00\",\"description\":\"Duschkabinen mit einfachem und minimalistischem Design, die sich durch ihre Vielseitigkeit und Funktionalit\u00e4t auszeichnen. Entdecken Sie die Smart-Kollektion.\",\"breadcrumb\":{\"@id\":\"https:\/\/relaxsrl.com\/de\/produkte\/kollektionen-2\/smart\/#breadcrumb\"},\"inLanguage\":\"de-DE\",\"potentialAction\":[{\"@type\":\"ReadAction\",\"target\":[\"https:\/\/relaxsrl.com\/de\/produkte\/kollektionen-2\/smart\/\"]}]},{\"@type\":\"BreadcrumbList\",\"@id\":\"https:\/\/relaxsrl.com\/de\/produkte\/kollektionen-2\/smart\/#breadcrumb\",\"itemListElement\":[{\"@type\":\"ListItem\",\"position\":1,\"name\":\"Produkte\",\"item\":\"https:\/\/relaxsrl.com\/de\/produkte\/\"},{\"@type\":\"ListItem\",\"position\":2,\"name\":\"Kollektionen\",\"item\":\"https:\/\/relaxsrl.com\/de\/produkte\/kollektionen-old-non-usare\/\"},{\"@type\":\"ListItem\",\"position\":3,\"name\":\"Smart\"}]}]}<\/script>\n<!-- \/ Yoast SEO Premium plugin. -->","yoast_head_json":{"title":"Smart - Relax srl","description":"Duschkabinen mit einfachem und minimalistischem Design, die sich durch ihre Vielseitigkeit und Funktionalit\u00e4t auszeichnen. Entdecken Sie die Smart-Kollektion.","robots":{"index":"index","follow":"follow","max-snippet":"max-snippet:-1","max-image-preview":"max-image-preview:large","max-video-preview":"max-video-preview:-1"},"canonical":"https:\/\/relaxsrl.com\/de\/produkte\/kollektionen-2\/smart\/","og_locale":"de_DE","og_type":"article","og_title":"Smart - Relax srl","og_description":"Duschkabinen mit einfachem und minimalistischem Design, die sich durch ihre Vielseitigkeit und Funktionalit\u00e4t auszeichnen. Entdecken Sie die Smart-Kollektion.","og_url":"https:\/\/relaxsrl.com\/de\/produkte\/kollektionen-2\/smart\/","og_site_name":"Relax srl","article_modified_time":"2022-12-16T15:08:02+00:00","og_image":[{"width":800,"height":1110,"url":"https:\/\/relaxsrl.com\/website\/wp-content\/uploads\/2021\/09\/SMART_AA_2.jpg","type":"image\/jpeg"}],"twitter_card":"summary_large_image","twitter_misc":{"Gesch\u00e4tzte Lesezeit":"1 Minute"},"schema":{"@context":"https:\/\/schema.org","@graph":[{"@type":"WebSite","@id":"https:\/\/relaxsrl.com\/#website","url":"https:\/\/relaxsrl.com\/","name":"Relax srl","description":"","potentialAction":[{"@type":"SearchAction","target":{"@type":"EntryPoint","urlTemplate":"https:\/\/relaxsrl.com\/?s={search_term_string}"},"query-input":"required name=search_term_string"}],"inLanguage":"de-DE"},{"@type":"ImageObject","inLanguage":"de-DE","@id":"https:\/\/relaxsrl.com\/de\/produkte\/kollektionen-2\/smart\/#primaryimage","url":"https:\/\/relaxsrl.com\/website\/wp-content\/uploads\/2021\/09\/SMART_AA_2.jpg","contentUrl":"https:\/\/relaxsrl.com\/website\/wp-content\/uploads\/2021\/09\/SMART_AA_2.jpg","width":800,"height":1110,"caption":"Contract-Badezimmer-Duschabtrennung mit Doppelschiebet\u00fcr und polierten Profilen. Intelligente Sammlung"},{"@type":"WebPage","@id":"https:\/\/relaxsrl.com\/de\/produkte\/kollektionen-2\/smart\/#webpage","url":"https:\/\/relaxsrl.com\/de\/produkte\/kollektionen-2\/smart\/","name":"Smart - Relax srl","isPartOf":{"@id":"https:\/\/relaxsrl.com\/#website"},"primaryImageOfPage":{"@id":"https:\/\/relaxsrl.com\/de\/produkte\/kollektionen-2\/smart\/#primaryimage"},"datePublished":"2022-08-11T15:26:46+00:00","dateModified":"2022-12-16T15:08:02+00:00","description":"Duschkabinen mit einfachem und minimalistischem Design, die sich durch ihre Vielseitigkeit und Funktionalit\u00e4t auszeichnen. Entdecken Sie die Smart-Kollektion.","breadcrumb":{"@id":"https:\/\/relaxsrl.com\/de\/produkte\/kollektionen-2\/smart\/#breadcrumb"},"inLanguage":"de-DE","potentialAction":[{"@type":"ReadAction","target":["https:\/\/relaxsrl.com\/de\/produkte\/kollektionen-2\/smart\/"]}]},{"@type":"BreadcrumbList","@id":"https:\/\/relaxsrl.com\/de\/produkte\/kollektionen-2\/smart\/#breadcrumb","itemListElement":[{"@type":"ListItem","position":1,"name":"Produkte","item":"https:\/\/relaxsrl.com\/de\/produkte\/"},{"@type":"ListItem","position":2,"name":"Kollektionen","item":"https:\/\/relaxsrl.com\/de\/produkte\/kollektionen-old-non-usare\/"},{"@type":"ListItem","position":3,"name":"Smart"}]}]}},"_links":{"self":[{"href":"https:\/\/relaxsrl.com\/de\/wp-json\/wp\/v2\/pages\/22976"}],"collection":[{"href":"https:\/\/relaxsrl.com\/de\/wp-json\/wp\/v2\/pages"}],"about":[{"href":"https:\/\/relaxsrl.com\/de\/wp-json\/wp\/v2\/types\/page"}],"author":[{"embeddable":true,"href":"https:\/\/relaxsrl.com\/de\/wp-json\/wp\/v2\/users\/3"}],"replies":[{"embeddable":true,"href":"https:\/\/relaxsrl.com\/de\/wp-json\/wp\/v2\/comments?post=22976"}],"version-history":[{"count":8,"href":"https:\/\/relaxsrl.com\/de\/wp-json\/wp\/v2\/pages\/22976\/revisions"}],"predecessor-version":[{"id":25014,"href":"https:\/\/relaxsrl.com\/de\/wp-json\/wp\/v2\/pages\/22976\/revisions\/25014"}],"up":[{"embeddable":true,"href":"https:\/\/relaxsrl.com\/de\/wp-json\/wp\/v2\/pages\/32052"}],"wp:featuredmedia":[{"embeddable":true,"href":"https:\/\/relaxsrl.com\/de\/wp-json\/wp\/v2\/media\/2155"}],"wp:attachment":[{"href":"https:\/\/relaxsrl.com\/de\/wp-json\/wp\/v2\/media?parent=22976"}],"curies":[{"name":"wp","href":"https:\/\/api.w.org\/{rel}","templated":true}]}}