{"id":22904,"date":"2022-08-11T12:01:02","date_gmt":"2022-08-11T10:01:02","guid":{"rendered":"https:\/\/relaxsrl.com\/joy\/"},"modified":"2022-11-21T09:45:18","modified_gmt":"2022-11-21T08:45:18","slug":"joy","status":"publish","type":"page","link":"https:\/\/relaxsrl.com\/de\/produkte\/kollektionen-2\/joy\/","title":{"rendered":"Joy"},"content":{"rendered":"<p>[vc_row full_width=&#8220;stretch_row&#8220; equal_height=&#8220;yes&#8220; el_class=&#8220;row-header-collezione-prodotti&#8220; css=&#8220;.vc_custom_1635241556455{background-image: url(http:\/\/relaxsrl.com\/wp-content\/uploads\/2021\/10\/Joy.jpg?id=9000) !important;}&#8220;][vc_column width=&#8220;1\/2&#8243; el_class=&#8220;col-sx-header-collezione-prodotti&#8220;][vc_column_text el_class=&#8220;header-collezione-prodotti-txt&#8220;]<\/p>\n<h1>Joy, quadratische Duschk\u00f6pfe und S\u00e4ulen<\/h1>\n<p>Joy Duschk\u00f6pfe und S\u00e4ulen mit integrierten Duschk\u00f6pfen wurden von der Research &amp; Development. Entspannen Sie sich f\u00fcr diejenigen, die klare und quadratische Formen bevorzugen. Teilweise sind sie auch mit einer Kaskadenwasserfunktion ausgestattet.[\/vc_column_text][\/vc_column][vc_column width=&#8220;1\/2&#8243; el_class=&#8220;col-dx-header-collezione-prodotti&#8220;][vc_single_image image=&#8220;9213&#8243; img_size=&#8220;full&#8220; alignment=&#8220;center&#8220; el_class=&#8220;row-header-prodotto-img&#8220;][\/vc_column][\/vc_row][vc_row el_class=&#8220;row-path&#8220;][vc_column][vc_column_text][\/vc_column_text][\/vc_column][\/vc_row][vc_row][vc_column]<div class=\"woocommerce columns-4 \"><ul class=\"products columns-4\">\n<li class=\"product type-product post-20983 status-publish first instock product_cat-collections product_cat-complementi-de product_cat-complements-fr product_cat-joy-fr product_cat-joy-ru product_cat-joy-de product_cat-collezioni-de product_cat-tipologia-prodotto-de product_cat-type-de-produit product_cat-1650 product_cat-1568 product_cat-1617 has-post-thumbnail shipping-taxable product-type-simple\">\n\t<div class=\"woocommerce-loop-product__short_description\" itemprop=\"description\"><a href=\"https:\/\/relaxsrl.com\/de\/produkt\/joy-s\/\" class=\"woocommerce-LoopProduct-link woocommerce-loop-product__link\"><p>Traditioneller Duschkopf aus Edelstahl mit einer linearen \u00c4sthetik, der sich leicht an verschiedene Umgebungen anpassen l\u00e4sst.<\/p>\n<\/a><\/div><\/li>\n<li class=\"product type-product post-20982 status-publish instock product_cat-collections product_cat-complementi-de product_cat-complements-fr product_cat-joy-fr product_cat-joy-ru product_cat-joy-de product_cat-collezioni-de product_cat-tipologia-prodotto-de product_cat-type-de-produit product_cat-1650 product_cat-1568 product_cat-1617 has-post-thumbnail shipping-taxable product-type-simple\">\n\t<div class=\"woocommerce-loop-product__short_description\" itemprop=\"description\"><a href=\"https:\/\/relaxsrl.com\/de\/produkt\/joy-sc\/\" class=\"woocommerce-LoopProduct-link woocommerce-loop-product__link\"><p>Wandmontierter Duschkopf aus Edelstahl mit doppelter Wasserauslassfunktion: traditionell und Regen.<\/p>\n<\/a><\/div><\/li>\n<li class=\"product type-product post-20961 status-publish instock product_cat-collections product_cat-complementi-de product_cat-complements-fr product_cat-joy-ru product_cat-joy-fr product_cat-joy-de product_cat-collezioni-de product_cat-tipologia-prodotto-de product_cat-type-de-produit product_cat-1650 product_cat-1568 product_cat-1617 has-post-thumbnail shipping-taxable product-type-simple\">\n\t<div class=\"woocommerce-loop-product__short_description\" itemprop=\"description\"><a href=\"https:\/\/relaxsrl.com\/de\/produkt\/joy-plus\/\" class=\"woocommerce-LoopProduct-link woocommerce-loop-product__link\"><p>Duschs\u00e4ule aus Edelstahl mit integriertem Duschkopf.<\/p>\n<\/a><\/div><\/li>\n<\/ul>\n<\/div>[\/vc_column][\/vc_row]<\/p>\n","protected":false},"excerpt":{"rendered":"<p>[vc_row full_width=&#8220;stretch_row&#8220; equal_height=&#8220;yes&#8220; el_class=&#8220;row-header-collezione-prodotti&#8220; css=&#8220;.vc_custom_1635241556455{background-image: url(http:\/\/relaxsrl.com\/wp-content\/uploads\/2021\/10\/Joy.jpg?id=9000) !important;}&#8220;][vc_column width=&#8220;1\/2&#8243; el_class=&#8220;col-sx-header-collezione-prodotti&#8220;][vc_column_text el_class=&#8220;header-collezione-prodotti-txt&#8220;] Joy, quadratische Duschk\u00f6pfe und S\u00e4ulen Joy Duschk\u00f6pfe und S\u00e4ulen mit integrierten Duschk\u00f6pfen wurden von der Research &amp; Development. Entspannen Sie sich f\u00fcr diejenigen, die klare und quadratische Formen bevorzugen. Teilweise sind sie auch mit einer Kaskadenwasserfunktion ausgestattet.[\/vc_column_text][\/vc_column][vc_column width=&#8220;1\/2&#8243; el_class=&#8220;col-dx-header-collezione-prodotti&#8220;][vc_single_image image=&#8220;9213&#8243; img_size=&#8220;full&#8220; alignment=&#8220;center&#8220; el_class=&#8220;row-header-prodotto-img&#8220;][\/vc_column][\/vc_row][vc_row el_class=&#8220;row-path&#8220;][vc_column][vc_column_text][\/vc_column_text][\/vc_column][\/vc_row][vc_row][vc_column][\/vc_column][\/vc_row]<\/p>\n","protected":false},"author":3,"featured_media":9213,"parent":32052,"menu_order":0,"comment_status":"closed","ping_status":"closed","template":"","meta":[],"acf":[],"yoast_head":"<!-- This site is optimized with the Yoast SEO Premium plugin v18.4 (Yoast SEO v18.8) - https:\/\/yoast.com\/wordpress\/plugins\/seo\/ -->\n<title>Joy - Relax srl<\/title>\n<meta name=\"description\" content=\"Joy Duschk\u00f6pfe und -s\u00e4ulen sind f\u00fcr diejenigen gedacht, die klare und quadratische Formen bevorzugen. Entdecken Sie die Joy-Kollektion.\" \/>\n<meta name=\"robots\" content=\"index, follow, max-snippet:-1, max-image-preview:large, max-video-preview:-1\" \/>\n<link rel=\"canonical\" href=\"https:\/\/relaxsrl.com\/de\/produkte\/kollektionen-2\/joy\/\" \/>\n<meta property=\"og:locale\" content=\"de_DE\" \/>\n<meta property=\"og:type\" content=\"article\" \/>\n<meta property=\"og:title\" content=\"Joy - Relax srl\" \/>\n<meta property=\"og:description\" content=\"Joy Duschk\u00f6pfe und -s\u00e4ulen sind f\u00fcr diejenigen gedacht, die klare und quadratische Formen bevorzugen. Entdecken Sie die Joy-Kollektion.\" \/>\n<meta property=\"og:url\" content=\"https:\/\/relaxsrl.com\/de\/produkte\/kollektionen-2\/joy\/\" \/>\n<meta property=\"og:site_name\" content=\"Relax srl\" \/>\n<meta property=\"article:modified_time\" content=\"2022-11-21T08:45:18+00:00\" \/>\n<meta name=\"twitter:card\" content=\"summary_large_image\" \/>\n<meta name=\"twitter:label1\" content=\"Gesch\u00e4tzte Lesezeit\" \/>\n\t<meta name=\"twitter:data1\" content=\"1 Minute\" \/>\n<script type=\"application\/ld+json\" class=\"yoast-schema-graph\">{\"@context\":\"https:\/\/schema.org\",\"@graph\":[{\"@type\":\"WebSite\",\"@id\":\"https:\/\/relaxsrl.com\/#website\",\"url\":\"https:\/\/relaxsrl.com\/\",\"name\":\"Relax srl\",\"description\":\"\",\"potentialAction\":[{\"@type\":\"SearchAction\",\"target\":{\"@type\":\"EntryPoint\",\"urlTemplate\":\"https:\/\/relaxsrl.com\/?s={search_term_string}\"},\"query-input\":\"required name=search_term_string\"}],\"inLanguage\":\"de-DE\"},{\"@type\":\"ImageObject\",\"inLanguage\":\"de-DE\",\"@id\":\"https:\/\/relaxsrl.com\/de\/produkte\/kollektionen-2\/joy\/#primaryimage\",\"url\":\"https:\/\/relaxsrl.com\/website\/wp-content\/uploads\/2021\/10\/JOY-SC_immagineprincipale-1.jpg\",\"contentUrl\":\"https:\/\/relaxsrl.com\/website\/wp-content\/uploads\/2021\/10\/JOY-SC_immagineprincipale-1.jpg\",\"width\":800,\"height\":1110,\"caption\":\"Joy Duschkopf mit quadratischen Formen aus poliertem Aluminium\"},{\"@type\":\"WebPage\",\"@id\":\"https:\/\/relaxsrl.com\/de\/produkte\/kollektionen-2\/joy\/#webpage\",\"url\":\"https:\/\/relaxsrl.com\/de\/produkte\/kollektionen-2\/joy\/\",\"name\":\"Joy - Relax srl\",\"isPartOf\":{\"@id\":\"https:\/\/relaxsrl.com\/#website\"},\"primaryImageOfPage\":{\"@id\":\"https:\/\/relaxsrl.com\/de\/produkte\/kollektionen-2\/joy\/#primaryimage\"},\"datePublished\":\"2022-08-11T10:01:02+00:00\",\"dateModified\":\"2022-11-21T08:45:18+00:00\",\"description\":\"Joy Duschk\u00f6pfe und -s\u00e4ulen sind f\u00fcr diejenigen gedacht, die klare und quadratische Formen bevorzugen. Entdecken Sie die Joy-Kollektion.\",\"breadcrumb\":{\"@id\":\"https:\/\/relaxsrl.com\/de\/produkte\/kollektionen-2\/joy\/#breadcrumb\"},\"inLanguage\":\"de-DE\",\"potentialAction\":[{\"@type\":\"ReadAction\",\"target\":[\"https:\/\/relaxsrl.com\/de\/produkte\/kollektionen-2\/joy\/\"]}]},{\"@type\":\"BreadcrumbList\",\"@id\":\"https:\/\/relaxsrl.com\/de\/produkte\/kollektionen-2\/joy\/#breadcrumb\",\"itemListElement\":[{\"@type\":\"ListItem\",\"position\":1,\"name\":\"Produkte\",\"item\":\"https:\/\/relaxsrl.com\/de\/produkte\/\"},{\"@type\":\"ListItem\",\"position\":2,\"name\":\"Kollektionen\",\"item\":\"https:\/\/relaxsrl.com\/de\/produkte\/kollektionen-old-non-usare\/\"},{\"@type\":\"ListItem\",\"position\":3,\"name\":\"Joy\"}]}]}<\/script>\n<!-- \/ Yoast SEO Premium plugin. -->","yoast_head_json":{"title":"Joy - Relax srl","description":"Joy Duschk\u00f6pfe und -s\u00e4ulen sind f\u00fcr diejenigen gedacht, die klare und quadratische Formen bevorzugen. Entdecken Sie die Joy-Kollektion.","robots":{"index":"index","follow":"follow","max-snippet":"max-snippet:-1","max-image-preview":"max-image-preview:large","max-video-preview":"max-video-preview:-1"},"canonical":"https:\/\/relaxsrl.com\/de\/produkte\/kollektionen-2\/joy\/","og_locale":"de_DE","og_type":"article","og_title":"Joy - Relax srl","og_description":"Joy Duschk\u00f6pfe und -s\u00e4ulen sind f\u00fcr diejenigen gedacht, die klare und quadratische Formen bevorzugen. Entdecken Sie die Joy-Kollektion.","og_url":"https:\/\/relaxsrl.com\/de\/produkte\/kollektionen-2\/joy\/","og_site_name":"Relax srl","article_modified_time":"2022-11-21T08:45:18+00:00","twitter_card":"summary_large_image","twitter_misc":{"Gesch\u00e4tzte Lesezeit":"1 Minute"},"schema":{"@context":"https:\/\/schema.org","@graph":[{"@type":"WebSite","@id":"https:\/\/relaxsrl.com\/#website","url":"https:\/\/relaxsrl.com\/","name":"Relax srl","description":"","potentialAction":[{"@type":"SearchAction","target":{"@type":"EntryPoint","urlTemplate":"https:\/\/relaxsrl.com\/?s={search_term_string}"},"query-input":"required name=search_term_string"}],"inLanguage":"de-DE"},{"@type":"ImageObject","inLanguage":"de-DE","@id":"https:\/\/relaxsrl.com\/de\/produkte\/kollektionen-2\/joy\/#primaryimage","url":"https:\/\/relaxsrl.com\/website\/wp-content\/uploads\/2021\/10\/JOY-SC_immagineprincipale-1.jpg","contentUrl":"https:\/\/relaxsrl.com\/website\/wp-content\/uploads\/2021\/10\/JOY-SC_immagineprincipale-1.jpg","width":800,"height":1110,"caption":"Joy Duschkopf mit quadratischen Formen aus poliertem Aluminium"},{"@type":"WebPage","@id":"https:\/\/relaxsrl.com\/de\/produkte\/kollektionen-2\/joy\/#webpage","url":"https:\/\/relaxsrl.com\/de\/produkte\/kollektionen-2\/joy\/","name":"Joy - Relax srl","isPartOf":{"@id":"https:\/\/relaxsrl.com\/#website"},"primaryImageOfPage":{"@id":"https:\/\/relaxsrl.com\/de\/produkte\/kollektionen-2\/joy\/#primaryimage"},"datePublished":"2022-08-11T10:01:02+00:00","dateModified":"2022-11-21T08:45:18+00:00","description":"Joy Duschk\u00f6pfe und -s\u00e4ulen sind f\u00fcr diejenigen gedacht, die klare und quadratische Formen bevorzugen. Entdecken Sie die Joy-Kollektion.","breadcrumb":{"@id":"https:\/\/relaxsrl.com\/de\/produkte\/kollektionen-2\/joy\/#breadcrumb"},"inLanguage":"de-DE","potentialAction":[{"@type":"ReadAction","target":["https:\/\/relaxsrl.com\/de\/produkte\/kollektionen-2\/joy\/"]}]},{"@type":"BreadcrumbList","@id":"https:\/\/relaxsrl.com\/de\/produkte\/kollektionen-2\/joy\/#breadcrumb","itemListElement":[{"@type":"ListItem","position":1,"name":"Produkte","item":"https:\/\/relaxsrl.com\/de\/produkte\/"},{"@type":"ListItem","position":2,"name":"Kollektionen","item":"https:\/\/relaxsrl.com\/de\/produkte\/kollektionen-old-non-usare\/"},{"@type":"ListItem","position":3,"name":"Joy"}]}]}},"_links":{"self":[{"href":"https:\/\/relaxsrl.com\/de\/wp-json\/wp\/v2\/pages\/22904"}],"collection":[{"href":"https:\/\/relaxsrl.com\/de\/wp-json\/wp\/v2\/pages"}],"about":[{"href":"https:\/\/relaxsrl.com\/de\/wp-json\/wp\/v2\/types\/page"}],"author":[{"embeddable":true,"href":"https:\/\/relaxsrl.com\/de\/wp-json\/wp\/v2\/users\/3"}],"replies":[{"embeddable":true,"href":"https:\/\/relaxsrl.com\/de\/wp-json\/wp\/v2\/comments?post=22904"}],"version-history":[{"count":6,"href":"https:\/\/relaxsrl.com\/de\/wp-json\/wp\/v2\/pages\/22904\/revisions"}],"predecessor-version":[{"id":24631,"href":"https:\/\/relaxsrl.com\/de\/wp-json\/wp\/v2\/pages\/22904\/revisions\/24631"}],"up":[{"embeddable":true,"href":"https:\/\/relaxsrl.com\/de\/wp-json\/wp\/v2\/pages\/32052"}],"wp:featuredmedia":[{"embeddable":true,"href":"https:\/\/relaxsrl.com\/de\/wp-json\/wp\/v2\/media\/9213"}],"wp:attachment":[{"href":"https:\/\/relaxsrl.com\/de\/wp-json\/wp\/v2\/media?parent=22904"}],"curies":[{"name":"wp","href":"https:\/\/api.w.org\/{rel}","templated":true}]}}