{"id":22880,"date":"2022-08-11T11:51:49","date_gmt":"2022-08-11T09:51:49","guid":{"rendered":"https:\/\/relaxsrl.com\/evox\/"},"modified":"2022-12-16T15:29:24","modified_gmt":"2022-12-16T14:29:24","slug":"evox","status":"publish","type":"page","link":"https:\/\/relaxsrl.com\/de\/produkte\/kollektionen-2\/evox\/","title":{"rendered":"Evox"},"content":{"rendered":"<p>[vc_row full_width=&#8220;stretch_row&#8220; equal_height=&#8220;yes&#8220; el_class=&#8220;row-header-collezione-prodotti&#8220; css=&#8220;.vc_custom_1632994920807{background-image: url(http:\/\/relaxsrl.com\/wp-content\/uploads\/2021\/09\/collezione-evox.jpg?id=2706) !important;}&#8220;][vc_column width=&#8220;1\/2&#8243; el_class=&#8220;col-sx-header-collezione-prodotti&#8220;][vc_column_text el_class=&#8220;header-collezione-prodotti-txt&#8220;]<\/p>\n<h1>Evox, die Duschkabine mit Soft-Close<\/h1>\n<p>Duschkabinen mit Schiebet\u00fcren und mit Soft-Close-System (Modelle SF und SC1). Das bew\u00e4hrte Verschlusssystem mit Verz\u00f6gerung hinterl\u00e4sst ein sanftes und ruhiges Gef\u00fchl von Sicherheit und Stabilit\u00e4t in der Duschkabine. Zudem sorgt das Lagergeh\u00e4use f\u00fcr optische Linearit\u00e4t und einfache Reinigung.[\/vc_column_text][\/vc_column][vc_column width=&#8220;1\/2&#8243; el_class=&#8220;col-dx-header-collezione-prodotti&#8220;][vc_single_image image=&#8220;2123&#8243; img_size=&#8220;full&#8220; alignment=&#8220;center&#8220; el_class=&#8220;row-header-prodotto-img&#8220;][\/vc_column][\/vc_row][vc_row el_class=&#8220;row-path&#8220;][vc_column][vc_column_text][\/vc_column_text][\/vc_column][\/vc_row][vc_row][vc_column]<div class=\"woocommerce columns-4 \"><ul class=\"products columns-4\">\n<li class=\"product type-product post-21112 status-publish first instock product_cat-3-lati-en product_cat-3-lati-fr product_cat-3-lati-de product_cat-3- product_cat-angolare-en product_cat-angolare-de product_cat-angulaire product_cat-selection-guide-big-shower-enclosures product_cat-box-doccia-en product_cat-box-doccia-de product_cat-cabina-doccia-grande product_cat-cabine-de-douche product_cat-collections product_cat-collections-en product_cat-angulaire-coulissante product_cat-guide-de-selection-coulissante product_cat-evox-de product_cat-evox-ru product_cat-evox-en product_cat-evox-fr product_cat-guide-de-selection-grande-cabine-de-douche product_cat-selection-guide-en product_cat-guida-alla-scelta-de product_cat-guide-de-selection product_cat-collezioni-de product_cat-scorrevole-de-6 product_cat-scorrevole-de product_cat-scorrevole-de-2 product_cat-scorrevole product_cat-selection-guide-scorrevole product_cat-scorrevole-fr product_cat-angular-sliding product_cat-tipologia-prodotto-de product_cat-tipologia-prodotto-en product_cat-type-de-produit product_cat-1603 product_cat-1618 product_cat-1568 product_cat-3--- product_cat-1610 product_cat-1632 product_cat-1594 product_cat-1617 product_cat-1626 has-post-thumbnail shipping-taxable product-type-simple\">\n\t<div class=\"woocommerce-loop-product__short_description\" itemprop=\"description\"><a href=\"https:\/\/relaxsrl.com\/de\/produkt\/evox-sf-evox-f\/\" class=\"woocommerce-LoopProduct-link woocommerce-loop-product__link\"><p>Eckduschabtrennung mit Schiebet\u00fcr, fester Seitenwand und Soft-Close-System.<\/p>\n<\/a><\/div><\/li>\n<li class=\"product type-product post-28952 status-publish instock product_cat-3-lati-fr product_cat-3-lati-de product_cat-3-lati-en product_cat-3- product_cat-angolare-de product_cat-angolare-en product_cat-angulaire product_cat-selection-guide-big-shower-enclosures product_cat-box-doccia-en product_cat-box-doccia-de product_cat-cabina-doccia-grande product_cat-cabine-de-douche product_cat-collections-en product_cat-collections product_cat-angulaire-coulissante product_cat-guide-de-selection-coulissante product_cat-evox-fr product_cat-evox-de product_cat-evox-en product_cat-evox-ru product_cat-guide-de-selection-grande-cabine-de-douche product_cat-selection-guide-en product_cat-guida-alla-scelta-de product_cat-guide-de-selection product_cat-collezioni-de product_cat-scorrevole-de-6 product_cat-scorrevole-fr product_cat-selection-guide-scorrevole product_cat-scorrevole-de product_cat-scorrevole-de-2 product_cat-scorrevole product_cat-angular-sliding product_cat-tipologia-prodotto-en product_cat-tipologia-prodotto-de product_cat-type-de-produit product_cat-1603 product_cat-1618 product_cat-1568 product_cat-3--- product_cat-1610 product_cat-1632 product_cat-1594 product_cat-1617 product_cat-1626 has-post-thumbnail shipping-taxable product-type-simple\">\n\t<div class=\"woocommerce-loop-product__short_description\" itemprop=\"description\"><a href=\"https:\/\/relaxsrl.com\/de\/produkt\/evox-sf-f-f4\/\" class=\"woocommerce-LoopProduct-link woocommerce-loop-product__link\"><p>Mittelwand-Duschkabine mit Schiebet\u00fcr, zwei festen Seiten und Soft-Close-System.<\/p>\n<\/a><\/div><\/li>\n<li class=\"product type-product post-21111 status-publish instock product_cat-3-lati-fr product_cat-3-lati-de product_cat-3-lati-en product_cat-3- product_cat-angolare-de product_cat-angolare-en product_cat-angulaire product_cat-box-doccia-en product_cat-box-doccia-de product_cat-cabine-de-douche product_cat-collections-en product_cat-collections product_cat-angulaire-coulissante product_cat-evox-fr product_cat-evox-de product_cat-evox-ru product_cat-evox-en product_cat-collezioni-de product_cat-scorrevole-fr product_cat-scorrevole-de-2 product_cat-scorrevole-de product_cat-scorrevole product_cat-angular-sliding product_cat-tipologia-prodotto-de product_cat-tipologia-prodotto-en product_cat-type-de-produit product_cat-1618 product_cat-1568 product_cat-3--- product_cat-1632 product_cat-1617 product_cat-1626 has-post-thumbnail shipping-taxable product-type-simple\">\n\t<div class=\"woocommerce-loop-product__short_description\" itemprop=\"description\"><a href=\"https:\/\/relaxsrl.com\/de\/produkt\/evox-a-evox-a\/\" class=\"woocommerce-LoopProduct-link woocommerce-loop-product__link\"><p>Eckduschkabine mit Doppelschiebet\u00fcr.<\/p>\n<\/a><\/div><\/li>\n<li class=\"product type-product post-21109 status-publish last instock product_cat-box-doccia-en product_cat-box-doccia-de product_cat-cabine-de-douche product_cat-collections-en product_cat-collections product_cat-niche-coulissante product_cat-evox-de product_cat-evox-en product_cat-evox-ru product_cat-evox-fr product_cat-nicchia-de product_cat-niche-fr product_cat-niche product_cat-collezioni-de product_cat-scorrevole-de-5 product_cat-niche-sliding product_cat-tipologia-prodotto-de product_cat-tipologia-prodotto-en product_cat-type-de-produit product_cat-1618 product_cat-1568 product_cat-1637 product_cat-1639 product_cat-1617 has-post-thumbnail shipping-taxable product-type-simple\">\n\t<div class=\"woocommerce-loop-product__short_description\" itemprop=\"description\"><a href=\"https:\/\/relaxsrl.com\/de\/produkt\/evox-sc1\/\" class=\"woocommerce-LoopProduct-link woocommerce-loop-product__link\"><p>Duschabtrennung in Nische mit Schiebet\u00fcr und Soft-Close-System.<\/p>\n<\/a><\/div><\/li>\n<\/ul>\n<\/div>[\/vc_column][\/vc_row]<\/p>\n","protected":false},"excerpt":{"rendered":"<p>[vc_row full_width=&#8220;stretch_row&#8220; equal_height=&#8220;yes&#8220; el_class=&#8220;row-header-collezione-prodotti&#8220; css=&#8220;.vc_custom_1632994920807{background-image: url(http:\/\/relaxsrl.com\/wp-content\/uploads\/2021\/09\/collezione-evox.jpg?id=2706) !important;}&#8220;][vc_column width=&#8220;1\/2&#8243; el_class=&#8220;col-sx-header-collezione-prodotti&#8220;][vc_column_text el_class=&#8220;header-collezione-prodotti-txt&#8220;] Evox, die Duschkabine mit Soft-Close Duschkabinen mit Schiebet\u00fcren und mit Soft-Close-System (Modelle SF und SC1). Das bew\u00e4hrte Verschlusssystem mit Verz\u00f6gerung hinterl\u00e4sst ein sanftes und ruhiges Gef\u00fchl von Sicherheit und Stabilit\u00e4t in der Duschkabine. Zudem sorgt das Lagergeh\u00e4use f\u00fcr optische Linearit\u00e4t und einfache Reinigung.[\/vc_column_text][\/vc_column][vc_column width=&#8220;1\/2&#8243; el_class=&#8220;col-dx-header-collezione-prodotti&#8220;][vc_single_image [&hellip;]<\/p>\n","protected":false},"author":3,"featured_media":2123,"parent":32052,"menu_order":0,"comment_status":"closed","ping_status":"closed","template":"","meta":[],"acf":[],"yoast_head":"<!-- This site is optimized with the Yoast SEO Premium plugin v18.4 (Yoast SEO v18.8) - https:\/\/yoast.com\/wordpress\/plugins\/seo\/ -->\n<title>Evox - Relax srl<\/title>\n<meta name=\"description\" content=\"Duschkabinen mit Schiebet\u00fcren und mit Soft-Close-System (Modelle SF und SC1).\" \/>\n<meta name=\"robots\" content=\"index, follow, max-snippet:-1, max-image-preview:large, max-video-preview:-1\" \/>\n<link rel=\"canonical\" href=\"https:\/\/relaxsrl.com\/de\/produkte\/kollektionen-2\/evox\/\" \/>\n<meta property=\"og:locale\" content=\"de_DE\" \/>\n<meta property=\"og:type\" content=\"article\" \/>\n<meta property=\"og:title\" content=\"Evox - Relax srl\" \/>\n<meta property=\"og:description\" content=\"Duschkabinen mit Schiebet\u00fcren und mit Soft-Close-System (Modelle SF und SC1).\" \/>\n<meta property=\"og:url\" content=\"https:\/\/relaxsrl.com\/de\/produkte\/kollektionen-2\/evox\/\" \/>\n<meta property=\"og:site_name\" content=\"Relax srl\" \/>\n<meta property=\"article:modified_time\" content=\"2022-12-16T14:29:24+00:00\" \/>\n<meta property=\"og:image\" content=\"https:\/\/relaxsrl.com\/website\/wp-content\/uploads\/2021\/09\/EVOX_SFFF4.jpg\" \/>\n\t<meta property=\"og:image:width\" content=\"800\" \/>\n\t<meta property=\"og:image:height\" content=\"1110\" \/>\n\t<meta property=\"og:image:type\" content=\"image\/jpeg\" \/>\n<meta name=\"twitter:card\" content=\"summary_large_image\" \/>\n<meta name=\"twitter:label1\" content=\"Gesch\u00e4tzte Lesezeit\" \/>\n\t<meta name=\"twitter:data1\" content=\"1 Minute\" \/>\n<script type=\"application\/ld+json\" class=\"yoast-schema-graph\">{\"@context\":\"https:\/\/schema.org\",\"@graph\":[{\"@type\":\"WebSite\",\"@id\":\"https:\/\/relaxsrl.com\/#website\",\"url\":\"https:\/\/relaxsrl.com\/\",\"name\":\"Relax srl\",\"description\":\"\",\"potentialAction\":[{\"@type\":\"SearchAction\",\"target\":{\"@type\":\"EntryPoint\",\"urlTemplate\":\"https:\/\/relaxsrl.com\/?s={search_term_string}\"},\"query-input\":\"required name=search_term_string\"}],\"inLanguage\":\"de-DE\"},{\"@type\":\"ImageObject\",\"inLanguage\":\"de-DE\",\"@id\":\"https:\/\/relaxsrl.com\/de\/produkte\/kollektionen-2\/evox\/#primaryimage\",\"url\":\"https:\/\/relaxsrl.com\/website\/wp-content\/uploads\/2021\/09\/EVOX_SFFF4.jpg\",\"contentUrl\":\"https:\/\/relaxsrl.com\/website\/wp-content\/uploads\/2021\/09\/EVOX_SFFF4.jpg\",\"width\":800,\"height\":1110,\"caption\":\"Mittelraum-Duschabtrennung mit 3 Seiten und Schiebet\u00fcr, polierte Profile. Evox-Kollektion\"},{\"@type\":\"WebPage\",\"@id\":\"https:\/\/relaxsrl.com\/de\/produkte\/kollektionen-2\/evox\/#webpage\",\"url\":\"https:\/\/relaxsrl.com\/de\/produkte\/kollektionen-2\/evox\/\",\"name\":\"Evox - Relax srl\",\"isPartOf\":{\"@id\":\"https:\/\/relaxsrl.com\/#website\"},\"primaryImageOfPage\":{\"@id\":\"https:\/\/relaxsrl.com\/de\/produkte\/kollektionen-2\/evox\/#primaryimage\"},\"datePublished\":\"2022-08-11T09:51:49+00:00\",\"dateModified\":\"2022-12-16T14:29:24+00:00\",\"description\":\"Duschkabinen mit Schiebet\u00fcren und mit Soft-Close-System (Modelle SF und SC1).\",\"breadcrumb\":{\"@id\":\"https:\/\/relaxsrl.com\/de\/produkte\/kollektionen-2\/evox\/#breadcrumb\"},\"inLanguage\":\"de-DE\",\"potentialAction\":[{\"@type\":\"ReadAction\",\"target\":[\"https:\/\/relaxsrl.com\/de\/produkte\/kollektionen-2\/evox\/\"]}]},{\"@type\":\"BreadcrumbList\",\"@id\":\"https:\/\/relaxsrl.com\/de\/produkte\/kollektionen-2\/evox\/#breadcrumb\",\"itemListElement\":[{\"@type\":\"ListItem\",\"position\":1,\"name\":\"Produkte\",\"item\":\"https:\/\/relaxsrl.com\/de\/produkte\/\"},{\"@type\":\"ListItem\",\"position\":2,\"name\":\"Kollektionen\",\"item\":\"https:\/\/relaxsrl.com\/de\/produkte\/kollektionen-old-non-usare\/\"},{\"@type\":\"ListItem\",\"position\":3,\"name\":\"Evox\"}]}]}<\/script>\n<!-- \/ Yoast SEO Premium plugin. -->","yoast_head_json":{"title":"Evox - Relax srl","description":"Duschkabinen mit Schiebet\u00fcren und mit Soft-Close-System (Modelle SF und SC1).","robots":{"index":"index","follow":"follow","max-snippet":"max-snippet:-1","max-image-preview":"max-image-preview:large","max-video-preview":"max-video-preview:-1"},"canonical":"https:\/\/relaxsrl.com\/de\/produkte\/kollektionen-2\/evox\/","og_locale":"de_DE","og_type":"article","og_title":"Evox - Relax srl","og_description":"Duschkabinen mit Schiebet\u00fcren und mit Soft-Close-System (Modelle SF und SC1).","og_url":"https:\/\/relaxsrl.com\/de\/produkte\/kollektionen-2\/evox\/","og_site_name":"Relax srl","article_modified_time":"2022-12-16T14:29:24+00:00","og_image":[{"width":800,"height":1110,"url":"https:\/\/relaxsrl.com\/website\/wp-content\/uploads\/2021\/09\/EVOX_SFFF4.jpg","type":"image\/jpeg"}],"twitter_card":"summary_large_image","twitter_misc":{"Gesch\u00e4tzte Lesezeit":"1 Minute"},"schema":{"@context":"https:\/\/schema.org","@graph":[{"@type":"WebSite","@id":"https:\/\/relaxsrl.com\/#website","url":"https:\/\/relaxsrl.com\/","name":"Relax srl","description":"","potentialAction":[{"@type":"SearchAction","target":{"@type":"EntryPoint","urlTemplate":"https:\/\/relaxsrl.com\/?s={search_term_string}"},"query-input":"required name=search_term_string"}],"inLanguage":"de-DE"},{"@type":"ImageObject","inLanguage":"de-DE","@id":"https:\/\/relaxsrl.com\/de\/produkte\/kollektionen-2\/evox\/#primaryimage","url":"https:\/\/relaxsrl.com\/website\/wp-content\/uploads\/2021\/09\/EVOX_SFFF4.jpg","contentUrl":"https:\/\/relaxsrl.com\/website\/wp-content\/uploads\/2021\/09\/EVOX_SFFF4.jpg","width":800,"height":1110,"caption":"Mittelraum-Duschabtrennung mit 3 Seiten und Schiebet\u00fcr, polierte Profile. Evox-Kollektion"},{"@type":"WebPage","@id":"https:\/\/relaxsrl.com\/de\/produkte\/kollektionen-2\/evox\/#webpage","url":"https:\/\/relaxsrl.com\/de\/produkte\/kollektionen-2\/evox\/","name":"Evox - Relax srl","isPartOf":{"@id":"https:\/\/relaxsrl.com\/#website"},"primaryImageOfPage":{"@id":"https:\/\/relaxsrl.com\/de\/produkte\/kollektionen-2\/evox\/#primaryimage"},"datePublished":"2022-08-11T09:51:49+00:00","dateModified":"2022-12-16T14:29:24+00:00","description":"Duschkabinen mit Schiebet\u00fcren und mit Soft-Close-System (Modelle SF und SC1).","breadcrumb":{"@id":"https:\/\/relaxsrl.com\/de\/produkte\/kollektionen-2\/evox\/#breadcrumb"},"inLanguage":"de-DE","potentialAction":[{"@type":"ReadAction","target":["https:\/\/relaxsrl.com\/de\/produkte\/kollektionen-2\/evox\/"]}]},{"@type":"BreadcrumbList","@id":"https:\/\/relaxsrl.com\/de\/produkte\/kollektionen-2\/evox\/#breadcrumb","itemListElement":[{"@type":"ListItem","position":1,"name":"Produkte","item":"https:\/\/relaxsrl.com\/de\/produkte\/"},{"@type":"ListItem","position":2,"name":"Kollektionen","item":"https:\/\/relaxsrl.com\/de\/produkte\/kollektionen-old-non-usare\/"},{"@type":"ListItem","position":3,"name":"Evox"}]}]}},"_links":{"self":[{"href":"https:\/\/relaxsrl.com\/de\/wp-json\/wp\/v2\/pages\/22880"}],"collection":[{"href":"https:\/\/relaxsrl.com\/de\/wp-json\/wp\/v2\/pages"}],"about":[{"href":"https:\/\/relaxsrl.com\/de\/wp-json\/wp\/v2\/types\/page"}],"author":[{"embeddable":true,"href":"https:\/\/relaxsrl.com\/de\/wp-json\/wp\/v2\/users\/3"}],"replies":[{"embeddable":true,"href":"https:\/\/relaxsrl.com\/de\/wp-json\/wp\/v2\/comments?post=22880"}],"version-history":[{"count":8,"href":"https:\/\/relaxsrl.com\/de\/wp-json\/wp\/v2\/pages\/22880\/revisions"}],"predecessor-version":[{"id":24969,"href":"https:\/\/relaxsrl.com\/de\/wp-json\/wp\/v2\/pages\/22880\/revisions\/24969"}],"up":[{"embeddable":true,"href":"https:\/\/relaxsrl.com\/de\/wp-json\/wp\/v2\/pages\/32052"}],"wp:featuredmedia":[{"embeddable":true,"href":"https:\/\/relaxsrl.com\/de\/wp-json\/wp\/v2\/media\/2123"}],"wp:attachment":[{"href":"https:\/\/relaxsrl.com\/de\/wp-json\/wp\/v2\/media?parent=22880"}],"curies":[{"name":"wp","href":"https:\/\/api.w.org\/{rel}","templated":true}]}}