{"id":22864,"date":"2022-08-11T11:30:40","date_gmt":"2022-08-11T09:30:40","guid":{"rendered":"https:\/\/relaxsrl.com\/privacy-policy\/"},"modified":"2023-07-06T15:13:59","modified_gmt":"2023-07-06T13:13:59","slug":"privacy-policy","status":"publish","type":"page","link":"https:\/\/relaxsrl.com\/de\/privacy-policy\/","title":{"rendered":"Privacy policy"},"content":{"rendered":"<p>[vc_row][vc_column][vc_column_text]<strong>PRIVACY POLICY<\/strong><\/p>\n<p><strong>\u00a0<\/strong><\/p>\n<p>Auf dieser Seite wird beschrieben, wie die Website im Hinblick auf die Verarbeitung personenbezogener Daten der Benutzer verwaltet wird, die sie konsultieren.<\/p>\n<p>Hierbei handelt es sich um eine Offenlegung gem\u00e4\u00df Art. 13 der Verordnung (EU) 2016\/679 (\u201eDSGVO\u201c) und der geltenden nationalen Gesetzgebung f\u00fcr diejenigen, die mit den Webdiensten von RELAX SRL interagieren, elektronisch zug\u00e4nglich unter der Adresse:<\/p>\n<p>&nbsp;<\/p>\n<p><strong>www.relaxsrl.com<\/strong><\/p>\n<p>&nbsp;<\/p>\n<p>entsprechend der Homepage der offiziellen Website von RELAX SRL.<\/p>\n<p>Die Informationen werden nur f\u00fcr die Website von RELAX SRL und die zugeh\u00f6rigen Subdomains (z. B. www.dominioprincipale.it\/sottodominio) bereitgestellt und nicht f\u00fcr andere externe Websites, die der Benutzer \u00fcber Links auf der Website konsultiert.<\/p>\n<p>Die Informationen basieren auch auf der Empfehlung Nr. 2\/2001, dass die europ\u00e4ischen Beh\u00f6rden zum Schutz personenbezogener Daten in der durch Art. 29 der Richtlinie Nr. 95\/46\/EG, angenommen am 17. Mai 2001, um einige Mindestanforderungen f\u00fcr die Online-Erhebung personenbezogener Daten festzulegen, insbesondere die Methoden, den Zeitpunkt und die Art der Informationen, die die f\u00fcr die Datenverarbeitung Verantwortlichen den Benutzern bereitstellen m\u00fcssen, wenn sie eine Verbindung herstellen Webseiten, unabh\u00e4ngig vom Zweck der Verbindung.<\/p>\n<p>&nbsp;<\/p>\n<p><strong>Wer verarbeitet personenbezogene Daten?<\/strong><\/p>\n<p>Der Datenverantwortliche, d. h. das Subjekt, das die Zwecke und Mittel der Verarbeitung personenbezogener Daten bestimmt, ist RELAX SRL mit Sitz in Via Leonardo da Vinci, 2A \u2013 30020 Torre di Mosto (VE).<\/p>\n<p>&nbsp;<\/p>\n<p><strong>Art der verarbeiteten Daten und Zweck der Verarbeitung<\/strong><\/p>\n<p><strong>\u00a0<\/strong><\/p>\n<p><strong>Navigationsdaten<\/strong><\/p>\n<p>Die f\u00fcr den Betrieb dieser Website verwendeten Computersysteme und Softwareverfahren erfassen w\u00e4hrend ihres normalen Betriebs einige personenbezogene Daten, deren \u00dcbermittlung bei der Verwendung von Internet-Kommunikationsprotokollen implizit ist.<\/p>\n<p>Hierbei handelt es sich um Informationen, die nicht erfasst werden, um identifizierten Interessenten zugeordnet zu werden, sondern die aufgrund ihrer Beschaffenheit durch die Verarbeitung und Verkn\u00fcpfung mit Daten im Besitz Dritter eine Identifizierung der Benutzer erm\u00f6glichen k\u00f6nnten.<\/p>\n<p>Zu dieser Datenkategorie geh\u00f6ren die IP-Adressen oder Dom\u00e4nennamen der Computer, die von Benutzern verwendet werden, die eine Verbindung zur Website herstellen, die Adressen in URI-Notation (Uniform Resource Identifier) \u200b\u200bder angeforderten Ressourcen, der Zeitpunkt der Anfrage und die dazu verwendete Methode die Anfrage an den Server senden, die Gr\u00f6\u00dfe der als Antwort erhaltenen Datei, den numerischen Code, der den Status der vom Server gegebenen Antwort angibt (erfolgreich, Fehler usw.) und andere Parameter, die sich auf das Betriebssystem und die IT-Umgebung des Benutzers beziehen .<\/p>\n<p>Diese Daten werden ausschlie\u00dflich dazu verwendet, anonyme statistische Informationen \u00fcber die Nutzung der Website zu erhalten und deren ordnungsgem\u00e4\u00dfe Funktion zu \u00fcberpr\u00fcfen. Nach der Verarbeitung werden sie gel\u00f6scht. Die Daten k\u00f6nnten verwendet werden, um die Verantwortlichkeit im Falle hypothetischer Computerkriminalit\u00e4t gegen die Website festzustellen.<\/p>\n<p>&nbsp;<\/p>\n<p><strong>Vom Nutzer freiwillig bereitgestellte Daten<\/strong><\/p>\n<p>Das optionale, ausdr\u00fcckliche und freiwillige Versenden von E-Mails an die auf dieser Website angegebenen Adressen, auch durch Ausf\u00fcllen bestimmter Formulare, f\u00fchrt zur anschlie\u00dfenden Erfassung der Absenderadresse, die f\u00fcr die Beantwortung von Anfragen erforderlich ist, sowie aller anderen darin enthaltenen personenbezogenen Daten Schreiben.<\/p>\n<p>&nbsp;<\/p>\n<p>Die Erhebung und Verarbeitung der freiwillig angegebenen personenbezogenen Daten erfolgt zu folgenden Zwecken und auf Grundlage der jeweiligen Rechtsgrundlagen:<\/p>\n<p>&nbsp;<\/p>\n<table width=\"100%\">\n<tbody>\n<tr>\n<td width=\"68%\"><em>Zweck<\/em><\/td>\n<td width=\"30%\"><em>Rechtsgrundlage (Art. 6 DSGVO)<\/em><\/td>\n<\/tr>\n<tr>\n<td width=\"68%\">Bearbeitung von Informationsanfragen zu den von RELAX SRL direkt angebotenen Dienstleistungen und Produkten\/L\u00f6sungen sowie Bearbeitung von Berichten jeglicher Art.<\/td>\n<td width=\"30%\">Benutzeranfrage, indem Sie eine Anfrage und\/oder Mitteilung auch \u00fcber das Kontaktformular senden.<\/td>\n<\/tr>\n<tr>\n<td width=\"68%\">Management von E-Recruiting und\/oder anderen Formen der beruflichen Zusammenarbeit, auf spontane Bewerbung oder \u00fcber ein bestimmtes Formular.<\/td>\n<td width=\"30%\">Anfrage des Nutzers durch Senden seiner Bewerbung.<\/td>\n<\/tr>\n<tr>\n<td width=\"68%\">Abonnement des Newsletter-Dienstes mit informativen, kommerziellen und\/oder verkaufsf\u00f6rdernden Inhalten<\/td>\n<td width=\"30%\">Benutzereinwilligung.<\/p>\n<p>&nbsp;<\/p>\n<p>Die Einwilligung ist optional und kann jederzeit widerrufen werden<\/td>\n<\/tr>\n<tr>\n<td width=\"68%\">Registrierung und Zugriff auf die reservierten Bereiche der Website (Architekten, Wiederverk\u00e4ufer, Konfigurator)<\/td>\n<td width=\"30%\">Benutzeranfrage, gesendet \u00fcber das entsprechende Formular.<\/td>\n<\/tr>\n<\/tbody>\n<\/table>\n<p>&nbsp;<\/p>\n<p>Alle spezifischen Informationen werden nach und nach auf den f\u00fcr bestimmte Dienste eingerichteten Seiten der Website auf Anfrage gemeldet oder angezeigt.<\/p>\n<p>&nbsp;<\/p>\n<p>Die Erhebung und Aufzeichnung der Daten erfolgt f\u00fcr bestimmte, eindeutige und legitime Zwecke und mit mit diesen Zwecken kompatiblen Methoden im Rahmen der f\u00fcr das Funktionieren der Gesch\u00e4ftst\u00e4tigkeit erforderlichen Verarbeitung. Diese Daten werden nach dem Grundsatz der Genauigkeit verarbeitet und gegebenenfalls entsprechend aktualisiert, sodass sie im Hinblick auf die Zwecke der Erhebung stets relevant, vollst\u00e4ndig und nicht \u00fcbertrieben sind und ihre Aufbewahrung f\u00fcr den erforderlichen Zeitraum funktionsf\u00e4hig ist der Zweck, f\u00fcr den die erhoben und anschlie\u00dfend gem\u00e4\u00df der DSGVO und den geltenden nationalen Rechtsvorschriften verarbeitet werden.<\/p>\n<p>Personenbezogene Daten k\u00f6nnen sowohl mit Hilfe von Papier- als auch Telematikinstrumenten und in jedem Fall so verarbeitet werden, dass ihre Sicherheit gew\u00e4hrleistet ist und die gr\u00f6\u00dftm\u00f6gliche Vertraulichkeit des Interessenten gew\u00e4hrleistet ist. Es werden besondere Sicherheitsma\u00dfnahmen beachtet, um Datenverlust, illegale oder falsche Nutzung und unbefugten Zugriff unter vollst\u00e4ndiger Einhaltung von Art. 6 zu verhindern. Art. 32 DSGVO sowie die jeweils aktuelle Landesgesetzgebung.<\/p>\n<p>&nbsp;<\/p>\n<p><strong>Cookies, Plugins und Interaktionsdienste mit externen Plattformen<\/strong><\/p>\n<p>Vollst\u00e4ndige Informationen zur Verwendung von Cookies und Interaktionsdiensten mit externen Plattformen (z. B. sozialen Netzwerken) durch diese Website finden Sie unter folgendem Link:<\/p>\n<p>&nbsp;<\/p>\n<p><a href=\"https:\/\/relaxsrl.com\/de\/cookie-policy\/\"><strong><u>Cookie-Richtlinie der Website www.relaxsrl.com<\/u><\/strong><\/a><\/p>\n<p><em>\u00a0<\/em><\/p>\n<p><strong>Art des Beitrags<\/strong><\/p>\n<p>Abgesehen von den Navigationsdaten ist die Bereitstellung der Daten durch den Nutzer freiwillig. Die Nichtbereitstellung der Daten kann dazu f\u00fchren, dass RELAX SRL die angeforderten Dienstleistungen nicht bearbeiten kann.<\/p>\n<p>Die Einwilligung ist, sofern sie f\u00fcr bestimmte Zwecke erforderlich ist, stets optional und kann, sofern erteilt, jederzeit durch eine Anfrage an die folgende Adresse widerrufen werden: info@relaxsrl.com.<\/p>\n<p><strong>\u00a0<\/strong><\/p>\n<p><strong>Datenkommunikation<\/strong><\/p>\n<p>Unbeschadet der Kommunikation und Verbreitung im Einklang mit den gesetzlichen Verpflichtungen k\u00f6nnen alle erhobenen und verarbeiteten Daten an folgende Personen weitergegeben werden:<\/p>\n<ul>\n<li>Personen, denen die \u00dcbermittlung der Daten f\u00fcr die Ausf\u00fchrung eines Vertrags, an dem der Interessent beteiligt ist, oder f\u00fcr die Durchf\u00fchrung vorvertraglicher Ma\u00dfnahmen, die auf dessen Anfrage hin getroffen werden, sowie im Allgemeinen erforderlich ist , zur Verfolgung der in dieser Erkl\u00e4rung genannten Zwecke;<\/li>\n<li>Subjekte, die im Auftrag des Datenverantwortlichen als Verantwortliche gem\u00e4\u00df Art. 2 Verarbeitungen durchf\u00fchren. 28 DSGVO, wie zum Beispiel, aber nicht beschr\u00e4nkt auf: Subjekte, die Dienstleistungen f\u00fcr die Verwaltung des Informationssystems und der Telekommunikationsnetze (einschlie\u00dflich E-Mail) erbringen. Die vollst\u00e4ndige und aktualisierte Liste der Manager ist f\u00fcr die Berechtigten auf einfache Anfrage am Hauptsitz des Datenverantwortlichen erh\u00e4ltlich<\/li>\n<li>Personen, die nach geltendem Recht zum Zugriff auf die Daten berechtigt sind und\/oder denen die Daten zur Erf\u00fcllung gesetzlicher Verpflichtungen mitgeteilt werden m\u00fcssen.<\/li>\n<\/ul>\n<p>Personenbezogene Daten k\u00f6nnen von Mitarbeitern und Mitarbeitern verarbeitet werden, die den zust\u00e4ndigen B\u00fcros des Unterzeichners zugewiesen sind und die ausdr\u00fccklich zur Verarbeitung auf der Grundlage der Bestimmungen von Art. 1 erm\u00e4chtigt sind. Art. 29 DSGVO und den jeweils geltenden nationalen Rechtsvorschriften.<\/p>\n<p><strong>\u00a0<\/strong><\/p>\n<p><strong>Daten\u00fcbermittlungen ins Ausland<\/strong><\/p>\n<p>Die \u00dcbermittlung personenbezogener Daten ins Ausland ist nur zur Verfolgung der in diesen Informationen genannten Zwecke oder aus rein technischen Gr\u00fcnden im Zusammenhang mit der Struktur des IT-Systems des Unternehmens und\/oder der Anwendung technischer und organisatorischer Sicherheitsma\u00dfnahmen, die der Verantwortliche f\u00fcr angemessen erachtet, zul\u00e4ssig und ausschlie\u00dflich in \u00dcbereinstimmung mit den Artikeln 44 ff. DSGVO (bei Vorliegen von Angemessenheitsbeschl\u00fcssen und\/oder angemessenen Garantien immer unter der Bedingung, dass die betroffenen Parteien \u00fcber durchsetzbare Rechte und wirksame Rechtsbehelfe verf\u00fcgen, oder unter der Bedingung, dass man von Zeit zu Zeit in eine der spezifischen Ausnahmeregelungen f\u00e4llt, die in der DSGVO vorgesehen sind). Gesetzgebung).<\/p>\n<p><strong>\u00a0<\/strong><\/p>\n<p><strong>Datenaufbewahrungszeiten:<\/strong><\/p>\n<p>Die Daten werden f\u00fcr einen Zeitraum aufbewahrt, der die Erreichung der in diesen Informationen genannten Zwecke nicht \u00fcberschreitet. Insbesondere werden die bereitgestellten Daten in unseren Archiven gem\u00e4\u00df den folgenden Parametern gespeichert:<\/p>\n<ul>\n<li>Vom Nutzer freiwillig bereitgestellte Daten: bis zur Erbringung der Dienstleistung oder auf der Grundlage etwaiger gesetzlich festgelegter Fristen;<\/li>\n<li>Verarbeitete Daten f\u00fcr den Versand des Newsletters: bis zur Abmeldung vom Dienst;<\/li>\n<\/ul>\n<p>Im Hinblick auf die gesetzlich vorgesehenen spezifischen Verj\u00e4hrungsfristen k\u00f6nnen die f\u00fcr die Beurteilung, Aus\u00fcbung oder Verteidigung eines Rechts vor Gericht erforderlichen Daten l\u00e4ngeren Aufbewahrungsfristen unterliegen.<\/p>\n<p>Die \u00dcberpr\u00fcfung der Veralterung der gespeicherten Daten im Hinblick auf die Zwecke, f\u00fcr die sie erhoben wurden, wird regelm\u00e4\u00dfig durchgef\u00fchrt.<\/p>\n<p><strong>\u00a0<\/strong><\/p>\n<p><strong>Rechte des Interessenten<\/strong><\/p>\n<p>Der Interessent hat in den vorgesehenen F\u00e4llen das Recht, Zugang zu seinen personenbezogenen Daten zu erhalten und diese zu berichtigen oder zu l\u00f6schen oder die ihn betreffende Behandlung einzuschr\u00e4nken oder sich der Behandlung zu widersetzen (Artikel 15 ff. der DSGVO). , indem Sie den Datenverantwortlichen unter der folgenden E-Mail-Adresse kontaktieren: info@relaxsrl.com.<\/p>\n<p>&nbsp;<\/p>\n<p><strong>Recht auf Beschwerde<\/strong><\/p>\n<p>Der Interessent, der der Meinung ist, dass die Verarbeitung personenbezogener Daten unter Versto\u00df gegen die Bestimmungen der DSGVO 2016\/679 erfolgt, hat das Recht, eine Beschwerde bei der Aufsichtsbeh\u00f6rde des Staates der Europ\u00e4ischen Union einzureichen, in dem er seinen gew\u00f6hnlichen Aufenthalt, seine Arbeit oder das Land hat der Ort, an dem der mutma\u00dfliche Versto\u00df stattgefunden hat, wie in Art. 77 DSGVO 2016\/679 zu widerrufen oder die zust\u00e4ndigen gerichtlichen \u00c4mter zu \u00fcbernehmen.<\/p>\n<p><strong><span style=\"text-decoration: line-through;\">\u00a0<\/span><\/strong><\/p>\n<p><strong>F\u00fcr weitere Informationen k\u00f6nnen Sie sich an den Datenverantwortlichen wenden:<\/strong><\/p>\n<p><strong>\u00a0<\/strong><\/p>\n<p><strong>RELAX SRL<\/strong><\/p>\n<p>Via Leonardo da Vinci, 2A &#8211; 30020 Torre di Mosto (VE)<\/p>\n<p>Telefon +39 0421 1765124 &#8211; Fax +39 0421 466654<\/p>\n<p>eM.: info@relaxsrl.com<\/p>\n<p>&nbsp;<\/p>\n<p>Letzte \u00c4nderung: 07.06.2023[\/vc_column_text][vc_empty_space height=&#8220;100px&#8220;][\/vc_column][\/vc_row]<\/p>\n","protected":false},"excerpt":{"rendered":"<p>[vc_row][vc_column][vc_column_text]PRIVACY POLICY \u00a0 Auf dieser Seite wird beschrieben, wie die Website im Hinblick auf die Verarbeitung personenbezogener Daten der Benutzer verwaltet wird, die sie konsultieren. Hierbei handelt es sich um eine Offenlegung gem\u00e4\u00df Art. 13 der Verordnung (EU) 2016\/679 (\u201eDSGVO\u201c) und der geltenden nationalen Gesetzgebung f\u00fcr diejenigen, die mit den Webdiensten von RELAX SRL interagieren, [&hellip;]<\/p>\n","protected":false},"author":3,"featured_media":0,"parent":0,"menu_order":0,"comment_status":"closed","ping_status":"open","template":"","meta":[],"acf":[],"yoast_head":"<!-- This site is optimized with the Yoast SEO Premium plugin v18.4 (Yoast SEO v18.8) - https:\/\/yoast.com\/wordpress\/plugins\/seo\/ -->\n<title>Privacy policy - Relax srl<\/title>\n<meta name=\"robots\" content=\"noindex, follow\" \/>\n<meta property=\"og:locale\" content=\"de_DE\" \/>\n<meta property=\"og:type\" content=\"article\" \/>\n<meta property=\"og:title\" content=\"Privacy policy - Relax srl\" \/>\n<meta property=\"og:description\" content=\"[vc_row][vc_column][vc_column_text]PRIVACY POLICY \u00a0 Auf dieser Seite wird beschrieben, wie die Website im Hinblick auf die Verarbeitung personenbezogener Daten der Benutzer verwaltet wird, die sie konsultieren. Hierbei handelt es sich um eine Offenlegung gem\u00e4\u00df Art. 13 der Verordnung (EU) 2016\/679 (\u201eDSGVO\u201c) und der geltenden nationalen Gesetzgebung f\u00fcr diejenigen, die mit den Webdiensten von RELAX SRL interagieren, [&hellip;]\" \/>\n<meta property=\"og:url\" content=\"https:\/\/relaxsrl.com\/de\/privacy-policy\/\" \/>\n<meta property=\"og:site_name\" content=\"Relax srl\" \/>\n<meta property=\"article:modified_time\" content=\"2023-07-06T13:13:59+00:00\" \/>\n<meta name=\"twitter:card\" content=\"summary_large_image\" \/>\n<meta name=\"twitter:label1\" content=\"Gesch\u00e4tzte Lesezeit\" \/>\n\t<meta name=\"twitter:data1\" content=\"8 Minuten\" \/>\n<script type=\"application\/ld+json\" class=\"yoast-schema-graph\">{\"@context\":\"https:\/\/schema.org\",\"@graph\":[{\"@type\":\"WebSite\",\"@id\":\"https:\/\/relaxsrl.com\/#website\",\"url\":\"https:\/\/relaxsrl.com\/\",\"name\":\"Relax srl\",\"description\":\"\",\"potentialAction\":[{\"@type\":\"SearchAction\",\"target\":{\"@type\":\"EntryPoint\",\"urlTemplate\":\"https:\/\/relaxsrl.com\/?s={search_term_string}\"},\"query-input\":\"required name=search_term_string\"}],\"inLanguage\":\"de-DE\"},{\"@type\":\"WebPage\",\"@id\":\"https:\/\/relaxsrl.com\/de\/privacy-policy\/#webpage\",\"url\":\"https:\/\/relaxsrl.com\/de\/privacy-policy\/\",\"name\":\"Privacy policy - Relax srl\",\"isPartOf\":{\"@id\":\"https:\/\/relaxsrl.com\/#website\"},\"datePublished\":\"2022-08-11T09:30:40+00:00\",\"dateModified\":\"2023-07-06T13:13:59+00:00\",\"breadcrumb\":{\"@id\":\"https:\/\/relaxsrl.com\/de\/privacy-policy\/#breadcrumb\"},\"inLanguage\":\"de-DE\",\"potentialAction\":[{\"@type\":\"ReadAction\",\"target\":[\"https:\/\/relaxsrl.com\/de\/privacy-policy\/\"]}]},{\"@type\":\"BreadcrumbList\",\"@id\":\"https:\/\/relaxsrl.com\/de\/privacy-policy\/#breadcrumb\",\"itemListElement\":[{\"@type\":\"ListItem\",\"position\":1,\"name\":\"Privacy policy\"}]}]}<\/script>\n<!-- \/ Yoast SEO Premium plugin. -->","yoast_head_json":{"title":"Privacy policy - Relax srl","robots":{"index":"noindex","follow":"follow"},"og_locale":"de_DE","og_type":"article","og_title":"Privacy policy - Relax srl","og_description":"[vc_row][vc_column][vc_column_text]PRIVACY POLICY \u00a0 Auf dieser Seite wird beschrieben, wie die Website im Hinblick auf die Verarbeitung personenbezogener Daten der Benutzer verwaltet wird, die sie konsultieren. Hierbei handelt es sich um eine Offenlegung gem\u00e4\u00df Art. 13 der Verordnung (EU) 2016\/679 (\u201eDSGVO\u201c) und der geltenden nationalen Gesetzgebung f\u00fcr diejenigen, die mit den Webdiensten von RELAX SRL interagieren, [&hellip;]","og_url":"https:\/\/relaxsrl.com\/de\/privacy-policy\/","og_site_name":"Relax srl","article_modified_time":"2023-07-06T13:13:59+00:00","twitter_card":"summary_large_image","twitter_misc":{"Gesch\u00e4tzte Lesezeit":"8 Minuten"},"schema":{"@context":"https:\/\/schema.org","@graph":[{"@type":"WebSite","@id":"https:\/\/relaxsrl.com\/#website","url":"https:\/\/relaxsrl.com\/","name":"Relax srl","description":"","potentialAction":[{"@type":"SearchAction","target":{"@type":"EntryPoint","urlTemplate":"https:\/\/relaxsrl.com\/?s={search_term_string}"},"query-input":"required name=search_term_string"}],"inLanguage":"de-DE"},{"@type":"WebPage","@id":"https:\/\/relaxsrl.com\/de\/privacy-policy\/#webpage","url":"https:\/\/relaxsrl.com\/de\/privacy-policy\/","name":"Privacy policy - Relax srl","isPartOf":{"@id":"https:\/\/relaxsrl.com\/#website"},"datePublished":"2022-08-11T09:30:40+00:00","dateModified":"2023-07-06T13:13:59+00:00","breadcrumb":{"@id":"https:\/\/relaxsrl.com\/de\/privacy-policy\/#breadcrumb"},"inLanguage":"de-DE","potentialAction":[{"@type":"ReadAction","target":["https:\/\/relaxsrl.com\/de\/privacy-policy\/"]}]},{"@type":"BreadcrumbList","@id":"https:\/\/relaxsrl.com\/de\/privacy-policy\/#breadcrumb","itemListElement":[{"@type":"ListItem","position":1,"name":"Privacy policy"}]}]}},"_links":{"self":[{"href":"https:\/\/relaxsrl.com\/de\/wp-json\/wp\/v2\/pages\/22864"}],"collection":[{"href":"https:\/\/relaxsrl.com\/de\/wp-json\/wp\/v2\/pages"}],"about":[{"href":"https:\/\/relaxsrl.com\/de\/wp-json\/wp\/v2\/types\/page"}],"author":[{"embeddable":true,"href":"https:\/\/relaxsrl.com\/de\/wp-json\/wp\/v2\/users\/3"}],"replies":[{"embeddable":true,"href":"https:\/\/relaxsrl.com\/de\/wp-json\/wp\/v2\/comments?post=22864"}],"version-history":[{"count":5,"href":"https:\/\/relaxsrl.com\/de\/wp-json\/wp\/v2\/pages\/22864\/revisions"}],"predecessor-version":[{"id":28966,"href":"https:\/\/relaxsrl.com\/de\/wp-json\/wp\/v2\/pages\/22864\/revisions\/28966"}],"wp:attachment":[{"href":"https:\/\/relaxsrl.com\/de\/wp-json\/wp\/v2\/media?parent=22864"}],"curies":[{"name":"wp","href":"https:\/\/api.w.org\/{rel}","templated":true}]}}