{"id":22800,"date":"2022-08-10T17:55:17","date_gmt":"2022-08-10T15:55:17","guid":{"rendered":"https:\/\/relaxsrl.com\/home\/"},"modified":"2025-10-06T09:55:17","modified_gmt":"2025-10-06T07:55:17","slug":"home","status":"publish","type":"page","link":"https:\/\/relaxsrl.com\/de\/","title":{"rendered":"Home"},"content":{"rendered":"<p>[vc_row full_width=&#8220;stretch_row_content_no_spaces&#8220; el_class=&#8220;row_home_caption_img&#8220;][vc_column][vc_column_text el_class=&#8220;home_caption_img&#8220;]<\/p>\n<h2>Oblique, stabilisierendes regal<\/h2>\n<p>Das Zubeh\u00f6r, das die Regeln der Duschkabine ver\u00e4ndert, indem es die Kabine v\u00f6llig autonom und ohne zus\u00e4tzliche Elemente st\u00fctzt.<\/p>\n<p><a class=\"btn\" title=\"\" href=\"https:\/\/relaxsrl.com\/de\/produkt\/wall-ob\/\">LASS DICH INSPIRIEREN<\/a>[\/vc_column_text][\/vc_column][\/vc_row][vc_row full_width=&#8220;stretch_row_content_no_spaces&#8220;][vc_column][vc_single_image image=&#8220;31983&#8243; img_size=&#8220;full&#8220; alignment=&#8220;center&#8220;][\/vc_column][\/vc_row][vc_row full_width=&#8220;stretch_row_content_no_spaces&#8220;][vc_column][vc_column_text el_class=&#8220;home_caption_img-xs&#8220;]<\/p>\n<h2>Oblique, stabilisierendes regal<\/h2>\n<p>Das Zubeh\u00f6r, das die Regeln der Duschkabine ver\u00e4ndert, indem es die Kabine v\u00f6llig autonom und ohne zus\u00e4tzliche Elemente st\u00fctzt.<\/p>\n<p><a class=\"btn\" title=\"\" href=\"https:\/\/relaxsrl.com\/de\/produkt\/wall-ob\/\">LASS DICH INSPIRIEREN<\/a>[\/vc_column_text][\/vc_column][\/vc_row][vc_row][vc_column width=&#8220;1\/12&#8243;][\/vc_column][vc_column width=&#8220;10\/12&#8243;][vc_column_text]<\/p>\n<h2 class=\"home_h2\" style=\"text-align: center;\">Das Herz von Relax liegt in Venedig, Inspiration f\u00fcr Produkte, um Wasser jeden Tag zu erleben.<\/h2>\n<p>[\/vc_column_text][\/vc_column][vc_column width=&#8220;1\/12&#8243;][\/vc_column][\/vc_row][vc_row][vc_column][\/vc_column][\/vc_row][vc_row][vc_column width=&#8220;1\/2&#8243; el_class=&#8220;home_banner_tipologia&#8220;][vc_single_image image=&#8220;30150&#8243; img_size=&#8220;full&#8220; onclick=&#8220;custom_link&#8220; link=&#8220;https:\/\/relaxsrl.com\/de\/produkte\/typen\/duschkabine\/&#8220;][vc_column_text]<\/p>\n<h3><a href=\"https:\/\/relaxsrl.com\/de\/produkte\/typen\/duschkabine\/\">Duschkabine<\/a><\/h3>\n<p>[\/vc_column_text][\/vc_column][vc_column width=&#8220;1\/2&#8243; el_class=&#8220;home_banner_tipologia&#8220;][vc_single_image image=&#8220;30155&#8243; img_size=&#8220;full&#8220; onclick=&#8220;custom_link&#8220; link=&#8220;https:\/\/relaxsrl.com\/de\/produkte\/typen\/wannen\/&#8220;][vc_column_text]<\/p>\n<h3><a href=\"https:\/\/relaxsrl.com\/de\/produkte\/typen\/wannen\/\">Badewannen<\/a><\/h3>\n<p>[\/vc_column_text][\/vc_column][\/vc_row][vc_row][vc_column width=&#8220;1\/2&#8243; el_class=&#8220;home_banner_tipologia&#8220;][vc_single_image image=&#8220;30171&#8243; img_size=&#8220;full&#8220; onclick=&#8220;custom_link&#8220; link=&#8220;https:\/\/relaxsrl.com\/de\/produkte\/typen\/ergaenzungen\/&#8220;][vc_column_text]<\/p>\n<h3><a href=\"https:\/\/relaxsrl.com\/de\/produkte\/typen\/ergaenzungen\/\">Erg\u00e4nzungen<\/a><\/h3>\n<p>[\/vc_column_text][\/vc_column][vc_column width=&#8220;1\/2&#8243; el_class=&#8220;home_banner_tipologia&#8220;][vc_single_image image=&#8220;30165&#8243; img_size=&#8220;full&#8220; onclick=&#8220;custom_link&#8220; link=&#8220;https:\/\/relaxsrl.com\/de\/produkte\/typen\/duschwannen-und-waende\/&#8220;][vc_column_text]<\/p>\n<h3><a href=\"https:\/\/relaxsrl.com\/de\/produkte\/typen\/duschwannen-und-waende\/\">Duschwannen und W\u00e4nde<\/a><\/h3>\n<p>[\/vc_column_text][\/vc_column][\/vc_row][vc_row][vc_column width=&#8220;1\/12&#8243;][\/vc_column][vc_column width=&#8220;10\/12&#8243;][vc_empty_space height=&#8220;20px&#8220;][vc_column_text]<\/p>\n<h1 class=\"home_h1\" style=\"text-align: center; margin-bottom: 20px;\">Made in Italy Stil, Qualit\u00e4t und Sorgfalt.<\/h1>\n<p class=\"abstract\" style=\"text-align: center;\">Unsere L\u00f6sungen f\u00fcr das Badumfeld sind Duschen, Badewannenabtrennungen, Badewannen, Duschwannen, W\u00e4nde und Accessoires mit hohen Qualit\u00e4tsanspr\u00fcchen, die durch individuelle Eingriffe individualisiert werden k\u00f6nnen .<\/p>\n<p>[\/vc_column_text][vc_empty_space height=&#8220;40px&#8220;][vc_btn title=&#8220;ALLE PRODUKTE SEHEN&#8220; style=&#8220;classic&#8220; shape=&#8220;square&#8220; color=&#8220;white&#8220; align=&#8220;center&#8220; link=&#8220;url:https%3A%2F%2Frelaxsrl.com%2Fde%2Fprodukte%2Ftypen%2F|title:Produkte&#8220; el_class=&#8220;btn-default&#8220;][vc_empty_space height=&#8220;60px&#8220;][\/vc_column][vc_column width=&#8220;1\/12&#8243;][\/vc_column][\/vc_row][vc_row equal_height=&#8220;yes&#8220; content_placement=&#8220;middle&#8220; el_class=&#8220;row-banner-home&#8220;][vc_column width=&#8220;7\/12&#8243;][vc_single_image image=&#8220;30240&#8243; img_size=&#8220;full&#8220; onclick=&#8220;custom_link&#8220; link=&#8220;https:\/\/relaxsrl.com\/de\/anleitung-zur-auswahl\/&#8220;][\/vc_column][vc_column width=&#8220;5\/12&#8243; el_class=&#8220;col-text&#8220; css=&#8220;.vc_custom_1707390837808{background-image: url(https:\/\/relaxsrl.com\/website\/wp-content\/uploads\/2024\/02\/guida-alla-scelta-opaco-1.jpg?id=30190) !important;background-position: center !important;background-repeat: no-repeat !important;background-size: cover !important;}&#8220;][vc_column_text]<\/p>\n<h3 style=\"text-align: center;\">Anleitung zur Auswahl<\/h3>\n<p style=\"text-align: center;\">Alles, was Sie wissen m\u00fcssen, um die beste zertifizierte Duschkabine f\u00fcr Ihre Bed\u00fcrfnisse auszuw\u00e4hlen.<\/p>\n<p>[\/vc_column_text][vc_btn title=&#8220;GEHEN SIE ZUM BERATUNG&#8220; style=&#8220;classic&#8220; shape=&#8220;square&#8220; color=&#8220;white&#8220; align=&#8220;center&#8220; el_class=&#8220;btn-default-white&#8220; link=&#8220;url:https%3A%2F%2Frelaxsrl.com%2Fde%2Fanleitung-zur-auswahl%2F|title:Anleitung%20zur%20Auswahl&#8220;][\/vc_column][\/vc_row][vc_row equal_height=&#8220;yes&#8220; content_placement=&#8220;middle&#8220; el_class=&#8220;row-banner-home&#8220;][vc_column width=&#8220;5\/12&#8243; el_class=&#8220;col-text&#8220; css=&#8220;.vc_custom_1707390819820{background-image: url(https:\/\/relaxsrl.com\/website\/wp-content\/uploads\/2024\/02\/guida-alla-scelta-opaco-1.jpg?id=30190) !important;background-position: center !important;background-repeat: no-repeat !important;background-size: cover !important;}&#8220;][vc_column_text]<\/p>\n<h3 style=\"text-align: center;\">Nach Ma\u00df Duschkabine<\/h3>\n<p style=\"text-align: center;\">Nach Ma\u00df Duschkabine? Unsere praktischen Tipps helfen Ihnen, sich zurechtzufinden.<\/p>\n<p>[\/vc_column_text][vc_btn title=&#8220;WEITERLESEN&#8220; style=&#8220;classic&#8220; shape=&#8220;square&#8220; color=&#8220;white&#8220; align=&#8220;center&#8220; el_class=&#8220;btn-default-white&#8220; link=&#8220;url:https%3A%2F%2Frelaxsrl.com%2Fde%2Fanleitung-zur-auswahl%2Fmassgefertigte-duschkabine%2F|title:Anleitung%20zur%20Auswahl&#8220;][\/vc_column][vc_column width=&#8220;7\/12&#8243;][vc_single_image image=&#8220;30231&#8243; img_size=&#8220;full&#8220; onclick=&#8220;custom_link&#8220; link=&#8220;https:\/\/relaxsrl.com\/de\/anleitung-zur-auswahl\/massgefertigte-duschkabine\/&#8220;][\/vc_column][\/vc_row][vc_row][vc_column][vc_empty_space height=&#8220;35px&#8220;][\/vc_column][\/vc_row][vc_row full_width=&#8220;stretch_row&#8220; el_class=&#8220;row-home-news&#8220;][vc_column][vc_basic_grid post_type=&#8220;post&#8220; max_items=&#8220;2&#8243; element_width=&#8220;6&#8243; item=&#8220;1543&#8243; grid_id=&#8220;vc_gid:1759737287443-73093f82-6763-4&#8243;][\/vc_column][\/vc_row][vc_row][vc_column][vc_empty_space height=&#8220;100px&#8220;][\/vc_column][\/vc_row][vc_row equal_height=&#8220;yes&#8220; content_placement=&#8220;middle&#8220; el_class=&#8220;row-banner-home&#8220;][vc_column width=&#8220;7\/12&#8243;][vc_single_image image=&#8220;30259&#8243; img_size=&#8220;full&#8220; onclick=&#8220;custom_link&#8220; link=&#8220;https:\/\/relaxsrl.com\/de\/produkte\/konfigurator\/&#8220;][\/vc_column][vc_column width=&#8220;5\/12&#8243; el_class=&#8220;col-text&#8220; css=&#8220;.vc_custom_1707398571721{background-image: url(https:\/\/relaxsrl.com\/website\/wp-content\/uploads\/2024\/02\/guida-alla-scelta-opaco-1.jpg?id=30190) !important;background-position: center !important;background-repeat: no-repeat !important;background-size: cover !important;}&#8220;][vc_column_text]<\/p>\n<h3 style=\"text-align: center;\">Konfigurator<\/h3>\n<p style=\"text-align: center;\">Erstellen Sie mit dem Relax-Konfigurator Ihre Duschkabine. Einfach anzuwenden, sofortige Ergebnisse.<\/p>\n<p>[\/vc_column_text][vc_btn title=&#8220;FANG HIER AN&#8220; style=&#8220;classic&#8220; shape=&#8220;square&#8220; color=&#8220;white&#8220; align=&#8220;center&#8220; el_class=&#8220;btn-default-white&#8220; link=&#8220;url:https%3A%2F%2Frelaxsrl.com%2Fde%2Fprodukte%2Fkonfigurator%2F|title:Anleitung%20zur%20Auswahl&#8220;][\/vc_column][\/vc_row][vc_row][vc_column width=&#8220;1\/12&#8243;][\/vc_column][vc_column width=&#8220;10\/12&#8243;][vc_column_text]<\/p>\n<h2 style=\"text-align: center; margin-bottom: 20px;\">Relax seit 2003.<\/h2>\n<p class=\"abstract\" style=\"text-align: center;\">Wir begannen mit Duschkabine, die sch\u00f6n und funktional sein sollten. Wir sind mit den oft patentierten technologischen L\u00f6sungen unserer Research &amp; Entwicklung und mit ma\u00dfgeschneiderten Antworten.<\/p>\n<p>[\/vc_column_text][vc_empty_space height=&#8220;40px&#8220;][vc_btn title=&#8220;WEITERLESEN&#8220; style=&#8220;classic&#8220; shape=&#8220;square&#8220; color=&#8220;white&#8220; align=&#8220;center&#8220; link=&#8220;url:https%3A%2F%2Frelaxsrl.com%2Fde%2Funternehmen%2F|title:Unternehmen&#8220; el_class=&#8220;btn-default&#8220;][vc_empty_space height=&#8220;75px&#8220;][\/vc_column][vc_column width=&#8220;1\/12&#8243;][\/vc_column][\/vc_row][vc_row full_width=&#8220;stretch_row&#8220; css=&#8220;.vc_custom_1633335397338{background-image: url(http:\/\/relaxsrl.com\/wp-content\/uploads\/2021\/10\/area-architetti.jpg?id=3258) !important;background-position: center !important;background-repeat: no-repeat !important;background-size: cover !important;}&#8220; el_class=&#8220;row-home-reserved-area&#8220;][vc_column width=&#8220;1\/2&#8243;][vc_column_text el_class=&#8220;home-reserved-area-banner home-reserved-area-banner-left&#8220;]<\/p>\n<h2>Bereich f\u00fcr die Architekten<\/h2>\n<p>Arbeiten Sie in der Architektur oder Innenarchitektur? Wir haben einige spezielle Ressourcen f\u00fcr Sie entworfen.<\/p>\n<p><a class=\"btn btn-default\" href=\"https:\/\/www.relaxsrl.com\/xapp\/public\/architect-login\"> ENTDECKEN <\/a>[\/vc_column_text][\/vc_column][vc_column width=&#8220;1\/2&#8243;][vc_column_text el_class=&#8220;home-reserved-area-banner home-reserved-area-banner-right&#8220;]<\/p>\n<h2>Bereich f\u00fcr die H\u00e4ndler<\/h2>\n<p>Es ist der Bereich, der unseren Resellern mit ma\u00dfgeschneiderten Tools, Informationen und Einblicken vorbehalten ist.<\/p>\n<p><a class=\"btn btn-default\" href=\"https:\/\/www.relaxsrl.com\/xapp\/public\/login\"> EINGABE <\/a>[\/vc_column_text][\/vc_column][\/vc_row]<\/p>\n","protected":false},"excerpt":{"rendered":"<p>[vc_row full_width=&#8220;stretch_row_content_no_spaces&#8220; el_class=&#8220;row_home_caption_img&#8220;][vc_column][vc_column_text el_class=&#8220;home_caption_img&#8220;] Oblique, stabilisierendes regal Das Zubeh\u00f6r, das die Regeln der Duschkabine ver\u00e4ndert, indem es die Kabine v\u00f6llig autonom und ohne zus\u00e4tzliche Elemente st\u00fctzt. LASS DICH INSPIRIEREN[\/vc_column_text][\/vc_column][\/vc_row][vc_row full_width=&#8220;stretch_row_content_no_spaces&#8220;][vc_column][vc_single_image image=&#8220;31983&#8243; img_size=&#8220;full&#8220; alignment=&#8220;center&#8220;][\/vc_column][\/vc_row][vc_row full_width=&#8220;stretch_row_content_no_spaces&#8220;][vc_column][vc_column_text el_class=&#8220;home_caption_img-xs&#8220;] Oblique, stabilisierendes regal Das Zubeh\u00f6r, das die Regeln der Duschkabine ver\u00e4ndert, indem es die Kabine v\u00f6llig autonom und ohne zus\u00e4tzliche [&hellip;]<\/p>\n","protected":false},"author":3,"featured_media":31983,"parent":0,"menu_order":0,"comment_status":"closed","ping_status":"closed","template":"","meta":[],"acf":[],"yoast_head":"<!-- This site is optimized with the Yoast SEO Premium plugin v18.4 (Yoast SEO v18.8) - https:\/\/yoast.com\/wordpress\/plugins\/seo\/ -->\n<title>Duschkabine Relax: Italienische Qualit\u00e4ts- und Designprodukte<\/title>\n<meta name=\"description\" content=\"Relax-Duschabtrennungen sind italienisch, in allen \u00d6ffnungen erh\u00e4ltlich und von T\u00dcV S\u00fcd-zertifizierter Qualit\u00e4t.\" \/>\n<meta name=\"robots\" content=\"index, follow, max-snippet:-1, max-image-preview:large, max-video-preview:-1\" \/>\n<link rel=\"canonical\" href=\"https:\/\/relaxsrl.com\/de\/\" \/>\n<meta property=\"og:locale\" content=\"de_DE\" \/>\n<meta property=\"og:type\" content=\"article\" \/>\n<meta property=\"og:title\" content=\"Duschkabine Relax: Italienische Qualit\u00e4ts- und Designprodukte\" \/>\n<meta property=\"og:description\" content=\"Relax-Duschabtrennungen sind italienisch, in allen \u00d6ffnungen erh\u00e4ltlich und von T\u00dcV S\u00fcd-zertifizierter Qualit\u00e4t.\" \/>\n<meta property=\"og:url\" content=\"https:\/\/relaxsrl.com\/de\/\" \/>\n<meta property=\"og:site_name\" content=\"Relax srl\" \/>\n<meta property=\"article:modified_time\" content=\"2025-10-06T07:55:17+00:00\" \/>\n<meta property=\"og:image\" content=\"https:\/\/relaxsrl.com\/website\/wp-content\/uploads\/2025\/10\/OBLIQUE-HOMEPAGE.jpg\" \/>\n\t<meta property=\"og:image:width\" content=\"1920\" \/>\n\t<meta property=\"og:image:height\" content=\"1080\" \/>\n\t<meta property=\"og:image:type\" content=\"image\/jpeg\" \/>\n<meta name=\"twitter:card\" content=\"summary_large_image\" \/>\n<meta name=\"twitter:label1\" content=\"Gesch\u00e4tzte Lesezeit\" \/>\n\t<meta name=\"twitter:data1\" content=\"3 Minuten\" \/>\n<script type=\"application\/ld+json\" class=\"yoast-schema-graph\">{\"@context\":\"https:\/\/schema.org\",\"@graph\":[{\"@type\":\"WebSite\",\"@id\":\"https:\/\/relaxsrl.com\/#website\",\"url\":\"https:\/\/relaxsrl.com\/\",\"name\":\"Relax srl\",\"description\":\"\",\"potentialAction\":[{\"@type\":\"SearchAction\",\"target\":{\"@type\":\"EntryPoint\",\"urlTemplate\":\"https:\/\/relaxsrl.com\/?s={search_term_string}\"},\"query-input\":\"required name=search_term_string\"}],\"inLanguage\":\"de-DE\"},{\"@type\":\"ImageObject\",\"inLanguage\":\"de-DE\",\"@id\":\"https:\/\/relaxsrl.com\/de\/#primaryimage\",\"url\":\"https:\/\/relaxsrl.com\/website\/wp-content\/uploads\/2025\/10\/OBLIQUE-HOMEPAGE.jpg\",\"contentUrl\":\"https:\/\/relaxsrl.com\/website\/wp-content\/uploads\/2025\/10\/OBLIQUE-HOMEPAGE.jpg\",\"width\":1920,\"height\":1080},{\"@type\":\"WebPage\",\"@id\":\"https:\/\/relaxsrl.com\/de\/#webpage\",\"url\":\"https:\/\/relaxsrl.com\/de\/\",\"name\":\"Duschkabine Relax: Italienische Qualit\u00e4ts- und Designprodukte\",\"isPartOf\":{\"@id\":\"https:\/\/relaxsrl.com\/#website\"},\"primaryImageOfPage\":{\"@id\":\"https:\/\/relaxsrl.com\/de\/#primaryimage\"},\"datePublished\":\"2022-08-10T15:55:17+00:00\",\"dateModified\":\"2025-10-06T07:55:17+00:00\",\"description\":\"Relax-Duschabtrennungen sind italienisch, in allen \u00d6ffnungen erh\u00e4ltlich und von T\u00dcV S\u00fcd-zertifizierter Qualit\u00e4t.\",\"breadcrumb\":{\"@id\":\"https:\/\/relaxsrl.com\/de\/#breadcrumb\"},\"inLanguage\":\"de-DE\",\"potentialAction\":[{\"@type\":\"ReadAction\",\"target\":[\"https:\/\/relaxsrl.com\/de\/\"]}]},{\"@type\":\"BreadcrumbList\",\"@id\":\"https:\/\/relaxsrl.com\/de\/#breadcrumb\",\"itemListElement\":[{\"@type\":\"ListItem\",\"position\":1,\"name\":\"Home\"}]}]}<\/script>\n<!-- \/ Yoast SEO Premium plugin. -->","yoast_head_json":{"title":"Duschkabine Relax: Italienische Qualit\u00e4ts- und Designprodukte","description":"Relax-Duschabtrennungen sind italienisch, in allen \u00d6ffnungen erh\u00e4ltlich und von T\u00dcV S\u00fcd-zertifizierter Qualit\u00e4t.","robots":{"index":"index","follow":"follow","max-snippet":"max-snippet:-1","max-image-preview":"max-image-preview:large","max-video-preview":"max-video-preview:-1"},"canonical":"https:\/\/relaxsrl.com\/de\/","og_locale":"de_DE","og_type":"article","og_title":"Duschkabine Relax: Italienische Qualit\u00e4ts- und Designprodukte","og_description":"Relax-Duschabtrennungen sind italienisch, in allen \u00d6ffnungen erh\u00e4ltlich und von T\u00dcV S\u00fcd-zertifizierter Qualit\u00e4t.","og_url":"https:\/\/relaxsrl.com\/de\/","og_site_name":"Relax srl","article_modified_time":"2025-10-06T07:55:17+00:00","og_image":[{"width":1920,"height":1080,"url":"https:\/\/relaxsrl.com\/website\/wp-content\/uploads\/2025\/10\/OBLIQUE-HOMEPAGE.jpg","type":"image\/jpeg"}],"twitter_card":"summary_large_image","twitter_misc":{"Gesch\u00e4tzte Lesezeit":"3 Minuten"},"schema":{"@context":"https:\/\/schema.org","@graph":[{"@type":"WebSite","@id":"https:\/\/relaxsrl.com\/#website","url":"https:\/\/relaxsrl.com\/","name":"Relax srl","description":"","potentialAction":[{"@type":"SearchAction","target":{"@type":"EntryPoint","urlTemplate":"https:\/\/relaxsrl.com\/?s={search_term_string}"},"query-input":"required name=search_term_string"}],"inLanguage":"de-DE"},{"@type":"ImageObject","inLanguage":"de-DE","@id":"https:\/\/relaxsrl.com\/de\/#primaryimage","url":"https:\/\/relaxsrl.com\/website\/wp-content\/uploads\/2025\/10\/OBLIQUE-HOMEPAGE.jpg","contentUrl":"https:\/\/relaxsrl.com\/website\/wp-content\/uploads\/2025\/10\/OBLIQUE-HOMEPAGE.jpg","width":1920,"height":1080},{"@type":"WebPage","@id":"https:\/\/relaxsrl.com\/de\/#webpage","url":"https:\/\/relaxsrl.com\/de\/","name":"Duschkabine Relax: Italienische Qualit\u00e4ts- und Designprodukte","isPartOf":{"@id":"https:\/\/relaxsrl.com\/#website"},"primaryImageOfPage":{"@id":"https:\/\/relaxsrl.com\/de\/#primaryimage"},"datePublished":"2022-08-10T15:55:17+00:00","dateModified":"2025-10-06T07:55:17+00:00","description":"Relax-Duschabtrennungen sind italienisch, in allen \u00d6ffnungen erh\u00e4ltlich und von T\u00dcV S\u00fcd-zertifizierter Qualit\u00e4t.","breadcrumb":{"@id":"https:\/\/relaxsrl.com\/de\/#breadcrumb"},"inLanguage":"de-DE","potentialAction":[{"@type":"ReadAction","target":["https:\/\/relaxsrl.com\/de\/"]}]},{"@type":"BreadcrumbList","@id":"https:\/\/relaxsrl.com\/de\/#breadcrumb","itemListElement":[{"@type":"ListItem","position":1,"name":"Home"}]}]}},"_links":{"self":[{"href":"https:\/\/relaxsrl.com\/de\/wp-json\/wp\/v2\/pages\/22800"}],"collection":[{"href":"https:\/\/relaxsrl.com\/de\/wp-json\/wp\/v2\/pages"}],"about":[{"href":"https:\/\/relaxsrl.com\/de\/wp-json\/wp\/v2\/types\/page"}],"author":[{"embeddable":true,"href":"https:\/\/relaxsrl.com\/de\/wp-json\/wp\/v2\/users\/3"}],"replies":[{"embeddable":true,"href":"https:\/\/relaxsrl.com\/de\/wp-json\/wp\/v2\/comments?post=22800"}],"version-history":[{"count":25,"href":"https:\/\/relaxsrl.com\/de\/wp-json\/wp\/v2\/pages\/22800\/revisions"}],"predecessor-version":[{"id":31992,"href":"https:\/\/relaxsrl.com\/de\/wp-json\/wp\/v2\/pages\/22800\/revisions\/31992"}],"wp:featuredmedia":[{"embeddable":true,"href":"https:\/\/relaxsrl.com\/de\/wp-json\/wp\/v2\/media\/31983"}],"wp:attachment":[{"href":"https:\/\/relaxsrl.com\/de\/wp-json\/wp\/v2\/media?parent=22800"}],"curies":[{"name":"wp","href":"https:\/\/api.w.org\/{rel}","templated":true}]}}