{"id":22759,"date":"2022-08-10T17:08:11","date_gmt":"2022-08-10T15:08:11","guid":{"rendered":"https:\/\/relaxsrl.com\/anleitung-zur-auswahl\/platzsparende-duschkabine\/"},"modified":"2024-11-18T14:21:11","modified_gmt":"2024-11-18T13:21:11","slug":"platzsparende-duschkabine","status":"publish","type":"page","link":"https:\/\/relaxsrl.com\/de\/anleitung-zur-auswahl\/platzsparende-duschkabine\/","title":{"rendered":"Platzsparende Duschkabine"},"content":{"rendered":"<p>[vc_row full_width=&#8220;stretch_row&#8220; content_placement=&#8220;middle&#8220; el_class=&#8220;intro-row intro-row-grey&#8220;][vc_column][vc_column_text]<\/p>\n<h1>Platzsparende Duschkabine<\/h1>\n<p>[\/vc_column_text][\/vc_column][\/vc_row][vc_row el_class=&#8220;row-path&#8220;][vc_column][vc_column_text][\/vc_column_text][\/vc_column][\/vc_row][vc_row][vc_column][vc_single_image image=&#8220;2556&#8243; img_size=&#8220;full&#8220;][\/vc_column][\/vc_row][vc_row][vc_column width=&#8220;1\/6&#8243;][\/vc_column][vc_column width=&#8220;2\/3&#8243;][vc_empty_space height=&#8220;40px&#8220;][vc_column_text el_class=&#8220;txt-blue abstract weight500&#8243;]Sie sind ideal geeignet, um Bewegungsfreiheit in einem kleinen Bad von 3,8 bis 4,5 Quadratmetern, einschlie\u00dflich Sanit\u00e4ranlagen, M\u00f6beln und K\u00fchlern, wiederherzustellen.[\/vc_column_text][vc_empty_space height=&#8220;35px&#8220;][\/vc_column][\/vc_row][vc_row][vc_column width=&#8220;1\/6&#8243;][\/vc_column][vc_column width=&#8220;2\/3&#8243;][vc_column_text]<\/p>\n<ul>\n<li><a class=\"link-interno link-interno-paragrafo-1\" href=\"#\">Merkmale einer platzsparenden Duschkabine<\/a>\n<ul>\n<li><a class=\"link-interno link-interno-paragrafo-2\" href=\"#\">Platzsparende Dusche mit zwei Fl\u00fcgelt\u00fcren<\/a><\/li>\n<li><a class=\"link-interno link-interno-paragrafo-3\" href=\"#\">Platzsparende Dusche mit zwei Faltt\u00fcren<\/a><\/li>\n<\/ul>\n<\/li>\n<\/ul>\n<p>[\/vc_column_text][vc_empty_space height=&#8220;40px&#8220;][\/vc_column][\/vc_row][vc_row el_id=&#8220;paragrafo-1&#8243;][vc_column width=&#8220;1\/6&#8243;][\/vc_column][vc_column width=&#8220;2\/3&#8243;][vc_column_text]<\/p>\n<h2>Merkmale eines platzsparenden Duschkabine<\/h2>\n<p>Mit einer vollst\u00e4ndig zusammenklappbaren oder nach innen wiederverschlie\u00dfbaren T\u00fcr machen die platzsparenden Duschkabinen auch das kleine Badezimmer funktional und komfortabel. Dort passt nicht nur das herk\u00f6mmliche Becken nicht rein, weil es zu viel Platz braucht, sondern auch die Quadratzentimeter des Duschbereichs, wenn es nicht benutzt wird, sind n\u00fctzlich, um sich freier und leichter in der N\u00e4he von Sanit\u00e4ranlagen, M\u00f6beln und Waschmaschinen bewegen zu k\u00f6nnen.[\/vc_column_text][vc_empty_space height=&#8220;40px&#8220;][\/vc_column][\/vc_row][vc_row el_id=&#8220;paragrafo-2&#8243;][vc_column width=&#8220;1\/6&#8243;][\/vc_column][vc_column width=&#8220;2\/3&#8243;][vc_column_text]<\/p>\n<h3>Platzsparende Dusche mit zwei Fl\u00fcgelt\u00fcren<\/h3>\n<p>Eine Duschkabine mit zwei Fl\u00fcgelt\u00fcren, die sich nicht nur nach innen, sondern auch nach au\u00dfen \u00f6ffnen lassen, ist eine platzsparende Ressource. Wenn die Dusche mit zusammengefalteten T\u00fcren ausgeklappt ist, geben sie Bewegungsfreiheit und wenn die Duschplatte b\u00fcndig am Boden montiert wird, ist die Gehfl\u00e4che rundum eben und reibungslos. Die Zugabe der Dichtung unterhalb der T\u00fcr\u00f6ffnung sorgt f\u00fcr eine gute Trennung und eine Wasserspeicherung bei Gebrauch.[\/vc_column_text][vc_empty_space height=&#8220;20px&#8220;][\/vc_column][\/vc_row][vc_row el_id=&#8220;paragrafo-3&#8243;][vc_column width=&#8220;1\/6&#8243;][\/vc_column][vc_column width=&#8220;2\/3&#8243;][vc_column_text]<\/p>\n<h3>Platzsparende Dusche mit zwei Faltt\u00fcren<\/h3>\n<p>In diesem Fall wird die T\u00fcr platzsparend verpackt, wenn die Dusche nicht benutzt wird, weil sie in der Mitte geteilt und durch eine Scharniere zusammengehalten wird, die das Schlie\u00dfen und \u00d6ffnen der T\u00fcr (auch als Buch-, Akkord- oder einziehbare T\u00fcr bezeichnet) erm\u00f6glicht. Ist das Ger\u00e4t mit einem Auftriebssystem ausgestattet, so wird es nach dem \u00d6ffnen oder Schlie\u00dfen um einige Millimeter angehoben, damit die darunter angebrachte Dichtung nicht abnimmt, die erforderlich ist, um das Wasser w\u00e4hrend der Dusche aufzunehmen. Dar\u00fcber hinaus sorgt die Aufstandsvorrichtung daf\u00fcr, dass die T\u00fcr gerade bleibt, ohne dass sie nach innen oder au\u00dfen kippt, was, wenn es w\u00e4hrend der Dusche passiert, dazu f\u00fchrt, dass das Wasser Auslauf hat[\/vc_column_text][vc_empty_space height=&#8220;20px&#8220;][\/vc_column][\/vc_row][vc_row][vc_column][vc_empty_space height=&#8220;50px&#8220;][vc_column_text]<\/p>\n<h3 style=\"text-align: center;\">Einige Beispiele von platzsparenden Duschkabinen Relax<\/h3>\n<p>[\/vc_column_text][vc_empty_space height=&#8220;30px&#8220;]<div class=\"woocommerce columns-4 \"><ul class=\"products columns-4\">\n<li class=\"product type-product post-21173 status-publish first instock product_cat-angolare-en product_cat-angolare-de product_cat-angulaire product_cat-angulaire-battante product_cat-battente-de-2 product_cat-box-doccia-en product_cat-box-doccia-de product_cat-cabina-doccia-salvaspazio product_cat-cabine-de-douche product_cat-guide-de-selection-cabine-de-douche-peu-encombrante product_cat-collections product_cat-collections-en product_cat-selection-guide-en product_cat-guida-alla-scelta-de product_cat-guide-de-selection product_cat-hinged product_cat-light-fr product_cat-light-de product_cat-light-ru product_cat-light-en product_cat-collezioni-de product_cat-selection-guide-space-saving-shower-enclosure product_cat-tipologia-prodotto-de product_cat-tipologia-prodotto-en product_cat-type-de-produit product_cat-1618 product_cat-1568 product_cat-1605 product_cat-1627 product_cat-1594 product_cat-1617 product_cat-1626 has-post-thumbnail shipping-taxable product-type-simple\">\n\t<div class=\"woocommerce-loop-product__short_description\" itemprop=\"description\"><a href=\"https:\/\/relaxsrl.com\/de\/produkt\/light-ab-light-ab\/\" class=\"woocommerce-LoopProduct-link woocommerce-loop-product__link\"><p>Duschabtrennung ohne Profile mit Doppelfl\u00fcgelt\u00fcr.<\/p>\n<\/a><\/div><\/li>\n<li class=\"product type-product post-21123 status-publish instock product_cat-angolare-en product_cat-angolare-de product_cat-angulaire product_cat-box-doccia-en product_cat-box-doccia-de product_cat-cabina-doccia-salvaspazio product_cat-cabine-de-douche product_cat-guide-de-selection-cabine-de-douche-peu-encombrante product_cat-collections product_cat-collections-en product_cat-angular-foldable product_cat-selection-guide-for-disabled-or-elderly-people product_cat-selection-guide-en product_cat-guida-alla-scelta-de product_cat-guide-de-selection product_cat-light-en product_cat-light-ru product_cat-light-fr product_cat-light-de product_cat-per-disabili-o-anziani product_cat-angulaire-pliable product_cat-guide-de-selection-pour-les-personnes-handicapees-ou-agees product_cat-collezioni-de product_cat-soffietto-de-5 product_cat-selection-guide-space-saving-shower-enclosure product_cat-tipologia-prodotto-de product_cat-tipologia-prodotto-en product_cat-type-de-produit product_cat-1618 product_cat-1608 product_cat-1568 product_cat-1605 product_cat-1594 product_cat-1633 product_cat-1617 product_cat-1626 has-post-thumbnail shipping-taxable product-type-simple\">\n\t<div class=\"woocommerce-loop-product__short_description\" itemprop=\"description\"><a href=\"https:\/\/relaxsrl.com\/de\/produkt\/light-as-light-as\/\" class=\"woocommerce-LoopProduct-link woocommerce-loop-product__link\"><p>Duschabtrennung ohne Profile mit doppelter Faltt\u00fcr.<\/p>\n<\/a><\/div><\/li>\n<li class=\"product type-product post-21071 status-publish instock product_cat-3-lati-en product_cat-3-lati-de product_cat-3-lati-fr product_cat-3- product_cat-box-doccia-en product_cat-box-doccia-de product_cat-cabina-doccia-piccola product_cat-cabina-doccia-salvaspazio product_cat-cabine-de-douche product_cat-guide-de-selection-cabine-de-douche-peu-encombrante product_cat-collections-en product_cat-collections product_cat-guida-alla-scelta-de product_cat-selection-guide-en product_cat-guide-de-selection product_cat-lyra-ru product_cat-lyra-fr product_cat-lyra-en product_cat-lyra-de product_cat-nicchia-de product_cat-niche-fr product_cat-niche product_cat-guide-de-selection-petite-cabine-de-douche product_cat-niche-saloon product_cat-niche-saloon-fr product_cat-saloon-de-3 product_cat-saloon-de-4 product_cat-saloon product_cat-collezioni-de product_cat-selection-guide-small-shower-enclosure product_cat-selection-guide-space-saving-shower-enclosure product_cat-tipologia-prodotto-en product_cat-tipologia-prodotto-de product_cat-type-de-produit product_cat-1618 product_cat-1568 product_cat-1605 product_cat-1604 product_cat-1637 product_cat-1594 product_cat-3--- product_cat-1630 product_cat-1617 has-post-thumbnail shipping-taxable product-type-simple\">\n\t<div class=\"woocommerce-loop-product__short_description\" itemprop=\"description\"><a href=\"https:\/\/relaxsrl.com\/de\/produkt\/lyra-b2\/\" class=\"woocommerce-LoopProduct-link woocommerce-loop-product__link\"><p>Box doccia in nicchia con porta saloon con sistema di allineamento delle ante.<\/p>\n<\/a><\/div><\/li>\n<\/ul>\n<\/div>[\/vc_column][\/vc_row][vc_row full_width=&#8220;stretch_row_content_no_spaces&#8220; equal_height=&#8220;yes&#8220; content_placement=&#8220;middle&#8220; el_class=&#8220;row-over-footer row-cta-over-footer&#8220;][vc_column width=&#8220;1\/2&#8243;][vc_single_image image=&#8220;31367&#8243; img_size=&#8220;full&#8220;][\/vc_column][vc_column width=&#8220;1\/2&#8243; css=&#8220;.vc_custom_1632910203262{background-image: url(http:\/\/relaxsrl.com\/wp-content\/uploads\/2021\/09\/cta-salvaspazio-opaco.jpg?id=2533) !important;background-position: center !important;background-repeat: no-repeat !important;background-size: cover !important;}&#8220; el_class=&#8220;row-cta-over-footer-col-text&#8220;][vc_row_inner][vc_column_inner width=&#8220;1\/4&#8243;][\/vc_column_inner][vc_column_inner width=&#8220;1\/2&#8243;][vc_column_text]<\/p>\n<h2 style=\"text-align: center;\">Wollen Sie mehr dar\u00fcber wissen?<\/h2>\n<p style=\"text-align: center;\">Sie werden sicherlich spezifische Fragen zu Ihrer Situation haben. Schreiben Sie uns jetzt und einer unserer Experten wird Ihnen antworten.<\/p>\n<p>[\/vc_column_text][vc_btn title=&#8220;NACH INFORMATIONEN FRAGEN&#8220; style=&#8220;classic&#8220; shape=&#8220;square&#8220; color=&#8220;white&#8220; align=&#8220;center&#8220; el_class=&#8220;btn-default-white&#8220; link=&#8220;url:https%3A%2F%2Frelaxsrl.com%2Fde%2Fkontakte%2F|title:NACH%20INFORMATIONEN%20FRAGEN&#8220;][\/vc_column_inner][vc_column_inner width=&#8220;1\/4&#8243;][\/vc_column_inner][\/vc_row_inner][\/vc_column][\/vc_row]<\/p>\n","protected":false},"excerpt":{"rendered":"<p>[vc_row full_width=&#8220;stretch_row&#8220; content_placement=&#8220;middle&#8220; el_class=&#8220;intro-row intro-row-grey&#8220;][vc_column][vc_column_text] Platzsparende Duschkabine [\/vc_column_text][\/vc_column][\/vc_row][vc_row el_class=&#8220;row-path&#8220;][vc_column][vc_column_text][\/vc_column_text][\/vc_column][\/vc_row][vc_row][vc_column][vc_single_image image=&#8220;2556&#8243; img_size=&#8220;full&#8220;][\/vc_column][\/vc_row][vc_row][vc_column width=&#8220;1\/6&#8243;][\/vc_column][vc_column width=&#8220;2\/3&#8243;][vc_empty_space height=&#8220;40px&#8220;][vc_column_text el_class=&#8220;txt-blue abstract weight500&#8243;]Sie sind ideal geeignet, um Bewegungsfreiheit in einem kleinen Bad von 3,8 bis 4,5 Quadratmetern, einschlie\u00dflich Sanit\u00e4ranlagen, M\u00f6beln und K\u00fchlern, wiederherzustellen.[\/vc_column_text][vc_empty_space height=&#8220;35px&#8220;][\/vc_column][\/vc_row][vc_row][vc_column width=&#8220;1\/6&#8243;][\/vc_column][vc_column width=&#8220;2\/3&#8243;][vc_column_text] Merkmale einer platzsparenden Duschkabine Platzsparende Dusche mit zwei Fl\u00fcgelt\u00fcren Platzsparende Dusche mit zwei Faltt\u00fcren [\/vc_column_text][vc_empty_space [&hellip;]<\/p>\n","protected":false},"author":3,"featured_media":2556,"parent":22678,"menu_order":0,"comment_status":"closed","ping_status":"closed","template":"","meta":[],"acf":[],"yoast_head":"<!-- This site is optimized with the Yoast SEO Premium plugin v18.4 (Yoast SEO v18.8) - https:\/\/yoast.com\/wordpress\/plugins\/seo\/ -->\n<title>Platzsparende Duschkabine - Relax srl<\/title>\n<meta name=\"description\" content=\"Sie sind ideal geeignet, um Bewegungsfreiheit in einem kleinen Bad von 3,8 bis 4,5 Quadratmetern, einschlie\u00dflich Sanit\u00e4ranlagen, M\u00f6beln und K\u00fchlern, wiederherzustellen.\" \/>\n<meta name=\"robots\" content=\"index, follow, max-snippet:-1, max-image-preview:large, max-video-preview:-1\" \/>\n<link rel=\"canonical\" href=\"https:\/\/relaxsrl.com\/de\/anleitung-zur-auswahl\/platzsparende-duschkabine\/\" \/>\n<meta property=\"og:locale\" content=\"de_DE\" \/>\n<meta property=\"og:type\" content=\"article\" \/>\n<meta property=\"og:title\" content=\"Platzsparende Duschkabine - Relax srl\" \/>\n<meta property=\"og:description\" content=\"Sie sind ideal geeignet, um Bewegungsfreiheit in einem kleinen Bad von 3,8 bis 4,5 Quadratmetern, einschlie\u00dflich Sanit\u00e4ranlagen, M\u00f6beln und K\u00fchlern, wiederherzustellen.\" \/>\n<meta property=\"og:url\" content=\"https:\/\/relaxsrl.com\/de\/anleitung-zur-auswahl\/platzsparende-duschkabine\/\" \/>\n<meta property=\"og:site_name\" content=\"Relax srl\" \/>\n<meta property=\"article:modified_time\" content=\"2024-11-18T13:21:11+00:00\" \/>\n<meta property=\"og:image\" content=\"https:\/\/relaxsrl.com\/website\/wp-content\/uploads\/2021\/09\/LYRA_PS.jpg\" \/>\n\t<meta property=\"og:image:width\" content=\"1920\" \/>\n\t<meta property=\"og:image:height\" content=\"1717\" \/>\n\t<meta property=\"og:image:type\" content=\"image\/jpeg\" \/>\n<meta name=\"twitter:card\" content=\"summary_large_image\" \/>\n<meta name=\"twitter:label1\" content=\"Gesch\u00e4tzte Lesezeit\" \/>\n\t<meta name=\"twitter:data1\" content=\"4 Minuten\" \/>\n<script type=\"application\/ld+json\" class=\"yoast-schema-graph\">{\"@context\":\"https:\/\/schema.org\",\"@graph\":[{\"@type\":\"WebSite\",\"@id\":\"https:\/\/relaxsrl.com\/#website\",\"url\":\"https:\/\/relaxsrl.com\/\",\"name\":\"Relax srl\",\"description\":\"\",\"potentialAction\":[{\"@type\":\"SearchAction\",\"target\":{\"@type\":\"EntryPoint\",\"urlTemplate\":\"https:\/\/relaxsrl.com\/?s={search_term_string}\"},\"query-input\":\"required name=search_term_string\"}],\"inLanguage\":\"de-DE\"},{\"@type\":\"ImageObject\",\"inLanguage\":\"de-DE\",\"@id\":\"https:\/\/relaxsrl.com\/de\/anleitung-zur-auswahl\/platzsparende-duschkabine\/#primaryimage\",\"url\":\"https:\/\/relaxsrl.com\/website\/wp-content\/uploads\/2021\/09\/LYRA_PS.jpg\",\"contentUrl\":\"https:\/\/relaxsrl.com\/website\/wp-content\/uploads\/2021\/09\/LYRA_PS.jpg\",\"width\":1920,\"height\":1717,\"caption\":\"Duschabtrennung in Nische mit Faltt\u00fcr\"},{\"@type\":\"WebPage\",\"@id\":\"https:\/\/relaxsrl.com\/de\/anleitung-zur-auswahl\/platzsparende-duschkabine\/#webpage\",\"url\":\"https:\/\/relaxsrl.com\/de\/anleitung-zur-auswahl\/platzsparende-duschkabine\/\",\"name\":\"Platzsparende Duschkabine - Relax srl\",\"isPartOf\":{\"@id\":\"https:\/\/relaxsrl.com\/#website\"},\"primaryImageOfPage\":{\"@id\":\"https:\/\/relaxsrl.com\/de\/anleitung-zur-auswahl\/platzsparende-duschkabine\/#primaryimage\"},\"datePublished\":\"2022-08-10T15:08:11+00:00\",\"dateModified\":\"2024-11-18T13:21:11+00:00\",\"description\":\"Sie sind ideal geeignet, um Bewegungsfreiheit in einem kleinen Bad von 3,8 bis 4,5 Quadratmetern, einschlie\u00dflich Sanit\u00e4ranlagen, M\u00f6beln und K\u00fchlern, wiederherzustellen.\",\"breadcrumb\":{\"@id\":\"https:\/\/relaxsrl.com\/de\/anleitung-zur-auswahl\/platzsparende-duschkabine\/#breadcrumb\"},\"inLanguage\":\"de-DE\",\"potentialAction\":[{\"@type\":\"ReadAction\",\"target\":[\"https:\/\/relaxsrl.com\/de\/anleitung-zur-auswahl\/platzsparende-duschkabine\/\"]}]},{\"@type\":\"BreadcrumbList\",\"@id\":\"https:\/\/relaxsrl.com\/de\/anleitung-zur-auswahl\/platzsparende-duschkabine\/#breadcrumb\",\"itemListElement\":[{\"@type\":\"ListItem\",\"position\":1,\"name\":\"Anleitung zur Auswahl\",\"item\":\"https:\/\/relaxsrl.com\/de\/anleitung-zur-auswahl\/\"},{\"@type\":\"ListItem\",\"position\":2,\"name\":\"Platzsparende Duschkabine\"}]}]}<\/script>\n<!-- \/ Yoast SEO Premium plugin. -->","yoast_head_json":{"title":"Platzsparende Duschkabine - Relax srl","description":"Sie sind ideal geeignet, um Bewegungsfreiheit in einem kleinen Bad von 3,8 bis 4,5 Quadratmetern, einschlie\u00dflich Sanit\u00e4ranlagen, M\u00f6beln und K\u00fchlern, wiederherzustellen.","robots":{"index":"index","follow":"follow","max-snippet":"max-snippet:-1","max-image-preview":"max-image-preview:large","max-video-preview":"max-video-preview:-1"},"canonical":"https:\/\/relaxsrl.com\/de\/anleitung-zur-auswahl\/platzsparende-duschkabine\/","og_locale":"de_DE","og_type":"article","og_title":"Platzsparende Duschkabine - Relax srl","og_description":"Sie sind ideal geeignet, um Bewegungsfreiheit in einem kleinen Bad von 3,8 bis 4,5 Quadratmetern, einschlie\u00dflich Sanit\u00e4ranlagen, M\u00f6beln und K\u00fchlern, wiederherzustellen.","og_url":"https:\/\/relaxsrl.com\/de\/anleitung-zur-auswahl\/platzsparende-duschkabine\/","og_site_name":"Relax srl","article_modified_time":"2024-11-18T13:21:11+00:00","og_image":[{"width":1920,"height":1717,"url":"https:\/\/relaxsrl.com\/website\/wp-content\/uploads\/2021\/09\/LYRA_PS.jpg","type":"image\/jpeg"}],"twitter_card":"summary_large_image","twitter_misc":{"Gesch\u00e4tzte Lesezeit":"4 Minuten"},"schema":{"@context":"https:\/\/schema.org","@graph":[{"@type":"WebSite","@id":"https:\/\/relaxsrl.com\/#website","url":"https:\/\/relaxsrl.com\/","name":"Relax srl","description":"","potentialAction":[{"@type":"SearchAction","target":{"@type":"EntryPoint","urlTemplate":"https:\/\/relaxsrl.com\/?s={search_term_string}"},"query-input":"required name=search_term_string"}],"inLanguage":"de-DE"},{"@type":"ImageObject","inLanguage":"de-DE","@id":"https:\/\/relaxsrl.com\/de\/anleitung-zur-auswahl\/platzsparende-duschkabine\/#primaryimage","url":"https:\/\/relaxsrl.com\/website\/wp-content\/uploads\/2021\/09\/LYRA_PS.jpg","contentUrl":"https:\/\/relaxsrl.com\/website\/wp-content\/uploads\/2021\/09\/LYRA_PS.jpg","width":1920,"height":1717,"caption":"Duschabtrennung in Nische mit Faltt\u00fcr"},{"@type":"WebPage","@id":"https:\/\/relaxsrl.com\/de\/anleitung-zur-auswahl\/platzsparende-duschkabine\/#webpage","url":"https:\/\/relaxsrl.com\/de\/anleitung-zur-auswahl\/platzsparende-duschkabine\/","name":"Platzsparende Duschkabine - Relax srl","isPartOf":{"@id":"https:\/\/relaxsrl.com\/#website"},"primaryImageOfPage":{"@id":"https:\/\/relaxsrl.com\/de\/anleitung-zur-auswahl\/platzsparende-duschkabine\/#primaryimage"},"datePublished":"2022-08-10T15:08:11+00:00","dateModified":"2024-11-18T13:21:11+00:00","description":"Sie sind ideal geeignet, um Bewegungsfreiheit in einem kleinen Bad von 3,8 bis 4,5 Quadratmetern, einschlie\u00dflich Sanit\u00e4ranlagen, M\u00f6beln und K\u00fchlern, wiederherzustellen.","breadcrumb":{"@id":"https:\/\/relaxsrl.com\/de\/anleitung-zur-auswahl\/platzsparende-duschkabine\/#breadcrumb"},"inLanguage":"de-DE","potentialAction":[{"@type":"ReadAction","target":["https:\/\/relaxsrl.com\/de\/anleitung-zur-auswahl\/platzsparende-duschkabine\/"]}]},{"@type":"BreadcrumbList","@id":"https:\/\/relaxsrl.com\/de\/anleitung-zur-auswahl\/platzsparende-duschkabine\/#breadcrumb","itemListElement":[{"@type":"ListItem","position":1,"name":"Anleitung zur Auswahl","item":"https:\/\/relaxsrl.com\/de\/anleitung-zur-auswahl\/"},{"@type":"ListItem","position":2,"name":"Platzsparende Duschkabine"}]}]}},"_links":{"self":[{"href":"https:\/\/relaxsrl.com\/de\/wp-json\/wp\/v2\/pages\/22759"}],"collection":[{"href":"https:\/\/relaxsrl.com\/de\/wp-json\/wp\/v2\/pages"}],"about":[{"href":"https:\/\/relaxsrl.com\/de\/wp-json\/wp\/v2\/types\/page"}],"author":[{"embeddable":true,"href":"https:\/\/relaxsrl.com\/de\/wp-json\/wp\/v2\/users\/3"}],"replies":[{"embeddable":true,"href":"https:\/\/relaxsrl.com\/de\/wp-json\/wp\/v2\/comments?post=22759"}],"version-history":[{"count":5,"href":"https:\/\/relaxsrl.com\/de\/wp-json\/wp\/v2\/pages\/22759\/revisions"}],"predecessor-version":[{"id":31376,"href":"https:\/\/relaxsrl.com\/de\/wp-json\/wp\/v2\/pages\/22759\/revisions\/31376"}],"up":[{"embeddable":true,"href":"https:\/\/relaxsrl.com\/de\/wp-json\/wp\/v2\/pages\/22678"}],"wp:featuredmedia":[{"embeddable":true,"href":"https:\/\/relaxsrl.com\/de\/wp-json\/wp\/v2\/media\/2556"}],"wp:attachment":[{"href":"https:\/\/relaxsrl.com\/de\/wp-json\/wp\/v2\/media?parent=22759"}],"curies":[{"name":"wp","href":"https:\/\/api.w.org\/{rel}","templated":true}]}}