{"id":22736,"date":"2022-08-10T16:40:28","date_gmt":"2022-08-10T14:40:28","guid":{"rendered":"https:\/\/relaxsrl.com\/anleitung-zur-auswahl\/massgefertigte-duschkabine\/"},"modified":"2024-11-18T10:18:11","modified_gmt":"2024-11-18T09:18:11","slug":"massgefertigte-duschkabine","status":"publish","type":"page","link":"https:\/\/relaxsrl.com\/de\/anleitung-zur-auswahl\/massgefertigte-duschkabine\/","title":{"rendered":"Ma\u00dfgefertigte Duschkabine"},"content":{"rendered":"<p>[vc_row full_width=&#8220;stretch_row&#8220; content_placement=&#8220;middle&#8220; el_class=&#8220;intro-row intro-row-grey&#8220;][vc_column][vc_column_text]<\/p>\n<h1>Ma\u00dfgefertigte Duschkabine<\/h1>\n<p>[\/vc_column_text][\/vc_column][\/vc_row][vc_row el_class=&#8220;row-path&#8220;][vc_column][vc_column_text][\/vc_column_text][\/vc_column][\/vc_row][vc_row][vc_column][vc_single_image image=&#8220;2288&#8243; img_size=&#8220;full&#8220;][\/vc_column][\/vc_row][vc_row][vc_column width=&#8220;1\/6&#8243;][\/vc_column][vc_column width=&#8220;2\/3&#8243;][vc_empty_space height=&#8220;40px&#8220;][vc_column_text el_class=&#8220;txt-blue abstract weight500&#8243;]Unternehmen, die Duschkabinen herstellen, bieten in der Regel auch einen ma\u00dfgefertigten Service an. Das macht nat\u00fcrlich das Innenb\u00fcro von Relax, welches diesen Ratgeber f\u00fcr die Auswahl der Duschkabine pflegt.[\/vc_column_text][vc_empty_space height=&#8220;35px&#8220;][\/vc_column][\/vc_row][vc_row][vc_column width=&#8220;1\/6&#8243;][\/vc_column][vc_column width=&#8220;2\/3&#8243;][vc_column_text]<\/p>\n<ul>\n<li><a class=\"link-interno link-interno-paragrafo-1\" href=\"#\">Duschkabine ma\u00dfgefertigt<\/a><\/li>\n<li><a class=\"link-interno link-interno-paragrafo-2\" href=\"#\">Duschkabine mit ma\u00dfgefertigten Scheiben <\/a>\n<ul>\n<li><a class=\"link-interno link-interno-paragrafo-3\" href=\"#\">Duschkabine f\u00fcr Dachschr\u00e4gen<\/a><\/li>\n<li><a class=\"link-interno link-interno-paragrafo-4\" href=\"#\">Duschkabine mit Badewannenaufsatz<\/a><\/li>\n<li><a class=\"link-interno link-interno-paragrafo-5\" href=\"#\">Duschkabine mit Wandelement<\/a><\/li>\n<li><a class=\"link-interno link-interno-paragrafo-6\" href=\"#\">Geformte Duschkabine mit Sitzm\u00f6glichkeit<\/a><\/li>\n<\/ul>\n<\/li>\n<\/ul>\n<p>[\/vc_column_text][vc_empty_space height=&#8220;40px&#8220;][\/vc_column][\/vc_row][vc_row el_id=&#8220;paragrafo-1&#8243;][vc_column width=&#8220;1\/6&#8243;][\/vc_column][vc_column width=&#8220;2\/3&#8243;][vc_column_text]<\/p>\n<h2>Duschkabine ma\u00dfgefertigt<\/h2>\n<p>Relax ist auf die ma\u00dfgefertigte Duschkabine spezialisiert. Auch millimetergenau machbar. Es ist durchaus \u00fcblich, die Gr\u00f6\u00dfe der Standard-Duschkabinen im Vergleich zu den Katalog-Vorschl\u00e4gen zu \u00e4ndern. Das liegt daran, dass die Badezimmer auf bestehenden Anpassungen beruhen oder dass die Dusche zur Optimierung der R\u00e4ume den getroffenen Entscheidungen bez\u00fcglich Sanit\u00e4ranlagen, M\u00f6beln, Waschmaschinen und W\u00e4schetrocknern folgen muss. In solchen F\u00e4llen kann es erforderlich sein, eine Duschkabine mit Tiefe oder Breite zu verlangen, die in der Regel leicht zu erreichen ist.<br \/>\nWenn Sie eine Duschkabine mit au\u00dfergew\u00f6hnlicher H\u00f6he ben\u00f6tigen, ist es wichtig, dass Sie sich von einem Experten \u00fcber die richtige H\u00f6he beraten lassen, insbesondere wenn Sie eine Fl\u00fcgel- oder Schiebet\u00fcr haben. Bei beiden Typen wird das Gewicht der Scheibe auf den Scharnieren oder Polstern lasten, und mit der Zeit kann es, wenn die H\u00f6he nicht sorgf\u00e4ltig ber\u00fccksichtigt wurde &#8211; abh\u00e4ngig von der Breite der T\u00fcr -, zu einer nicht korrekten T\u00fcr\u00f6ffnung f\u00fchren; oder gar zum Bruch von Bauteilen. Die Walk-in-L\u00f6sung, bestehend aus einer einzelnen festen Glasscheibe, ist leichter zu handhaben: Eine 8 mm Glasscheibe erm\u00f6glicht eine H\u00f6he von bis zu 250 cm und eine H\u00f6he von bis zu 220 mm, weil sie d\u00fcnner und leichter ist, biegsam und weniger stabil ist.[\/vc_column_text][vc_empty_space height=&#8220;40px&#8220;][\/vc_column][\/vc_row][vc_row el_id=&#8220;paragrafo-2&#8243;][vc_column width=&#8220;1\/6&#8243;][\/vc_column][vc_column width=&#8220;2\/3&#8243;][vc_column_text]<\/p>\n<h2>Duschkabine mit ma\u00dfgefertigte geformte Scheiben<\/h2>\n<p>Ma\u00dfgefertigte Duschkabinen k\u00f6nnen in vielen Situationen nachgefragt werden. F\u00fcr alle ist es wichtig, die richtigen Ma\u00dfen zu nehmen, um Installationsprobleme zu vermeiden, da es f\u00fcr die Beschaffenheit des Glases keine M\u00f6glichkeit zur Verstellung gibt. In diesen F\u00e4llen empfiehlt Relax qualifizierte Betreuungseinrichtungen.[\/vc_column_text][vc_empty_space height=&#8220;60px&#8220;][\/vc_column][\/vc_row][vc_row el_id=&#8220;paragrafo-3&#8243;][vc_column width=&#8220;1\/6&#8243;][\/vc_column][vc_column width=&#8220;2\/3&#8243;][vc_column_text]<\/p>\n<h3>Duschkabine f\u00fcr Dachschr\u00e4gen<\/h3>\n<p>Die klassische Dachduschkabine ist auf die Dachschr\u00e4ge zugeschnitten. Handelt es sich um eine Walk-in-Dusche, muss der richtige Ort gefunden werden, an dem die horizontale Haltestange eingesetzt werden kann, oder eine L\u00f6sung mit Ablage, die f\u00fcr Standsicherheit sorgt. Die Eckduschkabine unter einer Dachschr\u00e4ge beinhaltet die feste Seitenform mit einer sehr minimalen Fl\u00fcgelt\u00fcr oder mit Scharnieren Manchmal ist auch die doppelte Form erforderlich. Zus\u00e4tzlich zur Neigung des Daches kann es erforderlich sein, auch die vertikale Seite zu formen, wenn eine Wandstruktur (oder auch eine Sitzfl\u00e4che) vorhanden ist. Relax garantiert den perfekten Erfolg, aber es ist wichtig, dass die Messungen korrekt erfasst werden.<\/p>\n<p>A volte \u00e8 richiesta anche la doppia sagomatura. Oltre a dover seguire l\u2019inclinazione del tetto, si pu\u00f2 rendere necessario sagomare pure il lato verticale per la presenza di una struttura muraria (oppure anche di una seduta). Relax garantisce la perfetta riuscita, ma \u00e8 fondamentale che venga fatta la corretta rilevazione delle misure.[\/vc_column_text][vc_empty_space height=&#8220;40px&#8220;][\/vc_column][\/vc_row][vc_row el_id=&#8220;paragrafo-4&#8243;][vc_column width=&#8220;1\/6&#8243;][\/vc_column][vc_column width=&#8220;2\/3&#8243;][vc_column_text]<\/p>\n<h3>Duschkabine mit Badewannenaufsatz<\/h3>\n<p>Die Duschkabine kann eine feste Seite an einer Seite entlang geformt haben, so dass sie ohne R\u00fccksicht auf die H\u00f6he \u00fcber den Rand der Wanne gestellt werden kann, und zwei Schiebet\u00fcren, die einen bequemen Einstieg erm\u00f6glichen, montiert werden k\u00f6nnen. Gleichzeitig sorgt er f\u00fcr volle Wannenfreiheit und optimiert den Platz im Bad.[\/vc_column_text][vc_empty_space height=&#8220;40px&#8220;][vc_single_image image=&#8220;16037&#8243; img_size=&#8220;730&#215;600&#8243; alignment=&#8220;center&#8220;][vc_empty_space height=&#8220;40px&#8220;][\/vc_column][\/vc_row][vc_row el_id=&#8220;paragrafo-5&#8243;][vc_column width=&#8220;1\/6&#8243;][\/vc_column][vc_column width=&#8220;2\/3&#8243;][vc_column_text]<\/p>\n<h3>Duschkabine mit Wandelement<\/h3>\n<p>Wird aus Gr\u00fcnden der Notwendigkeit oder aus \u00e4sthetischen Gr\u00fcnden eine Wand im Badezimmer eingebaut, kann dies auch durch Anbringen einer dritten Seite an der Wand geschehen.[\/vc_column_text][vc_empty_space height=&#8220;40px&#8220;][vc_single_image image=&#8220;16042&#8243; img_size=&#8220;730&#215;600&#8243; alignment=&#8220;center&#8220;][vc_empty_space height=&#8220;40px&#8220;][\/vc_column][\/vc_row][vc_row el_id=&#8220;paragrafo-6&#8243;][vc_column width=&#8220;1\/6&#8243;][\/vc_column][vc_column width=&#8220;2\/3&#8243;][vc_column_text]<\/p>\n<h3>Geformte Duschkabine mit Sitzm\u00f6glichkeit<\/h3>\n<p>Die gro\u00dfe Duschkabine kann f\u00fcr eine interne Sitzgelegenheit geformt werden. Dann ist das Glas in der Halterung so zu gestalten, dass es exakt der Gr\u00f6\u00dfe pro Millimeter folgt. Es sorgt daf\u00fcr, dass das Wasser nicht ausl\u00e4uft.[\/vc_column_text][vc_empty_space height=&#8220;40px&#8220;][vc_single_image image=&#8220;16027&#8243; img_size=&#8220;730&#215;600&#8243; alignment=&#8220;center&#8220;][vc_empty_space height=&#8220;40px&#8220;][\/vc_column][\/vc_row][vc_row][vc_column][vc_empty_space height=&#8220;50px&#8220;][\/vc_column][\/vc_row][vc_row full_width=&#8220;stretch_row_content_no_spaces&#8220; equal_height=&#8220;yes&#8220; content_placement=&#8220;middle&#8220; el_class=&#8220;row-over-footer row-cta-over-footer&#8220;][vc_column width=&#8220;1\/2&#8243;][vc_single_image image=&#8220;2292&#8243; img_size=&#8220;full&#8220;][\/vc_column][vc_column width=&#8220;1\/2&#8243; css=&#8220;.vc_custom_1632906345737{background-image: url(http:\/\/relaxsrl.com\/wp-content\/uploads\/2021\/09\/cta-su-misura-opaco.jpg?id=2293) !important;background-position: center !important;background-repeat: no-repeat !important;background-size: cover !important;}&#8220; el_class=&#8220;row-cta-over-footer-col-text&#8220;][vc_row_inner][vc_column_inner width=&#8220;1\/4&#8243;][\/vc_column_inner][vc_column_inner width=&#8220;1\/2&#8243;][vc_column_text]<\/p>\n<h2 style=\"text-align: center;\">Frag SIE uns mehr als das!<\/h2>\n<p style=\"text-align: center;\">Relax ist auf die ma\u00dfgefertigte Duschkabine spezialisiert. Erm\u00f6glichen Sie es jetzt millimetergenau \u2013 schreiben Sie uns, um Ihre Situation mit Relaxexperten zu \u00fcberpr\u00fcfen.<\/p>\n<p>[\/vc_column_text][vc_btn title=&#8220;NACH INFORMATIONEN FRAGEN&#8220; style=&#8220;classic&#8220; shape=&#8220;square&#8220; color=&#8220;white&#8220; align=&#8220;center&#8220; el_class=&#8220;btn-default-white&#8220; link=&#8220;url:https%3A%2F%2Frelaxsrl.com%2Fde%2Fkontakte%2F|title:NACH%20INFORMATIONEN%20FRAGEN&#8220;][\/vc_column_inner][vc_column_inner width=&#8220;1\/4&#8243;][\/vc_column_inner][\/vc_row_inner][\/vc_column][\/vc_row]<\/p>\n","protected":false},"excerpt":{"rendered":"<p>[vc_row full_width=&#8220;stretch_row&#8220; content_placement=&#8220;middle&#8220; el_class=&#8220;intro-row intro-row-grey&#8220;][vc_column][vc_column_text] Ma\u00dfgefertigte Duschkabine [\/vc_column_text][\/vc_column][\/vc_row][vc_row el_class=&#8220;row-path&#8220;][vc_column][vc_column_text][\/vc_column_text][\/vc_column][\/vc_row][vc_row][vc_column][vc_single_image image=&#8220;2288&#8243; img_size=&#8220;full&#8220;][\/vc_column][\/vc_row][vc_row][vc_column width=&#8220;1\/6&#8243;][\/vc_column][vc_column width=&#8220;2\/3&#8243;][vc_empty_space height=&#8220;40px&#8220;][vc_column_text el_class=&#8220;txt-blue abstract weight500&#8243;]Unternehmen, die Duschkabinen herstellen, bieten in der Regel auch einen ma\u00dfgefertigten Service an. Das macht nat\u00fcrlich das Innenb\u00fcro von Relax, welches diesen Ratgeber f\u00fcr die Auswahl der Duschkabine pflegt.[\/vc_column_text][vc_empty_space height=&#8220;35px&#8220;][\/vc_column][\/vc_row][vc_row][vc_column width=&#8220;1\/6&#8243;][\/vc_column][vc_column width=&#8220;2\/3&#8243;][vc_column_text] Duschkabine ma\u00dfgefertigt Duschkabine mit ma\u00dfgefertigten Scheiben Duschkabine [&hellip;]<\/p>\n","protected":false},"author":3,"featured_media":2288,"parent":22678,"menu_order":0,"comment_status":"closed","ping_status":"closed","template":"","meta":[],"acf":[],"yoast_head":"<!-- This site is optimized with the Yoast SEO Premium plugin v18.4 (Yoast SEO v18.8) - https:\/\/yoast.com\/wordpress\/plugins\/seo\/ -->\n<title>Ma\u00dfgefertigte Duschkabine - Relax srl<\/title>\n<meta name=\"description\" content=\"Unternehmen, die Duschkabinen herstellen, bieten in der Regel auch einen ma\u00dfgefertigten Service an. Das macht nat\u00fcrlich das Innenb\u00fcro von Relax, welches diesen Ratgeber f\u00fcr die Auswahl der Duschkabine pflegt.\" \/>\n<meta name=\"robots\" content=\"index, follow, max-snippet:-1, max-image-preview:large, max-video-preview:-1\" \/>\n<link rel=\"canonical\" href=\"https:\/\/relaxsrl.com\/de\/anleitung-zur-auswahl\/massgefertigte-duschkabine\/\" \/>\n<meta property=\"og:locale\" content=\"de_DE\" \/>\n<meta property=\"og:type\" content=\"article\" \/>\n<meta property=\"og:title\" content=\"Ma\u00dfgefertigte Duschkabine - Relax srl\" \/>\n<meta property=\"og:description\" content=\"Unternehmen, die Duschkabinen herstellen, bieten in der Regel auch einen ma\u00dfgefertigten Service an. Das macht nat\u00fcrlich das Innenb\u00fcro von Relax, welches diesen Ratgeber f\u00fcr die Auswahl der Duschkabine pflegt.\" \/>\n<meta property=\"og:url\" content=\"https:\/\/relaxsrl.com\/de\/anleitung-zur-auswahl\/massgefertigte-duschkabine\/\" \/>\n<meta property=\"og:site_name\" content=\"Relax srl\" \/>\n<meta property=\"article:modified_time\" content=\"2024-11-18T09:18:11+00:00\" \/>\n<meta property=\"og:image\" content=\"https:\/\/relaxsrl.com\/website\/wp-content\/uploads\/2021\/09\/UNICO_AA_6.jpg\" \/>\n\t<meta property=\"og:image:width\" content=\"1800\" \/>\n\t<meta property=\"og:image:height\" content=\"1243\" \/>\n\t<meta property=\"og:image:type\" content=\"image\/jpeg\" \/>\n<meta name=\"twitter:card\" content=\"summary_large_image\" \/>\n<meta name=\"twitter:label1\" content=\"Gesch\u00e4tzte Lesezeit\" \/>\n\t<meta name=\"twitter:data1\" content=\"6 Minuten\" \/>\n<script type=\"application\/ld+json\" class=\"yoast-schema-graph\">{\"@context\":\"https:\/\/schema.org\",\"@graph\":[{\"@type\":\"WebSite\",\"@id\":\"https:\/\/relaxsrl.com\/#website\",\"url\":\"https:\/\/relaxsrl.com\/\",\"name\":\"Relax srl\",\"description\":\"\",\"potentialAction\":[{\"@type\":\"SearchAction\",\"target\":{\"@type\":\"EntryPoint\",\"urlTemplate\":\"https:\/\/relaxsrl.com\/?s={search_term_string}\"},\"query-input\":\"required name=search_term_string\"}],\"inLanguage\":\"de-DE\"},{\"@type\":\"ImageObject\",\"inLanguage\":\"de-DE\",\"@id\":\"https:\/\/relaxsrl.com\/de\/anleitung-zur-auswahl\/massgefertigte-duschkabine\/#primaryimage\",\"url\":\"https:\/\/relaxsrl.com\/website\/wp-content\/uploads\/2021\/09\/UNICO_AA_6.jpg\",\"contentUrl\":\"https:\/\/relaxsrl.com\/website\/wp-content\/uploads\/2021\/09\/UNICO_AA_6.jpg\",\"width\":1800,\"height\":1243,\"caption\":\"Individuelle Duschabtrennung mit Wand in der Mitte des Raumes und geformtem Glas\"},{\"@type\":\"WebPage\",\"@id\":\"https:\/\/relaxsrl.com\/de\/anleitung-zur-auswahl\/massgefertigte-duschkabine\/#webpage\",\"url\":\"https:\/\/relaxsrl.com\/de\/anleitung-zur-auswahl\/massgefertigte-duschkabine\/\",\"name\":\"Ma\u00dfgefertigte Duschkabine - Relax srl\",\"isPartOf\":{\"@id\":\"https:\/\/relaxsrl.com\/#website\"},\"primaryImageOfPage\":{\"@id\":\"https:\/\/relaxsrl.com\/de\/anleitung-zur-auswahl\/massgefertigte-duschkabine\/#primaryimage\"},\"datePublished\":\"2022-08-10T14:40:28+00:00\",\"dateModified\":\"2024-11-18T09:18:11+00:00\",\"description\":\"Unternehmen, die Duschkabinen herstellen, bieten in der Regel auch einen ma\u00dfgefertigten Service an. Das macht nat\u00fcrlich das Innenb\u00fcro von Relax, welches diesen Ratgeber f\u00fcr die Auswahl der Duschkabine pflegt.\",\"breadcrumb\":{\"@id\":\"https:\/\/relaxsrl.com\/de\/anleitung-zur-auswahl\/massgefertigte-duschkabine\/#breadcrumb\"},\"inLanguage\":\"de-DE\",\"potentialAction\":[{\"@type\":\"ReadAction\",\"target\":[\"https:\/\/relaxsrl.com\/de\/anleitung-zur-auswahl\/massgefertigte-duschkabine\/\"]}]},{\"@type\":\"BreadcrumbList\",\"@id\":\"https:\/\/relaxsrl.com\/de\/anleitung-zur-auswahl\/massgefertigte-duschkabine\/#breadcrumb\",\"itemListElement\":[{\"@type\":\"ListItem\",\"position\":1,\"name\":\"Anleitung zur Auswahl\",\"item\":\"https:\/\/relaxsrl.com\/de\/anleitung-zur-auswahl\/\"},{\"@type\":\"ListItem\",\"position\":2,\"name\":\"Ma\u00dfgefertigte Duschkabine\"}]}]}<\/script>\n<!-- \/ Yoast SEO Premium plugin. -->","yoast_head_json":{"title":"Ma\u00dfgefertigte Duschkabine - Relax srl","description":"Unternehmen, die Duschkabinen herstellen, bieten in der Regel auch einen ma\u00dfgefertigten Service an. Das macht nat\u00fcrlich das Innenb\u00fcro von Relax, welches diesen Ratgeber f\u00fcr die Auswahl der Duschkabine pflegt.","robots":{"index":"index","follow":"follow","max-snippet":"max-snippet:-1","max-image-preview":"max-image-preview:large","max-video-preview":"max-video-preview:-1"},"canonical":"https:\/\/relaxsrl.com\/de\/anleitung-zur-auswahl\/massgefertigte-duschkabine\/","og_locale":"de_DE","og_type":"article","og_title":"Ma\u00dfgefertigte Duschkabine - Relax srl","og_description":"Unternehmen, die Duschkabinen herstellen, bieten in der Regel auch einen ma\u00dfgefertigten Service an. Das macht nat\u00fcrlich das Innenb\u00fcro von Relax, welches diesen Ratgeber f\u00fcr die Auswahl der Duschkabine pflegt.","og_url":"https:\/\/relaxsrl.com\/de\/anleitung-zur-auswahl\/massgefertigte-duschkabine\/","og_site_name":"Relax srl","article_modified_time":"2024-11-18T09:18:11+00:00","og_image":[{"width":1800,"height":1243,"url":"https:\/\/relaxsrl.com\/website\/wp-content\/uploads\/2021\/09\/UNICO_AA_6.jpg","type":"image\/jpeg"}],"twitter_card":"summary_large_image","twitter_misc":{"Gesch\u00e4tzte Lesezeit":"6 Minuten"},"schema":{"@context":"https:\/\/schema.org","@graph":[{"@type":"WebSite","@id":"https:\/\/relaxsrl.com\/#website","url":"https:\/\/relaxsrl.com\/","name":"Relax srl","description":"","potentialAction":[{"@type":"SearchAction","target":{"@type":"EntryPoint","urlTemplate":"https:\/\/relaxsrl.com\/?s={search_term_string}"},"query-input":"required name=search_term_string"}],"inLanguage":"de-DE"},{"@type":"ImageObject","inLanguage":"de-DE","@id":"https:\/\/relaxsrl.com\/de\/anleitung-zur-auswahl\/massgefertigte-duschkabine\/#primaryimage","url":"https:\/\/relaxsrl.com\/website\/wp-content\/uploads\/2021\/09\/UNICO_AA_6.jpg","contentUrl":"https:\/\/relaxsrl.com\/website\/wp-content\/uploads\/2021\/09\/UNICO_AA_6.jpg","width":1800,"height":1243,"caption":"Individuelle Duschabtrennung mit Wand in der Mitte des Raumes und geformtem Glas"},{"@type":"WebPage","@id":"https:\/\/relaxsrl.com\/de\/anleitung-zur-auswahl\/massgefertigte-duschkabine\/#webpage","url":"https:\/\/relaxsrl.com\/de\/anleitung-zur-auswahl\/massgefertigte-duschkabine\/","name":"Ma\u00dfgefertigte Duschkabine - Relax srl","isPartOf":{"@id":"https:\/\/relaxsrl.com\/#website"},"primaryImageOfPage":{"@id":"https:\/\/relaxsrl.com\/de\/anleitung-zur-auswahl\/massgefertigte-duschkabine\/#primaryimage"},"datePublished":"2022-08-10T14:40:28+00:00","dateModified":"2024-11-18T09:18:11+00:00","description":"Unternehmen, die Duschkabinen herstellen, bieten in der Regel auch einen ma\u00dfgefertigten Service an. Das macht nat\u00fcrlich das Innenb\u00fcro von Relax, welches diesen Ratgeber f\u00fcr die Auswahl der Duschkabine pflegt.","breadcrumb":{"@id":"https:\/\/relaxsrl.com\/de\/anleitung-zur-auswahl\/massgefertigte-duschkabine\/#breadcrumb"},"inLanguage":"de-DE","potentialAction":[{"@type":"ReadAction","target":["https:\/\/relaxsrl.com\/de\/anleitung-zur-auswahl\/massgefertigte-duschkabine\/"]}]},{"@type":"BreadcrumbList","@id":"https:\/\/relaxsrl.com\/de\/anleitung-zur-auswahl\/massgefertigte-duschkabine\/#breadcrumb","itemListElement":[{"@type":"ListItem","position":1,"name":"Anleitung zur Auswahl","item":"https:\/\/relaxsrl.com\/de\/anleitung-zur-auswahl\/"},{"@type":"ListItem","position":2,"name":"Ma\u00dfgefertigte Duschkabine"}]}]}},"_links":{"self":[{"href":"https:\/\/relaxsrl.com\/de\/wp-json\/wp\/v2\/pages\/22736"}],"collection":[{"href":"https:\/\/relaxsrl.com\/de\/wp-json\/wp\/v2\/pages"}],"about":[{"href":"https:\/\/relaxsrl.com\/de\/wp-json\/wp\/v2\/types\/page"}],"author":[{"embeddable":true,"href":"https:\/\/relaxsrl.com\/de\/wp-json\/wp\/v2\/users\/3"}],"replies":[{"embeddable":true,"href":"https:\/\/relaxsrl.com\/de\/wp-json\/wp\/v2\/comments?post=22736"}],"version-history":[{"count":5,"href":"https:\/\/relaxsrl.com\/de\/wp-json\/wp\/v2\/pages\/22736\/revisions"}],"predecessor-version":[{"id":31242,"href":"https:\/\/relaxsrl.com\/de\/wp-json\/wp\/v2\/pages\/22736\/revisions\/31242"}],"up":[{"embeddable":true,"href":"https:\/\/relaxsrl.com\/de\/wp-json\/wp\/v2\/pages\/22678"}],"wp:featuredmedia":[{"embeddable":true,"href":"https:\/\/relaxsrl.com\/de\/wp-json\/wp\/v2\/media\/2288"}],"wp:attachment":[{"href":"https:\/\/relaxsrl.com\/de\/wp-json\/wp\/v2\/media?parent=22736"}],"curies":[{"name":"wp","href":"https:\/\/api.w.org\/{rel}","templated":true}]}}