{"id":21733,"date":"2022-07-21T15:35:54","date_gmt":"2022-07-21T13:35:54","guid":{"rendered":"https:\/\/relaxsrl.com\/informationsanfrage\/"},"modified":"2024-08-07T12:03:13","modified_gmt":"2024-08-07T10:03:13","slug":"informationsanfrage","status":"publish","type":"page","link":"https:\/\/relaxsrl.com\/de\/produkte\/informationsanfrage\/","title":{"rendered":"Informationsanfrage"},"content":{"rendered":"<p>[vc_row full_width=&#8220;stretch_row&#8220; content_placement=&#8220;middle&#8220; el_class=&#8220;intro-row&#8220;][vc_column width=&#8220;5\/12&#8243;][vc_column_text]<\/p>\n<h1>Informationen zu Relax-Produkten<\/h1>\n<p>[\/vc_column_text][\/vc_column][vc_column width=&#8220;7\/12&#8243;][vc_column_text el_class=&#8220;abstract&#8220;][\/vc_column_text][\/vc_column][\/vc_row][vc_row el_class=&#8220;row-path&#8220;][vc_column][vc_column_text][\/vc_column_text][\/vc_column][\/vc_row][vc_row][vc_column][vc_column_text]<\/p>\n<div class=\"holiday-var\" style=\"text-align: center;\">\n<p><i class=\"fa-regular fa-comment holiday-comment\"><\/i><\/p>\n<div class=\"holiday-text-var\">Wir informieren Sie, dass unser Kundenservice vom <b>12. August bis einschlie\u00dflich 30. August<\/b> pausiert.<br \/>\nAb dem <b>2. September<\/b> sind wir wieder erreichbar und werden unser Bestes tun, um Ihre Nachrichten schnellstm\u00f6glich zu beantworten.<br \/>\nWir entschuldigen uns f\u00fcr eventuelle Unannehmlichkeiten und danken Ihnen f\u00fcr Ihre Geduld und Ihr Verst\u00e4ndnis.<\/div>\n<\/div>\n<h3 style=\"text-align: center;\">Es ist immer besser, nach bestimmten Informationen zu fragen.<\/h3>\n<div class=\"divider-blue divider-blue-center\"><\/div>\n<p style=\"text-align: center;\">Gerne stellen wir Ihnen einen unserer Experten f\u00fcr Duschabtrennungen, Badewannen, Duschwannen, Badewannenabtrennungen und Zubeh\u00f6r f\u00fcr eine kleine ma\u00dfgeschneiderte Beratung zur Verf\u00fcgung.<br \/>\n<strong>F\u00fcllen Sie das Formular<\/strong> aus und Sie erhalten auf Sie zugeschnittene Informationen.<\/p>\n<p>[\/vc_column_text][vc_empty_space height=&#8220;50px&#8220;][\/vc_column][\/vc_row][vc_row][vc_column]<div role=\"form\" class=\"wpcf7\" id=\"wpcf7-f21759-o1\" lang=\"it-IT\" dir=\"ltr\">\n<div class=\"screen-reader-response\"><p role=\"status\" aria-live=\"polite\" aria-atomic=\"true\"><\/p> <ul><\/ul><\/div>\n<form action=\"\/de\/wp-json\/wp\/v2\/pages\/21733#wpcf7-f21759-o1\" method=\"post\" class=\"wpcf7-form init\" novalidate=\"novalidate\" data-status=\"init\">\n<div style=\"display: none;\">\n<input type=\"hidden\" name=\"_wpcf7\" value=\"21759\" \/>\n<input type=\"hidden\" name=\"_wpcf7_version\" value=\"5.5.6\" \/>\n<input type=\"hidden\" name=\"_wpcf7_locale\" value=\"it_IT\" \/>\n<input type=\"hidden\" name=\"_wpcf7_unit_tag\" value=\"wpcf7-f21759-o1\" \/>\n<input type=\"hidden\" name=\"_wpcf7_container_post\" value=\"0\" \/>\n<input type=\"hidden\" name=\"_wpcf7_posted_data_hash\" value=\"\" \/>\n<input type=\"hidden\" name=\"_wpcf7_recaptcha_response\" value=\"\" \/>\n<\/div>\n<div class='vc_row wpb_row vc_row-fluid contact-form-font'>\n<div class='wpb_column vc_column_container vc_col-sm-12'>\n<p>    <!-- Prima riga: Nome e Cognome --><\/p>\n<div class='vc_column-inner'>\n<div class='form-group form-group-50 form-group-50-l'>\n<div class='form-group-label'><label>&nbsp;<\/label><\/div>\n<div class='form-group-element'><span class=\"wpcf7-form-control-wrap nome\"><input type=\"text\" name=\"nome\" value=\"\" size=\"40\" class=\"wpcf7-form-control wpcf7-text wpcf7-validates-as-required\" aria-required=\"true\" aria-invalid=\"false\" placeholder=\"Vorname*\" \/><\/span><\/div>\n<\/div>\n<div class='form-group form-group-50 form-group-50-r'>\n<div class='form-group-label'><label>&nbsp;<\/label><\/div>\n<div class='form-group-element'><span class=\"wpcf7-form-control-wrap cognome\"><input type=\"text\" name=\"cognome\" value=\"\" size=\"40\" class=\"wpcf7-form-control wpcf7-text wpcf7-validates-as-required\" aria-required=\"true\" aria-invalid=\"false\" placeholder=\"Nachname*\" \/><\/span><\/div>\n<\/div>\n<\/div>\n<p>    <!-- Fine prima riga --><\/p>\n<div style='clear:both;'><\/div>\n<p>    <!-- Seconda riga: Email e Telefono --><\/p>\n<div class='vc_column-inner'>\n<div class='form-group form-group-50 form-group-50-l'>\n<div class='form-group-label'><label>&nbsp;<\/label><\/div>\n<div class='form-group-element'><span class=\"wpcf7-form-control-wrap user_pass\"><input type=\"email\" name=\"user_pass\" value=\"\" size=\"40\" class=\"wpcf7-form-control wpcf7-text wpcf7-email wpcf7-validates-as-required wpcf7-validates-as-email\" aria-required=\"true\" aria-invalid=\"false\" placeholder=\"E-Mail*\" \/><\/span><\/div>\n<\/div>\n<div class='form-group form-group-50 form-group-50-r'>\n<div class='form-group-label'><label>&nbsp;<\/label><\/div>\n<div class='form-group-element'><span class=\"wpcf7-form-control-wrap telefono\"><input type=\"tel\" name=\"telefono\" value=\"\" size=\"40\" class=\"wpcf7-form-control wpcf7-text wpcf7-tel wpcf7-validates-as-required wpcf7-validates-as-tel\" aria-required=\"true\" aria-invalid=\"false\" placeholder=\"Telefon*\" \/><\/span><\/div>\n<\/div>\n<\/div>\n<p>    <!-- Fine seconda riga --><\/p>\n<div style='clear:both;'><\/div>\n<p>    <!-- Terza riga: Oggetto e Messaggio --><\/p>\n<div class='vc_column-inner'>\n<div class='form-group form-group-50 form-group-50-l'>\n<div class='form-group-label'><label>&nbsp;<\/label><\/div>\n<div class='form-group-element'><span class=\"wpcf7-form-control-wrap oggetto\"><input type=\"text\" name=\"oggetto\" value=\"Anfrage nach Informationen\" size=\"40\" class=\"wpcf7-form-control wpcf7-text wpcf7-validates-as-required\" readonly=\"readonly\" aria-required=\"true\" aria-invalid=\"false\" \/><\/span><\/div>\n<\/div>\n<div class='form-group form-group-50 form-group-50-r'>\n<div class='form-group-label'><label>&nbsp;<\/label><\/div>\n<div class='form-group-element'><span class=\"wpcf7-form-control-wrap richiesta\"><textarea name=\"richiesta\" cols=\"40\" rows=\"10\" class=\"wpcf7-form-control wpcf7-textarea wpcf7-validates-as-required\" aria-required=\"true\" aria-invalid=\"false\" placeholder=\"Wie k\u00f6nnen wir Ihnen helfen?\"><\/textarea><\/span><\/div>\n<\/div>\n<\/div>\n<p>    <!-- Fine terza riga --><\/p>\n<div style='clear:both;'><\/div>\n<p>    <!-- Quarta riga: Trattamento dati, newsletter e invio --><\/p>\n<div class='vc_column-inner'>\n<div class='form-group'>\n<div class='form-group-label'><label>&nbsp;<\/label><\/div>\n<div class='form-group form-group-trattamentodati'>\n          <span class=\"wpcf7-form-control-wrap trattamento-dati\"><span class=\"wpcf7-form-control wpcf7-acceptance\"><span class=\"wpcf7-list-item\"><label><input type=\"checkbox\" name=\"trattamento-dati\" value=\"1\" aria-invalid=\"false\" \/><span class=\"wpcf7-list-item-label\">Ich erkl\u00e4re, dass ich die unter \n          <a href=\"http:\/\/relaxsrl.com\/de\/privacy-policy\/\" target=\"_blank\" rel=\"noopener\">Link<\/a> \n          verf\u00fcgbaren Informationen gelesen und verstanden habe, auf die in den Artikeln 13 und 14 der DSGVO 2016\/679 und der geltenden nationalen Gesetzgebung verwiesen wird.<\/span><\/label><\/span><\/span><\/span>\n        <\/div>\n<div class='form-group form-group-newsletter'>\n          <span class=\"wpcf7-form-control-wrap newsletter\"><span class=\"wpcf7-form-control wpcf7-acceptance\"><span class=\"wpcf7-list-item\"><label><input type=\"checkbox\" name=\"newsletter\" value=\"1\" aria-invalid=\"false\" \/><span class=\"wpcf7-list-item-label\">Newsletter. Ich erkl\u00e4re, dass ich die \n          <a href=\"http:\/\/relaxsrl.com\/de\/info-newsletter\/\" target=\"_blank\" rel=\"noopener\">Newsletter-Informationen<\/a> \n          gelesen und verstanden habe und stimme der Verarbeitung meiner personenbezogenen Daten zum Versenden des informativen, kommerziellen und werblichen Newsletters per E-Mail zu. \n          Die Bereitstellung von Daten zu diesem Zweck ist freiwillig und kann jederzeit widerrufen werden.<\/span><\/label><\/span><\/span><\/span>\n        <\/div>\n<p>        <br><\/p>\n<div class='form-group form-group-submit'>\n          <input type=\"submit\" value=\"SENDEN\" class=\"wpcf7-form-control has-spinner wpcf7-submit\" \/>\n        <\/div>\n<\/div>\n<\/div>\n<p>    <!-- Fine quarta riga --><\/p>\n<\/div>\n<\/div>\n<div class=\"wpcf7-response-output\" aria-hidden=\"true\"><\/div><\/form><\/div>[vc_empty_space height=&#8220;100px&#8220;][\/vc_column][\/vc_row]<\/p>\n","protected":false},"excerpt":{"rendered":"<p>[vc_row full_width=&#8220;stretch_row&#8220; content_placement=&#8220;middle&#8220; el_class=&#8220;intro-row&#8220;][vc_column width=&#8220;5\/12&#8243;][vc_column_text] Informationen zu Relax-Produkten [\/vc_column_text][\/vc_column][vc_column width=&#8220;7\/12&#8243;][vc_column_text el_class=&#8220;abstract&#8220;][\/vc_column_text][\/vc_column][\/vc_row][vc_row el_class=&#8220;row-path&#8220;][vc_column][vc_column_text][\/vc_column_text][\/vc_column][\/vc_row][vc_row][vc_column][vc_column_text] Wir informieren Sie, dass unser Kundenservice vom 12. August bis einschlie\u00dflich 30. August pausiert. Ab dem 2. September sind wir wieder erreichbar und werden unser Bestes tun, um Ihre Nachrichten schnellstm\u00f6glich zu beantworten. Wir entschuldigen uns f\u00fcr eventuelle Unannehmlichkeiten und danken Ihnen f\u00fcr [&hellip;]<\/p>\n","protected":false},"author":3,"featured_media":3561,"parent":22867,"menu_order":0,"comment_status":"closed","ping_status":"closed","template":"","meta":[],"acf":[],"yoast_head":"<!-- This site is optimized with the Yoast SEO Premium plugin v18.4 (Yoast SEO v18.8) - https:\/\/yoast.com\/wordpress\/plugins\/seo\/ -->\n<title>Informationsanfrage - Relax srl<\/title>\n<meta name=\"description\" content=\"Z\u00f6gern Sie nicht, uns f\u00fcr spezifische Informationen zu unseren Produkten zu kontaktieren. F\u00fcllen Sie das Formular aus und Sie erhalten auf Sie zugeschnittene Informationen.\" \/>\n<meta name=\"robots\" content=\"index, follow, max-snippet:-1, max-image-preview:large, max-video-preview:-1\" \/>\n<link rel=\"canonical\" href=\"https:\/\/relaxsrl.com\/de\/produkte\/informationsanfrage\/\" \/>\n<meta property=\"og:locale\" content=\"de_DE\" \/>\n<meta property=\"og:type\" content=\"article\" \/>\n<meta property=\"og:title\" content=\"Informationsanfrage - Relax srl\" \/>\n<meta property=\"og:description\" content=\"Z\u00f6gern Sie nicht, uns f\u00fcr spezifische Informationen zu unseren Produkten zu kontaktieren. F\u00fcllen Sie das Formular aus und Sie erhalten auf Sie zugeschnittene Informationen.\" \/>\n<meta property=\"og:url\" content=\"https:\/\/relaxsrl.com\/de\/produkte\/informationsanfrage\/\" \/>\n<meta property=\"og:site_name\" content=\"Relax srl\" \/>\n<meta property=\"article:modified_time\" content=\"2024-08-07T10:03:13+00:00\" \/>\n<meta property=\"og:image\" content=\"https:\/\/relaxsrl.com\/website\/wp-content\/uploads\/2021\/10\/Scrivici.jpg\" \/>\n\t<meta property=\"og:image:width\" content=\"960\" \/>\n\t<meta property=\"og:image:height\" content=\"660\" \/>\n\t<meta property=\"og:image:type\" content=\"image\/jpeg\" \/>\n<meta name=\"twitter:card\" content=\"summary_large_image\" \/>\n<meta name=\"twitter:label1\" content=\"Gesch\u00e4tzte Lesezeit\" \/>\n\t<meta name=\"twitter:data1\" content=\"1 Minute\" \/>\n<script type=\"application\/ld+json\" class=\"yoast-schema-graph\">{\"@context\":\"https:\/\/schema.org\",\"@graph\":[{\"@type\":\"WebSite\",\"@id\":\"https:\/\/relaxsrl.com\/#website\",\"url\":\"https:\/\/relaxsrl.com\/\",\"name\":\"Relax srl\",\"description\":\"\",\"potentialAction\":[{\"@type\":\"SearchAction\",\"target\":{\"@type\":\"EntryPoint\",\"urlTemplate\":\"https:\/\/relaxsrl.com\/?s={search_term_string}\"},\"query-input\":\"required name=search_term_string\"}],\"inLanguage\":\"de-DE\"},{\"@type\":\"ImageObject\",\"inLanguage\":\"de-DE\",\"@id\":\"https:\/\/relaxsrl.com\/de\/produkte\/informationsanfrage\/#primaryimage\",\"url\":\"https:\/\/relaxsrl.com\/website\/wp-content\/uploads\/2021\/10\/Scrivici.jpg\",\"contentUrl\":\"https:\/\/relaxsrl.com\/website\/wp-content\/uploads\/2021\/10\/Scrivici.jpg\",\"width\":960,\"height\":660,\"caption\":\"M\u00e4dchen verwendet Computer, um E-Mails zu schreiben\"},{\"@type\":\"WebPage\",\"@id\":\"https:\/\/relaxsrl.com\/de\/produkte\/informationsanfrage\/#webpage\",\"url\":\"https:\/\/relaxsrl.com\/de\/produkte\/informationsanfrage\/\",\"name\":\"Informationsanfrage - Relax srl\",\"isPartOf\":{\"@id\":\"https:\/\/relaxsrl.com\/#website\"},\"primaryImageOfPage\":{\"@id\":\"https:\/\/relaxsrl.com\/de\/produkte\/informationsanfrage\/#primaryimage\"},\"datePublished\":\"2022-07-21T13:35:54+00:00\",\"dateModified\":\"2024-08-07T10:03:13+00:00\",\"description\":\"Z\u00f6gern Sie nicht, uns f\u00fcr spezifische Informationen zu unseren Produkten zu kontaktieren. F\u00fcllen Sie das Formular aus und Sie erhalten auf Sie zugeschnittene Informationen.\",\"breadcrumb\":{\"@id\":\"https:\/\/relaxsrl.com\/de\/produkte\/informationsanfrage\/#breadcrumb\"},\"inLanguage\":\"de-DE\",\"potentialAction\":[{\"@type\":\"ReadAction\",\"target\":[\"https:\/\/relaxsrl.com\/de\/produkte\/informationsanfrage\/\"]}]},{\"@type\":\"BreadcrumbList\",\"@id\":\"https:\/\/relaxsrl.com\/de\/produkte\/informationsanfrage\/#breadcrumb\",\"itemListElement\":[{\"@type\":\"ListItem\",\"position\":1,\"name\":\"Produkte\",\"item\":\"https:\/\/relaxsrl.com\/de\/produkte\/\"},{\"@type\":\"ListItem\",\"position\":2,\"name\":\"Informationsanfrage\"}]}]}<\/script>\n<!-- \/ Yoast SEO Premium plugin. -->","yoast_head_json":{"title":"Informationsanfrage - Relax srl","description":"Z\u00f6gern Sie nicht, uns f\u00fcr spezifische Informationen zu unseren Produkten zu kontaktieren. F\u00fcllen Sie das Formular aus und Sie erhalten auf Sie zugeschnittene Informationen.","robots":{"index":"index","follow":"follow","max-snippet":"max-snippet:-1","max-image-preview":"max-image-preview:large","max-video-preview":"max-video-preview:-1"},"canonical":"https:\/\/relaxsrl.com\/de\/produkte\/informationsanfrage\/","og_locale":"de_DE","og_type":"article","og_title":"Informationsanfrage - Relax srl","og_description":"Z\u00f6gern Sie nicht, uns f\u00fcr spezifische Informationen zu unseren Produkten zu kontaktieren. F\u00fcllen Sie das Formular aus und Sie erhalten auf Sie zugeschnittene Informationen.","og_url":"https:\/\/relaxsrl.com\/de\/produkte\/informationsanfrage\/","og_site_name":"Relax srl","article_modified_time":"2024-08-07T10:03:13+00:00","og_image":[{"width":960,"height":660,"url":"https:\/\/relaxsrl.com\/website\/wp-content\/uploads\/2021\/10\/Scrivici.jpg","type":"image\/jpeg"}],"twitter_card":"summary_large_image","twitter_misc":{"Gesch\u00e4tzte Lesezeit":"1 Minute"},"schema":{"@context":"https:\/\/schema.org","@graph":[{"@type":"WebSite","@id":"https:\/\/relaxsrl.com\/#website","url":"https:\/\/relaxsrl.com\/","name":"Relax srl","description":"","potentialAction":[{"@type":"SearchAction","target":{"@type":"EntryPoint","urlTemplate":"https:\/\/relaxsrl.com\/?s={search_term_string}"},"query-input":"required name=search_term_string"}],"inLanguage":"de-DE"},{"@type":"ImageObject","inLanguage":"de-DE","@id":"https:\/\/relaxsrl.com\/de\/produkte\/informationsanfrage\/#primaryimage","url":"https:\/\/relaxsrl.com\/website\/wp-content\/uploads\/2021\/10\/Scrivici.jpg","contentUrl":"https:\/\/relaxsrl.com\/website\/wp-content\/uploads\/2021\/10\/Scrivici.jpg","width":960,"height":660,"caption":"M\u00e4dchen verwendet Computer, um E-Mails zu schreiben"},{"@type":"WebPage","@id":"https:\/\/relaxsrl.com\/de\/produkte\/informationsanfrage\/#webpage","url":"https:\/\/relaxsrl.com\/de\/produkte\/informationsanfrage\/","name":"Informationsanfrage - Relax srl","isPartOf":{"@id":"https:\/\/relaxsrl.com\/#website"},"primaryImageOfPage":{"@id":"https:\/\/relaxsrl.com\/de\/produkte\/informationsanfrage\/#primaryimage"},"datePublished":"2022-07-21T13:35:54+00:00","dateModified":"2024-08-07T10:03:13+00:00","description":"Z\u00f6gern Sie nicht, uns f\u00fcr spezifische Informationen zu unseren Produkten zu kontaktieren. F\u00fcllen Sie das Formular aus und Sie erhalten auf Sie zugeschnittene Informationen.","breadcrumb":{"@id":"https:\/\/relaxsrl.com\/de\/produkte\/informationsanfrage\/#breadcrumb"},"inLanguage":"de-DE","potentialAction":[{"@type":"ReadAction","target":["https:\/\/relaxsrl.com\/de\/produkte\/informationsanfrage\/"]}]},{"@type":"BreadcrumbList","@id":"https:\/\/relaxsrl.com\/de\/produkte\/informationsanfrage\/#breadcrumb","itemListElement":[{"@type":"ListItem","position":1,"name":"Produkte","item":"https:\/\/relaxsrl.com\/de\/produkte\/"},{"@type":"ListItem","position":2,"name":"Informationsanfrage"}]}]}},"_links":{"self":[{"href":"https:\/\/relaxsrl.com\/de\/wp-json\/wp\/v2\/pages\/21733"}],"collection":[{"href":"https:\/\/relaxsrl.com\/de\/wp-json\/wp\/v2\/pages"}],"about":[{"href":"https:\/\/relaxsrl.com\/de\/wp-json\/wp\/v2\/types\/page"}],"author":[{"embeddable":true,"href":"https:\/\/relaxsrl.com\/de\/wp-json\/wp\/v2\/users\/3"}],"replies":[{"embeddable":true,"href":"https:\/\/relaxsrl.com\/de\/wp-json\/wp\/v2\/comments?post=21733"}],"version-history":[{"count":5,"href":"https:\/\/relaxsrl.com\/de\/wp-json\/wp\/v2\/pages\/21733\/revisions"}],"predecessor-version":[{"id":30631,"href":"https:\/\/relaxsrl.com\/de\/wp-json\/wp\/v2\/pages\/21733\/revisions\/30631"}],"up":[{"embeddable":true,"href":"https:\/\/relaxsrl.com\/de\/wp-json\/wp\/v2\/pages\/22867"}],"wp:featuredmedia":[{"embeddable":true,"href":"https:\/\/relaxsrl.com\/de\/wp-json\/wp\/v2\/media\/3561"}],"wp:attachment":[{"href":"https:\/\/relaxsrl.com\/de\/wp-json\/wp\/v2\/media?parent=21733"}],"curies":[{"name":"wp","href":"https:\/\/api.w.org\/{rel}","templated":true}]}}